{"id":12083,"date":"2025-03-17T17:36:54","date_gmt":"2025-03-17T21:36:54","guid":{"rendered":"https:\/\/www.brightsign.biz\/?page_id=12083"},"modified":"2025-03-18T10:40:24","modified_gmt":"2025-03-18T14:40:24","slug":"garantie-reglementaire-3","status":"publish","type":"page","link":"https:\/\/www.brightsign.biz\/fr\/legal\/regulatory\/","title":{"rendered":"Informations sur la conformit\u00e9 r\u00e9glementaire"},"content":{"rendered":"<section\n  id=\"hero-block_539c9c40e3d1b24ca2abdc9177a4faee\"\n  class=\"hero custom-block\"\n  data-form-url=\"\"\n>\n  <!-- Backgrounds: cover full section, center position (extended via SCSS) -->\n        <div id=\"hero-desktop-background\" style=\"background-image: url('https:\/\/www.brightsign.biz\/wp-content\/uploads\/2024\/09\/header-template3-15-1920x900.jpg'); background-size: cover; background-position: center center; background-repeat: no-repeat;\"><\/div>\n        <div id=\"hero-mobile-background\" style=\"background-image: url('https:\/\/www.brightsign.biz\/wp-content\/uploads\/2024\/09\/header-template3-15-1920x900.jpg'); background-size: cover; background-position: center center; background-repeat: no-repeat;\"><\/div>\n  \n  <div class=\"hero-gradient\" aria-hidden=\"true\"><\/div>\n  <div class=\"block-inner medium\">\n    <div class=\"block-inner-content grid-x grid-margin-y\">\n\n      <!-- MOBILE-only layout -->\n      <div class=\"cell small-12 show-for-small-only\">\n        \n        \n        \n        \n        <div class=\"mobile-content form-content\"><h1><strong>Conformit\u00e9 r\u00e9glementaire<\/strong> Informations<\/h1>\n<p>Mise \u00e0 jour du 17 mars 2025<\/p>\n<\/div>      <\/div>\n      <!-- end MOBILE-only -->\n\n      <!-- DESKTOP text cell -->\n      <div class=\"cell small-12 medium-12 large-6 hide-for-small-only\">\n        \n        <h1><strong>Conformit\u00e9 r\u00e9glementaire<\/strong> Informations<\/h1>\n<p>Mise \u00e0 jour du 17 mars 2025<\/p>\n      <\/div>\n      <!-- end DESKTOP text cell -->\n\n      <!-- DESKTOP form\/video cell -->\n      <div class=\"cell small-12 medium-12 large-6 center-play hide-for-small-only\">\n        \n              <\/div>\n      <!-- end DESKTOP form\/video cell -->\n\n    <\/div><!-- .block-inner-content -->\n  <\/div><!-- .block-inner -->\n<\/section><!-- hero -->\n\n\n\n    <section id=\"full-width-text-block_62aeaff3ca721e8e249cecd5f45a656a\" class=\"full-width-text custom-block dark small-top none-bottom brand-htags default-lists\">\n\n        <div class=\"block-inner medium\">\n\n        <h2 style=\"text-align: center\">BrightSign Informations sur la conformit\u00e9 r\u00e9glementaire<\/h2>\n<p><strong>R\u00e8gles FCC, partie 15.<\/strong><\/p>\n<p>Cet \u00e9quipement a \u00e9t\u00e9 test\u00e9 et d\u00e9clar\u00e9 conforme aux limites impos\u00e9es aux appareils num\u00e9riques de classe B, conform\u00e9ment \u00e0 la partie 15 des r\u00e8gles de la FCC. Ces limites sont con\u00e7ues pour fournir une protection raisonnable contre les interf\u00e9rences nuisibles dans une installation r\u00e9sidentielle. Cet \u00e9quipement g\u00e9n\u00e8re, utilise et peut \u00e9mettre des fr\u00e9quences radio et, s'il n'est pas install\u00e9 et utilis\u00e9 conform\u00e9ment aux instructions, peut causer des interf\u00e9rences nuisibles aux communications radio. Cependant, il n'y a aucune garantie que des interf\u00e9rences ne se produiront pas dans une installation particuli\u00e8re. Si cet \u00e9quipement provoque des interf\u00e9rences nuisibles \u00e0 la r\u00e9ception de la radio ou de la t\u00e9l\u00e9vision, ce qui peut \u00eatre d\u00e9termin\u00e9 en \u00e9teignant et en allumant l'\u00e9quipement, l'utilisateur est encourag\u00e9 \u00e0 essayer de corriger les interf\u00e9rences en prenant une ou plusieurs des mesures suivantes :<\/p>\n<ul>\n<li>R\u00e9orienter ou d\u00e9placer l'antenne de r\u00e9ception<\/li>\n<li>Augmenter la distance entre l'\u00e9quipement et le r\u00e9cepteur<\/li>\n<li>Brancher l'appareil sur une prise de courant situ\u00e9e sur un circuit diff\u00e9rent de celui sur lequel le r\u00e9cepteur est branch\u00e9.<\/li>\n<li>Consultez le revendeur ou un technicien radio\/TV exp\u00e9riment\u00e9 pour obtenir de l'aide<\/li>\n<\/ul>\n<p><strong>Cet appareil est conforme \u00e0 la partie 15 des r\u00e8gles de la FCC.<\/strong><\/p>\n<p>Le fonctionnement est soumis aux deux conditions suivantes :<\/p>\n<ul>\n<li>Cet appareil ne doit pas provoquer d'interf\u00e9rences nuisibles.<\/li>\n<li>Cet appareil doit accepter toute interf\u00e9rence re\u00e7ue, y compris les interf\u00e9rences susceptibles de provoquer un fonctionnement ind\u00e9sirable<\/li>\n<\/ul>\n<p>Les changements ou modifications non express\u00e9ment approuv\u00e9s par la partie responsable de la conformit\u00e9 peuvent annuler l'autorit\u00e9 de l'utilisateur \u00e0 faire fonctionner l'\u00e9quipement.<\/p>\n<p><strong>Partie responsable :<\/strong><\/p>\n<p>BrightSign, LLC.<\/p>\n<p>500 S. Winchester Blvd, Suite 100, San Jose, CA 95128<\/p>\n<p>USA T\u00e9l\u00e9phone : 1-408-852-9263<\/p>\n<p><strong>ICES-003 Classe B Avis :<\/strong><\/p>\n<p><strong>(Avis NMB-003, Classe B)<\/strong><\/p>\n<p>Cet appareil num\u00e9rique de classe B est conforme \u00e0 la norme canadienne ICES-003.<\/p>\n<p><strong>D\u00e9claration de conformit\u00e9 de la Communaut\u00e9 europ\u00e9enne<\/strong><\/p>\n<p>Ce produit est conforme aux exigences de protection de la directive 892004\/108\/CE du Conseil de l'Union europ\u00e9enne concernant le rapprochement des l\u00e9gislations des \u00c9tats membres relatives \u00e0 la compatibilit\u00e9 \u00e9lectromagn\u00e9tique. BrightSign, LLC. ne peut \u00eatre tenu responsable de tout manquement aux exigences de protection r\u00e9sultant d'une modification non recommand\u00e9e du produit. Ce produit a \u00e9t\u00e9 test\u00e9 et d\u00e9clar\u00e9 conforme aux limites des \u00e9quipements de technologie de l'information de classe B conform\u00e9ment \u00e0 CISPR 22 \/ norme europ\u00e9enne EN 55022 et EN 55024. Les limites pour les \u00e9quipements de classe B ont \u00e9t\u00e9 \u00e9tablies pour des environnements typiques afin de fournir une protection raisonnable contre les interf\u00e9rences avec les appareils de communication sous licence. Des c\u00e2bles et des connecteurs correctement blind\u00e9s et mis \u00e0 la terre doivent \u00eatre utilis\u00e9s afin de r\u00e9duire le risque d'interf\u00e9rence avec les communications radio et TV et avec d'autres \u00e9quipements \u00e9lectriques ou \u00e9lectroniques.<\/p>\n<p><strong>D\u00e9claration de conformit\u00e9<\/strong><\/p>\n<p>Ce produit est conforme aux exigences de la directive Compatibilit\u00e9 \u00e9lectromagn\u00e9tique (2014\/30\/EU) &amp; R\u00e8glement sur la compatibilit\u00e9 \u00e9lectromagn\u00e9tique 2016. Moyens de prouver la conformit\u00e9 aux exigences essentielles (normes\/sp\u00e9cifications utilis\u00e9es) :<\/p>\n<table style=\"height: 623px\" width=\"807\">\n<tbody>\n<tr>\n<td width=\"312\">BS EN 55032:2015+A 1:2020 (Classe B)<\/td>\n<td width=\"213\">EN 61000 3-3:2013+A2:2021<\/td>\n<\/tr>\n<tr>\n<td width=\"312\">BS EN 55035:2017+A11:2020<\/td>\n<td width=\"213\">EN 61000 4-4:2012<\/td>\n<\/tr>\n<tr>\n<td width=\"312\">BS EN 61000 4-2:2009<\/td>\n<td width=\"213\">EN IEC 61000 3-2:2019+A1:2021<\/td>\n<\/tr>\n<tr>\n<td width=\"312\">BS EN 61000 4-5:2014+A1:2017<\/td>\n<td width=\"213\">IEC 610 00 4-8:2009<\/td>\n<\/tr>\n<tr>\n<td width=\"312\">BS EN 61000 4-6:2014<\/td>\n<td width=\"213\">IEC 61000 4-3:2020<\/td>\n<\/tr>\n<tr>\n<td width=\"312\">BS EN 61000 4-8:2010<\/td>\n<td width=\"213\">IEC 61000 4-5:2014\/AMD1:2017<\/td>\n<\/tr>\n<tr>\n<td width=\"312\">BS EN IEC 61000 3-2:2019+A1:2021<\/td>\n<td width=\"213\">IEC 61000 4-11:2020<\/td>\n<\/tr>\n<tr>\n<td width=\"312\">BS EN IEC 61000 4-11:2020<\/td>\n<td width=\"213\">IEC 61000 4-2:2008<\/td>\n<\/tr>\n<tr>\n<td width=\"312\">BS EN IEC 61000 4-3:2020<\/td>\n<td width=\"213\">IEC 61000 4-4:2012<\/td>\n<\/tr>\n<tr>\n<td width=\"312\"><\/td>\n<td width=\"213\">IEC 61000 4-6:2013<\/td>\n<\/tr>\n<\/tbody>\n<\/table>\n<p>&nbsp;<\/p>\n<p><strong>Canal de fonctionnement sans fil pour diff\u00e9rents domaines<\/strong><\/p>\n<p>La fonction de s\u00e9lection du code pays doit \u00eatre d\u00e9sactiv\u00e9e pour les produits commercialis\u00e9s aux \u00c9tats-Unis\/au Canada.<\/p>\n<ul>\n<li>N. Am\u00e9rique 2.412-2.462 GHz Ch01 \u00e0 CH11<\/li>\n<li>Japon 2.412-2.484 GHz Ch01 \u00e0 Ch14<\/li>\n<li>Europe ETSI 2,412-2,472 GHz Ch01 \u00e0 Ch13<\/li>\n<\/ul>\n<p><strong>France Bandes de fr\u00e9quences sans fil restreintes<\/strong><\/p>\n<p>Certaines r\u00e9gions de France ont une bande de fr\u00e9quences restreinte. La puissance maximale autoris\u00e9e dans le pire des cas \u00e0 l'int\u00e9rieur est la suivante :<\/p>\n<ul>\n<li>10mW pour l'ensemble de la bande 2,4 GHz (2400 MHz-2483,5 MHz)<\/li>\n<li>100mW pour les fr\u00e9quences comprises entre 2446,5 MHz et 2483,5 MHz<\/li>\n<\/ul>\n<p>Les canaux 10 \u00e0 13 inclus fonctionnent dans la bande 2446,6 MHz \u00e0 2483,5 MHz : Sur le domaine priv\u00e9 ou sur le domaine priv\u00e9 des personnes publiques, l'utilisation est soumise \u00e0 une proc\u00e9dure d'autorisation pr\u00e9alable par le minist\u00e8re de la D\u00e9fense, avec une puissance maximale autoris\u00e9e de 100mW dans la bande 2446,5-2483,5 MHz. L'utilisation en ext\u00e9rieur sur le domaine public n'est pas autoris\u00e9e. Dans les d\u00e9partements list\u00e9s ci-dessous, pour l'ensemble de la bande 2,4 GHz :<\/p>\n<ul>\n<li>La puissance maximale autoris\u00e9e \u00e0 l'int\u00e9rieur est de 100mW<\/li>\n<li>La puissance maximale autoris\u00e9e \u00e0 l'ext\u00e9rieur est de 10mW<\/li>\n<\/ul>\n<p>D\u00e9partements dans lesquels l'utilisation de la bande 2400-2483,5 MHz est autoris\u00e9e avec une PIRE inf\u00e9rieure \u00e0 100 mW \u00e0 l'int\u00e9rieur et \u00e0 10 mW \u00e0 l'ext\u00e9rieur :<\/p>\n<ul>\n<li>01 Ain Orientales 02 Aisne 03 Allier<\/li>\n<li>05 Hautes Alpes 08 Ardennes 09 Ari\u00e8ge<\/li>\n<li>11 Aude 12 Aveyron 16 Charente<\/li>\n<li>24 Dordogne 25 Doubs 26 Dr\u00f4me<\/li>\n<li>32 Gers 36 Indre 37 Indre et Loire<\/li>\n<li>41 Loir et Cher 45 Loiret 50 Manche<\/li>\n<li>55 Meuse 58 Ni\u00e8vre 59 Nord<\/li>\n<li>60 Oise 61 Orne 63 Puy du D\u00f4me<\/li>\n<li>64 Pyr\u00e9n\u00e9es Atlantique 66 Pyr\u00e9n\u00e9es 67 Bas Rhin<\/li>\n<li>68 Haut Rhin 70 Haute Sa\u00f4ne 71 Sa\u00f4ne et Loire<\/li>\n<li>75 Paris 82 Tarn et Garonne<\/li>\n<li>84 Vaucluse 88 Vosges 89 Yonne<\/li>\n<li>90 Territoire de Belfort 94 Val de Marne<\/li>\n<\/ul>\n<p>Cette exigence est susceptible de changer au fil du temps, ce qui vous permettra d'utiliser votre carte LAN sans fil dans un plus grand nombre de r\u00e9gions en France. Veuillez v\u00e9rifier aupr\u00e8s d'ART pour obtenir les informations les plus r\u00e9centes (<a href=\"http:\/\/www.art-telecom.fr\" target=\"_blank\" rel=\"noopener\">www.art-telecom.fr<\/a>). BrightSign Les appareils sans fil (WiFi) \u00e9mettent moins de 100 mW, mais plus de 10 mW.<\/p>\n<p><strong>Avis de s\u00e9curit\u00e9 UL<\/strong><\/p>\n<p>Requis pour l'UL 1459 couvrant les \u00e9quipements de t\u00e9l\u00e9communications (t\u00e9l\u00e9phone) destin\u00e9s \u00e0 \u00eatre connect\u00e9s \u00e9lectriquement \u00e0 un r\u00e9seau de t\u00e9l\u00e9communications dont la tension de fonctionnement \u00e0 la terre ne d\u00e9passe pas 200V cr\u00eate, 300V cr\u00eate \u00e0 cr\u00eate, et 105V rms, et install\u00e9s ou utilis\u00e9s conform\u00e9ment au National Electrical Code (NFPA 70).Lors de l'utilisation du lecteur BrightSign, des pr\u00e9cautions de s\u00e9curit\u00e9 de base doivent toujours \u00eatre suivies pour r\u00e9duire le risque d'incendie, d'\u00e9lectrocution et de blessures, y compris les suivantes :<\/p>\n<ul>\n<li>NE PAS utiliser \u00e0 proximit\u00e9 de l'eau, par exemple pr\u00e8s d'une baignoire, d'un lavabo, d'un \u00e9vier de cuisine ou d'un bac \u00e0 linge, dans un sous-sol humide ou pr\u00e8s d'une piscine.<\/li>\n<li>NE PAS utiliser l'appareil pendant un orage \u00e9lectrique. Il peut y avoir un risque d'\u00e9lectrocution d\u00fb \u00e0 la foudre.<\/li>\n<li>NE PAS utiliser \u00e0 proximit\u00e9 d'une fuite de gaz.<\/li>\n<\/ul>\n\n        \n        <\/div><!-- block-inner -->  \n\n        \n    <\/section><!-- full-width-text -->","protected":false},"excerpt":{"rendered":"","protected":false},"author":32,"featured_media":0,"parent":846,"menu_order":30,"comment_status":"closed","ping_status":"closed","template":"","meta":{"_acf_changed":true,"_searchwp_excluded":"","footnotes":""},"class_list":["post-12083","page","type-page","status-publish","hentry"],"acf":[],"_links":{"self":[{"href":"https:\/\/www.brightsign.biz\/fr\/wp-json\/wp\/v2\/pages\/12083","targetHints":{"allow":["GET"]}}],"collection":[{"href":"https:\/\/www.brightsign.biz\/fr\/wp-json\/wp\/v2\/pages"}],"about":[{"href":"https:\/\/www.brightsign.biz\/fr\/wp-json\/wp\/v2\/types\/page"}],"author":[{"embeddable":true,"href":"https:\/\/www.brightsign.biz\/fr\/wp-json\/wp\/v2\/users\/32"}],"replies":[{"embeddable":true,"href":"https:\/\/www.brightsign.biz\/fr\/wp-json\/wp\/v2\/comments?post=12083"}],"version-history":[{"count":0,"href":"https:\/\/www.brightsign.biz\/fr\/wp-json\/wp\/v2\/pages\/12083\/revisions"}],"up":[{"embeddable":true,"href":"https:\/\/www.brightsign.biz\/fr\/wp-json\/wp\/v2\/pages\/846"}],"wp:attachment":[{"href":"https:\/\/www.brightsign.biz\/fr\/wp-json\/wp\/v2\/media?parent=12083"}],"curies":[{"name":"wp","href":"https:\/\/api.w.org\/{rel}","templated":true}]}}