{"id":12119,"date":"2025-05-15T10:14:22","date_gmt":"2025-05-15T14:14:22","guid":{"rendered":"https:\/\/www.brightsign.biz\/?page_id=12119"},"modified":"2025-05-15T10:14:24","modified_gmt":"2025-05-15T14:14:24","slug":"signalisation-numerique","status":"publish","type":"page","link":"https:\/\/www.brightsign.biz\/fr\/digital-signage\/","title":{"rendered":"Page d'accueil r\u00e9gionale"},"content":{"rendered":"<section\n  id=\"hero-block_d87041483ec7a6b665241508c7e7d503\"\n  class=\"hero custom-block\"\n  data-form-url=\"https:\/\/content.brightsign.biz\/l\/1011161\/2025-04-23\/3h64g?page_name=regional-lp\"\n>\n  <!-- Backgrounds: cover full section, center position (extended via SCSS) -->\n        <div id=\"hero-desktop-background\" style=\"background-image: url('https:\/\/www.brightsign.biz\/wp-content\/uploads\/2025\/01\/purple-gradient-v2a-2001x1125-1-1920x900.png'); background-size: cover; background-position: center center; background-repeat: no-repeat;\"><\/div>\n        <div id=\"hero-mobile-background\" style=\"background-image: url('https:\/\/www.brightsign.biz\/wp-content\/uploads\/2025\/01\/purple-gradient-v2a-2001x1125-1-1920x900.png'); background-size: cover; background-position: center center; background-repeat: no-repeat;\"><\/div>\n  \n  <div class=\"hero-gradient\" aria-hidden=\"true\"><\/div>\n  <div class=\"block-inner medium\">\n    <div class=\"block-inner-content grid-x grid-margin-y\">\n\n      <!-- MOBILE-only layout -->\n      <div class=\"cell small-12 show-for-small-only\">\n        \n                  <div class=\"hero-form-embed\"><\/div>\n        \n        \n        \n        <div class=\"mobile-content form-content\"><p>&nbsp;<\/p>\n<h1><em>Le meilleur choix pour <\/em><strong>Signalisation num\u00e9rique fiable<\/strong><\/h1>\n<p>&nbsp;<\/p>\n<div style=\"padding-top: 10px;padding-right: 10px\">\n<p>BrightSign est le leader mondial de la technologie de signalisation num\u00e9rique, avec pr\u00e8s de 3 millions de d\u00e9ploiements dans le monde.<\/p>\n<p>Au c\u0153ur de nos lecteurs multim\u00e9dias se trouve BrightSignOS\u2122, con\u00e7u pour offrir la fiabilit\u00e9 et la s\u00e9curit\u00e9 n\u00e9cessaires \u00e0 l'utilisation d'un lecteur multim\u00e9dia.<br \/>\nles demandes de signalisation num\u00e9rique.<\/p>\n<p><strong>Demandez une d\u00e9monstration gratuite d\u00e8s aujourd'hui<\/strong> - et d\u00e9couvrez pourquoi des entreprises de toute l'Europe font confiance \u00e0 BrightSign.<\/p>\n<\/div>\n<\/div>      <\/div>\n      <!-- end MOBILE-only -->\n\n      <!-- DESKTOP text cell -->\n      <div class=\"cell small-12 medium-12 large-6 small-order-2 medium-order-1 large-order-1 hide-for-small-only\">\n        \n        <p>&nbsp;<\/p>\n<h1><em>Le meilleur choix pour <\/em><strong>Signalisation num\u00e9rique fiable<\/strong><\/h1>\n<p>&nbsp;<\/p>\n<div style=\"padding-top: 10px;padding-right: 10px\">\n<p>BrightSign est le leader mondial de la technologie de signalisation num\u00e9rique, avec pr\u00e8s de 3 millions de d\u00e9ploiements dans le monde.<\/p>\n<p>Au c\u0153ur de nos lecteurs multim\u00e9dias se trouve BrightSignOS\u2122, con\u00e7u pour offrir la fiabilit\u00e9 et la s\u00e9curit\u00e9 n\u00e9cessaires \u00e0 l'utilisation d'un lecteur multim\u00e9dia.<br \/>\nles demandes de signalisation num\u00e9rique.<\/p>\n<p><strong>Demandez une d\u00e9monstration gratuite d\u00e8s aujourd'hui<\/strong> - et d\u00e9couvrez pourquoi des entreprises de toute l'Europe font confiance \u00e0 BrightSign.<\/p>\n<\/div>\n      <\/div>\n      <!-- end DESKTOP text cell -->\n\n      <!-- DESKTOP form\/video cell -->\n      <div class=\"cell small-12 medium-12 large-6 center-play small-order-1 medium-order-2 large-order-2 hide-for-small-only\">\n        \n                  <div class=\"hero-form-embed\"><\/div>\n              <\/div>\n      <!-- end DESKTOP form\/video cell -->\n\n    <\/div><!-- .block-inner-content -->\n  <\/div><!-- .block-inner -->\n<\/section><!-- hero -->\n\n\n\n\n\n\n<div class=\"pill-pad-wrap left\">\n\n    <section id=\"pill-image-text-block_58b4103315b4241a903515aa17ecf4f3\" class=\"pill-image-text custom-block\">\n\n        <div class=\"dot-in\"><\/div><!-- dot-in -->\n\n        <div class=\"pill-image-layer grid-x left\">\n\n            <div class=\"cell small-12 medium-6\"><\/div>\n\n            <div class=\"cell small-12 medium-6 pill-bg\">\n\n                <div class=\"pill-bg-image\" style=\"background-image: url( https:\/\/www.brightsign.biz\/wp-content\/uploads\/2025\/05\/house-of-rituals-3-scaled-cropped-v02-1920x900.jpg );\"><\/div>\n\n            <\/div><!-- pill-bg -->\n\n        <\/div><!-- pill-image-layer -->\n\n        <div class=\"block-inner medium grid-x left\">\n\n            <div class=\"cell small-12 medium-6 pill-content image-left\">\n\n                \n                    <div class=\"pill-title\">\n                        <h3>L'affichage dynamique, un atout pour votre voyage<\/h3>\n                        <div aria-hidden=\"true\" class=\"blue-dot\"><\/div>\n                    <\/div>\n\n                \n                                    <p>La signalisation num\u00e9rique remplace les affichages statiques par un contenu num\u00e9rique dynamique. En voici quelques exemples :<\/p>\n<ul>\n<li>Les d\u00e9taillants utilisent des \u00e9crans interactifs pour captiver les acheteurs, promouvoir les produits et s'adapter aux pr\u00e9f\u00e9rences locales, ce qui stimule les ventes et la fid\u00e9lit\u00e9 \u00e0 la marque.<\/li>\n<li>Les h\u00f4tels offrent aux clients et aux touristes un service en temps r\u00e9el gr\u00e2ce \u00e0 des kiosques num\u00e9riques.<\/li>\n<li>Les lieux de divertissement s'appuient sur des \u00e9crans num\u00e9riques \u00e0 grande \u00e9chelle pour une image de marque immersive, des spectacles et des mises \u00e0 jour en direct.<\/li>\n<\/ul>\n                \n                \n            <\/div><!-- pill-content -->\n\n        <\/div><!-- block-inner -->\n\n    <\/section><!-- pill-image-text -->\n\n<\/div><!--pill-pad-wrap -->\n\n\n\n\n\n\n\n<section id=\"media-text-block_b33159c7413bb1be8a8c66e5ecd09608\" class=\"media-text custom-block dark none-top none-bottom\" >\n    <div class=\"dot-in\"><\/div><!-- dot-in -->\n    <div class=\"block-inner medium grid-x left\">\n    \n        <div class=\"cell small-12 medium-12 large-6 mediatext-content default-checks\">\n            <div aria-hidden=\"true\" class=\"blue-dot\"><\/div>\n                                                    <h3>BrightSign chez BMW Group<\/h3>\n<p>BMW alimente ses communications internes mondiales avec BrightSign, ce qui favorise l'efficacit\u00e9 op\u00e9rationnelle, l'engagement des employ\u00e9s et le d\u00e9veloppement durable \u00e0 grande \u00e9chelle.<\/p>\n<ul>\n<li>Am\u00e9liore la communication gr\u00e2ce \u00e0 la diffusion de contenus s\u00e9curis\u00e9s et \u00e9volutifs entre les bureaux et les sites de production.<\/li>\n<li>Simplifie la gestion gr\u00e2ce \u00e0 des solutions d'entreprise n\u00e9cessitant peu de maintenance, telles que des tableaux de bord dynamiques et des murs vid\u00e9o.<\/li>\n<\/ul>\n                        \n                        \n                    <\/div><!-- mediatext-content -->\n        \n        <div class=\"cell small-12 medium-12 large-6 form-wrapper\">\n                            <!-- Normal form on all devices -->\n                                                    <div class=\"mediatext-image default-bg\">\n                        <img decoding=\"async\" src=\"https:\/\/www.brightsign.biz\/wp-content\/uploads\/2025\/04\/2023-03-muc-digital-signage-bmw-2-750x440.jpg\" alt=\"Signalisation de communication interne par BrightSign chez BMW Group\" \/>\n                                            <\/div><!-- mediatext-image -->\n                                                            \n                    <\/div><!-- form-wrapper -->\n        \n    <\/div><!-- block-inner -->\n<\/section><!-- media-text -->\n\n\n\n\n\n\n\n<section id=\"testimonial-slider-block_2dd0fab6570209b954ddc554caf45ca3\" class=\"testimonial-slider custom-block\">\n\n    <div class=\"block-inner medium\">\n\n                    <h3>Ce que disent nos clients<\/h3>\n        \n        <div class=\"swiper testimonial-swiper\">\n            \n            <div class=\"swiper-wrapper\">\n\n                \n                    <div class=\"swiper-slide\">\n\n                        <div class=\"slide-inner\">\n\n                            <blockquote>\n            \n                                <p>\"Le XC5 prend en charge le syst\u00e8me de simulation personnalis\u00e9 de l'UCL tout en offrant une interface facile \u00e0 utiliser. <\/p>\n<p>Sa fiabilit\u00e9 et sa flexibilit\u00e9 facilitent le passage d'un environnement d'apprentissage \u00e0 un autre, ce qui permet aux formateurs de se concentrer sur leur enseignement\".<\/p>\n\n                                <div class=\"cite-wrap\">\n\n                                                                        <cite>\n                                        <span class=\"testimonial-name\">Stefan Marcher Schmidt<\/span>\n                                                                                    <br><span>COO de Schmidts Radio A\/S<\/span>\n                                                                            <\/cite>\n                                <\/div>\n\n                                \n                            <\/blockquote>\n\n                        <\/div><!-- slide-inner -->\n\n                    <\/div><!-- swiper-slide -->\n\n                \n                    <div class=\"swiper-slide\">\n\n                        <div class=\"slide-inner\">\n\n                            <blockquote>\n            \n                                <p>\"Nous utilisons r\u00e9guli\u00e8rement des lecteurs BrightSign. Ils offrent \u00e0 nos clients une combinaison rare de fiabilit\u00e9, de facilit\u00e9 d'entretien, de fluidit\u00e9 de lecture et, surtout, un choix de logiciels. <\/p>\n<p>Nous disons en plaisantant que les joueurs de BrightSign nous survivront tous, et je parie que ce n'est pas loin de la v\u00e9rit\u00e9\".<\/p>\n\n                                <div class=\"cite-wrap\">\n\n                                                                        <cite>\n                                        <span class=\"testimonial-name\">Jonathan Alger<\/span>\n                                                                                    <br><span>Associ\u00e9 g\u00e9rant et cofondateur de C&amp;G Partners<\/span>\n                                                                            <\/cite>\n                                <\/div>\n\n                                \n                            <\/blockquote>\n\n                        <\/div><!-- slide-inner -->\n\n                    <\/div><!-- swiper-slide -->\n\n                \n            <\/div><!-- swiper-wrapper -->\n\n            <div class=\"swiper-button-next show-for-large\"><\/div>\n            <div class=\"swiper-button-prev show-for-large\"><\/div>\n            <div class=\"swiper-pagination-wrapper hide-for-large\">\n                <div class=\"swiper-pagination\"><\/div>\n            <\/div><!-- swiper-pagination-wrapper -->\n\n        <\/div><!-- swiper -->\n\n    <\/div><!-- block-inner -->\n\n<\/section><!-- testimonial-slider -->\n\n\n\n\n\n\n\n    <section id=\"full-width-text-block_7532c1c3e96fdbc3c872bb54e339b08a\" class=\"full-width-text custom-block dark small-top none-bottom default-htags default-lists\">\n\n        <div class=\"block-inner medium\">\n\n        <h3 style=\"text-align: center;color: #701896\">Con\u00e7u pour l'affichage dynamique<\/h3>\n<p style=\"text-align: center\">Les lecteurs, les logiciels et les services de BrightSign constituent la base des performances, de la s\u00e9curit\u00e9 et de la fiabilit\u00e9 \u00e0 long terme exig\u00e9es par les clients.<\/p>\n\n        \n        <\/div><!-- block-inner -->  \n\n        \n    <\/section><!-- full-width-text -->  \n\n\n\n\n\n\n\n\n\n<section id=\"media-grid-block_d7e1406b5e23d4cf561ad5ced396a664\" class=\"media-grid custom-block dark none-top small-bottom\">\n\n<div class=\"block-inner medium\">\n\n<div class=\"full-width-text default-htags\">\n\n\n<\/div>\n\n\n<div class=\"grid-x\">\n\n\n<div class=\"mg-cell cell small-12 medium-4\">\n\n    <div class=\"mg-cell-inner item-parent\">\n\n    <div class=\"mg-item-content remove-overlay default-htags default-lists\">\n\n        \n            <div class=\"mg-item-image\">\n\n                <img decoding=\"async\" src=\"https:\/\/www.brightsign.biz\/wp-content\/uploads\/2024\/06\/BrightSign-series5-fullfamily-web-900x495.png\" alt=\"BrightSign S\u00e9rie 5 lecteurs multim\u00e9dias de signalisation num\u00e9rique\" \/>\n           \n\n                            <\/div>\n        \n        \n\n            <div class=\"mg-content-top\">\n\n                <h5>Lecteurs BrightSign<\/h5>\n                                    <p>Con\u00e7u pour les professionnels avec une technologie de pointe et une flexibilit\u00e9 in\u00e9gal\u00e9e pour offrir des exp\u00e9riences de signalisation captivantes.<\/p>\n                                \n\n            <\/div><!-- mg-content-top -->\n\n            <\/div><!-- mg-item-content -->\n\n            <ul class=\"mg-cta-list small-buttons\">\n\n                \n                <li>\n                    <a href=\"https:\/\/www.brightsign.biz\/fr\/joueurs-de-brightsign\/serie-5\/\" target=\"_self\">D\u00e9couvrir les lecteurs<i class=\"fa-solid fa-chevron-right\"><\/i><\/a>\n                <\/li>\n\n                                \n                \n            <\/ul>\n\n    \n    <\/div><!-- mg-cell-inner -->\n\n<\/div><!-- mg-cell -->\n\n\n<div class=\"mg-cell cell small-12 medium-4\">\n\n    <div class=\"mg-cell-inner item-parent\">\n\n    <div class=\"mg-item-content remove-overlay default-htags default-lists\">\n\n        \n            <div class=\"mg-item-image\">\n\n                <img decoding=\"async\" src=\"https:\/\/www.brightsign.biz\/wp-content\/uploads\/2024\/06\/brightsign-os-image-900x495.jpg\" alt=\"\" \/>\n           \n\n                            <\/div>\n        \n        \n\n            <div class=\"mg-content-top\">\n\n                <h5>BrightSignOS<\/h5>\n                                    <p>Notre syst\u00e8me d'exploitation sp\u00e9cialis\u00e9 apporte une s\u00e9curit\u00e9 de premier ordre, une puissance de signalisation et une durabilit\u00e9 \u00e0 chaque lecteur BrightSign.<\/p>\n                                \n\n            <\/div><!-- mg-content-top -->\n\n            <\/div><!-- mg-item-content -->\n\n            <ul class=\"mg-cta-list small-buttons\">\n\n                \n                <li>\n                    <a href=\"https:\/\/www.brightsign.biz\/fr\/avantage-brightsign\/brightsign-os\/\" target=\"_self\">En savoir plus<i class=\"fa-solid fa-chevron-right\"><\/i><\/a>\n                <\/li>\n\n                                \n                \n            <\/ul>\n\n    \n    <\/div><!-- mg-cell-inner -->\n\n<\/div><!-- mg-cell -->\n\n\n<div class=\"mg-cell cell small-12 medium-4\">\n\n    <div class=\"mg-cell-inner item-parent\">\n\n    <div class=\"mg-item-content remove-overlay default-htags default-lists\">\n\n        \n            <div class=\"mg-item-image\">\n\n                <img decoding=\"async\" src=\"https:\/\/www.brightsign.biz\/wp-content\/uploads\/2024\/10\/BrightAuthor-connected_1000x667-Web_v2-900x495.png\" alt=\"BrightAuthor:connected sur l&#039;\u00e9cran de l&#039;ordinateur portable\" \/>\n           \n\n                            <\/div>\n        \n        \n\n            <div class=\"mg-content-top\">\n\n                <h5>bsn.Control<\/h5>\n                                    <p>Chaque lecteur BrightSign est livr\u00e9 avec bsn.Control - notre service gratuit de surveillance et de contr\u00f4le \u00e0 distance.<\/p>\n                                \n\n            <\/div><!-- mg-content-top -->\n\n            <\/div><!-- mg-item-content -->\n\n            <ul class=\"mg-cta-list small-buttons\">\n\n                \n                <li>\n                    <a href=\"https:\/\/control.bsn.cloud\/\" target=\"_blank\">S'INSCRIRE<i class=\"fa-solid fa-chevron-right\"><\/i><\/a>\n                <\/li>\n\n                                \n                \n            <\/ul>\n\n    \n    <\/div><!-- mg-cell-inner -->\n\n<\/div><!-- mg-cell -->\n\n\n<\/div><!-- grid-x -->\n\n\n<\/div><!-- block-inner -->  \n\n<\/section><!-- ### -->\n\n\n\n\n\n\n\n\n<section id=\"full-width-cta-block_0094ad80afbb81afb549f4ed14d5d467\" class=\"full-width-cta custom-block\">\n\n<div class=\"block-inner medium grid-x\">\n\n<div class=\"cell small-12 medium-8\">\n    <h4>Garantie de 5 ans pour les lecteurs de la s\u00e9rie 5<\/h4>\n<p>\u00c0 partir du 1er janvier 2025, tous les lecteurs multim\u00e9dias de la s\u00e9rie 5 et des s\u00e9ries suivantes nouvellement achet\u00e9s et enregistr\u00e9s b\u00e9n\u00e9ficient d'une garantie standard de 5 ans.<\/p>\n<\/div><!-- medium-8 -->\n\n<div class=\"cell small-12 medium-4 content-right\">\n    <div class=\"basic-button blue\"><a href=\"https:\/\/www.brightsign.biz\/fr\/joueurs-de-brightsign\/garantie\/\" target=\"_self\">EN SAVOIR PLUS<i class=\"fa-solid fa-chevron-right\"><\/i><\/a><\/div>\n<\/div><!-- medium-4 -->\n\n<\/div><!-- block-inner -->\n\n<\/section><!-- hero -->\n\n\n\n\n\n\n\n    <section id=\"full-width-text-block_9f5c521faf9f0ac7220625052c483ecc\" class=\"full-width-text custom-block dark small-top none-bottom brand-htags default-lists\">\n\n        <div class=\"block-inner medium\">\n\n        <h3 style=\"text-align: center;color: #701896\">Rencontrez nos partenaires<\/h3>\n        \n        <\/div><!-- block-inner -->  \n\n        \n    <\/section><!-- full-width-text -->  \n\n\n\n\n\n\n\n<section id=\"ticker-block_eab7f1ee8dcdf417ff5460aa8b0c7979\" class=\"ticker custom-block white-bg\">\n\n    \n    <div class=\"block-inner\">\n        <div class=\"swiper ticker-swiper\">\n            <div class=\"swiper-wrapper\">\n\n                                    \n                        <div class=\"swiper-slide\">\n                                                            <img decoding=\"async\" src=\"https:\/\/www.brightsign.biz\/wp-content\/uploads\/2023\/04\/Appspace_Inline_600x64-4.png\" alt=\"\" \/>\n                                                                                <\/div>\n\n                    \n                        <div class=\"swiper-slide\">\n                                                            <img decoding=\"async\" src=\"https:\/\/www.brightsign.biz\/wp-content\/uploads\/2023\/04\/Creative_Realities_Logo.png\" alt=\"Logo Creative Realities\" \/>\n                                                                                <\/div>\n\n                    \n                        <div class=\"swiper-slide\">\n                                                            <img decoding=\"async\" src=\"https:\/\/www.brightsign.biz\/wp-content\/uploads\/2023\/04\/easescreen-logo-claim-blue-3840px-scaled.png\" alt=\"\" \/>\n                                                                                <\/div>\n\n                    \n                        <div class=\"swiper-slide\">\n                                                            <img decoding=\"async\" src=\"https:\/\/www.brightsign.biz\/wp-content\/uploads\/2024\/06\/korbyt-logo.png\" alt=\"\" \/>\n                                                                                <\/div>\n\n                    \n                        <div class=\"swiper-slide\">\n                                                            <img decoding=\"async\" src=\"https:\/\/www.brightsign.biz\/wp-content\/uploads\/2024\/06\/Navori-Logo.png\" alt=\"Logo Navori Labs\" \/>\n                                                                                <\/div>\n\n                    \n                        <div class=\"swiper-slide\">\n                                                            <img decoding=\"async\" src=\"https:\/\/www.brightsign.biz\/wp-content\/uploads\/2024\/06\/Poppulo_FWI_Color.png\" alt=\"\" \/>\n                                                                                <\/div>\n\n                    \n                        <div class=\"swiper-slide\">\n                                                            <img decoding=\"async\" src=\"https:\/\/www.brightsign.biz\/wp-content\/uploads\/2024\/06\/Partners-CMS-Signagelive.webp\" alt=\"\" \/>\n                                                                                <\/div>\n\n                    \n                        <div class=\"swiper-slide\">\n                                                            <img decoding=\"async\" src=\"https:\/\/www.brightsign.biz\/wp-content\/uploads\/2024\/06\/Uniguest-color-logo-1.png\" alt=\"\" \/>\n                                                                                <\/div>\n\n                    \n                        <div class=\"swiper-slide\">\n                                                            <img decoding=\"async\" src=\"https:\/\/www.brightsign.biz\/wp-content\/uploads\/2023\/04\/22M-Logo-Preferred-NoTagline-1.png\" alt=\"\" \/>\n                                                                                <\/div>\n\n                    \n                        <div class=\"swiper-slide\">\n                                                            <img decoding=\"async\" src=\"https:\/\/www.brightsign.biz\/wp-content\/uploads\/2023\/04\/Partners-CMS-Nowsignage.png\" alt=\"\" \/>\n                                                                                <\/div>\n\n                    \n                        <div class=\"swiper-slide\">\n                                                            <img decoding=\"async\" src=\"https:\/\/www.brightsign.biz\/wp-content\/uploads\/2023\/04\/Partners-CMS-Omnivex.png\" alt=\"\" \/>\n                                                                                <\/div>\n\n                    \n                        <div class=\"swiper-slide\">\n                                                            <img decoding=\"async\" src=\"https:\/\/www.brightsign.biz\/wp-content\/uploads\/2024\/10\/onsign_logo_color.png\" alt=\"Logo OnSign TV\" \/>\n                                                                                <\/div>\n\n                    \n                        <div class=\"swiper-slide\">\n                                                            <img decoding=\"async\" src=\"https:\/\/www.brightsign.biz\/wp-content\/uploads\/2023\/04\/REACH_logo1920x1080.png\" alt=\"\" \/>\n                                                                                <\/div>\n\n                    \n                        <div class=\"swiper-slide\">\n                                                            <img decoding=\"async\" src=\"https:\/\/www.brightsign.biz\/wp-content\/uploads\/2023\/04\/Partners-CMS-Wallboard.png\" alt=\"\" \/>\n                                                                                <\/div>\n\n                    \n                        <div class=\"swiper-slide\">\n                                                            <img decoding=\"async\" src=\"https:\/\/www.brightsign.biz\/wp-content\/uploads\/2024\/06\/CleverDisplay-color-logo.png\" alt=\"\" \/>\n                                                                                <\/div>\n\n                    \n                        <div class=\"swiper-slide\">\n                                                            <img decoding=\"async\" src=\"https:\/\/www.brightsign.biz\/wp-content\/uploads\/2023\/04\/connect_signage-logo-full-colour-rgb-500px@72ppi.jpg\" alt=\"\" \/>\n                                                                                <\/div>\n\n                    \n                        <div class=\"swiper-slide\">\n                                                            <img decoding=\"async\" src=\"https:\/\/www.brightsign.biz\/wp-content\/uploads\/2023\/04\/DenevaDS-H-Denom-Color.png\" alt=\"\" \/>\n                                                                                <\/div>\n\n                    \n                        <div class=\"swiper-slide\">\n                                                            <img decoding=\"async\" src=\"https:\/\/www.brightsign.biz\/wp-content\/uploads\/2023\/04\/Partners-CMS-Dise.png\" alt=\"\" \/>\n                                                                                <\/div>\n\n                    \n                        <div class=\"swiper-slide\">\n                                                            <img decoding=\"async\" src=\"https:\/\/www.brightsign.biz\/wp-content\/uploads\/2023\/04\/Partners-CMS-embed.png\" alt=\"\" \/>\n                                                                                <\/div>\n\n                    \n                        <div class=\"swiper-slide\">\n                                                            <img decoding=\"async\" src=\"https:\/\/www.brightsign.biz\/wp-content\/uploads\/2023\/04\/Partners-CMS-intuiface.png\" alt=\"\" \/>\n                                                                                <\/div>\n\n                    \n                        <div class=\"swiper-slide\">\n                                                            <img decoding=\"async\" src=\"https:\/\/www.brightsign.biz\/wp-content\/uploads\/2023\/04\/Mvix_Primary_White_Background.png\" alt=\"\" \/>\n                                                                                <\/div>\n\n                    \n                        <div class=\"swiper-slide\">\n                                                            <img decoding=\"async\" src=\"https:\/\/www.brightsign.biz\/wp-content\/uploads\/2024\/06\/PADS4_Logo_01.png\" alt=\"Logo PADS4\" \/>\n                                                                                <\/div>\n\n                    \n                        <div class=\"swiper-slide\">\n                                                            <img decoding=\"async\" src=\"https:\/\/www.brightsign.biz\/wp-content\/uploads\/2023\/04\/WallSign-logo-black.png\" alt=\"\" \/>\n                                                                                <\/div>\n\n                                    \n            <\/div><!-- swiper-wrapper -->\n        <\/div><!-- swiper -->\n    <\/div><!-- block-inner -->\n<\/section><!-- ticker -->","protected":false},"excerpt":{"rendered":"","protected":false},"author":32,"featured_media":0,"parent":0,"menu_order":0,"comment_status":"closed","ping_status":"closed","template":"","meta":{"_acf_changed":false,"_searchwp_excluded":"","footnotes":""},"class_list":["post-12119","page","type-page","status-publish","hentry"],"acf":[],"_links":{"self":[{"href":"https:\/\/www.brightsign.biz\/fr\/wp-json\/wp\/v2\/pages\/12119","targetHints":{"allow":["GET"]}}],"collection":[{"href":"https:\/\/www.brightsign.biz\/fr\/wp-json\/wp\/v2\/pages"}],"about":[{"href":"https:\/\/www.brightsign.biz\/fr\/wp-json\/wp\/v2\/types\/page"}],"author":[{"embeddable":true,"href":"https:\/\/www.brightsign.biz\/fr\/wp-json\/wp\/v2\/users\/32"}],"replies":[{"embeddable":true,"href":"https:\/\/www.brightsign.biz\/fr\/wp-json\/wp\/v2\/comments?post=12119"}],"version-history":[{"count":0,"href":"https:\/\/www.brightsign.biz\/fr\/wp-json\/wp\/v2\/pages\/12119\/revisions"}],"wp:attachment":[{"href":"https:\/\/www.brightsign.biz\/fr\/wp-json\/wp\/v2\/media?parent=12119"}],"curies":[{"name":"wp","href":"https:\/\/api.w.org\/{rel}","templated":true}]}}