{"id":12316,"date":"2025-06-04T18:25:58","date_gmt":"2025-06-04T22:25:58","guid":{"rendered":"https:\/\/www.brightsign.biz\/?page_id=12316"},"modified":"2026-01-29T17:55:40","modified_gmt":"2026-01-29T22:55:40","slug":"serie-6","status":"publish","type":"page","link":"https:\/\/www.brightsign.biz\/fr\/brightsign-players\/series-6\/","title":{"rendered":"S\u00e9rie 6"},"content":{"rendered":"<section\n  id=\"hero-block_fe76f2cd888fbd93b079e26412c7c106\"\n  class=\"hero custom-block\"\n  data-form-url=\"\"\n>\n  <!-- Backgrounds: cover full section, center position (extended via SCSS) -->\n        <div id=\"hero-desktop-background\" style=\"background-image: url('https:\/\/www.brightsign.biz\/wp-content\/uploads\/2025\/06\/series-6-family-group-hero-desktop-v05-1920x900.jpg'); background-size: cover; background-position: center center; background-repeat: no-repeat;\"><\/div>\n        <div id=\"hero-mobile-background\" style=\"background-image: url('https:\/\/www.brightsign.biz\/wp-content\/uploads\/2025\/06\/series-6-family-group-hero-mobile-v03-750x900.jpg'); background-size: cover; background-position: center center; background-repeat: no-repeat;\"><\/div>\n  \n  <div class=\"hero-gradient\" aria-hidden=\"true\"><\/div>\n  <div class=\"block-inner medium\">\n    <div class=\"block-inner-content grid-x grid-margin-y\">\n\n      <!-- MOBILE-only layout -->\n      <div class=\"cell small-12 show-for-small-only\">\n        \n        \n        \n        \n        <ul class=\"custom-breadcrumb\"><li>Produits et logiciels<\/li><\/ul><div class=\"mobile-content form-content\"><h1>S\u00e9rie <strong>6<\/strong><\/h1>\n<p>Le dernier cri en mati\u00e8re d'affichage num\u00e9rique.<\/p>\n<\/div>      <\/div>\n      <!-- end MOBILE-only -->\n\n      <!-- DESKTOP text cell -->\n      <div class=\"cell small-12 medium-12 large-6 hide-for-small-only\">\n        \n        <ul class=\"custom-breadcrumb\"><li>Produits et logiciels<\/li><\/ul><h1>S\u00e9rie <strong>6<\/strong><\/h1>\n<p>Le dernier cri en mati\u00e8re d'affichage num\u00e9rique.<\/p>\n      <\/div>\n      <!-- end DESKTOP text cell -->\n\n      <!-- DESKTOP form\/video cell -->\n      <div class=\"cell small-12 medium-12 large-6 center-play hide-for-small-only\">\n        \n              <\/div>\n      <!-- end DESKTOP form\/video cell -->\n\n    <\/div><!-- .block-inner-content -->\n  <\/div><!-- .block-inner -->\n<\/section><!-- hero -->\n\n\n\n    <section id=\"full-width-text-block_fcd139ebe79d74665fc863d5a08937b3\" class=\"full-width-text custom-block dark small-top small-bottom brand-htags default-lists\">\n\n        <div class=\"block-inner medium\">\n\n        <h2 style=\"text-align: center\">Rencontrer la s\u00e9rie 6<\/h2>\n<p style=\"text-align: center\">La s\u00e9rie 6 BrightSign repr\u00e9sente le dernier cri en mati\u00e8re de lecteurs multim\u00e9dias d'affichage num\u00e9rique, avec des performances maximales, une grande polyvalence et une fiabilit\u00e9 in\u00e9gal\u00e9e.<\/p>\n<p style=\"text-align: center\">BrightSign est r\u00e9put\u00e9 pour la qualit\u00e9 et la long\u00e9vit\u00e9 de ses solutions de signalisation num\u00e9rique. Notre garantie t\u00e9moigne de notre confiance dans la durabilit\u00e9 des lecteurs BrightSign. \u00c0 partir du 1er janvier 2025, tous les lecteurs multim\u00e9dias de la s\u00e9rie 5 et des s\u00e9ries suivantes nouvellement achet\u00e9s et enregistr\u00e9s dans le monde entier sont d\u00e9sormais assortis d'une garantie standard de 5 ans, ce qui simplifie l'assistance, o\u00f9 que vous soyez.<\/p>\n\n        \n                        <ul class=\"small-buttons center\">\n                                    <li>\n                        <a href=\"https:\/\/www.brightsign.biz\/fr\/joueurs-de-brightsign\/garantie\/\" target=\"_self\">EN SAVOIR PLUS SUR NOTRE GARANTIE DE 5 ANS<\/a>\n                    <\/li>\n                            <\/ul>\n            \n        \n        <\/div><!-- block-inner -->  \n\n        \n    <\/section><!-- full-width-text -->  \n\n\n\n\n\n<!-- Inject style_attr here -->\n<section\n    id=\"progress-slider-block_c795e9dc76abef7088ade0fbdc7fd14c\"\n    class=\"progress-slider custom-block dark none-top small-bottom center-slides\"\n     >\n\n    <div class=\"block-inner\">\n\n                    <div class=\"progress-slider-title\">\n                <h4>D\u00e9couvrez les lecteurs multim\u00e9dias de la s\u00e9rie BrightSign 6<\/h4>\n                            <\/div>\n        \n        <div class=\"swiper progress-swiper\">\n\n            <div class=\"swiper-wrapper\">\n\n                                                            \n                        <div class=\"swiper-slide\">\n\n                                                            <div class=\"prog-slide-image\">\n                                    <img decoding=\"async\" src=\"https:\/\/www.brightsign.biz\/wp-content\/uploads\/2025\/07\/Series-6_HD6_265x272px_reflection_v2.png\" alt=\"BrightSign HD6 lecteur de signalisation num\u00e9rique\" \/>\n                                <\/div>\n                            \n                                                            <p class=\"xx-small-p\">BrightSign HD6<\/p>\n                            \n                                                            <a class=\"full-button activate-container\" aria-hidden=\"true\" href=\"https:\/\/www.brightsign.biz\/fr\/joueurs-de-brightsign\/serie-6\/hd6\/\" target=\"_self\"><\/a>\n                            \n                        <\/div><!-- .swiper-slide -->\n                                            \n                        <div class=\"swiper-slide\">\n\n                                                            <div class=\"prog-slide-image\">\n                                    <img decoding=\"async\" src=\"https:\/\/www.brightsign.biz\/wp-content\/uploads\/2025\/07\/Series-6_XD6_265x272px_reflection_v2.png\" alt=\"BrightSign XD6 lecteur de signalisation num\u00e9rique\" \/>\n                                <\/div>\n                            \n                                                            <p class=\"xx-small-p\">BrightSign XD6<\/p>\n                            \n                                                            <a class=\"full-button activate-container\" aria-hidden=\"true\" href=\"https:\/\/www.brightsign.biz\/fr\/joueurs-de-brightsign\/serie-6\/xd6\/\" target=\"_self\"><\/a>\n                            \n                        <\/div><!-- .swiper-slide -->\n                                    \n            <\/div><!-- .swiper-wrapper -->\n\n            <!-- scrollbar -->\n            <div class=\"swiper-scrollbar\"><\/div>\n            <div class=\"swiper-pagination-wrapper\">\n                <div class=\"swiper-pagination hide\"><\/div>\n            <\/div><!-- .swiper-pagination-wrapper -->\n\n        <\/div><!-- .progress-swiper -->\n\n        \n    <\/div><!-- .block-inner -->\n\n<\/section><!-- .progress-slider -->\n\n\n\n\n\n<section id=\"hd6\" class=\"media-text custom-block dark small-top small-bottom\" >\n    <div class=\"dot-in\"><\/div><!-- dot-in -->\n    <div class=\"block-inner medium grid-x left\">\n    \n        <div class=\"cell small-12 medium-12 large-6 mediatext-content default-checks\">\n            <div aria-hidden=\"true\" class=\"blue-dot\"><\/div>\n                            <h4>BrightSign HD6<\/h4>\n                                                    <p>Animations fluides et visuels dynamiques.<\/p>\n<ul>\n<li>Prise en charge d'interfaces utilisateur simples et complexes<\/li>\n<li>Cr\u00e9er des exp\u00e9riences cibl\u00e9es<\/li>\n<li>Streaming IP 4K de qualit\u00e9<\/li>\n<li>Des visuels accrocheurs pour tous les environnements<\/li>\n<\/ul>\n                        \n                            <div class=\"basic-button blue\">\n                    <a href=\"\/fr\/joueurs-de-brightsign\/serie-6\/hd6\/\" target=\"_self\">\n                        Explorer HD6                    <\/a>\n                <\/div><!-- basic-cta -->\n                        \n                    <\/div><!-- mediatext-content -->\n        \n        <div class=\"cell small-12 medium-12 large-6 form-wrapper\">\n                            <!-- Normal form on all devices -->\n                                                    <div class=\"mediatext-image no-blue\">\n                        <img decoding=\"async\" src=\"https:\/\/www.brightsign.biz\/wp-content\/uploads\/2025\/06\/BrightSign-33-HD6-min-750x440.png\" alt=\"Lecteur multim\u00e9dia BrightSign HD6\" \/>\n                                            <\/div><!-- mediatext-image -->\n                                                            \n                    <\/div><!-- form-wrapper -->\n        \n    <\/div><!-- block-inner -->\n<\/section><!-- media-text -->\n\n\n\n\n\n<section id=\"xd6\" class=\"media-text custom-block dark small-top small-bottom\" >\n    <div class=\"dot-in\"><\/div><!-- dot-in -->\n    <div class=\"block-inner medium grid-x right\">\n    \n        <div class=\"cell small-12 medium-12 large-6 mediatext-content default-checks\">\n            <div aria-hidden=\"true\" class=\"blue-dot\"><\/div>\n                            <h4>BrightSign XD6<\/h4>\n                                                    <p>D\u00e9ployez partout des exp\u00e9riences cr\u00e9atives et performantes.<\/p>\n<ul>\n<li>Interactions dynamiques et r\u00e9actives<\/li>\n<li>Impressions visuelles 4K<\/li>\n<li>Des exp\u00e9riences vari\u00e9es et uniques<\/li>\n<li>Mettre en place des installations cr\u00e9atives et puissantes<\/li>\n<\/ul>\n                        \n                            <div class=\"basic-button blue\">\n                    <a href=\"\/fr\/joueurs-de-brightsign\/serie-6\/xd6\/\" target=\"_self\">\n                        D\u00e9couvrez le XD6                    <\/a>\n                <\/div><!-- basic-cta -->\n                        \n                    <\/div><!-- mediatext-content -->\n        \n        <div class=\"cell small-12 medium-12 large-6 form-wrapper\">\n                            <!-- Normal form on all devices -->\n                                                    <div class=\"mediatext-image no-blue\">\n                        <img decoding=\"async\" src=\"https:\/\/www.brightsign.biz\/wp-content\/uploads\/2025\/06\/BrightSign-53-XD6-min-750x440.png\" alt=\"BrightSign XD6 lecteur multim\u00e9dia\" \/>\n                                            <\/div><!-- mediatext-image -->\n                                                            \n                    <\/div><!-- form-wrapper -->\n        \n    <\/div><!-- block-inner -->\n<\/section><!-- media-text -->\n\n\n\n\n\n<section id=\"xs6\" class=\"media-text custom-block dark small-top medium-bottom\" >\n    <div class=\"dot-in\"><\/div><!-- dot-in -->\n    <div class=\"block-inner medium grid-x left\">\n    \n        <div class=\"cell small-12 medium-12 large-6 mediatext-content default-checks\">\n            <div aria-hidden=\"true\" class=\"blue-dot\"><\/div>\n                            <h4>BrightSign XS6<\/h4>\n                                                    <p>Le syst\u00e8me sur puce le plus performant de BrightSign.<\/p>\n<ul>\n<li>Une solution tout-en-un efficace<\/li>\n<li>Graphiques 4K de haute qualit\u00e9 et percutants<\/li>\n<li>Int\u00e9gration transparente avec les \u00e9crans commerciaux<\/li>\n<\/ul>\n                        \n                            <div class=\"basic-button blue\">\n                    <a href=\"\/fr\/joueurs-de-brightsign\/brightsign-integre\/#xs6\" target=\"_self\">\n                        Explorer XS6                    <\/a>\n                <\/div><!-- basic-cta -->\n                        \n                    <\/div><!-- mediatext-content -->\n        \n        <div class=\"cell small-12 medium-12 large-6 form-wrapper\">\n                            <!-- Normal form on all devices -->\n                                                    <div class=\"mediatext-image no-blue\">\n                        <img decoding=\"async\" src=\"https:\/\/www.brightsign.biz\/wp-content\/uploads\/2025\/12\/xs6-updated-1200x600-1-750x440.png\" alt=\"Syst\u00e8me sur puce BrightSign Built-In XS6\" \/>\n                                            <\/div><!-- mediatext-image -->\n                                                            \n                    <\/div><!-- form-wrapper -->\n        \n    <\/div><!-- block-inner -->\n<\/section><!-- media-text -->\n\n\n\n\n\n\n<section id=\"full-width-cta-block_ecb65893df4f265bf80797225f9eca0d\" class=\"full-width-cta custom-block\">\n\n<div class=\"block-inner medium grid-x\">\n\n<div class=\"cell small-12 medium-8\">\n    <h4><strong>Parlons-en<\/strong><\/h4>\n<p>Vous ne trouvez pas ce que vous cherchez ? Notre \u00e9quipe est passionn\u00e9e par la recherche de la solution d'affichage num\u00e9rique qui r\u00e9pondra aux objectifs et au budget de votre entreprise.<\/p>\n<\/div><!-- medium-8 -->\n\n<div class=\"cell small-12 medium-4 content-right\">\n    <div class=\"basic-button blue\"><a href=\"https:\/\/www.brightsign.biz\/fr\/contactez-nous\/\" target=\"_self\">PARLER \u00c0 UN EXPERT<i class=\"fa-solid fa-chevron-right\"><\/i><\/a><\/div>\n<\/div><!-- medium-4 -->\n\n<\/div><!-- block-inner -->\n\n<\/section><!-- hero -->\n\n\n\n\n\n<section id=\"ticker-block_0307c1ac5f74ef78d3785f12053fd519\" class=\"ticker custom-block white-bg dark medium-top medium-bottom\">\n\n            <h4>Choisi par les leaders de l'industrie<\/h4>\n    \n    <div class=\"block-inner\">\n        <div class=\"swiper ticker-swiper\">\n            <div class=\"swiper-wrapper\">\n\n                                    \n                        <div class=\"swiper-slide\">\n                                                            <img decoding=\"async\" src=\"https:\/\/www.brightsign.biz\/wp-content\/uploads\/2024\/05\/PlugPowerGrayscale.svg\" alt=\"\" \/>\n                                                                                <\/div>\n\n                    \n                        <div class=\"swiper-slide\">\n                                                            <img decoding=\"async\" src=\"https:\/\/www.brightsign.biz\/wp-content\/uploads\/2024\/05\/GoPro_logo_light.svg\" alt=\"\" \/>\n                                                                                <\/div>\n\n                    \n                        <div class=\"swiper-slide\">\n                                                            <img decoding=\"async\" src=\"https:\/\/www.brightsign.biz\/wp-content\/uploads\/2024\/05\/lg.svg\" alt=\"\" \/>\n                                                                                <\/div>\n\n                    \n                        <div class=\"swiper-slide\">\n                                                            <img decoding=\"async\" src=\"https:\/\/www.brightsign.biz\/wp-content\/uploads\/2024\/05\/Screenshot-2024-05-28-at-12.08.31\u202fPM-750x440.png\" alt=\"\" \/>\n                                                                                <\/div>\n\n                    \n                        <div class=\"swiper-slide\">\n                                                            <img decoding=\"async\" src=\"https:\/\/www.brightsign.biz\/wp-content\/uploads\/2024\/05\/Screenshot-2024-05-28-at-12.08.31\u202fPM-750x440.png\" alt=\"\" \/>\n                                                                                <\/div>\n\n                    \n                        <div class=\"swiper-slide\">\n                                                            <img decoding=\"async\" src=\"https:\/\/www.brightsign.biz\/wp-content\/uploads\/2024\/05\/PlugPowerGrayscale.svg\" alt=\"\" \/>\n                                                                                <\/div>\n\n                    \n                        <div class=\"swiper-slide\">\n                                                            <img decoding=\"async\" src=\"https:\/\/www.brightsign.biz\/wp-content\/uploads\/2024\/05\/GoPro_logo_light.svg\" alt=\"\" \/>\n                                                                                <\/div>\n\n                    \n                        <div class=\"swiper-slide\">\n                                                            <img decoding=\"async\" src=\"https:\/\/www.brightsign.biz\/wp-content\/uploads\/2024\/05\/lg.svg\" alt=\"\" \/>\n                                                                                <\/div>\n\n                    \n                        <div class=\"swiper-slide\">\n                                                            <img decoding=\"async\" src=\"https:\/\/www.brightsign.biz\/wp-content\/uploads\/2024\/05\/Screenshot-2024-05-28-at-12.08.31\u202fPM-750x440.png\" alt=\"\" \/>\n                                                                                <\/div>\n\n                    \n                        <div class=\"swiper-slide\">\n                                                            <img decoding=\"async\" src=\"https:\/\/www.brightsign.biz\/wp-content\/uploads\/2024\/05\/Screenshot-2024-05-28-at-12.08.31\u202fPM-750x440.png\" alt=\"\" \/>\n                                                                                <\/div>\n\n                                    \n            <\/div><!-- swiper-wrapper -->\n        <\/div><!-- swiper -->\n    <\/div><!-- block-inner -->\n<\/section><!-- ticker -->","protected":false},"excerpt":{"rendered":"","protected":false},"author":32,"featured_media":12317,"parent":539,"menu_order":0,"comment_status":"closed","ping_status":"closed","template":"","meta":{"_acf_changed":false,"_searchwp_excluded":"","footnotes":""},"class_list":["post-12316","page","type-page","status-publish","has-post-thumbnail","hentry"],"acf":[],"_links":{"self":[{"href":"https:\/\/www.brightsign.biz\/fr\/wp-json\/wp\/v2\/pages\/12316","targetHints":{"allow":["GET"]}}],"collection":[{"href":"https:\/\/www.brightsign.biz\/fr\/wp-json\/wp\/v2\/pages"}],"about":[{"href":"https:\/\/www.brightsign.biz\/fr\/wp-json\/wp\/v2\/types\/page"}],"author":[{"embeddable":true,"href":"https:\/\/www.brightsign.biz\/fr\/wp-json\/wp\/v2\/users\/32"}],"replies":[{"embeddable":true,"href":"https:\/\/www.brightsign.biz\/fr\/wp-json\/wp\/v2\/comments?post=12316"}],"version-history":[{"count":0,"href":"https:\/\/www.brightsign.biz\/fr\/wp-json\/wp\/v2\/pages\/12316\/revisions"}],"up":[{"embeddable":true,"href":"https:\/\/www.brightsign.biz\/fr\/wp-json\/wp\/v2\/pages\/539"}],"wp:featuredmedia":[{"embeddable":true,"href":"https:\/\/www.brightsign.biz\/fr\/wp-json\/wp\/v2\/media\/12317"}],"wp:attachment":[{"href":"https:\/\/www.brightsign.biz\/fr\/wp-json\/wp\/v2\/media?parent=12316"}],"curies":[{"name":"wp","href":"https:\/\/api.w.org\/{rel}","templated":true}]}}