{"id":12999,"date":"2025-10-23T08:55:09","date_gmt":"2025-10-23T12:55:09","guid":{"rendered":"https:\/\/www.brightsign.biz\/?page_id=12999"},"modified":"2025-10-23T10:34:01","modified_gmt":"2025-10-23T14:34:01","slug":"services","status":"publish","type":"page","link":"https:\/\/www.brightsign.biz\/fr\/brightsign-players\/services\/","title":{"rendered":"Services professionnels"},"content":{"rendered":"<section\n  id=\"hero-block_c93b905876ec8f18975257efe0d445cb\"\n  class=\"hero custom-block\"\n  data-form-url=\"\"\n>\n  <!-- Backgrounds: cover full section, center position (extended via SCSS) -->\n        <div id=\"hero-desktop-background\" style=\"background-image: url('https:\/\/www.brightsign.biz\/wp-content\/uploads\/2025\/10\/services-hero-desktop-v2-2560x964-1-1920x900.jpg'); background-size: cover; background-position: center center; background-repeat: no-repeat;\"><\/div>\n        <div id=\"hero-mobile-background\" style=\"background-image: url('https:\/\/www.brightsign.biz\/wp-content\/uploads\/2025\/10\/services-hero-mobile-v2.1-750x900.jpg'); background-size: cover; background-position: center center; background-repeat: no-repeat;\"><\/div>\n  \n  <div class=\"hero-gradient\" aria-hidden=\"true\"><\/div>\n  <div class=\"block-inner medium\">\n    <div class=\"block-inner-content grid-x grid-margin-y\">\n\n      <!-- MOBILE-only layout -->\n      <div class=\"cell small-12 show-for-small-only\">\n        \n        \n        \n        \n        <ul class=\"custom-breadcrumb\"><li>Produits et logiciels<\/li><\/ul><div class=\"mobile-content form-content\"><h1>Professionnel <strong>Services<\/strong><\/h1>\n<p>D\u00e9ployez votre signalisation num\u00e9rique rapidement et en toute confiance.<\/p>\n<\/div><div class=\"basic-button blue\"><a href=\"#contact\" target=\"\">PARLER \u00c0 UN EXPERT <i class=\"fa-solid fa-chevron-right\"><\/i><\/a><\/div>      <\/div>\n      <!-- end MOBILE-only -->\n\n      <!-- DESKTOP text cell -->\n      <div class=\"cell small-12 medium-12 large-6 hide-for-small-only\">\n        \n        <ul class=\"custom-breadcrumb\"><li>Produits et logiciels<\/li><\/ul><h1>Professionnel <strong>Services<\/strong><\/h1>\n<p>D\u00e9ployez votre signalisation num\u00e9rique rapidement et en toute confiance.<\/p>\n<div class=\"basic-button blue\"><a href=\"#contact\" target=\"\">PARLER \u00c0 UN EXPERT <i class=\"fa-solid fa-chevron-right\"><\/i><\/a><\/div>      <\/div>\n      <!-- end DESKTOP text cell -->\n\n      <!-- DESKTOP form\/video cell -->\n      <div class=\"cell small-12 medium-12 large-6 center-play hide-for-small-only\">\n        \n              <\/div>\n      <!-- end DESKTOP form\/video cell -->\n\n    <\/div><!-- .block-inner-content -->\n  <\/div><!-- .block-inner -->\n<\/section><!-- hero -->\n\n\n\n    <section id=\"full-width-text-block_7ca36b698b63d97053523ac1fe73c8ca\" class=\"full-width-text custom-block dark small-top none-bottom brand-htags default-lists\">\n\n        <div class=\"block-inner medium\">\n\n        <h2 style=\"text-align: center\">Acc\u00e9l\u00e9rer votre succ\u00e8s en mati\u00e8re d'affichage dynamique<\/h2>\n<p style=\"text-align: center\">Les services professionnels BrightSign vous permettent de d\u00e9ployer facilement et rapidement votre signalisation num\u00e9rique BrightSign. En livrant des lecteurs pr\u00e9configur\u00e9s et en installant des kits Wi-Fi avant l'exp\u00e9dition, nous permettons aux organisations d'acc\u00e9l\u00e9rer les d\u00e9ploiements et de r\u00e9duire les risques inutiles, afin qu'elles puissent se concentrer sur la cr\u00e9ation d'exp\u00e9riences num\u00e9riques percutantes.<\/p>\n\n        \n        <\/div><!-- block-inner -->  \n\n        \n    <\/section><!-- full-width-text -->  \n\n\n\n\n\n\n\n<section id=\"media-grid-block_0fae75cefea14e33976c7ce8e0e17a7f\" class=\"media-grid custom-block dark small-top small-bottom\">\n\n<div class=\"block-inner medium\">\n\n<div class=\"full-width-text default-htags\">\n\n\n<\/div>\n\n\n<div class=\"grid-x\">\n\n\n<div class=\"mg-cell cell small-12 medium-6\">\n\n    <div class=\"mg-cell-inner item-parent\">\n\n    <div class=\"mg-item-content remove-overlay default-htags default-lists\">\n\n        \n            <div class=\"mg-item-image\">\n\n                <img decoding=\"async\" src=\"https:\/\/www.brightsign.biz\/wp-content\/uploads\/2025\/10\/services-provisioning-1200x600-1-900x495.jpg\" alt=\"BrightSign services de pr\u00e9approvisionnement pour les acteurs de l&#039;affichage num\u00e9rique\" \/>\n           \n\n                            <\/div>\n        \n        \n\n            <div class=\"mg-content-top\">\n\n                <h4>Pr\u00e9approvisionnement<\/h4>\n                                    <p>Veillez \u00e0 ce que vos lecteurs BrightSign soient parfaitement adapt\u00e9s \u00e0 votre environnement. De l'installation du CMS \u00e0 la pr\u00e9paration au bsn.Control, <strong>le pr\u00e9-provisionnement \u00e9limine la configuration manuelle, ce qui permet de r\u00e9duire les co\u00fbts et d'acc\u00e9l\u00e9rer le d\u00e9ploiement<\/strong>.<\/p>\n                                \n\n            <\/div><!-- mg-content-top -->\n\n            <\/div><!-- mg-item-content -->\n\n            <ul class=\"mg-cta-list small-buttons\">\n\n                                \n                \n            <\/ul>\n\n    \n    <\/div><!-- mg-cell-inner -->\n\n<\/div><!-- mg-cell -->\n\n\n<div class=\"mg-cell cell small-12 medium-6\">\n\n    <div class=\"mg-cell-inner item-parent\">\n\n    <div class=\"mg-item-content remove-overlay default-htags default-lists\">\n\n        \n            <div class=\"mg-item-image\">\n\n                <img decoding=\"async\" src=\"https:\/\/www.brightsign.biz\/wp-content\/uploads\/2025\/10\/services-wifi-installation-1200x600-1-900x495.jpg\" alt=\"BrightSign Services d&#039;installation Wi-Fi pour les acteurs de l&#039;affichage num\u00e9rique\" \/>\n           \n\n                            <\/div>\n        \n        \n\n            <div class=\"mg-content-top\">\n\n                <h4>Installation du Wi-Fi<\/h4>\n                                    <p>Vous avez achet\u00e9 des modules Wi-Fi avec vos lecteurs BrightSign ? Laissez-nous les installer avant le d\u00e9ploiement pour que vos lecteurs puissent <strong>se connecter en toute transparence d\u00e8s l'arriv\u00e9e<\/strong>, r\u00e9duisant ainsi les \u00e9tapes d'installation et vous permettant de d\u00e9marrer rapidement.<\/p>\n                                \n\n            <\/div><!-- mg-content-top -->\n\n            <\/div><!-- mg-item-content -->\n\n            <ul class=\"mg-cta-list small-buttons\">\n\n                                \n                \n            <\/ul>\n\n    \n    <\/div><!-- mg-cell-inner -->\n\n<\/div><!-- mg-cell -->\n\n\n<\/div><!-- grid-x -->\n\n\n<\/div><!-- block-inner -->  \n\n<\/section><!-- ### -->\n\n\n\n\n\n<section id=\"contact\" class=\"media-text custom-block dark none-top none-bottom\" data-form-url=\"https:\/\/content.brightsign.biz\/l\/1011161\/2025-10-09\/3wsn2?page_name=services\">\n    <div class=\"dot-in\"><\/div><!-- dot-in -->\n    <div class=\"block-inner medium grid-x right\">\n    \n        <div class=\"cell small-12 medium-12 large-6 mediatext-content default-checks\">\n            <div aria-hidden=\"true\" class=\"blue-dot\"><\/div>\n                                                    <h2 style=\"color: #311c6b\">Contactez nous d\u00e8s aujourd'hui<\/h2>\n<p>Les services professionnels payants de BrightSign vous permettent de b\u00e9n\u00e9ficier d'une signalisation num\u00e9rique d\u00e9j\u00e0 pr\u00e9configur\u00e9e pour vos besoins uniques, d\u00e8s sa sortie de l'emballage :<\/p>\n<ul>\n<li>Acc\u00e9l\u00e9rer les d\u00e9ploiements<\/li>\n<li>Une mise \u00e0 l'\u00e9chelle ais\u00e9e<\/li>\n<li>\u00c9viter les erreurs de configuration courantes<\/li>\n<li>R\u00e9duire la main-d'\u0153uvre<\/li>\n<\/ul>\n<p><strong>Soumettez le formulaire ou contactez votre repr\u00e9sentant commercial pour obtenir un devis.<\/strong><\/p>\n                        \n                        \n                    <\/div><!-- mediatext-content -->\n        \n        <div class=\"cell small-12 medium-12 large-6 form-wrapper\">\n                            <!-- Normal form on all devices -->\n                                                    <div class=\"mg-form-embed\">\n                        <!-- To be populated dynamically via JS -->\n                    <\/div>\n                                        \n                    <\/div><!-- form-wrapper -->\n        \n    <\/div><!-- block-inner -->\n<\/section><!-- media-text -->","protected":false},"excerpt":{"rendered":"","protected":false},"author":32,"featured_media":13005,"parent":539,"menu_order":0,"comment_status":"closed","ping_status":"closed","template":"","meta":{"_acf_changed":false,"_searchwp_excluded":"","footnotes":""},"class_list":["post-12999","page","type-page","status-publish","has-post-thumbnail","hentry"],"acf":[],"_links":{"self":[{"href":"https:\/\/www.brightsign.biz\/fr\/wp-json\/wp\/v2\/pages\/12999","targetHints":{"allow":["GET"]}}],"collection":[{"href":"https:\/\/www.brightsign.biz\/fr\/wp-json\/wp\/v2\/pages"}],"about":[{"href":"https:\/\/www.brightsign.biz\/fr\/wp-json\/wp\/v2\/types\/page"}],"author":[{"embeddable":true,"href":"https:\/\/www.brightsign.biz\/fr\/wp-json\/wp\/v2\/users\/32"}],"replies":[{"embeddable":true,"href":"https:\/\/www.brightsign.biz\/fr\/wp-json\/wp\/v2\/comments?post=12999"}],"version-history":[{"count":0,"href":"https:\/\/www.brightsign.biz\/fr\/wp-json\/wp\/v2\/pages\/12999\/revisions"}],"up":[{"embeddable":true,"href":"https:\/\/www.brightsign.biz\/fr\/wp-json\/wp\/v2\/pages\/539"}],"wp:featuredmedia":[{"embeddable":true,"href":"https:\/\/www.brightsign.biz\/fr\/wp-json\/wp\/v2\/media\/13005"}],"wp:attachment":[{"href":"https:\/\/www.brightsign.biz\/fr\/wp-json\/wp\/v2\/media?parent=12999"}],"curies":[{"name":"wp","href":"https:\/\/api.w.org\/{rel}","templated":true}]}}