{"id":13180,"date":"2025-12-04T10:00:00","date_gmt":"2025-12-04T15:00:00","guid":{"rendered":"https:\/\/www.brightsign.biz\/?page_id=13180"},"modified":"2026-03-24T15:01:28","modified_gmt":"2026-03-24T19:01:28","slug":"intelligence-artificielle","status":"publish","type":"page","link":"https:\/\/www.brightsign.biz\/fr\/solutions\/artificial-intelligence\/","title":{"rendered":"Intelligence artificielle (IA)"},"content":{"rendered":"<section\n  id=\"hero-block_17e121e469a51b64240f90e60b18fd2b\"\n  class=\"hero custom-block\"\n  data-form-url=\"\"\n>\n  <!-- Backgrounds: cover full section, center position (extended via SCSS) -->\n        <div id=\"hero-desktop-background\" style=\"background-image: url('https:\/\/www.brightsign.biz\/wp-content\/uploads\/2025\/12\/AI_Header_2560x964px-1920x900.jpg'); background-size: cover; background-position: center center; background-repeat: no-repeat;\"><\/div>\n        <div id=\"hero-mobile-background\" style=\"background-image: url('https:\/\/www.brightsign.biz\/wp-content\/uploads\/2025\/12\/AI_Header_2560x964px-1920x900.jpg'); background-size: cover; background-position: center center; background-repeat: no-repeat;\"><\/div>\n  \n  <div class=\"hero-gradient\" aria-hidden=\"true\"><\/div>\n  <div class=\"block-inner medium\">\n    <div class=\"block-inner-content grid-x grid-margin-y\">\n\n      <!-- MOBILE-only layout -->\n      <div class=\"cell small-12 show-for-small-only\">\n        \n        \n        \n        \n        <ul class=\"custom-breadcrumb\"><li><a href=\"https:\/\/www.brightsign.biz\/fr\/solutions\/\" target=\"_self\">Solutions<\/a><\/li><\/ul><div class=\"mobile-content form-content\"><h1>Artificiel <strong>Renseignement<\/strong><\/h1>\n<p>R\u00e9inventez l'affichage num\u00e9rique gr\u00e2ce \u00e0 l'IA \u00e0 la pointe de la technologie.<\/p>\n<\/div><div class=\"basic-button blue\"><a href=\"#contact\" target=\"\">PARLER \u00c0 UN EXPERT <i class=\"fa-solid fa-chevron-right\"><\/i><\/a><\/div>      <\/div>\n      <!-- end MOBILE-only -->\n\n      <!-- DESKTOP text cell -->\n      <div class=\"cell small-12 medium-12 large-6 hide-for-small-only\">\n        \n        <ul class=\"custom-breadcrumb\"><li><a href=\"https:\/\/www.brightsign.biz\/fr\/solutions\/\" target=\"_self\">Solutions<\/a><\/li><\/ul><h1>Artificiel <strong>Renseignement<\/strong><\/h1>\n<p>R\u00e9inventez l'affichage num\u00e9rique gr\u00e2ce \u00e0 l'IA \u00e0 la pointe de la technologie.<\/p>\n<div class=\"basic-button blue\"><a href=\"#contact\" target=\"\">PARLER \u00c0 UN EXPERT <i class=\"fa-solid fa-chevron-right\"><\/i><\/a><\/div>      <\/div>\n      <!-- end DESKTOP text cell -->\n\n      <!-- DESKTOP form\/video cell -->\n      <div class=\"cell small-12 medium-12 large-6 center-play hide-for-small-only\">\n        \n              <\/div>\n      <!-- end DESKTOP form\/video cell -->\n\n    <\/div><!-- .block-inner-content -->\n  <\/div><!-- .block-inner -->\n<\/section><!-- hero -->\n\n\n\n\n<div class=\"pill-pad-wrap left\">\n\n    <section id=\"pill-image-text-block_138e20931b293ea141cafc73ff6e805e\" class=\"pill-image-text custom-block dark medium-top medium-bottom\">\n\n        <div class=\"dot-in\"><\/div><!-- dot-in -->\n\n        <div class=\"pill-image-layer grid-x left\">\n\n            <div class=\"cell small-12 medium-6\"><\/div>\n\n            <div class=\"cell small-12 medium-6 pill-bg\">\n\n                <div class=\"pill-bg-image\" style=\"background-image: url( https:\/\/www.brightsign.biz\/wp-content\/uploads\/2025\/12\/ai-retail-v03.jpeg );\"><\/div>\n\n            <\/div><!-- pill-bg -->\n\n        <\/div><!-- pill-image-layer -->\n\n        <div class=\"block-inner medium grid-x left\">\n\n            <div class=\"cell small-12 medium-6 pill-content image-left\">\n\n                \n                    <div class=\"pill-title\">\n                        <h3>D\u00e9ployez une signalisation num\u00e9rique compatible avec l'IA<\/h3>\n                        <div aria-hidden=\"true\" class=\"blue-dot\"><\/div>\n                    <\/div>\n\n                \n                                    <ul>\n<li>Les joueurs avanc\u00e9s \u00e9quip\u00e9s d'unit\u00e9s de traitement neuronal (NPU) int\u00e9gr\u00e9es ex\u00e9cutent des applications d'IA sans compromettre la qualit\u00e9 vid\u00e9o ou audio.<\/li>\n<li>Fournissez des informations en temps r\u00e9el et offrez une personnalisation instantan\u00e9e.<\/li>\n<li>\u00c9liminez la latence et les risques de s\u00e9curit\u00e9 li\u00e9s \u00e0 l'IA bas\u00e9e sur le cloud gr\u00e2ce \u00e0 l'IA en p\u00e9riph\u00e9rie.<\/li>\n<\/ul>\n                \n                \n            <\/div><!-- pill-content -->\n\n        <\/div><!-- block-inner -->\n\n    <\/section><!-- pill-image-text -->\n\n<\/div><!--pill-pad-wrap -->\n\n\n\n\n\n    <section id=\"full-width-text-block_30bcb0b70f4a1ee28a537230c76a1dd4\" class=\"full-width-text custom-block dark none-top none-bottom brand-htags default-lists\">\n\n        <div class=\"block-inner medium\">\n\n        <h2 style=\"color: #311c6b;text-align: center\">BrightSign apporte l'IA \u00e0 la p\u00e9riph\u00e9rie<\/h2>\n        \n        <\/div><!-- block-inner -->  \n\n        \n    <\/section><!-- full-width-text -->  \n\n\n\n\n\n<section id=\"media-text-block_223b58d23585953e56da7e262b7ce3b6\" class=\"media-text custom-block dark none-top none-bottom\" >\n    <div class=\"dot-in\"><\/div><!-- dot-in -->\n    <div class=\"block-inner medium grid-x right\">\n    \n        <div class=\"cell small-12 medium-12 large-6 mediatext-content default-checks\">\n            <div aria-hidden=\"true\" class=\"blue-dot\"><\/div>\n                                                    <p>Nos lecteurs sont pr\u00eats \u00e0 l'emploi pour l'IA, \u00e9quip\u00e9s de NPU con\u00e7us pour ex\u00e9cuter efficacement les mod\u00e8les d'IA \u00e0 la p\u00e9riph\u00e9rie. Cela signifie :<\/p>\n<ul>\n<li>Intelligence en temps r\u00e9el sans compromettre la qualit\u00e9 de lecture.<\/li>\n<li>Les processeurs et les cartes graphiques restent concentr\u00e9s sur ce qu'ils font le mieux : offrir des images et un son exceptionnels.<\/li>\n<li>Int\u00e9gration flexible avec brightAuthor connected, HTML5 et les plateformes CMS tierces.<\/li>\n<li>Capacit\u00e9 \u00e9volutive permettant aux partenaires d'int\u00e9grer leurs propres applications d'IA \u00e0 notre \u00e9cosyst\u00e8me.<\/li>\n<\/ul>\n                        \n                        \n                            <ul class=\"list-links\">\n                                        <li class=\"basic-cta\">\n                        <a href=\"https:\/\/www.brightsign.biz\/fr\/joueurs-de-brightsign\/serie-5\/\" target=\"_self\">\n                            <span class=\"\">\n                                EXPLOREZ LA S\u00c9RIE 5                            <\/span>\n                            <i class=\"fa-solid fa-chevron-right\"><\/i>\n                        <\/a>\n                    <\/li>\n                                        <li class=\"basic-cta\">\n                        <a href=\"https:\/\/www.brightsign.biz\/fr\/joueurs-de-brightsign\/serie-6\/\" target=\"_self\">\n                            <span class=\"\">\n                                EXPLOREZ LA S\u00c9RIE 6                            <\/span>\n                            <i class=\"fa-solid fa-chevron-right\"><\/i>\n                        <\/a>\n                    <\/li>\n                                    <\/ul>\n                    <\/div><!-- mediatext-content -->\n        \n        <div class=\"cell small-12 medium-12 large-6 form-wrapper\">\n                            <!-- Normal form on all devices -->\n                                                    <div class=\"mediatext-image default-bg\">\n                        <img decoding=\"async\" src=\"https:\/\/www.brightsign.biz\/wp-content\/uploads\/2025\/12\/AI_Transportation_2_crop-750x440.jpg\" alt=\"Homme regardant un \u00e9cran d&#039;enregistrement IA pour l&#039;affichage num\u00e9rique dans les transports\" \/>\n                                            <\/div><!-- mediatext-image -->\n                                                            \n                    <\/div><!-- form-wrapper -->\n        \n    <\/div><!-- block-inner -->\n<\/section><!-- media-text -->\n\n\n\n\n\n    <section id=\"full-width-text-block_7158fad86e16c2683b9bb321c74f3a44\" class=\"full-width-text custom-block dark none-top none-bottom brand-htags default-lists\">\n\n        <div class=\"block-inner medium\">\n\n        <h2 style=\"text-align: center\">Comment l'IA transforme l'affichage num\u00e9rique<\/h2>\n<p style=\"text-align: center\">D\u00e9couvrez toutes les possibilit\u00e9s offertes dans chaque environnement.<\/p>\n\n        \n        <\/div><!-- block-inner -->  \n\n        \n    <\/section><!-- full-width-text -->  \n\n\n\n\n\n\n\n<section id=\"media-grid-block_7dd499b387d3a399ea08a329ca447a57\" class=\"media-grid custom-block dark small-top small-bottom\">\n\n<div class=\"block-inner medium\">\n\n<div class=\"full-width-text default-htags\">\n\n\n<\/div>\n\n\n<div class=\"grid-x\">\n\n\n<div class=\"mg-cell cell small-12 medium-6\">\n\n    <div class=\"mg-cell-inner item-parent\">\n\n    <div class=\"mg-item-content remove-overlay default-htags default-lists\">\n\n        \n            <div class=\"mg-item-image\">\n\n                <img decoding=\"async\" src=\"https:\/\/www.brightsign.biz\/wp-content\/uploads\/2025\/12\/AI_Retail_1200x600px_b-900x495.jpg\" alt=\"Fonctionnalit\u00e9s de confidentialit\u00e9 li\u00e9es \u00e0 la d\u00e9tection humaine par IA utilis\u00e9es pour les clients dans le commerce de d\u00e9tail\" \/>\n           \n\n                            <\/div>\n        \n        \n\n            <div class=\"mg-content-top\">\n\n                <h4>Vente au D\u00e9tail<\/h4>\n                                    <ul>\n<li><strong>D\u00e9tection du regard :<\/strong> Mesurez l'engagement en identifiant les moments o\u00f9 les acheteurs sont attentifs.<\/li>\n<li><strong>Ciblage du contenu :<\/strong> Affichez le bon message au bon moment pour chaque spectateur.<\/li>\n<li><strong>Promotions dynamiques :<\/strong> Ajustez les publicit\u00e9s en temps r\u00e9el en fonction de l'inventaire, de l'heure de la journ\u00e9e ou du comportement des acheteurs afin d'augmenter les conversions.<\/li>\n<\/ul>\n                                \n\n            <\/div><!-- mg-content-top -->\n\n            <\/div><!-- mg-item-content -->\n\n            <ul class=\"mg-cta-list small-buttons\">\n\n                \n                <li>\n                    <a href=\"https:\/\/www.brightsign.biz\/fr\/lindustrie\/commerce-de-detail\/\" target=\"_self\">EXPLOREZ LE COMMERCE DE D\u00c9TAIL<i class=\"fa-solid fa-chevron-right\"><\/i><\/a>\n                <\/li>\n\n                                \n                \n            <\/ul>\n\n    \n    <\/div><!-- mg-cell-inner -->\n\n<\/div><!-- mg-cell -->\n\n\n<div class=\"mg-cell cell small-12 medium-6\">\n\n    <div class=\"mg-cell-inner item-parent\">\n\n    <div class=\"mg-item-content remove-overlay default-htags default-lists\">\n\n        \n            <div class=\"mg-item-image\">\n\n                <img decoding=\"async\" src=\"https:\/\/www.brightsign.biz\/wp-content\/uploads\/2025\/12\/AI_Transportation_1200x600px-900x495.jpg\" alt=\"Femme regardant un \u00e9cran d&#039;affichage num\u00e9rique \u00e9quip\u00e9 d&#039;un syst\u00e8me de reconnaissance faciale bas\u00e9 sur l&#039;IA\" \/>\n           \n\n                            <\/div>\n        \n        \n\n            <div class=\"mg-content-top\">\n\n                <h4>Transport<\/h4>\n                                    <ul>\n<li><strong>Publicit\u00e9 en temps r\u00e9el :<\/strong> Des promotions qui s'adaptent aux horaires des vols, des bus ou des trains pour une pertinence maximale.<\/li>\n<li><strong>Messages de s\u00e9curit\u00e9 et guidage vocal :<\/strong> Guidez les voyageurs clairement et rapidement, m\u00eame dans les environnements bond\u00e9s.<\/li>\n<li><strong>Mesure de la densit\u00e9 de la foule :<\/strong> Aider les op\u00e9rateurs \u00e0 g\u00e9rer le flux de trafic et \u00e0 am\u00e9liorer l'exp\u00e9rience des passagers.<\/li>\n<\/ul>\n                                \n\n            <\/div><!-- mg-content-top -->\n\n            <\/div><!-- mg-item-content -->\n\n            <ul class=\"mg-cta-list small-buttons\">\n\n                \n                <li>\n                    <a href=\"https:\/\/www.brightsign.biz\/fr\/lindustrie\/le-transport\/\" target=\"_self\">EXPLOREZ LES TRANSPORTS<i class=\"fa-solid fa-chevron-right\"><\/i><\/a>\n                <\/li>\n\n                                \n                \n            <\/ul>\n\n    \n    <\/div><!-- mg-cell-inner -->\n\n<\/div><!-- mg-cell -->\n\n\n<div class=\"mg-cell cell small-12 medium-6\">\n\n    <div class=\"mg-cell-inner item-parent\">\n\n    <div class=\"mg-item-content remove-overlay default-htags default-lists\">\n\n        \n            <div class=\"mg-item-image\">\n\n                <img decoding=\"async\" src=\"https:\/\/www.brightsign.biz\/wp-content\/uploads\/2025\/12\/AI_Finance_1200x600px-900x495.jpg\" alt=\"Un homme et une femme regardant l&#039;\u00e9cran tactile d&#039;une banque\" \/>\n           \n\n                            <\/div>\n        \n        \n\n            <div class=\"mg-content-top\">\n\n                <h4>Finances<\/h4>\n                                    <ul>\n<li><strong>Libre-service intelligent :<\/strong> Utilisez les informations fournies par l'IA pour rationaliser les transactions et r\u00e9duire les temps d'attente.<\/li>\n<li><strong>Messagerie personnalis\u00e9e :<\/strong> Proposez des offres et du contenu cibl\u00e9s en fonction des donn\u00e9es d\u00e9mographiques des clients.<\/li>\n<li><strong>Promotions cibl\u00e9es :<\/strong> Encouragez les clients \u00e0 d\u00e9couvrir de nouvelles offres, telles que les cartes de cr\u00e9dit, les pr\u00eats et d'autres services, pendant qu'ils attendent.<\/li>\n<\/ul>\n                                \n\n            <\/div><!-- mg-content-top -->\n\n            <\/div><!-- mg-item-content -->\n\n            <ul class=\"mg-cta-list small-buttons\">\n\n                \n                <li>\n                    <a href=\"https:\/\/www.brightsign.biz\/fr\/lindustrie\/financer\/\" target=\"_self\">EXPLOREZ LA FINANCE<i class=\"fa-solid fa-chevron-right\"><\/i><\/a>\n                <\/li>\n\n                                \n                \n            <\/ul>\n\n    \n    <\/div><!-- mg-cell-inner -->\n\n<\/div><!-- mg-cell -->\n\n\n<div class=\"mg-cell cell small-12 medium-6\">\n\n    <div class=\"mg-cell-inner item-parent\">\n\n    <div class=\"mg-item-content remove-overlay default-htags default-lists\">\n\n        \n            <div class=\"mg-item-image\">\n\n                <img decoding=\"async\" src=\"https:\/\/www.brightsign.biz\/wp-content\/uploads\/2025\/12\/AI_Healthcare_1200x600px-900x495.jpg\" alt=\"Infirmi\u00e8re et patients avec affichage num\u00e9rique dans la salle d&#039;attente\" \/>\n           \n\n                            <\/div>\n        \n        \n\n            <div class=\"mg-content-top\">\n\n                <h4>Sant\u00e9<\/h4>\n                                    <ul>\n<li><strong>Contenu personnalis\u00e9 :<\/strong> Inclure les temps d'attente en temps r\u00e9el afin d'am\u00e9liorer la communication avec les patients et la transparence.<\/li>\n<li><strong>Offrez des conseils et du contenu apaisant :<\/strong> R\u00e9duire l'anxi\u00e9t\u00e9 et aider les patients \u00e0 s'y retrouver dans des informations ou des installations complexes.<\/li>\n<li><strong>Contenu \u00e9ducatif cibl\u00e9 :<\/strong> Sensibiliser et encourager des choix plus sains gr\u00e2ce \u00e0 l'apprentissage sur \u00e9cran.<\/li>\n<\/ul>\n                                \n\n            <\/div><!-- mg-content-top -->\n\n            <\/div><!-- mg-item-content -->\n\n            <ul class=\"mg-cta-list small-buttons\">\n\n                \n                <li>\n                    <a href=\"https:\/\/www.brightsign.biz\/fr\/lindustrie\/soins-de-sante\/\" target=\"_self\">EXPLOREZ LES SOINS DE SANT\u00c9<i class=\"fa-solid fa-chevron-right\"><\/i><\/a>\n                <\/li>\n\n                                \n                \n            <\/ul>\n\n    \n    <\/div><!-- mg-cell-inner -->\n\n<\/div><!-- mg-cell -->\n\n\n<\/div><!-- grid-x -->\n\n\n<\/div><!-- block-inner -->  \n\n<\/section><!-- ### -->\n\n\n\n\n\n<section id=\"video\" class=\"media-text custom-block dark none-top none-bottom\" >\n    <div class=\"dot-in\"><\/div><!-- dot-in -->\n    <div class=\"block-inner medium grid-x left\">\n    \n        <div class=\"cell small-12 medium-12 large-6 mediatext-content default-checks\">\n            <div aria-hidden=\"true\" class=\"blue-dot\"><\/div>\n                                                    <h3>Un \u00e9cosyst\u00e8me centr\u00e9 sur l'IA en pleine croissance<\/h3>\n<p>En permettant \u00e0 nos partenaires d'utiliser l'IA directement sur les lecteurs BrightSign, nous ouvrons un monde de possibilit\u00e9s : parcours clients personnalis\u00e9s, optimisation contextuelle du contenu, informations sur l'audience et exp\u00e9riences v\u00e9ritablement interactives.<\/p>\n<p><strong>Cliquez sur la vid\u00e9o pour voir une d\u00e9monstration de d\u00e9tection d'objets par l'IA.<\/strong><\/p>\n                        \n                        \n                    <\/div><!-- mediatext-content -->\n        \n        <div class=\"cell small-12 medium-12 large-6 form-wrapper center-play\">\n                            <!-- Normal form on all devices -->\n                                                    <div class=\"mediatext-image default-bg\">\n                        <img decoding=\"async\" src=\"https:\/\/www.brightsign.biz\/wp-content\/uploads\/2026\/03\/brightsign-ai-object-detection-thumb-2-750x440.jpg\" alt=\"Le stand de BrightSign \u00e0 ISE promeut les capacit\u00e9s de l&#039;IA \u00e0 la p\u00e9riph\u00e9rie\" \/>\n                                            <\/div><!-- mediatext-image -->\n                                                            \n                                <!-- Video Modal Markup using hero.php classes -->\n                    <div class=\"mediagrid-modal reveal full\" id=\"video-1176198062\" data-reveal data-close-on-click=\"true\">\n                        <div class=\"mediagrid-modal-inner\">\n                            <iframe src=\"\" data-src=\"https:\/\/player.vimeo.com\/video\/1176198062?autoplay=1\" frameborder=\"0\" allowfullscreen allowtransparency allow=\"autoplay\"><\/iframe>\n                            <button class=\"close-button\" data-close aria-label=\"Fermer la fen\u00eatre modale\" type=\"button\">\n                                <i class=\"fa-sharp fa-regular fa-xmark\"><\/i>\n                            <\/button>\n                        <\/div>\n                    <\/div>\n                    <button class=\"play-modal\" data-open=\"video-1176198062\" aria-controls=\"video-1176198062\" aria-haspopup=\"dialog\" tabindex=\"0\"><\/button>\n                    <\/div><!-- form-wrapper -->\n        \n    <\/div><!-- block-inner -->\n<\/section><!-- media-text -->\n\n\n\n\n\n<section id=\"contact\" class=\"media-text custom-block dark none-top none-bottom\" data-form-url=\"https:\/\/content.brightsign.biz\/l\/1011161\/2025-04-23\/3h64g?page_name=ai\">\n    <div class=\"dot-in\"><\/div><!-- dot-in -->\n    <div class=\"block-inner medium grid-x right\">\n    \n        <div class=\"cell small-12 medium-12 large-6 mediatext-content default-checks\">\n            <div aria-hidden=\"true\" class=\"blue-dot\"><\/div>\n                                                    <h2>Parler \u00e0 un expert<\/h2>\n<p>Avec BrightSign, votre signal\u00e9tique est con\u00e7ue pour aujourd'hui et pr\u00eate pour les innovations futures en mati\u00e8re d'IA. Imaginez ce qui est possible, puis concr\u00e9tisez-le gr\u00e2ce \u00e0 l'IA \u00e0 la pointe de la technologie.<\/p>\n<p><strong>Contactez-nous pour en savoir plus sur les lecteurs et solutions compatibles avec l'IA de BrightSign.<\/strong><\/p>\n                        \n                        \n                    <\/div><!-- mediatext-content -->\n        \n        <div class=\"cell small-12 medium-12 large-6 form-wrapper\">\n                            <!-- Normal form on all devices -->\n                                                    <div class=\"mg-form-embed\">\n                        <!-- To be populated dynamically via JS -->\n                    <\/div>\n                                        \n                    <\/div><!-- form-wrapper -->\n        \n    <\/div><!-- block-inner -->\n<\/section><!-- media-text -->\n\n\n\n<div class=\"wp-native-block block-outer\"><div class=\"block-inner medium\">\n<p><\/p>\n<\/div><\/div>","protected":false},"excerpt":{"rendered":"","protected":false},"author":32,"featured_media":13186,"parent":544,"menu_order":0,"comment_status":"closed","ping_status":"closed","template":"","meta":{"_acf_changed":false,"_searchwp_excluded":"","footnotes":""},"class_list":["post-13180","page","type-page","status-publish","has-post-thumbnail","hentry"],"acf":[],"_links":{"self":[{"href":"https:\/\/www.brightsign.biz\/fr\/wp-json\/wp\/v2\/pages\/13180","targetHints":{"allow":["GET"]}}],"collection":[{"href":"https:\/\/www.brightsign.biz\/fr\/wp-json\/wp\/v2\/pages"}],"about":[{"href":"https:\/\/www.brightsign.biz\/fr\/wp-json\/wp\/v2\/types\/page"}],"author":[{"embeddable":true,"href":"https:\/\/www.brightsign.biz\/fr\/wp-json\/wp\/v2\/users\/32"}],"replies":[{"embeddable":true,"href":"https:\/\/www.brightsign.biz\/fr\/wp-json\/wp\/v2\/comments?post=13180"}],"version-history":[{"count":1,"href":"https:\/\/www.brightsign.biz\/fr\/wp-json\/wp\/v2\/pages\/13180\/revisions"}],"predecessor-version":[{"id":13465,"href":"https:\/\/www.brightsign.biz\/fr\/wp-json\/wp\/v2\/pages\/13180\/revisions\/13465"}],"up":[{"embeddable":true,"href":"https:\/\/www.brightsign.biz\/fr\/wp-json\/wp\/v2\/pages\/544"}],"wp:featuredmedia":[{"embeddable":true,"href":"https:\/\/www.brightsign.biz\/fr\/wp-json\/wp\/v2\/media\/13186"}],"wp:attachment":[{"href":"https:\/\/www.brightsign.biz\/fr\/wp-json\/wp\/v2\/media?parent=13180"}],"curies":[{"name":"wp","href":"https:\/\/api.w.org\/{rel}","templated":true}]}}