{"id":2275,"date":"2023-04-25T17:39:04","date_gmt":"2023-04-25T17:39:04","guid":{"rendered":"https:\/\/brightsign2425.wpenginepowered.com\/?page_id=2275"},"modified":"2025-05-14T16:49:05","modified_gmt":"2025-05-14T20:49:05","slug":"merci","status":"publish","type":"page","link":"https:\/\/www.brightsign.biz\/fr\/contact-us\/thank-you\/","title":{"rendered":"Merci - Contact"},"content":{"rendered":"<section\n  id=\"hero-block_068a2535328c51b61d48e5cdce18e1d2\"\n  class=\"hero custom-block\"\n  data-form-url=\"\"\n>\n  <!-- Backgrounds: cover full section, center position (extended via SCSS) -->\n        <div id=\"hero-desktop-background\" style=\"background-image: url('https:\/\/www.brightsign.biz\/wp-content\/uploads\/2025\/03\/web-hero-ise-2025-brian-customer-v01.png'); background-size: cover; background-position: center center; background-repeat: no-repeat;\"><\/div>\n        <div id=\"hero-mobile-background\" style=\"background-image: url('https:\/\/www.brightsign.biz\/wp-content\/uploads\/2025\/03\/web-hero-ise-2025-brian-customer-v01.png'); background-size: cover; background-position: center center; background-repeat: no-repeat;\"><\/div>\n  \n  <div class=\"hero-gradient\" aria-hidden=\"true\"><\/div>\n  <div class=\"block-inner medium\">\n    <div class=\"block-inner-content grid-x grid-margin-y\">\n\n      <!-- MOBILE-only layout -->\n      <div class=\"cell small-12 show-for-small-only\">\n        \n        \n        \n        \n        <div class=\"mobile-content form-content\"><h1>Merci de votre attention<\/h1>\n<p>Nous vous remercions de l'int\u00e9r\u00eat que vous portez \u00e0 BrightSign.<\/p>\n<p>Nous avons bien re\u00e7u votre demande et un membre de notre \u00e9quipe commerciale prendra contact avec vous dans les plus brefs d\u00e9lais pour discuter de vos besoins.<\/p>\n<\/div><div class=\"basic-button blue\"><a href=\"https:\/\/www.brightsign.biz\/fr\/\" target=\"\">RETOUR \u00c0 LA MAISON <i class=\"fa-solid fa-chevron-right\"><\/i><\/a><\/div><ul class=\"list-links\"><li class=\"basic-cta\"><a href=\"https:\/\/support.brightsign.biz\/hc\/en-us\/requests\/new\" target=\"_blank\"><span class=\"\">Soumettre une demande d'assistance<\/span><i class=\"fa-solid fa-chevron-right\"><\/i><\/a><\/li><\/ul>      <\/div>\n      <!-- end MOBILE-only -->\n\n      <!-- DESKTOP text cell -->\n      <div class=\"cell small-12 medium-12 large-6 hide-for-small-only\">\n        \n        <h1>Merci de votre attention<\/h1>\n<p>Nous vous remercions de l'int\u00e9r\u00eat que vous portez \u00e0 BrightSign.<\/p>\n<p>Nous avons bien re\u00e7u votre demande et un membre de notre \u00e9quipe commerciale prendra contact avec vous dans les plus brefs d\u00e9lais pour discuter de vos besoins.<\/p>\n<div class=\"basic-button blue\"><a href=\"https:\/\/www.brightsign.biz\/fr\/\" target=\"\">RETOUR \u00c0 LA MAISON <i class=\"fa-solid fa-chevron-right\"><\/i><\/a><\/div><ul class=\"list-links\"><li class=\"basic-cta\"><a href=\"https:\/\/support.brightsign.biz\/hc\/en-us\/requests\/new\" target=\"_blank\"><span class=\"\">Soumettre une demande d'assistance<\/span><i class=\"fa-solid fa-chevron-right\"><\/i><\/a><\/li><\/ul>      <\/div>\n      <!-- end DESKTOP text cell -->\n\n      <!-- DESKTOP form\/video cell -->\n      <div class=\"cell small-12 medium-12 large-6 center-play hide-for-small-only\">\n        \n              <\/div>\n      <!-- end DESKTOP form\/video cell -->\n\n    <\/div><!-- .block-inner-content -->\n  <\/div><!-- .block-inner -->\n<\/section><!-- hero -->\n\n\n\n<div class=\"wp-native-block block-outer\"><div class=\"block-inner medium\">\n<p><\/p>\n<\/div><\/div>","protected":false},"excerpt":{"rendered":"","protected":false},"author":2,"featured_media":0,"parent":852,"menu_order":0,"comment_status":"closed","ping_status":"closed","template":"","meta":{"_acf_changed":true,"_searchwp_excluded":"1","footnotes":""},"class_list":["post-2275","page","type-page","status-publish","hentry"],"acf":[],"_links":{"self":[{"href":"https:\/\/www.brightsign.biz\/fr\/wp-json\/wp\/v2\/pages\/2275","targetHints":{"allow":["GET"]}}],"collection":[{"href":"https:\/\/www.brightsign.biz\/fr\/wp-json\/wp\/v2\/pages"}],"about":[{"href":"https:\/\/www.brightsign.biz\/fr\/wp-json\/wp\/v2\/types\/page"}],"author":[{"embeddable":true,"href":"https:\/\/www.brightsign.biz\/fr\/wp-json\/wp\/v2\/users\/2"}],"replies":[{"embeddable":true,"href":"https:\/\/www.brightsign.biz\/fr\/wp-json\/wp\/v2\/comments?post=2275"}],"version-history":[{"count":0,"href":"https:\/\/www.brightsign.biz\/fr\/wp-json\/wp\/v2\/pages\/2275\/revisions"}],"up":[{"embeddable":true,"href":"https:\/\/www.brightsign.biz\/fr\/wp-json\/wp\/v2\/pages\/852"}],"wp:attachment":[{"href":"https:\/\/www.brightsign.biz\/fr\/wp-json\/wp\/v2\/media?parent=2275"}],"curies":[{"name":"wp","href":"https:\/\/api.w.org\/{rel}","templated":true}]}}