{"id":4089,"date":"2023-04-28T15:20:11","date_gmt":"2023-04-28T19:20:11","guid":{"rendered":"https:\/\/brightsign2425.wpenginepowered.com\/?page_id=4089"},"modified":"2024-06-05T00:54:58","modified_gmt":"2024-06-05T04:54:58","slug":"merci","status":"publish","type":"page","link":"https:\/\/www.brightsign.biz\/fr\/partners\/become-a-reseller\/thank-you\/","title":{"rendered":"Merci de votre attention"},"content":{"rendered":"<section\n  id=\"hero-block_8fb402215b9ed8bd0d4bc48bcd20a30d\"\n  class=\"hero custom-block\"\n  data-form-url=\"\"\n>\n  <!-- Backgrounds: cover full section, center position (extended via SCSS) -->\n        <div id=\"hero-desktop-background\" style=\"background-image: url('https:\/\/www.brightsign.biz\/wp-content\/uploads\/2023\/04\/Partners_Hero-1920x900.jpg'); background-size: cover; background-position: center center; background-repeat: no-repeat;\"><\/div>\n        <div id=\"hero-mobile-background\" style=\"background-image: url('https:\/\/www.brightsign.biz\/wp-content\/uploads\/2023\/04\/Partners_Hero-1920x900.jpg'); background-size: cover; background-position: center center; background-repeat: no-repeat;\"><\/div>\n  \n  <div class=\"hero-gradient\" aria-hidden=\"true\"><\/div>\n  <div class=\"block-inner medium\">\n    <div class=\"block-inner-content grid-x grid-margin-y\">\n\n      <!-- MOBILE-only layout -->\n      <div class=\"cell small-12 show-for-small-only\">\n        \n        \n        \n        \n        <div class=\"mobile-content form-content\"><h1 class=\"column-title\"><strong>Merci de votre attention<\/strong><\/h1>\n<p>Nous vous remercions de l'int\u00e9r\u00eat que vous portez au partenariat BrightSign.<\/p>\n<p>Nous avons bien re\u00e7u votre demande et un membre de notre \u00e9quipe de partenaires vous contactera pour l'examiner dans un d\u00e9lai de trois jours ouvrables.<\/p>\n<p>Si vous avez un besoin imm\u00e9diat, veuillez\u00a0<a href=\"https:\/\/www.brightsign.biz\/fr\/contactez-nous\/\">Contactez-nous<\/a><\/p>\n<\/div><div class=\"basic-button blue\"><a href=\"https:\/\/www.brightsign.biz\/fr\/partenaires\/devenir-revendeur\/\" target=\"\">ACCUEIL <i class=\"fa-solid fa-chevron-right\"><\/i><\/a><\/div>      <\/div>\n      <!-- end MOBILE-only -->\n\n      <!-- DESKTOP text cell -->\n      <div class=\"cell small-12 medium-12 large-6 hide-for-small-only\">\n        \n        <h1 class=\"column-title\"><strong>Merci de votre attention<\/strong><\/h1>\n<p>Nous vous remercions de l'int\u00e9r\u00eat que vous portez au partenariat BrightSign.<\/p>\n<p>Nous avons bien re\u00e7u votre demande et un membre de notre \u00e9quipe de partenaires vous contactera pour l'examiner dans un d\u00e9lai de trois jours ouvrables.<\/p>\n<p>Si vous avez un besoin imm\u00e9diat, veuillez\u00a0<a href=\"https:\/\/www.brightsign.biz\/fr\/contactez-nous\/\">Contactez-nous<\/a><\/p>\n<div class=\"basic-button blue\"><a href=\"https:\/\/www.brightsign.biz\/fr\/partenaires\/devenir-revendeur\/\" target=\"\">ACCUEIL <i class=\"fa-solid fa-chevron-right\"><\/i><\/a><\/div>      <\/div>\n      <!-- end DESKTOP text cell -->\n\n      <!-- DESKTOP form\/video cell -->\n      <div class=\"cell small-12 medium-12 large-6 center-play hide-for-small-only\">\n        \n              <\/div>\n      <!-- end DESKTOP form\/video cell -->\n\n    <\/div><!-- .block-inner-content -->\n  <\/div><!-- .block-inner -->\n<\/section><!-- hero -->","protected":false},"excerpt":{"rendered":"","protected":false},"author":2,"featured_media":0,"parent":740,"menu_order":0,"comment_status":"closed","ping_status":"closed","template":"","meta":{"_acf_changed":false,"_searchwp_excluded":"","footnotes":""},"class_list":["post-4089","page","type-page","status-publish","hentry"],"acf":[],"_links":{"self":[{"href":"https:\/\/www.brightsign.biz\/fr\/wp-json\/wp\/v2\/pages\/4089","targetHints":{"allow":["GET"]}}],"collection":[{"href":"https:\/\/www.brightsign.biz\/fr\/wp-json\/wp\/v2\/pages"}],"about":[{"href":"https:\/\/www.brightsign.biz\/fr\/wp-json\/wp\/v2\/types\/page"}],"author":[{"embeddable":true,"href":"https:\/\/www.brightsign.biz\/fr\/wp-json\/wp\/v2\/users\/2"}],"replies":[{"embeddable":true,"href":"https:\/\/www.brightsign.biz\/fr\/wp-json\/wp\/v2\/comments?post=4089"}],"version-history":[{"count":0,"href":"https:\/\/www.brightsign.biz\/fr\/wp-json\/wp\/v2\/pages\/4089\/revisions"}],"up":[{"embeddable":true,"href":"https:\/\/www.brightsign.biz\/fr\/wp-json\/wp\/v2\/pages\/740"}],"wp:attachment":[{"href":"https:\/\/www.brightsign.biz\/fr\/wp-json\/wp\/v2\/media?parent=4089"}],"curies":[{"name":"wp","href":"https:\/\/api.w.org\/{rel}","templated":true}]}}