{"id":4286,"date":"2023-05-01T07:39:37","date_gmt":"2023-05-01T11:39:37","guid":{"rendered":"https:\/\/brightsign2425.wpenginepowered.com\/?page_id=4286"},"modified":"2026-04-27T10:40:23","modified_gmt":"2026-04-27T14:40:23","slug":"demonstrations-xd","status":"publish","type":"page","link":"https:\/\/www.brightsign.biz\/fr\/resources\/demos\/xd-demos\/","title":{"rendered":"D\u00e9monstrations XD"},"content":{"rendered":"<section\n  id=\"hero-block_9203bb7a13993b1c1474966ddc80f8d9\"\n  class=\"hero custom-block\"\n  data-form-url=\"\"\n>\n  <!-- Backgrounds: cover full section, center position (extended via SCSS) -->\n        <div id=\"hero-desktop-background\" style=\"background-image: url('https:\/\/www.brightsign.biz\/wp-content\/uploads\/2024\/09\/BG.png'); background-size: cover; background-position: center center; background-repeat: no-repeat;\"><\/div>\n        <div id=\"hero-mobile-background\" style=\"background-image: url('https:\/\/www.brightsign.biz\/wp-content\/uploads\/2024\/09\/BG.png'); background-size: cover; background-position: center center; background-repeat: no-repeat;\"><\/div>\n  \n  <div class=\"hero-gradient\" aria-hidden=\"true\"><\/div>\n  <div class=\"block-inner medium\">\n    <div class=\"block-inner-content grid-x grid-margin-y\">\n\n      <!-- MOBILE-only layout -->\n      <div class=\"cell small-12 show-for-small-only\">\n        \n        \n        \n        \n        <div class=\"mobile-content form-content\"><h1>D\u00e9monstrations XD<\/h1>\n<p>T\u00e9l\u00e9chargez les d\u00e9mos XD et laissez-vous guider.<\/p>\n<\/div>      <\/div>\n      <!-- end MOBILE-only -->\n\n      <!-- DESKTOP text cell -->\n      <div class=\"cell small-12 medium-12 large-6 hide-for-small-only\">\n        \n        <h1>D\u00e9monstrations XD<\/h1>\n<p>T\u00e9l\u00e9chargez les d\u00e9mos XD et laissez-vous guider.<\/p>\n      <\/div>\n      <!-- end DESKTOP text cell -->\n\n      <!-- DESKTOP form\/video cell -->\n      <div class=\"cell small-12 medium-12 large-6 center-play hide-for-small-only\">\n        \n              <\/div>\n      <!-- end DESKTOP form\/video cell -->\n\n    <\/div><!-- .block-inner-content -->\n  <\/div><!-- .block-inner -->\n<\/section><!-- hero -->\n\n\n\n    <section id=\"full-width-text-block_a5231e08b393e7ac9d4dbfaec4b11885\" class=\"full-width-text custom-block dark small-top small-bottom default-htags default-lists\">\n\n        <div class=\"block-inner medium\">\n\n        <h2 class=\"column-title\" style=\"text-align: center\">D\u00e9mos BrightSign XD<\/h2>\n<div class=\"text-content\" style=\"text-align: center\">T\u00e9l\u00e9chargez les pr\u00e9sentations v\u00e9rifiez que pour d\u00e9couvrir les capacit\u00e9s de BrightSign XD.<\/div>\n\n        \n        <\/div><!-- block-inner -->  \n\n        \n    <\/section><!-- full-width-text -->  \n\n\n\n\n\n<section id=\"media-text-block_2e7e23ffe5654f3dc90ef9bd0963029a\" class=\"media-text custom-block dark none-top small-bottom\" >\n    <div class=\"dot-in\"><\/div><!-- dot-in -->\n    <div class=\"block-inner medium grid-x right\">\n    \n        <div class=\"cell small-12 medium-12 large-6 mediatext-content default-checks\">\n            <div aria-hidden=\"true\" class=\"blue-dot\"><\/div>\n                            <h4>Instructions<\/h4>\n                                                    <ul>\n<li>T\u00e9l\u00e9chargez le fichier de pr\u00e9sentation publi\u00e9 (v\u00e9rifiez que la pr\u00e9sentation est compatible avec votre mod\u00e8le BrightSign).<\/li>\n<li>D\u00e9compressez le fichier et copiez le contenu sur une carte MicroSD.<\/li>\n<li>Ins\u00e9rez la carte MicroSD dans votre unit\u00e9 BrightSign et mettez-la sous tension.<\/li>\n<li>Pour apporter des modifications \u00e0 la pr\u00e9sentation, t\u00e9l\u00e9chargez le fichier source et utilisez brightAuthor pour ouvrir le fichier de projet *.bpf inclus dans la d\u00e9mo.<\/li>\n<\/ul>\n                        \n                        \n                    <\/div><!-- mediatext-content -->\n        \n        <div class=\"cell small-12 medium-12 large-6 form-wrapper\">\n                            <!-- Normal form on all devices -->\n                                                    <div class=\"mediatext-image no-blue\">\n                        <img decoding=\"async\" src=\"https:\/\/www.brightsign.biz\/wp-content\/uploads\/2023\/04\/XD5_ContentLarge-e1682028886465-750x440.png\" alt=\"\" \/>\n                                            <\/div><!-- mediatext-image -->\n                                                            \n                    <\/div><!-- form-wrapper -->\n        \n    <\/div><!-- block-inner -->\n<\/section><!-- media-text -->\n\n\n\n\n\n\n\n<section id=\"media-grid-block_af0f8df2035c9071c1098ebcaabc94b8\" class=\"media-grid custom-block dark none-top none-bottom\">\n\n<div class=\"block-inner medium\">\n\n<div class=\"full-width-text default-htags\">\n\n\n<\/div>\n\n\n<div class=\"grid-x\">\n\n\n<div class=\"mg-cell cell small-12 medium-6\">\n\n    <div class=\"mg-cell-inner item-parent\">\n\n    <div class=\"mg-item-content keep-overlay default-htags default-lists\">\n\n        \n            <div class=\"mg-item-image\">\n\n                <img decoding=\"async\" src=\"https:\/\/www.brightsign.biz\/wp-content\/uploads\/2026\/04\/xd-timescape-landscape-thumbnail-900x495.png\" alt=\"Image de paysage oc\u00e9anique\" \/>\n           \n\n                            <\/div>\n        \n        \n\n            <div class=\"mg-content-top\">\n\n                \n                                    <div id=\"syn-card-column-0\" class=\"column column-card inline no-border lazy_anim slide_right in_view\">\n<div class=\"text-content\">\n<h4>Pr\u00e9sentation du paysage en 4K<\/h4>\n<p>Cette pr\u00e9sentation comprend une lecture vid\u00e9o 4K en boucle de diverses sc\u00e8nes oc\u00e9aniques.<\/p>\n<p><strong>Exigences minimales :<\/strong><\/p>\n<ul>\n<li>BrightSign Mod\u00e8le XD233, XD1033, XT243 ou XT1143 avec firmware version 6.2.38 ou sup\u00e9rieure<\/li>\n<li>Carte m\u00e9moire MicroSD Classe 10 contenant la pr\u00e9sentation publi\u00e9e<\/li>\n<li>\u00c9cran 4K60p ou 4K30p<\/li>\n<\/ul>\n<p><strong>T\u00e9l\u00e9charger la pr\u00e9sentation publi\u00e9e et les fichiers sources<\/strong><\/p>\n<\/div>\n<div class=\"ctas\"><a class=\"btn cta\" href=\"https:\/\/www.brightsignnetwork.com\/download\/WebDemos\/Series3\/XD3\/4K60pLoop-timescapes-publish.zip\" target=\"_blank\" rel=\"_blank noopener\">4K60p Publi\u00e9<\/a><\/div>\n<div class=\"ctas\"><a class=\"btn cta\" href=\"https:\/\/www.brightsignnetwork.com\/download\/WebDemos\/Series3\/XD3\/4K30pLoop-timescapes-publish.zip\" target=\"_blank\" rel=\"_blank noopener\">4K30p Publi\u00e9<\/a><\/div>\n<div class=\"ctas\"><a class=\"btn cta\" href=\"https:\/\/www.brightsignnetwork.com\/download\/WebDemos\/Series3\/XD3\/4KLoop-timescapes-project.zip\" target=\"_blank\" rel=\"_blank noopener\">4K60p Source<\/a><\/div>\n<\/div>\n<div id=\"syn-card-column-1\" class=\"column column-card inline no-border lazy_anim slide_left in_view\"><\/div>\n                                \n\n            <\/div><!-- mg-content-top -->\n\n            <\/div><!-- mg-item-content -->\n\n            <ul class=\"mg-cta-list small-buttons\">\n\n                                \n                \n            <\/ul>\n\n    \n    <\/div><!-- mg-cell-inner -->\n\n<\/div><!-- mg-cell -->\n\n\n<div class=\"mg-cell cell small-12 medium-6\">\n\n    <div class=\"mg-cell-inner item-parent\">\n\n    <div class=\"mg-item-content keep-overlay default-htags default-lists\">\n\n        \n            <div class=\"mg-item-image\">\n\n                <img decoding=\"async\" src=\"https:\/\/www.brightsign.biz\/wp-content\/uploads\/2023\/04\/2556ca8012a1abd2ea527a424fd9f039-e1683571628228.jpg\" alt=\"\" \/>\n           \n\n                            <\/div>\n        \n        \n\n            <div class=\"mg-content-top\">\n\n                \n                                    <div class=\"is-color-white in_view\">\n<div id=\"syn-flex-wrapper-1\" class=\"wrapper flex col-50 padding-top-component padding-bottom-gutter align-flex-start flex-row color-white center-center contains-inner mobile-center-center\">\n<div class=\"flex-inner\">\n<div id=\"syn-card-column-1\" class=\"column column-card inline no-border lazy_anim slide_left in_view\">\n<h4 class=\"column-title\">Pr\u00e9sentation de portraits en 4K<\/h4>\n<div class=\"text-content\">\n<p>Cette pr\u00e9sentation offre une qualit\u00e9 vid\u00e9o 4K exceptionnelle en mode portrait.<\/p>\n<p><strong>Exigences minimales :<\/strong><\/p>\n<ul>\n<li>BrightSign Mod\u00e8le XD233, XD1033, XT243, XT1143 avec firmware v6.2.38 ou sup\u00e9rieur<\/li>\n<li>Carte m\u00e9moire MicroSD Classe 10 contenant la pr\u00e9sentation publi\u00e9e<\/li>\n<li>\u00c9cran 4K60p ou 4K30p<\/li>\n<\/ul>\n<p><strong>T\u00e9l\u00e9charger la pr\u00e9sentation publi\u00e9e et les fichiers sources<\/strong><\/p>\n<\/div>\n<div class=\"ctas\"><a class=\"btn cta\" href=\"http:\/\/www.brightsignnetwork.com\/download\/WebDemos\/Series3\/XD3\/4K30p-PortraitLadies-publish.zip\" target=\"_blank\" rel=\"_blank noopener\">Portrait 4K30p<\/a><\/div>\n<div class=\"ctas\"><a class=\"btn cta\" href=\"https:\/\/www.brightsignnetwork.com\/download\/WebDemos\/Series3\/XD3\/4K60p-PortraitLadies-publish.zip\" target=\"_blank\" rel=\"_blank noopener\">Portrait 4K60p<\/a><\/div>\n<div class=\"ctas\"><a class=\"btn cta\" href=\"https:\/\/www.brightsignnetwork.com\/download\/WebDemos\/Series3\/XD3\/4K-PortraitLadies-Project.zip\" target=\"_blank\" rel=\"_blank noopener\">4K60p Source<\/a><\/div>\n<\/div>\n<\/div>\n<\/div>\n<\/div>\n<div class=\"is-color-white in_view\">\n<div id=\"syn-flex-wrapper-2\" class=\"wrapper flex col-50 padding-top-component padding-bottom-gutter align-flex-start flex-row color-white center-center contains-inner mobile-center-center\">\n<div class=\"flex-inner\">\n<div id=\"syn-card-column-2\" class=\"column column-card inline no-border lazy_anim slide_right in_view\"><\/div>\n<\/div>\n<\/div>\n<\/div>\n                                \n\n            <\/div><!-- mg-content-top -->\n\n            <\/div><!-- mg-item-content -->\n\n            <ul class=\"mg-cta-list small-buttons\">\n\n                                \n                \n            <\/ul>\n\n    \n    <\/div><!-- mg-cell-inner -->\n\n<\/div><!-- mg-cell -->\n\n\n<div class=\"mg-cell cell small-12 medium-6\">\n\n    <div class=\"mg-cell-inner item-parent\">\n\n    <div class=\"mg-item-content keep-overlay default-htags default-lists\">\n\n        \n            <div class=\"mg-item-image\">\n\n                <img decoding=\"async\" src=\"https:\/\/www.brightsign.biz\/wp-content\/uploads\/2023\/05\/42317eea4d047f1e4c02ae5fb12b2d83-1-e1683590188372.jpg\" alt=\"\" \/>\n           \n\n                            <\/div>\n        \n        \n\n            <div class=\"mg-content-top\">\n\n                \n                                    <div id=\"syn-card-column-2\" class=\"column column-card inline no-border lazy_anim slide_right in_view\">\n<h4 class=\"column-title\">Pr\u00e9sentation tactile\/m\u00e9dias sociaux pour concessionnaire automobile<\/h4>\n<div class=\"text-content\">Cette pr\u00e9sentation est un exemple de kiosque num\u00e9rique de concessionnaire automobile permettant de s\u00e9lectionner des vid\u00e9os de mod\u00e8les de voitures \u00e0 lire. Elle comprend \u00e9galement une zone HTML5 de messages anim\u00e9s sur les m\u00e9dias sociaux pour la marque automobile.&nbsp;<\/p>\n<p><strong>D\u00e9tails :<\/strong><\/p>\n<ul>\n<li>Fonctionnement : touchez les boutons au bas de la page pour lire la vid\u00e9o correspondant \u00e0 chaque option<\/li>\n<li>Caract\u00e9ristiques principales : multizone, vid\u00e9o 1080p60, \u00e9cran tactile interactif, flux de texte des m\u00e9dias sociaux HTML Postano<\/li>\n<\/ul>\n<p><strong>Exigences minimales :<\/strong><\/p>\n<ul>\n<li>BrightSign XD1032 ou XD1132 avec firmware ver 6.0.25<\/li>\n<li>\u00c9cran tactile 1080p60<\/li>\n<li>Connexion Internet pour le flux de m\u00e9dias sociaux de Postano<\/li>\n<\/ul>\n<p><strong>T\u00e9l\u00e9charger la pr\u00e9sentation publi\u00e9e et les fichiers sources<\/strong><\/p>\n<\/div>\n<div class=\"ctas\"><a class=\"btn cta\" href=\"https:\/\/www.brightsignnetwork.com\/download\/2016-EventDemos\/4KHDR-Multi-App-PUBLISH.zip\" target=\"_blank\" rel=\"_blank noopener\">Pr\u00e9sentation publi\u00e9e - D\u00e9mo multi 4K<\/a><\/div>\n<div class=\"ctas\"><a class=\"btn cta\" href=\"https:\/\/www.brightsignnetwork.com\/download\/2016-EventDemos\/4K-HDR-multi-demo-2016-export.zip\" target=\"_blank\" rel=\"_blank noopener\">Fichiers sources - D\u00e9mo multi 4K<\/a><\/div>\n<div class=\"ctas\"><a class=\"btn cta\" href=\"https:\/\/www.brightsignnetwork.com\/download\/WebDemos\/4K\/4KMulti-setupfiles.zip\" target=\"_blank\" rel=\"_blank noopener\">Fichiers de configuration r\u00e9seau - D\u00e9mo multi 4K<\/a><\/div>\n<\/div>\n<div id=\"syn-card-column-3\" class=\"column column-card inline no-border lazy_anim slide_left in_view\"><\/div>\n                                \n\n            <\/div><!-- mg-content-top -->\n\n            <\/div><!-- mg-item-content -->\n\n            <ul class=\"mg-cta-list small-buttons\">\n\n                                \n                \n            <\/ul>\n\n    \n    <\/div><!-- mg-cell-inner -->\n\n<\/div><!-- mg-cell -->\n\n\n<div class=\"mg-cell cell small-12 medium-6\">\n\n    <div class=\"mg-cell-inner item-parent\">\n\n    <div class=\"mg-item-content keep-overlay default-htags default-lists\">\n\n        \n            <div class=\"mg-item-image\">\n\n                <img decoding=\"async\" src=\"https:\/\/www.brightsign.biz\/wp-content\/uploads\/2023\/05\/e3813ced6be94cdf8735015b00a4d432.png\" alt=\"\" \/>\n           \n\n                            <\/div>\n        \n        \n\n            <div class=\"mg-content-top\">\n\n                \n                                    <h4>Menu Sushi HTML5<\/h4>\n<section class=\"section\">\n<div class=\"wrap\">\n<div class=\"wpb-content-wrapper\">\n<div class=\"vc_row wpb_row vc_row-fluid\">\n<div class=\"wpb_column vc_column_container vc_col-sm-12\">\n<div class=\"vc_column-inner\">\n<div class=\"wpb_wrapper\">\n<div class=\"is-color-white in_view\">\n<div id=\"syn-flex-wrapper-2\" class=\"wrapper flex col-50 padding-top-component padding-bottom-gutter align-flex-start flex-row color-white center-center contains-inner mobile-center-center\">\n<div class=\"flex-inner\">\n<div id=\"syn-card-column-3\" class=\"column column-card inline no-border lazy_anim slide_left in_view\">\n<div class=\"text-content\">\n<p>Cette pr\u00e9sentation montre un tableau de menu intelligent BrightSign XD cr\u00e9\u00e9 \u00e0 l'aide d'un hybride de vid\u00e9o BrightSign, de TVHD en direct et de contenu d'image superpos\u00e9 \u00e0 du contenu HTML5. La zone HTML5 contient l'image et le logo de la carte de menu, ainsi que les animations des \u00e9l\u00e9ments du menu. Le HTML extrait les \u00e9l\u00e9ments du menu et les prix d'un fichier de donn\u00e9es JSON.<\/p>\n<p><strong>Exigences minimales :<\/strong><\/p>\n<p>En r\u00e9seau BrightSign XD1230 ou sup\u00e9rieur<\/p>\n<ul>\n<li>Carte m\u00e9moire SDHC classe 10 contenant la pr\u00e9sentation publi\u00e9e<\/li>\n<li>Source d'entr\u00e9e HDMI (telle qu'une autre unit\u00e9 BrightSign)<\/li>\n<li>\u00c9cran 1080p60<\/li>\n<li>2 c\u00e2bles HDMI<\/li>\n<\/ul>\n<p>Firmware\/brightAuthor :<\/p>\n<ul>\n<li>XD1132 firmware version 5.1.24 ou sup\u00e9rieure et brightAuthor v4.1.0.8 ou sup\u00e9rieure<\/li>\n<\/ul>\n<p><strong>T\u00e9l\u00e9charger la pr\u00e9sentation publi\u00e9e et les fichiers sources<\/strong><\/p>\n<\/div>\n<div class=\"ctas\"><a class=\"btn cta\" href=\"https:\/\/www.brightsignnetwork.com\/download\/WebDemos\/XD\/Sushi_XD2_published.zip\" target=\"_blank\" rel=\"_blank noopener\">Sushi XD HTML5<\/a><\/div>\n<div class=\"ctas\"><a class=\"btn cta\" href=\"https:\/\/brightsignbiz.s3.amazonaws.com\/demos_xd\/sushi_project.zip\" target=\"_blank\" rel=\"_blank noopener\">Fichiers sources - Sushi HTML5<\/a><\/div>\n<\/div>\n<\/div>\n<\/div>\n<\/div>\n<\/div>\n<\/div>\n<\/div>\n<\/div>\n<\/div>\n<\/div>\n<\/section>\n<p>&nbsp;<\/p>\n                                \n\n            <\/div><!-- mg-content-top -->\n\n            <\/div><!-- mg-item-content -->\n\n            <ul class=\"mg-cta-list small-buttons\">\n\n                                \n                \n            <\/ul>\n\n    \n    <\/div><!-- mg-cell-inner -->\n\n<\/div><!-- mg-cell -->\n\n\n<\/div><!-- grid-x -->\n\n\n<\/div><!-- block-inner -->  \n\n<\/section><!-- ### -->\n\n\n\n\n\n<section id=\"ticker-block_255169a0f818bd92931a473128dce4aa\" class=\"ticker custom-block white-bg\">\n\n    \n    <div class=\"block-inner\">\n        <div class=\"swiper ticker-swiper\">\n            <div class=\"swiper-wrapper\">\n\n                \n            <\/div><!-- swiper-wrapper -->\n        <\/div><!-- swiper -->\n    <\/div><!-- block-inner -->\n<\/section><!-- ticker -->","protected":false},"excerpt":{"rendered":"","protected":false},"author":2,"featured_media":0,"parent":787,"menu_order":20,"comment_status":"closed","ping_status":"closed","template":"","meta":{"_acf_changed":false,"_searchwp_excluded":"","footnotes":""},"class_list":["post-4286","page","type-page","status-publish","hentry"],"acf":[],"_links":{"self":[{"href":"https:\/\/www.brightsign.biz\/fr\/wp-json\/wp\/v2\/pages\/4286","targetHints":{"allow":["GET"]}}],"collection":[{"href":"https:\/\/www.brightsign.biz\/fr\/wp-json\/wp\/v2\/pages"}],"about":[{"href":"https:\/\/www.brightsign.biz\/fr\/wp-json\/wp\/v2\/types\/page"}],"author":[{"embeddable":true,"href":"https:\/\/www.brightsign.biz\/fr\/wp-json\/wp\/v2\/users\/2"}],"replies":[{"embeddable":true,"href":"https:\/\/www.brightsign.biz\/fr\/wp-json\/wp\/v2\/comments?post=4286"}],"version-history":[{"count":1,"href":"https:\/\/www.brightsign.biz\/fr\/wp-json\/wp\/v2\/pages\/4286\/revisions"}],"predecessor-version":[{"id":13541,"href":"https:\/\/www.brightsign.biz\/fr\/wp-json\/wp\/v2\/pages\/4286\/revisions\/13541"}],"up":[{"embeddable":true,"href":"https:\/\/www.brightsign.biz\/fr\/wp-json\/wp\/v2\/pages\/787"}],"wp:attachment":[{"href":"https:\/\/www.brightsign.biz\/fr\/wp-json\/wp\/v2\/media?parent=4286"}],"curies":[{"name":"wp","href":"https:\/\/api.w.org\/{rel}","templated":true}]}}