{"id":4288,"date":"2023-05-01T07:40:03","date_gmt":"2023-05-01T11:40:03","guid":{"rendered":"https:\/\/brightsign2425.wpenginepowered.com\/?page_id=4288"},"modified":"2025-05-28T16:46:28","modified_gmt":"2025-05-28T20:46:28","slug":"demos-hd","status":"publish","type":"page","link":"https:\/\/www.brightsign.biz\/fr\/resources\/demos\/hd-demos\/","title":{"rendered":"D\u00e9mos HD"},"content":{"rendered":"<section\n  id=\"hero-block_c1e5c6f3cc874ca7c16f89c60f78af1b\"\n  class=\"hero custom-block\"\n  data-form-url=\"\"\n>\n  <!-- Backgrounds: cover full section, center position (extended via SCSS) -->\n        <div id=\"hero-desktop-background\" style=\"background-image: url('https:\/\/www.brightsign.biz\/wp-content\/uploads\/2024\/09\/BG.png'); background-size: cover; background-position: center center; background-repeat: no-repeat;\"><\/div>\n        <div id=\"hero-mobile-background\" style=\"background-image: url('https:\/\/www.brightsign.biz\/wp-content\/uploads\/2024\/09\/BG.png'); background-size: cover; background-position: center center; background-repeat: no-repeat;\"><\/div>\n  \n  <div class=\"hero-gradient\" aria-hidden=\"true\"><\/div>\n  <div class=\"block-inner medium\">\n    <div class=\"block-inner-content grid-x grid-margin-y\">\n\n      <!-- MOBILE-only layout -->\n      <div class=\"cell small-12 show-for-small-only\">\n        \n        \n        \n        \n        <div class=\"mobile-content form-content\"><h1>D\u00e9mos HD<\/h1>\n<p>T\u00e9l\u00e9chargez les d\u00e9mos HD et commencez \u00e0 travailler\" with \"laissez-vous guider.<\/p>\n<\/div>      <\/div>\n      <!-- end MOBILE-only -->\n\n      <!-- DESKTOP text cell -->\n      <div class=\"cell small-12 medium-12 large-6 hide-for-small-only\">\n        \n        <h1>D\u00e9mos HD<\/h1>\n<p>T\u00e9l\u00e9chargez les d\u00e9mos HD et commencez \u00e0 travailler\" with \"laissez-vous guider.<\/p>\n      <\/div>\n      <!-- end DESKTOP text cell -->\n\n      <!-- DESKTOP form\/video cell -->\n      <div class=\"cell small-12 medium-12 large-6 center-play hide-for-small-only\">\n        \n              <\/div>\n      <!-- end DESKTOP form\/video cell -->\n\n    <\/div><!-- .block-inner-content -->\n  <\/div><!-- .block-inner -->\n<\/section><!-- hero -->\n\n\n\n    <section id=\"full-width-text-block_deeaf65e8ef9c7f057b8bfd3d7cb60c1\" class=\"full-width-text custom-block dark small-top small-bottom default-htags default-lists\">\n\n        <div class=\"block-inner medium\">\n\n        <h2 class=\"column-title\" style=\"text-align: center\">D\u00e9mos BrightSign HD<\/h2>\n<div class=\"text-content\" style=\"text-align: center\">T\u00e9l\u00e9chargez les pr\u00e9sentations de d\u00e9monstration pour d\u00e9couvrir les capacit\u00e9s du BrightSign HD.<\/div>\n\n        \n        <\/div><!-- block-inner -->  \n\n        \n    <\/section><!-- full-width-text -->  \n\n\n\n\n\n<section id=\"media-text-block_92b6f5266d53edc048de3fe34b486333\" class=\"media-text custom-block dark none-top none-bottom\" >\n    <div class=\"dot-in\"><\/div><!-- dot-in -->\n    <div class=\"block-inner medium grid-x right\">\n    \n        <div class=\"cell small-12 medium-12 large-6 mediatext-content default-checks\">\n            <div aria-hidden=\"true\" class=\"blue-dot\"><\/div>\n                            <h4>Instructions<\/h4>\n                                                    <ul>\n<li>T\u00e9l\u00e9chargez le fichier de pr\u00e9sentation publi\u00e9 (v\u00e9rifiez que la pr\u00e9sentation est compatible avec votre mod\u00e8le BrightSign).<\/li>\n<li>D\u00e9compressez le fichier et copiez le contenu sur une carte MicroSD.<\/li>\n<li>Ins\u00e9rez la carte MicroSD dans votre unit\u00e9 BrightSign et mettez-la sous tension.<\/li>\n<li>Pour apporter des modifications \u00e0 la pr\u00e9sentation, t\u00e9l\u00e9chargez le fichier source et utilisez BrightAuthor pour ouvrir le fichier de projet *.bpf inclus dans la d\u00e9mo.<\/li>\n<\/ul>\n                        \n                        \n                    <\/div><!-- mediatext-content -->\n        \n        <div class=\"cell small-12 medium-12 large-6 form-wrapper\">\n                            <!-- Normal form on all devices -->\n                                                    <div class=\"mediatext-image default-bg\">\n                        <img decoding=\"async\" src=\"https:\/\/www.brightsign.biz\/wp-content\/uploads\/2023\/04\/HD5_ContentLarge-e1682028752454-750x440.png\" alt=\"BrightSign HD5 Digital Signage image du lecteur vue de face en plong\u00e9e\" \/>\n                                            <\/div><!-- mediatext-image -->\n                                                            \n                    <\/div><!-- form-wrapper -->\n        \n    <\/div><!-- block-inner -->\n<\/section><!-- media-text -->\n\n\n\n\n\n    <section id=\"full-width-text-block_837152a656017c103aeb14fcad3749af\" class=\"full-width-text custom-block dark small-top small-bottom default-htags default-lists\">\n\n        <div class=\"block-inner medium\">\n\n        <h2 class=\"column-title\" style=\"text-align: center\">D\u00e9monstrations et pr\u00e9sentations<\/h2>\n<div class=\"text-content\" style=\"text-align: center\">D\u00e9couvrez notre large liste de d\u00e9monstrations et de pr\u00e9sentations d'applications ci-dessous et t\u00e9l\u00e9chargez-les pour commencer.<\/div>\n\n        \n        <\/div><!-- block-inner -->  \n\n        \n    <\/section><!-- full-width-text -->  \n\n\n\n\n\n\n\n<section id=\"media-grid-block_7ee224e2bb9ee5edda622600e19a9cb4\" class=\"media-grid custom-block dark none-top none-bottom\">\n\n<div class=\"block-inner medium\">\n\n<div class=\"full-width-text default-htags\">\n\n\n<\/div>\n\n\n<div class=\"grid-x\">\n\n\n<div class=\"mg-cell cell small-12 medium-6\">\n\n    <div class=\"mg-cell-inner item-parent\">\n\n    <div class=\"mg-item-content keep-overlay default-htags default-lists\">\n\n        \n            <div class=\"mg-item-image\">\n\n                <img decoding=\"async\" src=\"https:\/\/www.brightsign.biz\/wp-content\/uploads\/2023\/05\/957d4d85435b6284ddf74571ea87803d-e1683590995620.png\" alt=\"\" \/>\n           \n\n                            <\/div>\n        \n        \n\n            <div class=\"mg-content-top\">\n\n                \n                                    <h4 class=\"column-title\">Alerte Covid-19<\/h4>\n<p>Il s'agit d'une pr\u00e9sentation destin\u00e9e \u00e0 tenir les clients inform\u00e9s et \u00e0 les alerter en cas d'urgence. Elle comprend une image de fond, un flux d'images en direct, une zone vid\u00e9o, une zone d'images pour le logo et un bandeau d'information en continu<\/p>\n<p><strong>Configuration requise :<\/strong><\/p>\n<ul>\n<li>Lecteur HD224 ou sup\u00e9rieur<\/li>\n<li>Connexion Internet pour les retransmissions en direct<\/li>\n<\/ul>\n<p><strong>T\u00e9l\u00e9charger la pr\u00e9sentation publi\u00e9e et les fichiers sources<\/strong><\/p>\n<p><a class=\"btn cta\" href=\"https:\/\/www.brightsignnetwork.com\/download\/WebDemos\/Series4\/COVID-19_Demo_SOURCE.zip\" target=\"_blank\" rel=\"_blank noopener\">Fichiers publi\u00e9s<\/a><br \/>\n<a class=\"btn cta\" href=\"https:\/\/www.brightsignnetwork.com\/download\/WebDemos\/Series4\/COVID-19_Demo_SOURCE.zip\" target=\"_blank\" rel=\"_blank noopener\">Fichiers sources<\/a><\/p>\n                                \n\n            <\/div><!-- mg-content-top -->\n\n            <\/div><!-- mg-item-content -->\n\n            <ul class=\"mg-cta-list small-buttons\">\n\n                                \n                \n            <\/ul>\n\n    \n    <\/div><!-- mg-cell-inner -->\n\n<\/div><!-- mg-cell -->\n\n\n<div class=\"mg-cell cell small-12 medium-6\">\n\n    <div class=\"mg-cell-inner item-parent\">\n\n    <div class=\"mg-item-content keep-overlay default-htags default-lists\">\n\n        \n            <div class=\"mg-item-image\">\n\n                <img decoding=\"async\" src=\"https:\/\/www.brightsign.biz\/wp-content\/uploads\/2023\/05\/8cb92923897626610788ee0d99f3f7e5-e1683591210270.png\" alt=\"\" \/>\n           \n\n                            <\/div>\n        \n        \n\n            <div class=\"mg-content-top\">\n\n                \n                                    <h4 class=\"column-title\">Pr\u00e9sentation d'un zoo en 4K<\/h4>\n<p>Il s'agit d'une pr\u00e9sentation pour un zoo qui comprend une zone vid\u00e9o 4K en arri\u00e8re-plan, une zone HTML5 anim\u00e9e et une zone d'images dot\u00e9e d'une fonction de lecture de la vid\u00e9o en arri\u00e8re-plan via un \u00e9cran tactile.<\/p>\n<p><strong>Configuration requise :<\/strong><\/p>\n<ul>\n<li>HD1034 avec firmware v7.1.95 ou sup\u00e9rieur<\/li>\n<li>\u00c9cran tactile 4K ou 1080p60<\/li>\n<\/ul>\n<p><strong>T\u00e9l\u00e9charger la pr\u00e9sentation publi\u00e9e et les fichiers sources<\/strong><\/p>\n<p><a class=\"btn cta\" href=\"https:\/\/www.brightsignnetwork.com\/download\/WebDemos\/Series4\/HD-zoo-publish.zip\" target=\"_blank\" rel=\"_blank noopener\">Fichiers publi\u00e9s - Zoo Touch<\/a><br \/>\n<a class=\"btn cta\" href=\"https:\/\/www.brightsignnetwork.com\/download\/WebDemos\/Series4\/HD4-Zoo-Demo-project.zip\" target=\"_blank\" rel=\"_blank noopener\">Fichiers sources - Zoo Touch<\/a><\/p>\n                                \n\n            <\/div><!-- mg-content-top -->\n\n            <\/div><!-- mg-item-content -->\n\n            <ul class=\"mg-cta-list small-buttons\">\n\n                                \n                \n            <\/ul>\n\n    \n    <\/div><!-- mg-cell-inner -->\n\n<\/div><!-- mg-cell -->\n\n\n<div class=\"mg-cell cell small-12 medium-6\">\n\n    <div class=\"mg-cell-inner item-parent\">\n\n    <div class=\"mg-item-content keep-overlay default-htags default-lists\">\n\n        \n            <div class=\"mg-item-image\">\n\n                <img decoding=\"async\" src=\"https:\/\/www.brightsign.biz\/wp-content\/uploads\/2023\/05\/5e7328ae5490750846c654afdd670da2-e1683591399263.jpg\" alt=\"\" \/>\n           \n\n                            <\/div>\n        \n        \n\n            <div class=\"mg-content-top\">\n\n                \n                                    <h4 class=\"column-title\">Exposition Museum Touch<\/h4>\n<p>Cette pr\u00e9sentation comprend une image de fond superpos\u00e9e \u00e0 une zone vid\u00e9o 1080p60, deux zones HTML5 anim\u00e9es et une zone d'image avec \u00e9cran tactile et\/ou interactivit\u00e9 BP200 pour s\u00e9lectionner la lecture de la vid\u00e9o dans la zone vid\u00e9o principale.<strong>Configuration requise :<\/strong><\/p>\n<ul>\n<li>HD1033 avec firmware v6.2.38 ou sup\u00e9rieur<\/li>\n<li>\u00c9cran tactile 1080p60<\/li>\n<\/ul>\n<p><strong>T\u00e9l\u00e9charger la pr\u00e9sentation publi\u00e9e et les fichiers sources<\/strong><\/p>\n<p><a class=\"btn cta\" href=\"https:\/\/www.brightsignnetwork.com\/download\/WebDemos\/Series3\/HD3\/HD3-Museum-Publish.zip\">Fichiers publi\u00e9s - Museum Touch<\/a><\/p>\n                                \n\n            <\/div><!-- mg-content-top -->\n\n            <\/div><!-- mg-item-content -->\n\n            <ul class=\"mg-cta-list small-buttons\">\n\n                                \n                \n            <\/ul>\n\n    \n    <\/div><!-- mg-cell-inner -->\n\n<\/div><!-- mg-cell -->\n\n\n<div class=\"mg-cell cell small-12 medium-6\">\n\n    <div class=\"mg-cell-inner item-parent\">\n\n    <div class=\"mg-item-content keep-overlay default-htags default-lists\">\n\n        \n            <div class=\"mg-item-image\">\n\n                <img decoding=\"async\" src=\"https:\/\/www.brightsign.biz\/wp-content\/uploads\/2023\/05\/9b4888c19044639627d742d06fd8d538-e1683593695220.png\" alt=\"\" \/>\n           \n\n                            <\/div>\n        \n        \n\n            <div class=\"mg-content-top\">\n\n                \n                                    <h4 class=\"column-title\">Pr\u00e9sentation du menu d'une brasserie<\/h4>\n<p>Une pr\u00e9sentation con\u00e7ue par\u00a0<a class=\"not-cta\" href=\"https:\/\/www.brightsign.biz\/fr\/a-propos\/news-blog\/partner\/red-dot-digital-media-2\/\">Red Dot Digital Media<\/a>\u00a0comprenant une carte avec un arri\u00e8re-plan vid\u00e9o 1080p60 et une superposition Live Text. Les boissons figurant sur le menu peuvent \u00eatre modifi\u00e9es \u00e0 l'aide de l'application BrightSign.<\/p>\n<p><strong>Configuration requise :<\/strong><\/p>\n<ul>\n<li>BrightSign HD223 ou HD1023 avec firmware v6.2.38 ou sup\u00e9rieur<\/li>\n<li>\u00c9cran 1080p60<\/li>\n<li>Carte m\u00e9moire MicroSD Classe 10 contenant la pr\u00e9sentation publi\u00e9e<\/li>\n<\/ul>\n<p><strong>T\u00e9l\u00e9charger la pr\u00e9sentation publi\u00e9e et les fichiers sources<\/strong><br \/>\n<a class=\"btn cta\" href=\"https:\/\/www.brightsignnetwork.com\/download\/WebDemos\/Series3\/HD3\/Belching-Beaver-HD3-Publish.zip\" target=\"_blank\" rel=\"_blank noopener\">Fichiers publi\u00e9s - Menu de brasserie<\/a><br \/>\n<a class=\"btn cta\" href=\"https:\/\/www.brightsignnetwork.com\/download\/WebDemos\/Series3\/HD3\/Belching-Beaver-HD3-Source.zip\" target=\"_blank\" rel=\"_blank noopener\">Fichiers sources - Menu de brasserie<\/a><\/p>\n                                \n\n            <\/div><!-- mg-content-top -->\n\n            <\/div><!-- mg-item-content -->\n\n            <ul class=\"mg-cta-list small-buttons\">\n\n                                \n                \n            <\/ul>\n\n    \n    <\/div><!-- mg-cell-inner -->\n\n<\/div><!-- mg-cell -->\n\n\n<div class=\"mg-cell cell small-12 medium-6\">\n\n    <div class=\"mg-cell-inner item-parent\">\n\n    <div class=\"mg-item-content keep-overlay default-htags default-lists\">\n\n        \n            <div class=\"mg-item-image\">\n\n                <img decoding=\"async\" src=\"https:\/\/www.brightsign.biz\/wp-content\/uploads\/2023\/05\/5384ee4eb11e21ee0ffa77a99ec51ab6-e1683591887947.jpg\" alt=\"\" \/>\n           \n\n                            <\/div>\n        \n        \n\n            <div class=\"mg-content-top\">\n\n                \n                                    <h4 class=\"column-title\">Centre m\u00e9dical Touch Kiosk<\/h4>\n<p>Il s'agit d'une pr\u00e9sentation interactive tactile destin\u00e9e \u00e0 un centre m\u00e9dical et qui pr\u00e9sente \u00e9galement un flux d'informations m\u00e9t\u00e9orologiques\u00a0<a class=\"not-cta\" href=\"http:\/\/www.screenfeed.com\/\" target=\"_blank\" rel=\"noopener\">Screenfeed.<\/a>\u00a0Touchez le bouton correspondant \u00e0 chaque \u00e9tage pour afficher le plan du site.<\/p>\n<p><strong>Configuration requise :<\/strong><\/p>\n<ul>\n<li>HD1023, HO523, XD1033 avec firmware 6.2.147 ou sup\u00e9rieur<\/li>\n<li>\u00c9cran tactile 1920\u00d71080 @60p<\/li>\n<\/ul>\n<p><strong>T\u00e9l\u00e9charger la pr\u00e9sentation publi\u00e9e et les fichiers sources<\/strong><br \/>\n<a class=\"btn cta\" href=\"https:\/\/www.brightsignnetwork.com\/download\/WebDemos\/Series3\/HD3\/MedicalCenter-Touch-PUBLISH.zip\" target=\"_blank\" rel=\"_blank noopener\">Pr\u00e9sentation publi\u00e9e<\/a><br \/>\n<a class=\"btn cta\" href=\"https:\/\/www.brightsignnetwork.com\/download\/WebDemos\/Series3\/HD3\/MedicalCenter-Touch-SOURCE.zip\" target=\"_blank\" rel=\"_blank noopener\">Fichiers sources<\/a><\/p>\n                                \n\n            <\/div><!-- mg-content-top -->\n\n            <\/div><!-- mg-item-content -->\n\n            <ul class=\"mg-cta-list small-buttons\">\n\n                                \n                \n            <\/ul>\n\n    \n    <\/div><!-- mg-cell-inner -->\n\n<\/div><!-- mg-cell -->\n\n\n<div class=\"mg-cell cell small-12 medium-6\">\n\n    <div class=\"mg-cell-inner item-parent\">\n\n    <div class=\"mg-item-content keep-overlay default-htags default-lists\">\n\n        \n            <div class=\"mg-item-image\">\n\n                <img decoding=\"async\" src=\"https:\/\/www.brightsign.biz\/wp-content\/uploads\/2023\/05\/af6bd0fbce2bea2a52f353e5b00691af-e1683592050830.jpg\" alt=\"\" \/>\n           \n\n                            <\/div>\n        \n        \n\n            <div class=\"mg-content-top\">\n\n                \n                                    <h4 class=\"column-title\">Kiosque tactile pour concessionnaires automobiles<\/h4>\n<p>Cette pr\u00e9sentation est un exemple de kiosque tactile d'un concessionnaire automobile permettant de s\u00e9lectionner des vid\u00e9os de mod\u00e8les de voitures \u00e0 lire.<\/p>\n<p><strong>Configuration requise :<\/strong><\/p>\n<ul>\n<li>BrightSign HD1022 avec firmware version 6.0.25+ ou HD1023 avec firmware version 6.2.38+<\/li>\n<li>\u00c9cran tactile 1080p60<\/li>\n<\/ul>\n<p><strong>D\u00e9tails :<\/strong><\/p>\n<ul>\n<li>Fonctionnement : touchez les boutons au bas de la page pour lire la vid\u00e9o correspondant \u00e0 chaque option<\/li>\n<li>Caract\u00e9ristiques principales : multizone, vid\u00e9o 1080p60, \u00e9cran tactile interactif<\/li>\n<\/ul>\n<p><strong>T\u00e9l\u00e9charger la pr\u00e9sentation publi\u00e9e et les fichiers sources<\/strong><br \/>\n<a class=\"btn cta\" href=\"https:\/\/www.brightsignnetwork.com\/download\/WebDemos\/HD\/CarDealership-HD1080p60-img-PUBLISH.zip\" target=\"_blank\" rel=\"_blank noopener\">Pr\u00e9sentation publi\u00e9e<\/a><br \/>\n<a class=\"btn cta\" href=\"https:\/\/www.brightsignnetwork.com\/download\/WebDemos\/HD\/CarDealership-HD1080p60-img-SOURCE.zip\" target=\"_blank\" rel=\"_blank noopener\">Fichiers sources<\/a><\/p>\n                                \n\n            <\/div><!-- mg-content-top -->\n\n            <\/div><!-- mg-item-content -->\n\n            <ul class=\"mg-cta-list small-buttons\">\n\n                                \n                \n            <\/ul>\n\n    \n    <\/div><!-- mg-cell-inner -->\n\n<\/div><!-- mg-cell -->\n\n\n<\/div><!-- grid-x -->\n\n\n<\/div><!-- block-inner -->  \n\n<\/section><!-- ### -->\n\n\n\n\n\n<section id=\"ticker-block_6b2fd866f6e03a72cdc03378125cee96\" class=\"ticker custom-block white-bg\">\n\n    \n    <div class=\"block-inner\">\n        <div class=\"swiper ticker-swiper\">\n            <div class=\"swiper-wrapper\">\n\n                \n            <\/div><!-- swiper-wrapper -->\n        <\/div><!-- swiper -->\n    <\/div><!-- block-inner -->\n<\/section><!-- ticker -->","protected":false},"excerpt":{"rendered":"","protected":false},"author":2,"featured_media":0,"parent":787,"menu_order":30,"comment_status":"closed","ping_status":"closed","template":"","meta":{"_acf_changed":true,"_searchwp_excluded":"","footnotes":""},"class_list":["post-4288","page","type-page","status-publish","hentry"],"acf":[],"_links":{"self":[{"href":"https:\/\/www.brightsign.biz\/fr\/wp-json\/wp\/v2\/pages\/4288","targetHints":{"allow":["GET"]}}],"collection":[{"href":"https:\/\/www.brightsign.biz\/fr\/wp-json\/wp\/v2\/pages"}],"about":[{"href":"https:\/\/www.brightsign.biz\/fr\/wp-json\/wp\/v2\/types\/page"}],"author":[{"embeddable":true,"href":"https:\/\/www.brightsign.biz\/fr\/wp-json\/wp\/v2\/users\/2"}],"replies":[{"embeddable":true,"href":"https:\/\/www.brightsign.biz\/fr\/wp-json\/wp\/v2\/comments?post=4288"}],"version-history":[{"count":0,"href":"https:\/\/www.brightsign.biz\/fr\/wp-json\/wp\/v2\/pages\/4288\/revisions"}],"up":[{"embeddable":true,"href":"https:\/\/www.brightsign.biz\/fr\/wp-json\/wp\/v2\/pages\/787"}],"wp:attachment":[{"href":"https:\/\/www.brightsign.biz\/fr\/wp-json\/wp\/v2\/media?parent=4288"}],"curies":[{"name":"wp","href":"https:\/\/api.w.org\/{rel}","templated":true}]}}