{"id":513,"date":"2023-03-21T14:30:10","date_gmt":"2023-03-21T14:30:10","guid":{"rendered":"https:\/\/brightsign2425.wpenginepowered.com\/?page_id=513"},"modified":"2025-11-10T19:08:09","modified_gmt":"2025-11-11T00:08:09","slug":"avantage-brightsign","status":"publish","type":"page","link":"https:\/\/www.brightsign.biz\/fr\/brightsign-advantage\/","title":{"rendered":"BrightSign Avantage"},"content":{"rendered":"<section\n  id=\"hero-block_b08d24c476e77f005f8ded7972616b6d\"\n  class=\"hero custom-block\"\n  data-form-url=\"\"\n>\n  <!-- Backgrounds: cover full section, center position (extended via SCSS) -->\n        <div id=\"hero-desktop-background\" style=\"background-image: url('https:\/\/www.brightsign.biz\/wp-content\/uploads\/2024\/06\/hero-brightsign-advantage.png'); background-size: cover; background-position: center center; background-repeat: no-repeat;\"><\/div>\n        <div id=\"hero-mobile-background\" style=\"background-image: url('https:\/\/www.brightsign.biz\/wp-content\/uploads\/2024\/06\/hero-brightsign-advantage.png'); background-size: cover; background-position: center center; background-repeat: no-repeat;\"><\/div>\n  \n  <div class=\"hero-gradient\" aria-hidden=\"true\"><\/div>\n  <div class=\"block-inner medium\">\n    <div class=\"block-inner-content grid-x grid-margin-y\">\n\n      <!-- MOBILE-only layout -->\n      <div class=\"cell small-12 show-for-small-only\">\n        \n        \n        \n        \n        <ul class=\"custom-breadcrumb\"><li>Solutions<\/li><\/ul><div class=\"mobile-content form-content\"><h1>Les <strong>Bright<\/strong>Sign <strong>Avantage<\/strong><\/h1>\n<p>Succ\u00e8s de bout en bout de Signage.<\/p>\n<\/div>      <\/div>\n      <!-- end MOBILE-only -->\n\n      <!-- DESKTOP text cell -->\n      <div class=\"cell small-12 medium-12 large-6 hide-for-small-only\">\n        \n        <ul class=\"custom-breadcrumb\"><li>Solutions<\/li><\/ul><h1>Les <strong>Bright<\/strong>Sign <strong>Avantage<\/strong><\/h1>\n<p>Succ\u00e8s de bout en bout de Signage.<\/p>\n      <\/div>\n      <!-- end DESKTOP text cell -->\n\n      <!-- DESKTOP form\/video cell -->\n      <div class=\"cell small-12 medium-12 large-6 center-play hide-for-small-only\">\n        \n              <\/div>\n      <!-- end DESKTOP form\/video cell -->\n\n    <\/div><!-- .block-inner-content -->\n  <\/div><!-- .block-inner -->\n<\/section><!-- hero -->\n\n\n\n    <section id=\"full-width-text-block_019fbcd12e4e7c9de9ed1dbcd730b6ec\" class=\"full-width-text custom-block dark small-top none-bottom brand-htags default-lists\">\n\n        <div class=\"block-inner medium\">\n\n        <h2 style=\"text-align: center\">Faites avancer votre projet d'affichage dynamique avec BrightSign<\/h2>\n<p style=\"text-align: center\">BrightSign vous aide \u00e0 naviguer en toute confiance sur le chemin de l'affichage num\u00e9rique en vous proposant des solutions fiables et \u00e9volutives qui vous offrent tout ce dont vous avez besoin pour r\u00e9ussir votre affichage.<\/p>\n\n        \n        <\/div><!-- block-inner -->  \n\n        \n    <\/section><!-- full-width-text -->  \n\n\n\n\n\n\n\n<section id=\"media-grid-block_65d0f72905ed095c9fda24305196dcc5\" class=\"media-grid custom-block dark none-top small-bottom\">\n\n<div class=\"block-inner medium\">\n\n<div class=\"full-width-text default-htags\">\n\n\n<\/div>\n\n\n<div class=\"grid-x\">\n\n\n<div class=\"mg-cell cell small-12 medium-6\">\n\n    <div class=\"mg-cell-inner item-parent\">\n\n    <div class=\"mg-item-content remove-overlay default-htags default-lists\">\n\n        \n            <div class=\"mg-item-image\">\n\n                <img decoding=\"async\" src=\"https:\/\/www.brightsign.biz\/wp-content\/uploads\/2024\/06\/BrightSign-series5-fullfamily-web-900x495.png\" alt=\"BrightSign S\u00e9rie 5 lecteurs multim\u00e9dias de signalisation num\u00e9rique\" \/>\n           \n\n                            <\/div>\n        \n        \n\n            <div class=\"mg-content-top\">\n\n                <h4>Lecteurs BrightSign<\/h4>\n                                    <p>Con\u00e7u pour les professionnels avec une technologie de pointe et une flexibilit\u00e9 in\u00e9gal\u00e9e pour offrir des exp\u00e9riences de signalisation captivantes.<\/p>\n                                \n\n            <\/div><!-- mg-content-top -->\n\n            <\/div><!-- mg-item-content -->\n\n            <ul class=\"mg-cta-list small-buttons\">\n\n                \n                <li>\n                    <a href=\"https:\/\/www.brightsign.biz\/fr\/joueurs-de-brightsign\/serie-5\/\" target=\"_self\">D\u00e9couvrir les lecteurs<i class=\"fa-solid fa-chevron-right\"><\/i><\/a>\n                <\/li>\n\n                                \n                \n            <\/ul>\n\n    \n    <\/div><!-- mg-cell-inner -->\n\n<\/div><!-- mg-cell -->\n\n\n<div class=\"mg-cell cell small-12 medium-6\">\n\n    <div class=\"mg-cell-inner item-parent\">\n\n    <div class=\"mg-item-content remove-overlay default-htags default-lists\">\n\n        \n            <div class=\"mg-item-image\">\n\n                <img decoding=\"async\" src=\"https:\/\/www.brightsign.biz\/wp-content\/uploads\/2024\/06\/brightsign-os-image-900x495.jpg\" alt=\"\" \/>\n           \n\n                            <\/div>\n        \n        \n\n            <div class=\"mg-content-top\">\n\n                <h4>BrightSignOS\u2122<\/h4>\n                                    <p>Le seul syst\u00e8me d'exploitation con\u00e7u sp\u00e9cialement pour apporter une fiabilit\u00e9, une s\u00e9curit\u00e9, une puissance de signalisation et une durabilit\u00e9 in\u00e9gal\u00e9es \u00e0 chaque joueur BrightSign.<\/p>\n                                \n\n            <\/div><!-- mg-content-top -->\n\n            <\/div><!-- mg-item-content -->\n\n            <ul class=\"mg-cta-list small-buttons\">\n\n                \n                <li>\n                    <a href=\"https:\/\/www.brightsign.biz\/fr\/avantage-brightsign\/brightsign-os\/\" target=\"_self\">BrightSignOS\u2122<i class=\"fa-solid fa-chevron-right\"><\/i><\/a>\n                <\/li>\n\n                                \n                \n            <\/ul>\n\n    \n    <\/div><!-- mg-cell-inner -->\n\n<\/div><!-- mg-cell -->\n\n\n<\/div><!-- grid-x -->\n\n\n<\/div><!-- block-inner -->  \n\n<\/section><!-- ### -->\n\n\n\n\n\n\n<section id=\"full-width-cta-block_51bbfc20ca5c968fdb44ade437a7a001\" class=\"full-width-cta custom-block\">\n\n<div class=\"block-inner medium grid-x\">\n\n<div class=\"cell small-12 medium-8\">\n    <h4>5 ans de confiance pour tous les joueurs<\/h4>\n<p>\u00c0 partir du 1er janvier 2025, tous les lecteurs multim\u00e9dias de la s\u00e9rie 5 et des s\u00e9ries suivantes nouvellement achet\u00e9s et enregistr\u00e9s b\u00e9n\u00e9ficient d'une garantie standard de 5 ans.<\/p>\n<\/div><!-- medium-8 -->\n\n<div class=\"cell small-12 medium-4 content-right\">\n    <div class=\"basic-button blue\"><a href=\"https:\/\/www.brightsign.biz\/fr\/joueurs-de-brightsign\/garantie\/\" target=\"_self\">S'INSCRIRE MAINTENANT<i class=\"fa-solid fa-chevron-right\"><\/i><\/a><\/div>\n<\/div><!-- medium-4 -->\n\n<\/div><!-- block-inner -->\n\n<\/section><!-- hero -->\n\n\n\n\n\n\n\n<section id=\"media-grid-block_abd7da2d3ec609e530c4cbf062104421\" class=\"media-grid custom-block dark small-top small-bottom\">\n\n<div class=\"block-inner medium\">\n\n<div class=\"full-width-text default-htags\">\n\n\n<\/div>\n\n\n<div class=\"grid-x\">\n\n\n<div class=\"mg-cell cell small-12 medium-4\">\n\n    <div class=\"mg-cell-inner item-parent\">\n\n    <div class=\"mg-item-content remove-overlay default-htags default-lists\">\n\n        \n            <div class=\"mg-item-image\">\n\n                <img decoding=\"async\" src=\"https:\/\/www.brightsign.biz\/wp-content\/uploads\/2023\/05\/EcosystemPartnerCard-900x495.jpg\" alt=\"Femme en chemise jaune portant des lunettes \u00e0 c\u00f4t\u00e9 d&#039;un homme en chemise verte tenant un ordinateur portable MacBook.\" \/>\n           \n\n                            <\/div>\n        \n        \n\n            <div class=\"mg-content-top\">\n\n                <h5>Partenaires<\/h5>\n                                    <p>Con\u00e7u pour les professionnels avec une technologie de pointe et une flexibilit\u00e9 in\u00e9gal\u00e9e pour offrir des exp\u00e9riences de signalisation captivantes.<\/p>\n                                \n\n            <\/div><!-- mg-content-top -->\n\n            <\/div><!-- mg-item-content -->\n\n            <ul class=\"mg-cta-list small-buttons\">\n\n                \n                <li>\n                    <a href=\"https:\/\/www.brightsign.biz\/fr\/partenaires\/\" target=\"_self\">Notre r\u00e9seau de partenaires<i class=\"fa-solid fa-chevron-right\"><\/i><\/a>\n                <\/li>\n\n                                \n                \n            <\/ul>\n\n    \n    <\/div><!-- mg-cell-inner -->\n\n<\/div><!-- mg-cell -->\n\n\n<div class=\"mg-cell cell small-12 medium-4\">\n\n    <div class=\"mg-cell-inner item-parent\">\n\n    <div class=\"mg-item-content remove-overlay default-htags default-lists\">\n\n        \n            <div class=\"mg-item-image\">\n\n                <img decoding=\"async\" src=\"https:\/\/www.brightsign.biz\/wp-content\/uploads\/2024\/06\/brightsign-advantage-software-v2.png\" alt=\"\" \/>\n           \n\n                            <\/div>\n        \n        \n\n            <div class=\"mg-content-top\">\n\n                <h5>Logiciels et services<\/h5>\n                                    <p>Infrastructure en nuage s\u00e9curis\u00e9e et \u00e9volutive et services de signalisation num\u00e9rique, facilitant la surveillance des lecteurs, la cr\u00e9ation de pr\u00e9sentations, la gestion du contenu et le contr\u00f4le \u00e0 distance des r\u00e9seaux multi-appareils.<\/p>\n                                \n\n            <\/div><!-- mg-content-top -->\n\n            <\/div><!-- mg-item-content -->\n\n            <ul class=\"mg-cta-list small-buttons\">\n\n                \n                <li>\n                    <a href=\"https:\/\/www.brightsign.biz\/fr\/joueurs-de-brightsign\/logiciels\/\" target=\"_self\">Personnaliser votre BrightSign<i class=\"fa-solid fa-chevron-right\"><\/i><\/a>\n                <\/li>\n\n                                \n                \n            <\/ul>\n\n    \n    <\/div><!-- mg-cell-inner -->\n\n<\/div><!-- mg-cell -->\n\n\n<div class=\"mg-cell cell small-12 medium-4\">\n\n    <div class=\"mg-cell-inner item-parent\">\n\n    <div class=\"mg-item-content remove-overlay default-htags default-lists\">\n\n        \n            <div class=\"mg-item-image\">\n\n                <img decoding=\"async\" src=\"https:\/\/www.brightsign.biz\/wp-content\/uploads\/2023\/05\/ConsultantCard-e1713282688603-900x495.jpg\" alt=\"BrightSign Les membres de l&#039;\u00e9quipe se concertent\" \/>\n           \n\n                            <\/div>\n        \n        \n\n            <div class=\"mg-content-top\">\n\n                <h5>Assistance<\/h5>\n                                    <p>Nous veillons \u00e0 ce que les objectifs soient atteints et les d\u00e9fis surmont\u00e9s, depuis les consultations avant-vente et les programmes de formation jusqu'aux ressources en ligne \u00e9tendues et \u00e0 l'assistance directe.<\/p>\n                                \n\n            <\/div><!-- mg-content-top -->\n\n            <\/div><!-- mg-item-content -->\n\n            <ul class=\"mg-cta-list small-buttons\">\n\n                \n                <li>\n                    <a href=\"https:\/\/www.brightsign.biz\/fr\/ressources\/\" target=\"_self\">Des ressources pour r\u00e9ussir<i class=\"fa-solid fa-chevron-right\"><\/i><\/a>\n                <\/li>\n\n                                \n                \n            <\/ul>\n\n    \n    <\/div><!-- mg-cell-inner -->\n\n<\/div><!-- mg-cell -->\n\n\n<\/div><!-- grid-x -->\n\n\n<\/div><!-- block-inner -->  \n\n<\/section><!-- ### -->\n\n\n\n\n\n\n\n<section id=\"cta-list-block_49a1b08d39bcc0994c05d91643c00fac\" class=\"cta-list custom-block dark small-top medium-bottom\">\n\n\t<div class=\"block-inner medium grid-x\">\n\n\t\t\n\n\t\t \n\n\t\t\t<div class=\"cta-list-logo cell small-12 medium-auto\">  \n\t\t\t\t<div class=\"logo-container\">          \n\t\t\t\t<img decoding=\"async\" src=\"https:\/\/www.brightsign.biz\/wp-content\/uploads\/2024\/05\/Screenshot-2024-05-28-at-12.08.31\u202fPM-750x440.png\" alt=\"\" \/>\n\t\t\t\t<\/div>\n\t\t\t<\/div>\n\n\t\t\n\t\t\n\t\t\t<div class=\"cta-list-intro cell small-12 medium-auto\">\n\t\t\t<h4>Besoin d'aide ?<\/h4>\n<p><span style=\"font-weight: 400\">Nous proposons un certain nombre de ressources en ligne afin que vous disposiez de toutes les informations n\u00e9cessaires pour tirer le meilleur parti de votre solution de signalisation num\u00e9rique.\u00a0<\/span><\/p>\n\t\t\t\n\t\t\t\t\t\t\t<div class=\"basic-button blue\"><a href=\"https:\/\/www.brightsign.biz\/fr\/ressources\/demande-de-soutien\/\" target=\"_self\">Obtenir de l'aide<i class=\"fa-solid fa-chevron-right\"><\/i><\/a><\/div>\n\t\t\t\t\t\t<\/div>\n\t\t\n\t\t\n\n\t\t\n\n\t\t\t\t<div class=\"cta-list-ul cell small-12 medium-auto\">\n\t\t<ul>\n\t\t\t\t<li>\n\t\t<a href=\"https:\/\/docs.brightsign.biz\/faqs\" target=\"_blank\">Explorer les FAQ<i class=\"fa-solid fa-chevron-right\"><\/i><\/a>\n\t\t<\/li>\n\n\t\t\t\t<li>\n\t\t<a href=\"https:\/\/docs.brightsign.biz\/quickstarts\" target=\"_blank\">Guide de d\u00e9marrage rapide de l'acc\u00e8s<i class=\"fa-solid fa-chevron-right\"><\/i><\/a>\n\t\t<\/li>\n\n\t\t\t\t<li>\n\t\t<a href=\"https:\/\/docs.brightsign.biz\" target=\"_blank\">Voir la documentation technique<i class=\"fa-solid fa-chevron-right\"><\/i><\/a>\n\t\t<\/li>\n\n\t\t\t\t<li>\n\t\t<a href=\"https:\/\/docs.brightsign.biz\/how-tos\/video-guides\" target=\"_blank\">Regarder les tutoriels vid\u00e9o<i class=\"fa-solid fa-chevron-right\"><\/i><\/a>\n\t\t<\/li>\n\n\t\t\t\t<\/ul>\n\t\t<\/div>\n\t\t\n\t<\/div><!-- block-inner -->\n\n<\/section><!-- hero -->\n\n\n\n\n\n\n\n\n<section id=\"full-width-feature-block_e7d384b00878a3c9a9d7ef8f1d42a83e\" class=\"full-width-feature custom-block\">\n\n\n<div class=\"bg-video\">\n    <iframe src=\"https:\/\/player.vimeo.com\/video\/799920596?autoplay=1&#038;muted=1&#038;controls=0\" allowfullscreen allowtransparency allow=\"autoplay\"><\/iframe>\n<\/div>\n\n\n<div class=\"hero-gradient\"><\/div>\n\n<div class=\"block-inner grid-x\">\n\n<div class=\"block-inner-content default-checks cell small-12 medium-12 large-6\">\n\n    <h2><strong>Que la partie commence\u00a0!<\/strong><\/h2>\n<p>Un hub VR et Esports de pointe s'est associ\u00e9 \u00e0 BrightSign pour cr\u00e9er la premi\u00e8re exp\u00e9rience num\u00e9rique cin\u00e9tique au monde. D\u00e9couvrez comment l'\u00e9cosyst\u00e8me BrightSign a permis de cr\u00e9er ce projet r\u00e9volutionnaire.<\/p>\n\n\n<div class=\"basic-button blue\">\n<a href=\"https:\/\/www.brightsign.biz\/fr\/a-propos\/news-blog\/four-winds-interactive-utilise-brightsign\/\" target=\"_self\">\u00c9tude de cas : Pixoul Gaming<i class=\"fa-solid fa-chevron-right\"><\/i><\/a>\n<\/div><!-- basic-cta -->\n\n\n\n<\/div><!-- block-inner-content -->\n\n<div class=\"cell small-12 medium-12 large-6\">\n<\/div><!-- cell -->\n\n<\/div><!-- block-inner -->\n\n<\/section>\n\n\n\n<section id=\"ticker-block_1553a2ffa80aafd6bd4c9c08c28bf4d6\" class=\"ticker custom-block white-bg dark medium-top medium-bottom\">\n\n            <h4>Choisi par les leaders de l'industrie<\/h4>\n    \n    <div class=\"block-inner\">\n        <div class=\"swiper ticker-swiper\">\n            <div class=\"swiper-wrapper\">\n\n                                    \n                        <div class=\"swiper-slide\">\n                                                            <img decoding=\"async\" src=\"https:\/\/www.brightsign.biz\/wp-content\/uploads\/2024\/05\/PlugPowerGrayscale.svg\" alt=\"\" \/>\n                                                                                <\/div>\n\n                    \n                        <div class=\"swiper-slide\">\n                                                            <img decoding=\"async\" src=\"https:\/\/www.brightsign.biz\/wp-content\/uploads\/2024\/05\/GoPro_logo_light.svg\" alt=\"\" \/>\n                                                                                <\/div>\n\n                    \n                        <div class=\"swiper-slide\">\n                                                            <img decoding=\"async\" src=\"https:\/\/www.brightsign.biz\/wp-content\/uploads\/2024\/05\/lg.svg\" alt=\"\" \/>\n                                                                                <\/div>\n\n                    \n                        <div class=\"swiper-slide\">\n                                                            <img decoding=\"async\" src=\"https:\/\/www.brightsign.biz\/wp-content\/uploads\/2024\/05\/Screenshot-2024-05-28-at-12.08.31\u202fPM-750x440.png\" alt=\"\" \/>\n                                                                                <\/div>\n\n                    \n                        <div class=\"swiper-slide\">\n                                                            <img decoding=\"async\" src=\"https:\/\/www.brightsign.biz\/wp-content\/uploads\/2024\/05\/Screenshot-2024-05-28-at-12.08.31\u202fPM-750x440.png\" alt=\"\" \/>\n                                                                                <\/div>\n\n                    \n                        <div class=\"swiper-slide\">\n                                                            <img decoding=\"async\" src=\"https:\/\/www.brightsign.biz\/wp-content\/uploads\/2024\/05\/PlugPowerGrayscale.svg\" alt=\"\" \/>\n                                                                                <\/div>\n\n                    \n                        <div class=\"swiper-slide\">\n                                                            <img decoding=\"async\" src=\"https:\/\/www.brightsign.biz\/wp-content\/uploads\/2024\/05\/GoPro_logo_light.svg\" alt=\"\" \/>\n                                                                                <\/div>\n\n                    \n                        <div class=\"swiper-slide\">\n                                                            <img decoding=\"async\" src=\"https:\/\/www.brightsign.biz\/wp-content\/uploads\/2024\/05\/lg.svg\" alt=\"\" \/>\n                                                                                <\/div>\n\n                    \n                        <div class=\"swiper-slide\">\n                                                            <img decoding=\"async\" src=\"https:\/\/www.brightsign.biz\/wp-content\/uploads\/2024\/05\/Screenshot-2024-05-28-at-12.08.31\u202fPM-750x440.png\" alt=\"\" \/>\n                                                                                <\/div>\n\n                    \n                        <div class=\"swiper-slide\">\n                                                            <img decoding=\"async\" src=\"https:\/\/www.brightsign.biz\/wp-content\/uploads\/2024\/05\/Screenshot-2024-05-28-at-12.08.31\u202fPM-750x440.png\" alt=\"\" \/>\n                                                                                <\/div>\n\n                                    \n            <\/div><!-- swiper-wrapper -->\n        <\/div><!-- swiper -->\n    <\/div><!-- block-inner -->\n<\/section><!-- ticker -->","protected":false},"excerpt":{"rendered":"","protected":false},"author":11,"featured_media":0,"parent":0,"menu_order":10,"comment_status":"closed","ping_status":"closed","template":"","meta":{"_acf_changed":false,"_searchwp_excluded":"","footnotes":""},"class_list":["post-513","page","type-page","status-publish","hentry"],"acf":[],"_links":{"self":[{"href":"https:\/\/www.brightsign.biz\/fr\/wp-json\/wp\/v2\/pages\/513","targetHints":{"allow":["GET"]}}],"collection":[{"href":"https:\/\/www.brightsign.biz\/fr\/wp-json\/wp\/v2\/pages"}],"about":[{"href":"https:\/\/www.brightsign.biz\/fr\/wp-json\/wp\/v2\/types\/page"}],"author":[{"embeddable":true,"href":"https:\/\/www.brightsign.biz\/fr\/wp-json\/wp\/v2\/users\/11"}],"replies":[{"embeddable":true,"href":"https:\/\/www.brightsign.biz\/fr\/wp-json\/wp\/v2\/comments?post=513"}],"version-history":[{"count":0,"href":"https:\/\/www.brightsign.biz\/fr\/wp-json\/wp\/v2\/pages\/513\/revisions"}],"wp:attachment":[{"href":"https:\/\/www.brightsign.biz\/fr\/wp-json\/wp\/v2\/media?parent=513"}],"curies":[{"name":"wp","href":"https:\/\/api.w.org\/{rel}","templated":true}]}}