{"id":560,"date":"2023-03-21T16:09:41","date_gmt":"2023-03-21T16:09:41","guid":{"rendered":"https:\/\/brightsign2425.wpenginepowered.com\/?page_id=560"},"modified":"2026-04-08T15:19:24","modified_gmt":"2026-04-08T19:19:24","slug":"a-propos","status":"publish","type":"page","link":"https:\/\/www.brightsign.biz\/fr\/about\/","title":{"rendered":"\u00c0 Propos"},"content":{"rendered":"<section\n  id=\"hero-block_8e4a8cb510114a6810dbabbe3b8824e5\"\n  class=\"hero custom-block\"\n  data-form-url=\"\"\n>\n  <!-- Backgrounds: cover full section, center position (extended via SCSS) -->\n        <div id=\"hero-desktop-background\" style=\"background-image: url('https:\/\/www.brightsign.biz\/wp-content\/uploads\/2024\/06\/hero-about-v2-1920x900.png'); background-size: cover; background-position: center center; background-repeat: no-repeat;\"><\/div>\n        <div id=\"hero-mobile-background\" style=\"background-image: url('https:\/\/www.brightsign.biz\/wp-content\/uploads\/2024\/06\/hero-about-v2-1920x900.png'); background-size: cover; background-position: center center; background-repeat: no-repeat;\"><\/div>\n  \n  <div class=\"hero-gradient\" aria-hidden=\"true\"><\/div>\n  <div class=\"block-inner medium\">\n    <div class=\"block-inner-content grid-x grid-margin-y\">\n\n      <!-- MOBILE-only layout -->\n      <div class=\"cell small-12 show-for-small-only\">\n        \n        \n        \n        \n        <ul class=\"custom-breadcrumb\"><li>Entreprise<\/li><\/ul><div class=\"mobile-content form-content\"><h1>\u00c0 Propos <strong>Bright<\/strong>Sign<\/h1>\n<p>Le nom le plus fiable en mati\u00e8re d'affichage dynamique.<\/p>\n<\/div>      <\/div>\n      <!-- end MOBILE-only -->\n\n      <!-- DESKTOP text cell -->\n      <div class=\"cell small-12 medium-12 large-6 hide-for-small-only\">\n        \n        <ul class=\"custom-breadcrumb\"><li>Entreprise<\/li><\/ul><h1>\u00c0 Propos <strong>Bright<\/strong>Sign<\/h1>\n<p>Le nom le plus fiable en mati\u00e8re d'affichage dynamique.<\/p>\n      <\/div>\n      <!-- end DESKTOP text cell -->\n\n      <!-- DESKTOP form\/video cell -->\n      <div class=\"cell small-12 medium-12 large-6 center-play hide-for-small-only\">\n        \n              <\/div>\n      <!-- end DESKTOP form\/video cell -->\n\n    <\/div><!-- .block-inner-content -->\n  <\/div><!-- .block-inner -->\n<\/section><!-- hero -->\n\n\n\n    <section id=\"full-width-text-block_66bb4ce006aa14430e90836461eb1ef0\" class=\"full-width-text custom-block dark small-top small-bottom brand-htags default-lists\">\n\n        <div class=\"block-inner medium\">\n\n        <p><span style=\"font-weight: 400\">Depuis sa cr\u00e9ation au d\u00e9but des ann\u00e9es 2000, BrightSign a permis aux entreprises d'attirer, d'engager et de captiver leur public de mani\u00e8re dynamique et percutante gr\u00e2ce \u00e0 l'affichage dynamique. Notre PDG fondateur visionnaire, Jeff Hastings, a \u00e9t\u00e9 l'un des premiers \u00e0 pr\u00e9coniser l'adoption de technologies de contenu de pointe, comprenant leur potentiel lorsqu'elles sont associ\u00e9es \u00e0 des contr\u00f4les interactifs pour cr\u00e9er des exp\u00e9riences immersives.<\/span><\/p>\n<p><span style=\"font-weight: 400\">Bas\u00e9e \u00e0 San Jose, en Californie, notre pr\u00e9sence s'\u00e9tend au monde entier, avec notre vaste r\u00e9seau de partenaires BrightSign de plus de 5 000 revendeurs et int\u00e9grateurs agr\u00e9\u00e9s dans le monde entier. En collaboration avec nos partenaires dans plus de 130 pays, nous innovons en permanence pour am\u00e9liorer l'exp\u00e9rience des clients, accro\u00eetre la productivit\u00e9 et la s\u00e9curit\u00e9, r\u00e9duire les co\u00fbts et g\u00e9n\u00e9rer des revenus pour nos clients.\u00a0<\/span><\/p>\n<p style=\"text-align: center\">\n\n        \n        <\/div><!-- block-inner -->  \n\n        \n    <\/section><!-- full-width-text -->  \n\n\n\n\n\n\n\n<section id=\"factoids-block_6b95a2540f143d56c16fda40d94bafe8\" class=\"factoids custom-block\">\n\n<div class=\"block-inner medium grid-x\">\n\n\n<div class=\"cell small-12 medium-12 large-3 factoid-intro show-for-large\">\n   <h3>BrightSign en chiffres<\/h3>\n<\/div>\n\n\n<div class=\"cell small-12 medium-12 large-9\">\n<div class=\"grid-x grid-padding-x\">\n\n\n<div class=\"cell small-6 medium-6 factoid-intro hide-for-large\">\n   <h3>BrightSign en chiffres<\/h3>\n<\/div>\n\n\n<div class=\"cell small-6 medium-6 large-4 factoid-item\">\n    <div class=\"logo-container\">\n\t    <img decoding=\"async\" src=\"https:\/\/www.brightsign.biz\/wp-content\/uploads\/2024\/05\/2m.svg\" alt=\"\" \/>\n    <\/div>\n   <h3>3M+<\/h3>\n   <p>BrightSigns Vendu<\/p>\n\n\n<\/div>\n\n<div class=\"cell small-6 medium-6 large-4 factoid-item\">\n    <div class=\"logo-container\">\n\t    <img decoding=\"async\" src=\"https:\/\/www.brightsign.biz\/wp-content\/uploads\/2024\/05\/Screenshot-2024-05-28-at-12.08.31\u202fPM-750x440.png\" alt=\"\" \/>\n    <\/div>\n   <h3>4.8\/5<\/h3>\n   <p>\u00c9valuations de 2 127 clients<\/p>\n\n\n<\/div>\n\n<div class=\"cell small-6 medium-6 large-4 factoid-item\">\n    <div class=\"logo-container\">\n\t    <img decoding=\"async\" src=\"https:\/\/www.brightsign.biz\/wp-content\/uploads\/2024\/05\/Screenshot-2024-05-28-at-12.08.31\u202fPM-750x440.png\" alt=\"\" \/>\n    <\/div>\n   <h3>130+<\/h3>\n   <p>Total des pays install\u00e9s<\/p>\n\n\n<\/div>\n\n<\/div>\n<\/div>\n\n<\/div><!-- block-inner -->\n\n<\/section><!-- hero -->\n\n\n\n\n\n\n\n<div class=\"pill-pad-wrap left\">\n\n    <section id=\"pill-image-text-block_4e9d045099cf2f74ea0bf3ddfa498877\" class=\"pill-image-text custom-block dark small-top small-bottom\">\n\n        <div class=\"dot-in\"><\/div><!-- dot-in -->\n\n        <div class=\"pill-image-layer grid-x left\">\n\n            <div class=\"cell small-12 medium-6\"><\/div>\n\n            <div class=\"cell small-12 medium-6 pill-bg\">\n\n                <div class=\"pill-bg-image\" style=\"background-image: url( https:\/\/www.brightsign.biz\/wp-content\/uploads\/2024\/05\/577645f928f6b280fdba149cff11bc34-1920x900.jpeg );\"><\/div>\n\n            <\/div><!-- pill-bg -->\n\n        <\/div><!-- pill-image-layer -->\n\n        <div class=\"block-inner medium grid-x left\">\n\n            <div class=\"cell small-12 medium-6 pill-content image-left\">\n\n                \n                    <div class=\"pill-title\">\n                        <h3>Rencontrez nos dirigeants<\/h3>\n                        <div aria-hidden=\"true\" class=\"blue-dot\"><\/div>\n                    <\/div>\n\n                \n                                    <p><span style=\"font-weight: 400\">Depuis notre cr\u00e9ation, les dirigeants de BrightSign ont d\u00e9fendu et adopt\u00e9 le potentiel des technologies de pointe en mati\u00e8re de contenu. Leur exp\u00e9rience et leur expertise dans le domaine de l'audiovisuel professionnel continuent de placer la barre tr\u00e8s haut pour aujourd'hui et pour l'avenir.<\/span><\/p>\n                \n                \n                <div class=\"basic-cta\">\n                <a href=\"https:\/\/www.brightsign.biz\/fr\/a-propos\/entreprise\/leadership\/\" target=\"_self\">Conna\u00eetre le leadership BrightSign<i class=\"fa-solid fa-chevron-right\"><\/i><\/a>\n                <\/div><!-- basic-cta -->\n\n                \n            <\/div><!-- pill-content -->\n\n        <\/div><!-- block-inner -->\n\n    <\/section><!-- pill-image-text -->\n\n<\/div><!--pill-pad-wrap -->\n\n\n\n\n\n\n<section id=\"full-width-cta-block_d94fff2c830766b0c70c7d2b23b46b27\" class=\"full-width-cta custom-block\">\n\n<div class=\"block-inner medium grid-x\">\n\n<div class=\"cell small-12 medium-8\">\n    <h3>Rejoindre notre \u00e9quipe<\/h3>\n<p>Chez BrightSign, nous nous effor\u00e7ons de constituer une \u00e9quipe de classe mondiale et de favoriser une exp\u00e9rience exceptionnelle pour nos employ\u00e9s. Nous donnons \u00e0 nos employ\u00e9s les moyens de trouver une passion et une raison d'\u00eatre dans leur r\u00f4le, en donnant le meilleur d'eux-m\u00eames dans leur travail. D\u00e9veloppez votre carri\u00e8re au sein d'une entreprise technologique de premier plan qui investit en vous.<\/p>\n<\/div><!-- medium-8 -->\n\n<div class=\"cell small-12 medium-4 content-right\">\n    <div class=\"basic-button blue\"><a href=\"https:\/\/www.brightsign.biz\/fr\/a-propos\/carrieres\/\" target=\"_self\">Explorez une carri\u00e8re chez BrightSign<i class=\"fa-solid fa-chevron-right\"><\/i><\/a><\/div>\n<\/div><!-- medium-4 -->\n\n<\/div><!-- block-inner -->\n\n<\/section><!-- hero -->\n\n\n\n\n\n<section id=\"posts-slider-block_e0fa3f20849c43f53beb2b6a4ad874af\" class=\"posts-slider custom-block dark medium-top medium-bottom\">\n\n<div class=\"block-inner medium\">\n\n<div class=\"posts-slider-intro\">\n\n   <h4 class=\"h4-alt\">Articles phares<\/h4>\n    <div class=\"basic-cta\">\n        <a href=\"https:\/\/www.brightsign.biz\/fr\/blog\/\" target=\"_self\">Voir tous les articles<i class=\"fa-solid fa-chevron-right\"><\/i><\/a>\n    <\/div><!-- basic-cta -->\n\n<\/div><!-- post-slider-intro -->\n\n<div class=\"swiper post-swiper\">\n    <div class=\"swiper-wrapper\">\n\n        \n        <div class=\"swiper-slide\">\n\n            <div class=\"post-slide-image\">\n                                    <img decoding=\"async\" src=\"https:\/\/www.brightsign.biz\/wp-content\/uploads\/2025\/08\/ai-blog-ic25-1200x500-1-750x440.png\" alt=\"image for BrightSign Brings AI to Digital Signage : Transformez vos \u00e9crans\" \/>\n                            <\/div>\n\n            <div class=\"post-slide-content\">\n                <h6 class=\"big-h6\">BrightSign met l'IA au service de l'affichage dynamique : Transformez vos \u00e9crans<\/h6>\n                <p class=\"xx-small-p\">D\u00e9couvrez comment les lecteurs d'affichage dynamique BrightSign dot\u00e9s d'IA transforment des \u00e9crans ordinaires en outils commerciaux intelligents. Obtenez des informations en temps r\u00e9el, optimisez le contenu et respectez la vie priv\u00e9e, le tout sans...<\/p>\n\n                <a class=\"full-button activate-container\" aria-hidden=\"true\" href=\"https:\/\/www.brightsign.biz\/fr\/blog\/brightsign-brings-ai-to-digital-signage\/\"><\/a>\n\n                <div class=\"basic-button short ultraviolet\">\n                    <a href=\"https:\/\/www.brightsign.biz\/fr\/blog\/brightsign-brings-ai-to-digital-signage\/\">Lire<i class=\"fa-solid fa-chevron-right\"><\/i><\/a>\n                <\/div>\n            <\/div><!-- post-slide-content -->\n\n        <\/div><!-- swiper-slide -->\n\n        \n        <div class=\"swiper-slide\">\n\n            <div class=\"post-slide-image\">\n                                    <img decoding=\"async\" src=\"https:\/\/www.brightsign.biz\/wp-content\/uploads\/2025\/06\/IAB_DOOH_vs_pDOOH_blog_image-16-750x440.jpeg\" alt=\"image pour des strat\u00e9gies d&#039;affichage dynamique plus intelligentes gr\u00e2ce \u00e0 la publicit\u00e9 programmatique\" \/>\n                            <\/div>\n\n            <div class=\"post-slide-content\">\n                <h6 class=\"big-h6\">Des strat\u00e9gies d'affichage dynamique plus intelligentes gr\u00e2ce \u00e0 la publicit\u00e9 programmatique<\/h6>\n                <p class=\"xx-small-p\">D\u00e9couvrez comment la publicit\u00e9 programmatique permet d'\u00e9laborer des strat\u00e9gies d'affichage dynamique plus intelligentes gr\u00e2ce \u00e0 un contenu dynamique en temps r\u00e9el pour les...<\/p>\n\n                <a class=\"full-button activate-container\" aria-hidden=\"true\" href=\"https:\/\/www.brightsign.biz\/fr\/blog\/smarter-digital-signage-strategies-powered-by-programmatic-advertising\/\"><\/a>\n\n                <div class=\"basic-button short ultraviolet\">\n                    <a href=\"https:\/\/www.brightsign.biz\/fr\/blog\/smarter-digital-signage-strategies-powered-by-programmatic-advertising\/\">Lire<i class=\"fa-solid fa-chevron-right\"><\/i><\/a>\n                <\/div>\n            <\/div><!-- post-slide-content -->\n\n        <\/div><!-- swiper-slide -->\n\n        \n        <div class=\"swiper-slide\">\n\n            <div class=\"post-slide-image\">\n                                    <img decoding=\"async\" src=\"https:\/\/www.brightsign.biz\/wp-content\/uploads\/2025\/05\/transpo-blog-desktop-0515-750x440.jpg\" alt=\"Image pour la cr\u00e9ation de nouvelles recettes dans les lieux de transit tr\u00e8s fr\u00e9quent\u00e9s\" \/>\n                            <\/div>\n\n            <div class=\"post-slide-content\">\n                <h6 class=\"big-h6\">D\u00e9bloquer de nouvelles recettes dans les lieux de transit tr\u00e8s fr\u00e9quent\u00e9s<\/h6>\n                <p class=\"xx-small-p\">D\u00e9couvrez comment la publicit\u00e9 dans les transports en commun et l'affichage num\u00e9rique transforment les centres de transport \u00e0 forte fr\u00e9quentation en environnements g\u00e9n\u00e9rateurs de revenus - en augmentant le retour sur investissement et en am\u00e9liorant...<\/p>\n\n                <a class=\"full-button activate-container\" aria-hidden=\"true\" href=\"https:\/\/www.brightsign.biz\/fr\/blog\/unlocking-new-revenue-in-high-traffic-transit-locations\/\"><\/a>\n\n                <div class=\"basic-button short ultraviolet\">\n                    <a href=\"https:\/\/www.brightsign.biz\/fr\/blog\/unlocking-new-revenue-in-high-traffic-transit-locations\/\">Lire<i class=\"fa-solid fa-chevron-right\"><\/i><\/a>\n                <\/div>\n            <\/div><!-- post-slide-content -->\n\n        <\/div><!-- swiper-slide -->\n\n        \n    <\/div><!-- swiper-wrapper -->\n\n    <div class=\"swiper-pagination-wrapper hide-for-large\">\n        <div class=\"swiper-pagination\"><\/div>\n    <\/div><!-- swiper-pagination-wrapper -->\n<\/div><!-- post-swiper -->\n\n<\/div><!-- block-inner -->\n\n<\/section><!-- hero -->\n\n\n\n\n\n\n\n<section id=\"full-width-cta-block_0863824827523194dd8b718d235542ee\" class=\"full-width-cta custom-block\">\n\n<div class=\"block-inner medium grid-x\">\n\n<div class=\"cell small-12 medium-8\">\n    <h4><b>Parlons-en<\/b><\/h4>\n<p><span style=\"font-weight: 400\">Vous ne trouvez pas ce que vous cherchez ? Notre \u00e9quipe est passionn\u00e9e par la recherche de la solution d'affichage num\u00e9rique qui r\u00e9pondra aux objectifs et au budget de votre entreprise.\u00a0<\/span><\/p>\n<\/div><!-- medium-8 -->\n\n<div class=\"cell small-12 medium-4 content-right\">\n    <div class=\"basic-button blue\"><a href=\"https:\/\/www.brightsign.biz\/fr\/contactez-nous\/\" target=\"_self\">Parler \u00e0 un expert<i class=\"fa-solid fa-chevron-right\"><\/i><\/a><\/div>\n<\/div><!-- medium-4 -->\n\n<\/div><!-- block-inner -->\n\n<\/section><!-- hero -->\n\n\n\n\n\n<section id=\"ticker-block_8b1edb718208cc235e0727b530afbc4c\" class=\"ticker custom-block white-bg\">\n\n            <h4>Choisi par les leaders de l'industrie<\/h4>\n    \n    <div class=\"block-inner\">\n        <div class=\"swiper ticker-swiper\">\n            <div class=\"swiper-wrapper\">\n\n                                    \n                        <div class=\"swiper-slide\">\n                                                            <img decoding=\"async\" src=\"https:\/\/www.brightsign.biz\/wp-content\/uploads\/2024\/05\/PlugPowerGrayscale.svg\" alt=\"\" \/>\n                                                                                <\/div>\n\n                    \n                        <div class=\"swiper-slide\">\n                                                            <img decoding=\"async\" src=\"https:\/\/www.brightsign.biz\/wp-content\/uploads\/2024\/05\/GoPro_logo_light.svg\" alt=\"\" \/>\n                                                                                <\/div>\n\n                    \n                        <div class=\"swiper-slide\">\n                                                            <img decoding=\"async\" src=\"https:\/\/www.brightsign.biz\/wp-content\/uploads\/2024\/05\/lg.svg\" alt=\"\" \/>\n                                                                                <\/div>\n\n                    \n                        <div class=\"swiper-slide\">\n                                                            <img decoding=\"async\" src=\"https:\/\/www.brightsign.biz\/wp-content\/uploads\/2024\/05\/Screenshot-2024-05-28-at-12.08.31\u202fPM-750x440.png\" alt=\"\" \/>\n                                                                                <\/div>\n\n                    \n                        <div class=\"swiper-slide\">\n                                                            <img decoding=\"async\" src=\"https:\/\/www.brightsign.biz\/wp-content\/uploads\/2024\/05\/Screenshot-2024-05-28-at-12.08.31\u202fPM-750x440.png\" alt=\"\" \/>\n                                                                                <\/div>\n\n                    \n                        <div class=\"swiper-slide\">\n                                                            <img decoding=\"async\" src=\"https:\/\/www.brightsign.biz\/wp-content\/uploads\/2024\/05\/PlugPowerGrayscale.svg\" alt=\"\" \/>\n                                                                                <\/div>\n\n                    \n                        <div class=\"swiper-slide\">\n                                                            <img decoding=\"async\" src=\"https:\/\/www.brightsign.biz\/wp-content\/uploads\/2024\/05\/GoPro_logo_light.svg\" alt=\"\" \/>\n                                                                                <\/div>\n\n                    \n                        <div class=\"swiper-slide\">\n                                                            <img decoding=\"async\" src=\"https:\/\/www.brightsign.biz\/wp-content\/uploads\/2024\/05\/lg.svg\" alt=\"\" \/>\n                                                                                <\/div>\n\n                    \n                        <div class=\"swiper-slide\">\n                                                            <img decoding=\"async\" src=\"https:\/\/www.brightsign.biz\/wp-content\/uploads\/2024\/05\/Screenshot-2024-05-28-at-12.08.31\u202fPM-750x440.png\" alt=\"\" \/>\n                                                                                <\/div>\n\n                    \n                        <div class=\"swiper-slide\">\n                                                            <img decoding=\"async\" src=\"https:\/\/www.brightsign.biz\/wp-content\/uploads\/2024\/05\/Screenshot-2024-05-28-at-12.08.31\u202fPM-750x440.png\" alt=\"\" \/>\n                                                                                <\/div>\n\n                                    \n            <\/div><!-- swiper-wrapper -->\n        <\/div><!-- swiper -->\n    <\/div><!-- block-inner -->\n<\/section><!-- ticker -->","protected":false},"excerpt":{"rendered":"","protected":false},"author":2,"featured_media":0,"parent":0,"menu_order":70,"comment_status":"closed","ping_status":"closed","template":"","meta":{"_acf_changed":false,"_searchwp_excluded":"","footnotes":""},"class_list":["post-560","page","type-page","status-publish","hentry"],"acf":[],"_links":{"self":[{"href":"https:\/\/www.brightsign.biz\/fr\/wp-json\/wp\/v2\/pages\/560","targetHints":{"allow":["GET"]}}],"collection":[{"href":"https:\/\/www.brightsign.biz\/fr\/wp-json\/wp\/v2\/pages"}],"about":[{"href":"https:\/\/www.brightsign.biz\/fr\/wp-json\/wp\/v2\/types\/page"}],"author":[{"embeddable":true,"href":"https:\/\/www.brightsign.biz\/fr\/wp-json\/wp\/v2\/users\/2"}],"replies":[{"embeddable":true,"href":"https:\/\/www.brightsign.biz\/fr\/wp-json\/wp\/v2\/comments?post=560"}],"version-history":[{"count":2,"href":"https:\/\/www.brightsign.biz\/fr\/wp-json\/wp\/v2\/pages\/560\/revisions"}],"predecessor-version":[{"id":13493,"href":"https:\/\/www.brightsign.biz\/fr\/wp-json\/wp\/v2\/pages\/560\/revisions\/13493"}],"wp:attachment":[{"href":"https:\/\/www.brightsign.biz\/fr\/wp-json\/wp\/v2\/media?parent=560"}],"curies":[{"name":"wp","href":"https:\/\/api.w.org\/{rel}","templated":true}]}}