{"id":618,"date":"2023-03-27T15:47:24","date_gmt":"2023-03-27T15:47:24","guid":{"rendered":"https:\/\/brightsign2425.wpenginepowered.com\/?page_id=618"},"modified":"2025-05-30T17:41:40","modified_gmt":"2025-05-30T21:41:40","slug":"joueurs","status":"publish","type":"page","link":"https:\/\/www.brightsign.biz\/fr\/brightsign-advantage\/players\/","title":{"rendered":"Lecteurs BrightSign"},"content":{"rendered":"<section\n  id=\"hero-block_e8f9256ce43198de4052e4fcbb45c3fc\"\n  class=\"hero custom-block\"\n  data-form-url=\"\"\n>\n  <!-- Backgrounds: cover full section, center position (extended via SCSS) -->\n        <div id=\"hero-desktop-background\" style=\"background-image: url('https:\/\/www.brightsign.biz\/wp-content\/uploads\/2024\/06\/Header-family.png'); background-size: cover; background-position: center center; background-repeat: no-repeat;\"><\/div>\n        <div id=\"hero-mobile-background\" style=\"background-image: url('https:\/\/www.brightsign.biz\/wp-content\/uploads\/2024\/06\/Header-family.png'); background-size: cover; background-position: center center; background-repeat: no-repeat;\"><\/div>\n  \n  <div class=\"hero-gradient\" aria-hidden=\"true\"><\/div>\n  <div class=\"block-inner medium\">\n    <div class=\"block-inner-content grid-x grid-margin-y\">\n\n      <!-- MOBILE-only layout -->\n      <div class=\"cell small-12 show-for-small-only\">\n        \n        \n        \n        \n        <div class=\"mobile-content form-content\"><h1><strong>Bright<\/strong>Sign Joueurs<\/h1>\n<p>Con\u00e7u pour les professionnels avec une technologie de pointe et une flexibilit\u00e9 in\u00e9gal\u00e9e pour offrir des exp\u00e9riences de signalisation captivantes.<\/p>\n<\/div>      <\/div>\n      <!-- end MOBILE-only -->\n\n      <!-- DESKTOP text cell -->\n      <div class=\"cell small-12 medium-12 large-6 hide-for-small-only\">\n        \n        <h1><strong>Bright<\/strong>Sign Joueurs<\/h1>\n<p>Con\u00e7u pour les professionnels avec une technologie de pointe et une flexibilit\u00e9 in\u00e9gal\u00e9e pour offrir des exp\u00e9riences de signalisation captivantes.<\/p>\n      <\/div>\n      <!-- end DESKTOP text cell -->\n\n      <!-- DESKTOP form\/video cell -->\n      <div class=\"cell small-12 medium-12 large-6 center-play hide-for-small-only\">\n        \n              <\/div>\n      <!-- end DESKTOP form\/video cell -->\n\n    <\/div><!-- .block-inner-content -->\n  <\/div><!-- .block-inner -->\n<\/section><!-- hero -->\n\n\n\n\n\n<section id=\"media-grid-block_f72cbc697ef4e8ff7620ba614e8a6e1f\" class=\"media-grid custom-block dark small-top small-bottom\">\n\n<div class=\"block-inner medium\">\n\n<div class=\"full-width-text default-htags\">\n\n\n<\/div>\n\n\n<div class=\"grid-x\">\n\n\n<div class=\"mg-cell cell small-12 medium-4\">\n\n    <div class=\"mg-cell-inner item-parent\">\n\n    <div class=\"mg-item-content keep-overlay default-htags default-lists\">\n\n        \n            <div class=\"mg-item-image\">\n\n                <img decoding=\"async\" src=\"https:\/\/www.brightsign.biz\/wp-content\/uploads\/2023\/04\/IndustrialCardLG-e1682568910977.jpg\" alt=\"\" \/>\n           \n\n                            <\/div>\n        \n        \n\n            <div class=\"mg-content-top\">\n\n                <h5>Performance de niveau industriel<\/h5>\n                                    <p>Les lecteurs BrightSign sont des appareils de qualit\u00e9 professionnelle dot\u00e9s d'une architecture \u00e0 semi-conducteurs, d'options de connectivit\u00e9 E\/S \u00e9tendues et d'une durabilit\u00e9 \u00e9prouv\u00e9e dans les environnements extr\u00eames. \u00c9l\u00e9gants et ultra-fins, les bo\u00eetiers en aluminium anodis\u00e9 de nos lecteurs dissipent efficacement la chaleur sans ventilateur, ce qui rend cette solution id\u00e9ale pour les applications o\u00f9 l'espace est restreint.<\/p>\n                                \n\n            <\/div><!-- mg-content-top -->\n\n            <\/div><!-- mg-item-content -->\n\n            <ul class=\"mg-cta-list small-buttons\">\n\n                \n                <li>\n                    <a href=\"https:\/\/www.brightsign.biz\/fr\/joueurs-de-brightsign\/\" target=\"_self\">D\u00e9couvrir les acteurs<i class=\"fa-solid fa-chevron-right\"><\/i><\/a>\n                <\/li>\n\n                                \n                \n            <\/ul>\n\n    \n    <\/div><!-- mg-cell-inner -->\n\n<\/div><!-- mg-cell -->\n\n\n<div class=\"mg-cell cell small-12 medium-4\">\n\n    <div class=\"mg-cell-inner item-parent\">\n\n    <div class=\"mg-item-content keep-overlay default-htags default-lists\">\n\n        \n            <div class=\"mg-item-image\">\n\n                <img decoding=\"async\" src=\"https:\/\/www.brightsign.biz\/wp-content\/uploads\/2024\/06\/OS-th.png\" alt=\"\" \/>\n           \n\n                            <\/div>\n        \n        \n\n            <div class=\"mg-content-top\">\n\n                <h5>BrightSignOS\u2122<\/h5>\n                                    <p>Le seul syst\u00e8me d'exploitation con\u00e7u sp\u00e9cialement pour apporter une fiabilit\u00e9, une s\u00e9curit\u00e9, une puissance de signalisation et une durabilit\u00e9 in\u00e9gal\u00e9es \u00e0 chaque joueur BrightSign.<\/p>\n                                \n\n            <\/div><!-- mg-content-top -->\n\n            <\/div><!-- mg-item-content -->\n\n            <ul class=\"mg-cta-list small-buttons\">\n\n                \n                <li>\n                    <a href=\"https:\/\/www.brightsign.biz\/fr\/avantage-brightsign\/brightsign-os\/\" target=\"_self\">Explorer BrightSignOS<i class=\"fa-solid fa-chevron-right\"><\/i><\/a>\n                <\/li>\n\n                                \n                \n            <\/ul>\n\n    \n    <\/div><!-- mg-cell-inner -->\n\n<\/div><!-- mg-cell -->\n\n\n<div class=\"mg-cell cell small-12 medium-4\">\n\n    <div class=\"mg-cell-inner item-parent\">\n\n    <div class=\"mg-item-content keep-overlay default-htags default-lists\">\n\n        \n            <div class=\"mg-item-image\">\n\n                <img decoding=\"async\" src=\"https:\/\/www.brightsign.biz\/wp-content\/uploads\/2024\/05\/PG-0030-scaled-1-900x495.webp\" alt=\"\" \/>\n           \n\n                            <\/div>\n        \n        \n\n            <div class=\"mg-content-top\">\n\n                <h5>Flexible et adaptable<\/h5>\n                                    <p>Les lecteurs BrightSign constituent une solution \u00e9conomique et durable pour la affichage dynamique. Des appareils compacts aux appareils ultra-performants, nos lecteurs sont \u00e9volutifs, ce qui vous permet d'associer diff\u00e9rentes combinaisons de lecteurs en fonction de l'\u00e9volution de vos besoins. En outre, nos lecteurs sont hautement personnalisables, ce qui ouvre la porte \u00e0 une multitude de possibilit\u00e9s.<\/p>\n                                \n\n            <\/div><!-- mg-content-top -->\n\n            <\/div><!-- mg-item-content -->\n\n            <ul class=\"mg-cta-list small-buttons\">\n\n                \n                <li>\n                    <a href=\"https:\/\/www.brightsign.biz\/fr\/avantage-brightsign\/integrations-add-ons\/\" target=\"_self\">En savoir plus<i class=\"fa-solid fa-chevron-right\"><\/i><\/a>\n                <\/li>\n\n                                \n                \n            <\/ul>\n\n    \n    <\/div><!-- mg-cell-inner -->\n\n<\/div><!-- mg-cell -->\n\n\n<\/div><!-- grid-x -->\n\n\n<\/div><!-- block-inner -->  \n\n<\/section><!-- ### -->\n\n\n\n\n\n    <section id=\"full-width-text-block_9f7036ee36748e7a587d91dfc808e18a\" class=\"full-width-text custom-block dark small-top small-bottom brand-htags default-lists\">\n\n        <div class=\"block-inner medium\">\n\n        <h2 style=\"text-align: center\">Rencontrer les lecteurs<\/h2>\n<p style=\"text-align: center\">Plus de fonctionnalit\u00e9s que les autres lecteurs multim\u00e9dias. Plus grande flexibilit\u00e9 que les SoC. Plus de fiabilit\u00e9 et de s\u00e9curit\u00e9 que les PC.<br \/>\nD\u00e9couvrez BrightSign, le lecteur multim\u00e9dia le plus fiable du secteur de l'affichage dynamique.<\/p>\n\n        \n        <\/div><!-- block-inner -->  \n\n        \n    <\/section><!-- full-width-text -->  \n\n\n\n\n\n<section id=\"media-text-block_0c59bc1f25196ff419390789650d4724\" class=\"media-text custom-block dark small-top small-bottom\" >\n    <div class=\"dot-in\"><\/div><!-- dot-in -->\n    <div class=\"block-inner medium grid-x right\">\n    \n        <div class=\"cell small-12 medium-12 large-6 mediatext-content default-checks\">\n            <div aria-hidden=\"true\" class=\"blue-dot\"><\/div>\n                            <h4>Lecteurs Series 5<\/h4>\n                                                    <p>BrightSign Series 5 est la gamme de lecteurs BrightSign la plus puissante et la plus avanc\u00e9e jamais con\u00e7ue.<\/p>\n<ul>\n<li>Aliment\u00e9 par le c\u00e9l\u00e8bre syst\u00e8me BrightSignOS\u2122<\/li>\n<li>Vid\u00e9o Stellaire Full HD \u00e0 8K<\/li>\n<li>Des performances graphiques de pointe<\/li>\n<li>Options d'E\/S \u00e9tendues pour une flexibilit\u00e9 in\u00e9gal\u00e9e<\/li>\n<li>Conception robuste, sans ventilateur, avec une coh\u00e9rence mat\u00e9rielle globale et un fonctionnement fiable 24 heures sur 24, 7 jours sur 7<\/li>\n<li>Large choix pour r\u00e9pondre \u00e0 toutes les applications et \u00e0 tous les budgets<\/li>\n<li>Service gratuit bsn.Control pour l'acc\u00e8s et le contr\u00f4le \u00e0 distance des appareils<\/li>\n<li>Enti\u00e8rement int\u00e9gr\u00e9 \u00e0 un r\u00e9seau mondial de solutions CMS de premier plan<\/li>\n<\/ul>\n                        \n                            <div class=\"basic-button blue\">\n                    <a href=\"https:\/\/www.brightsign.biz\/fr\/joueurs-de-brightsign\/serie-5\/\" target=\"_self\">\n                        Explorer la s\u00e9rie 5                    <\/a>\n                <\/div><!-- basic-cta -->\n                        \n                    <\/div><!-- mediatext-content -->\n        \n        <div class=\"cell small-12 medium-12 large-6 form-wrapper center-play\">\n                            <!-- Normal form on all devices -->\n                                                    <div class=\"mediatext-image no-blue\">\n                        <img decoding=\"async\" src=\"https:\/\/www.brightsign.biz\/wp-content\/uploads\/2024\/06\/player-lineup-th2.png\" alt=\"\" \/>\n                                            <\/div><!-- mediatext-image -->\n                                                            \n                                <!-- Video Modal Markup using hero.php classes -->\n                    <div class=\"mediagrid-modal reveal full\" id=\"video-790201542\" data-reveal data-close-on-click=\"true\">\n                        <div class=\"mediagrid-modal-inner\">\n                            <iframe src=\"\" data-src=\"https:\/\/player.vimeo.com\/video\/790201542?autoplay=1\" frameborder=\"0\" allowfullscreen allowtransparency allow=\"autoplay\"><\/iframe>\n                            <button class=\"close-button\" data-close aria-label=\"Fermer la fen\u00eatre modale\" type=\"button\">\n                                <i class=\"fa-sharp fa-regular fa-xmark\"><\/i>\n                            <\/button>\n                        <\/div>\n                    <\/div>\n                    <button class=\"play-modal\" data-open=\"video-790201542\" aria-controls=\"video-790201542\" aria-haspopup=\"dialog\" tabindex=\"0\"><\/button>\n                    <\/div><!-- form-wrapper -->\n        \n    <\/div><!-- block-inner -->\n<\/section><!-- media-text -->\n\n\n\n\n\n<section id=\"media-text-block_8797867e954a97fcf9c52a09a7657c31\" class=\"media-text custom-block dark small-top small-bottom\" >\n    <div class=\"dot-in\"><\/div><!-- dot-in -->\n    <div class=\"block-inner medium grid-x left\">\n    \n        <div class=\"cell small-12 medium-12 large-6 mediatext-content default-checks\">\n            <div aria-hidden=\"true\" class=\"blue-dot\"><\/div>\n                            <h4>Lecteurs Series 4<\/h4>\n                                                    <p>La r\u00e9f\u00e9rence en mati\u00e8re de lecteurs multim\u00e9dias num\u00e9riques.<\/p>\n<ul>\n<li>Rendus HTML5 innovants<\/li>\n<li>Double d\u00e9codage pour pour le streaming TV en direct<\/li>\n<li>Des vid\u00e9os et des graphismes 4K d'une qualit\u00e9 irr\u00e9prochable<\/li>\n<li>Plate-forme fiable \u00e0 semi-conducteurs, sans ventilateur<\/li>\n<li>Fonctionne avec le logiciel BrightSignOS, con\u00e7u sp\u00e9cifiquement pour l'affichage dynamique<\/li>\n<\/ul>\n                        \n                            <div class=\"basic-button blue\">\n                    <a href=\"https:\/\/www.brightsign.biz\/fr\/joueurs-de-brightsign\/serie-4\/\" target=\"_self\">\n                        D\u00e9couvrir la gamme Series 4                    <\/a>\n                <\/div><!-- basic-cta -->\n                        \n                    <\/div><!-- mediatext-content -->\n        \n        <div class=\"cell small-12 medium-12 large-6 form-wrapper\">\n                            <!-- Normal form on all devices -->\n                                                    <div class=\"mediatext-image no-blue\">\n                        <img decoding=\"async\" src=\"https:\/\/www.brightsign.biz\/wp-content\/uploads\/2024\/06\/XT4-thumbnail.png\" alt=\"\" \/>\n                                            <\/div><!-- mediatext-image -->\n                                                            \n                    <\/div><!-- form-wrapper -->\n        \n    <\/div><!-- block-inner -->\n<\/section><!-- media-text -->\n\n\n\n\n\n<section id=\"media-text-block_6b03a20143b0e3e11fbb43150424070b\" class=\"media-text custom-block dark small-top small-bottom\" >\n    <div class=\"dot-in\"><\/div><!-- dot-in -->\n    <div class=\"block-inner medium grid-x right\">\n    \n        <div class=\"cell small-12 medium-12 large-6 mediatext-content default-checks\">\n            <div aria-hidden=\"true\" class=\"blue-dot\"><\/div>\n                            <h4>BrightSignOS<\/h4>\n                                                    <p class=\"translation-block\">Notre gamme de logiciels d'affichage dynamique facilite la cr\u00e9ation, la r\u00e9daction, la publication,<br> la gestion et le contr\u00f4le du contenu ainsi que sa diffusion sur l'ensemble de votre r\u00e9seau de lecteurs BrightSign.<\/p>\n<ul>\n<li>BrightAuthor:connected est notre logiciel de cr\u00e9ation puissant<\/li>\n<li>bsn.Content offre un suivi en temps r\u00e9el de la sant\u00e9 des joueurs et une gestion \u00e0 distance<\/li>\n<li>BSN.Cloud fournit un r\u00e9seau \u00e9volutif et une gestion de contenu<\/li>\n<li>Utilisez notre CMS gratuit ou choisissez parmi plus de 100 solutions CMS int\u00e9gr\u00e9es.<\/li>\n<\/ul>\n                        \n                            <div class=\"basic-button blue\">\n                    <a href=\"https:\/\/www.brightsign.biz\/fr\/avantage-brightsign\/brightsign-os\/\" target=\"_self\">\n                        BrightSignOS : Du sur-mesure et de la confiance                    <\/a>\n                <\/div><!-- basic-cta -->\n                        \n                    <\/div><!-- mediatext-content -->\n        \n        <div class=\"cell small-12 medium-12 large-6 form-wrapper\">\n                            <!-- Normal form on all devices -->\n                                                    <div class=\"mediatext-image no-blue\">\n                        <img decoding=\"async\" src=\"https:\/\/www.brightsign.biz\/wp-content\/uploads\/2023\/03\/Software.jpg\" alt=\"\" \/>\n                                            <\/div><!-- mediatext-image -->\n                                                            \n                    <\/div><!-- form-wrapper -->\n        \n    <\/div><!-- block-inner -->\n<\/section><!-- media-text -->\n\n\n\n\n\n\n\n<section id=\"full-width-feature-block_f6c92b3d85cd39e61f434aa503964405\" class=\"full-width-feature custom-block\">\n\n    <div class=\"fv-bg-image\" style=\"background-image: url('https:\/\/www.brightsign.biz\/wp-content\/uploads\/2024\/06\/XC-award.png')\"><\/div>\n\n<div class=\"hero-gradient\"><\/div>\n\n<div class=\"block-inner grid-x\">\n\n<div class=\"block-inner-content default-checks cell small-12 medium-12 large-6\">\n\n    <h2><strong>Le lecteur le plus prim\u00e9<\/strong><\/h2>\n<p>BrightSign XC5 est l'acteur le plus puissant - et le plus prim\u00e9 - de la signalisation num\u00e9rique.<\/p>\n<ul>\n<li>Meilleur nouveau syst\u00e8me de traitement de mur d'images : rAVe Pubs, ISE 2023<\/li>\n<li>Produit num\u00e9rique Signage le plus innovant : System Contractor News, InfoComm 2022<\/li>\n<li>Meilleur du march\u00e9 : Digital Signage Magazine, InfoComm 2022<\/li>\n<li>Best of Show : Digital Signage Magazine, InfoComm 2022<\/li>\n<li>Meilleur nouveau lecteur m\u00e9dia : rAVe Pubs, DSE 2022<\/li>\n<\/ul>\n<p>&nbsp;<\/p>\n<div class=\"ctas\"><\/div>\n\n\n<div class=\"basic-button blue\">\n<a href=\"https:\/\/www.brightsign.biz\/fr\/joueurs-de-brightsign\/serie-5\/xc5\/\" target=\"_self\">D\u00e9couvrir BrightSign XC5<i class=\"fa-solid fa-chevron-right\"><\/i><\/a>\n<\/div><!-- basic-cta -->\n\n\n\n<\/div><!-- block-inner-content -->\n\n<div class=\"cell small-12 medium-12 large-6\">\n<\/div><!-- cell -->\n\n<\/div><!-- block-inner -->\n\n<\/section>","protected":false},"excerpt":{"rendered":"","protected":false},"author":2,"featured_media":0,"parent":513,"menu_order":10,"comment_status":"closed","ping_status":"closed","template":"","meta":{"_acf_changed":true,"_searchwp_excluded":"","footnotes":""},"class_list":["post-618","page","type-page","status-publish","hentry"],"acf":[],"_links":{"self":[{"href":"https:\/\/www.brightsign.biz\/fr\/wp-json\/wp\/v2\/pages\/618","targetHints":{"allow":["GET"]}}],"collection":[{"href":"https:\/\/www.brightsign.biz\/fr\/wp-json\/wp\/v2\/pages"}],"about":[{"href":"https:\/\/www.brightsign.biz\/fr\/wp-json\/wp\/v2\/types\/page"}],"author":[{"embeddable":true,"href":"https:\/\/www.brightsign.biz\/fr\/wp-json\/wp\/v2\/users\/2"}],"replies":[{"embeddable":true,"href":"https:\/\/www.brightsign.biz\/fr\/wp-json\/wp\/v2\/comments?post=618"}],"version-history":[{"count":0,"href":"https:\/\/www.brightsign.biz\/fr\/wp-json\/wp\/v2\/pages\/618\/revisions"}],"up":[{"embeddable":true,"href":"https:\/\/www.brightsign.biz\/fr\/wp-json\/wp\/v2\/pages\/513"}],"wp:attachment":[{"href":"https:\/\/www.brightsign.biz\/fr\/wp-json\/wp\/v2\/media?parent=618"}],"curies":[{"name":"wp","href":"https:\/\/api.w.org\/{rel}","templated":true}]}}