{"id":624,"date":"2023-03-27T15:51:43","date_gmt":"2023-03-27T15:51:43","guid":{"rendered":"https:\/\/brightsign2425.wpenginepowered.com\/?page_id=624"},"modified":"2025-11-10T19:17:46","modified_gmt":"2025-11-11T00:17:46","slug":"brightsign-os","status":"publish","type":"page","link":"https:\/\/www.brightsign.biz\/fr\/brightsign-advantage\/brightsign-os\/","title":{"rendered":"BrightSignOS"},"content":{"rendered":"<section\n  id=\"hero-block_f73323b56d8c01bf4ccc71ef0f388237\"\n  class=\"hero custom-block\"\n  data-form-url=\"\"\n>\n  <!-- Backgrounds: cover full section, center position (extended via SCSS) -->\n        <div id=\"hero-desktop-background\" style=\"background-image: url('https:\/\/www.brightsign.biz\/wp-content\/uploads\/2024\/06\/hero-OS-v4.jpg'); background-size: cover; background-position: center center; background-repeat: no-repeat;\"><\/div>\n        <div id=\"hero-mobile-background\" style=\"background-image: url('https:\/\/www.brightsign.biz\/wp-content\/uploads\/2024\/06\/hero-OS-v4.jpg'); background-size: cover; background-position: center center; background-repeat: no-repeat;\"><\/div>\n  \n  <div class=\"hero-gradient\" aria-hidden=\"true\"><\/div>\n  <div class=\"block-inner medium\">\n    <div class=\"block-inner-content grid-x grid-margin-y\">\n\n      <!-- MOBILE-only layout -->\n      <div class=\"cell small-12 show-for-small-only\">\n        \n        \n        \n        \n        <ul class=\"custom-breadcrumb\"><li>Produits et logiciels<\/li><\/ul><div class=\"mobile-content form-content\"><h1><strong>Bright<\/strong>SignOS<b>\u2122<\/b><\/h1>\n<p>Du sur-mesure et de la confiance<\/p>\n<\/div><div class=\"basic-button blue\"><a href=\"https:\/\/www.brightsign.biz\/fr\/ressources\/telechargements-de-logiciels\/\" target=\"\">T\u00e9l\u00e9charger le Logiciel <i class=\"fa-solid fa-chevron-right\"><\/i><\/a><\/div>      <\/div>\n      <!-- end MOBILE-only -->\n\n      <!-- DESKTOP text cell -->\n      <div class=\"cell small-12 medium-12 large-6 hide-for-small-only\">\n        \n        <ul class=\"custom-breadcrumb\"><li>Produits et logiciels<\/li><\/ul><h1><strong>Bright<\/strong>SignOS<b>\u2122<\/b><\/h1>\n<p>Du sur-mesure et de la confiance<\/p>\n<div class=\"basic-button blue\"><a href=\"https:\/\/www.brightsign.biz\/fr\/ressources\/telechargements-de-logiciels\/\" target=\"\">T\u00e9l\u00e9charger le Logiciel <i class=\"fa-solid fa-chevron-right\"><\/i><\/a><\/div>      <\/div>\n      <!-- end DESKTOP text cell -->\n\n      <!-- DESKTOP form\/video cell -->\n      <div class=\"cell small-12 medium-12 large-6 center-play hide-for-small-only\">\n        \n              <\/div>\n      <!-- end DESKTOP form\/video cell -->\n\n    <\/div><!-- .block-inner-content -->\n  <\/div><!-- .block-inner -->\n<\/section><!-- hero -->\n\n\n\n    <section id=\"full-width-text-block_de796164b36ce6f004449008195f6bd4\" class=\"full-width-text custom-block dark small-top medium-bottom brand-htags default-lists\">\n\n        <div class=\"block-inner medium\">\n\n        <h2 style=\"text-align: center\">Des performances adapt\u00e9es<\/h2>\n<p style=\"text-align: center\">BrightSignOS est un syst\u00e8me d'exploitation sp\u00e9cialis\u00e9 et fiable qui alimente tous les lecteurs BrightSign et les connecte de mani\u00e8re transparente aux services BSN.Cloud et aux solutions des partenaires. Con\u00e7u et optimis\u00e9 pour l'affichage dynamique, il est la pierre angulaire de la fiabilit\u00e9, de la s\u00e9curit\u00e9, des performances et de la durabilit\u00e9 l\u00e9gendaires de BrightSign. <\/p>\n\n        \n        <\/div><!-- block-inner -->  \n\n        \n    <\/section><!-- full-width-text -->  \n\n\n\n\n\n\n\n<section id=\"media-grid-block_01efdf15dac311c08440a32c5fbee27d\" class=\"media-grid custom-block dark none-top none-bottom\">\n\n<div class=\"block-inner medium\">\n\n<div class=\"full-width-text default-htags\">\n\n\n<\/div>\n\n\n<div class=\"grid-x\">\n\n\n<div class=\"mg-cell cell small-12 medium-6\">\n\n    <div class=\"mg-cell-inner item-parent\">\n\n    <div class=\"mg-item-content remove-overlay default-htags default-lists\">\n\n        \n            <div class=\"mg-item-image\">\n\n                <img decoding=\"async\" src=\"https:\/\/www.brightsign.biz\/wp-content\/uploads\/2024\/06\/secure.png\" alt=\"\" \/>\n           \n\n                            <\/div>\n        \n        \n\n            <div class=\"mg-content-top\">\n\n                \n                                    <h4>Garantie<\/h4>\n<p>Con\u00e7u pour r\u00e9duire consid\u00e9rablement les risques et s'adapter \u00e0 tous les profils de s\u00e9curit\u00e9<\/p>\n<ul>\n<li>Syst\u00e8me d'exploitation exceptionnellement prot\u00e9g\u00e9 par une signature num\u00e9rique s\u00e9curis\u00e9e<\/li>\n<li>Ex\u00e9cute une application de signalisation singuli\u00e8re pour se prot\u00e9ger contre les virus<\/li>\n<li>Configurable pour tout type de profil de s\u00e9curit\u00e9<\/li>\n<li>La s\u00e9curit\u00e9 s'\u00e9tend aux solutions CMS int\u00e9gr\u00e9es<\/li>\n<\/ul>\n                                \n\n            <\/div><!-- mg-content-top -->\n\n            <\/div><!-- mg-item-content -->\n\n            <ul class=\"mg-cta-list small-buttons\">\n\n                                \n                \n            <\/ul>\n\n    \n    <\/div><!-- mg-cell-inner -->\n\n<\/div><!-- mg-cell -->\n\n\n<div class=\"mg-cell cell small-12 medium-6\">\n\n    <div class=\"mg-cell-inner item-parent\">\n\n    <div class=\"mg-item-content remove-overlay default-htags default-lists\">\n\n        \n            <div class=\"mg-item-image\">\n\n                <img decoding=\"async\" src=\"https:\/\/www.brightsign.biz\/wp-content\/uploads\/2024\/06\/reliable.png\" alt=\"\" \/>\n           \n\n                            <\/div>\n        \n        \n\n            <div class=\"mg-content-top\">\n\n                \n                                    <h4>Fiable<\/h4>\n<p>Lecture avec auto-r\u00e9paration et gestion \u00e0 distance pour des dur\u00e9es de fonctionnement in\u00e9gal\u00e9es<\/p>\n<ul>\n<li>Protocoles d'autor\u00e9paration persistants permettant des temps de fonctionnement in\u00e9gal\u00e9s<\/li>\n<li>Gestion et contr\u00f4le \u00e0 distance des lecteurs int\u00e9gr\u00e9s et s\u00e9curis\u00e9s<\/li>\n<li>Diagnostics et contr\u00f4les \u00e0 distance pour r\u00e9duire les visites co\u00fbteuses sur site<\/li>\n<li>Stockage amovible permettant d'\u00e9viter les situations d'arrachage\/remplacement<\/li>\n<\/ul>\n                                \n\n            <\/div><!-- mg-content-top -->\n\n            <\/div><!-- mg-item-content -->\n\n            <ul class=\"mg-cta-list small-buttons\">\n\n                                \n                \n            <\/ul>\n\n    \n    <\/div><!-- mg-cell-inner -->\n\n<\/div><!-- mg-cell -->\n\n\n<div class=\"mg-cell cell small-12 medium-6\">\n\n    <div class=\"mg-cell-inner item-parent\">\n\n    <div class=\"mg-item-content remove-overlay default-htags default-lists\">\n\n        \n            <div class=\"mg-item-image\">\n\n                <img decoding=\"async\" src=\"https:\/\/www.brightsign.biz\/wp-content\/uploads\/2024\/06\/superior.png\" alt=\"\" \/>\n           \n\n                            <\/div>\n        \n        \n\n            <div class=\"mg-content-top\">\n\n                \n                                    <h4>Sup\u00e9rieur<\/h4>\n<p>Performances, fonctionnalit\u00e9s et extensions sp\u00e9cialement con\u00e7ues pour l'affichage num\u00e9rique<\/p>\n<ul>\n<li>Optimis\u00e9 pour l'ex\u00e9cution de vid\u00e9os et de graphiques anim\u00e9s de pointe<\/li>\n<li>Nombreuses fonctions de signalisation disponibles avec un logiciel de cr\u00e9ation gratuit<\/li>\n<li>Int\u00e9gr\u00e9 \u00e0 des centaines de r\u00e9seaux mondiaux <a href=\"https:\/\/www.brightsign.biz\/fr\/partenaires\/\">Solutions CMS<\/a><\/li>\n<li>Hautement extensible pour utiliser en toute s\u00e9curit\u00e9 des technologies de signalisation sp\u00e9cialis\u00e9es<\/li>\n<\/ul>\n                                \n\n            <\/div><!-- mg-content-top -->\n\n            <\/div><!-- mg-item-content -->\n\n            <ul class=\"mg-cta-list small-buttons\">\n\n                                \n                \n            <\/ul>\n\n    \n    <\/div><!-- mg-cell-inner -->\n\n<\/div><!-- mg-cell -->\n\n\n<div class=\"mg-cell cell small-12 medium-6\">\n\n    <div class=\"mg-cell-inner item-parent\">\n\n    <div class=\"mg-item-content remove-overlay default-htags default-lists\">\n\n        \n            <div class=\"mg-item-image\">\n\n                <img decoding=\"async\" src=\"https:\/\/www.brightsign.biz\/wp-content\/uploads\/2024\/06\/sustainable.png\" alt=\"\" \/>\n           \n\n                            <\/div>\n        \n        \n\n            <div class=\"mg-content-top\">\n\n                \n                                    <h4>Durable<\/h4>\n<p>Fonctionne et \u00e9volue avec des mises \u00e0 jour gratuites pour une long\u00e9vit\u00e9 in\u00e9gal\u00e9e du lecteur.<\/p>\n<ul>\n<li>Faibles besoins en \u00e9nergie et hautes performances<\/li>\n<li>Garantie d'un long cycle de vie pour une long\u00e9vit\u00e9 sans pr\u00e9c\u00e9dent<\/li>\n<li>Mises \u00e0 jour gratuites appliqu\u00e9es \u00e0 la demande et coh\u00e9rentes d'une g\u00e9n\u00e9ration de mat\u00e9riel \u00e0 l'autre<\/li>\n<li>R\u00e9approvisionnement \u00e0 distance \u00e0 tout moment pour garantir la flexibilit\u00e9<\/li>\n<\/ul>\n                                \n\n            <\/div><!-- mg-content-top -->\n\n            <\/div><!-- mg-item-content -->\n\n            <ul class=\"mg-cta-list small-buttons\">\n\n                                \n                \n            <\/ul>\n\n    \n    <\/div><!-- mg-cell-inner -->\n\n<\/div><!-- mg-cell -->\n\n\n<\/div><!-- grid-x -->\n\n\n<\/div><!-- block-inner -->  \n\n<\/section><!-- ### -->\n\n\n\n\n\n    <section id=\"full-width-text-block_d5af3e186291981b27185d67b73494f9\" class=\"full-width-text custom-block dark none-top none-bottom default-htags default-lists\">\n\n        <div class=\"block-inner medium\">\n\n        <p>&nbsp;<\/p>\n<p>&nbsp;<\/p>\n\n        \n        <\/div><!-- block-inner -->  \n\n        \n    <\/section><!-- full-width-text -->  \n\n\n\n\n\n\n\n<section id=\"full-width-feature-block_eb6a1c592957bab6464d43f0f368100f\" class=\"full-width-feature custom-block\">\n\n    <div class=\"fv-bg-image\" style=\"background-image: url('https:\/\/www.brightsign.biz\/wp-content\/uploads\/2024\/06\/player-parts.png')\"><\/div>\n\n<div class=\"hero-gradient\"><\/div>\n\n<div class=\"block-inner grid-x\">\n\n<div class=\"block-inner-content default-checks cell small-12 medium-12 large-6\">\n\n    <h2><\/h2>\n<ul>\n<li>R\u00e9duire les risques \u00e0 un niveau proche de z\u00e9ro gr\u00e2ce \u00e0 un syst\u00e8me de fichiers hautement s\u00e9curis\u00e9 con\u00e7u uniquement pour la signal\u00e9tique, en \u00e9liminant les vuln\u00e9rabilit\u00e9s gr\u00e2ce \u00e0 des mesures de s\u00e9curit\u00e9 in\u00e9gal\u00e9es et configurables.<\/li>\n<li>B\u00e9n\u00e9ficiez d'une fiabilit\u00e9 l\u00e9gendaire, de dur\u00e9es de fonctionnement in\u00e9gal\u00e9es et d'un co\u00fbt total de possession r\u00e9duit gr\u00e2ce \u00e0 des outils d'autor\u00e9paration intelligents et \u00e0 une surveillance \u00e0 distance qui permet de r\u00e9soudre rapidement les probl\u00e8mes.<\/li>\n<li>Obtenez des performances de signalisation sup\u00e9rieures gr\u00e2ce \u00e0 un traitement du contenu sur mesure et \u00e0 une suite \u00e9tendue de fonctions de signalisation, d'int\u00e9grations et d'extensions.<\/li>\n<li>Restez \u00e0 l'avant-garde des demandes du march\u00e9 gr\u00e2ce \u00e0 des mises \u00e0 jour gratuites et garanties, et assurez la p\u00e9rennit\u00e9 des joueurs gr\u00e2ce \u00e0 une gestion efficace de l'\u00e9nergie, des cycles de vie prolong\u00e9s et un reprovisionnement flexible.<\/li>\n<\/ul>\n\n\n<div class=\"basic-button blue\">\n<a href=\"https:\/\/www.brightsign.biz\/fr\/joueurs-de-brightsign\/logiciels\/\" target=\"_self\">D\u00e9couvrir les logiciels BrightSign<i class=\"fa-solid fa-chevron-right\"><\/i><\/a>\n<\/div><!-- basic-cta -->\n\n\n\n<\/div><!-- block-inner-content -->\n\n<div class=\"cell small-12 medium-12 large-6\">\n<\/div><!-- cell -->\n\n<\/div><!-- block-inner -->\n\n<\/section>\n\n\n\n    <section id=\"full-width-text-block_d5af3e186291981b27185d67b73494f9\" class=\"full-width-text custom-block dark none-top none-bottom default-htags default-lists\">\n\n        <div class=\"block-inner medium\">\n\n        <p>&nbsp;<\/p>\n<p>&nbsp;<\/p>\n\n        \n        <\/div><!-- block-inner -->  \n\n        \n    <\/section><!-- full-width-text -->  \n\n\n\n\n\n\n<section id=\"full-width-cta-block_f68ffe0e7deb0413d2dd74d6df693fa0\" class=\"full-width-cta custom-block\">\n\n<div class=\"block-inner medium grid-x\">\n\n<div class=\"cell small-12 medium-8\">\n    <h4><b>Parlons-en<\/b><\/h4>\n<p><span style=\"font-weight: 400\">Vous ne trouvez pas ce que vous cherchez ? Notre \u00e9quipe est passionn\u00e9e par la recherche de la solution d'affichage num\u00e9rique qui r\u00e9pondra aux objectifs et au budget de votre entreprise.\u00a0<\/span><\/p>\n<\/div><!-- medium-8 -->\n\n<div class=\"cell small-12 medium-4 content-right\">\n    <div class=\"basic-button blue\"><a href=\"https:\/\/www.brightsign.biz\/fr\/contactez-nous\/\" target=\"_self\">PARLER \u00c0 UN EXPERT<i class=\"fa-solid fa-chevron-right\"><\/i><\/a><\/div>\n<\/div><!-- medium-4 -->\n\n<\/div><!-- block-inner -->\n\n<\/section><!-- hero -->\n\n\n\n\n\n<section id=\"ticker-block_4833fad4d142ad0ee48f04b716929a28\" class=\"ticker custom-block white-bg dark medium-top medium-bottom\">\n\n            <h4>Choisi par les leaders de l'industrie<\/h4>\n    \n    <div class=\"block-inner\">\n        <div class=\"swiper ticker-swiper\">\n            <div class=\"swiper-wrapper\">\n\n                                    \n                        <div class=\"swiper-slide\">\n                                                            <img decoding=\"async\" src=\"https:\/\/www.brightsign.biz\/wp-content\/uploads\/2024\/05\/PlugPowerGrayscale.svg\" alt=\"\" \/>\n                                                                                <\/div>\n\n                    \n                        <div class=\"swiper-slide\">\n                                                            <img decoding=\"async\" src=\"https:\/\/www.brightsign.biz\/wp-content\/uploads\/2024\/05\/GoPro_logo_light.svg\" alt=\"\" \/>\n                                                                                <\/div>\n\n                    \n                        <div class=\"swiper-slide\">\n                                                            <img decoding=\"async\" src=\"https:\/\/www.brightsign.biz\/wp-content\/uploads\/2024\/05\/lg.svg\" alt=\"\" \/>\n                                                                                <\/div>\n\n                    \n                        <div class=\"swiper-slide\">\n                                                            <img decoding=\"async\" src=\"https:\/\/www.brightsign.biz\/wp-content\/uploads\/2024\/05\/Screenshot-2024-05-28-at-12.08.31\u202fPM-750x440.png\" alt=\"\" \/>\n                                                                                <\/div>\n\n                    \n                        <div class=\"swiper-slide\">\n                                                            <img decoding=\"async\" src=\"https:\/\/www.brightsign.biz\/wp-content\/uploads\/2024\/05\/Screenshot-2024-05-28-at-12.08.31\u202fPM-750x440.png\" alt=\"\" \/>\n                                                                                <\/div>\n\n                    \n                        <div class=\"swiper-slide\">\n                                                            <img decoding=\"async\" src=\"https:\/\/www.brightsign.biz\/wp-content\/uploads\/2024\/05\/PlugPowerGrayscale.svg\" alt=\"\" \/>\n                                                                                <\/div>\n\n                    \n                        <div class=\"swiper-slide\">\n                                                            <img decoding=\"async\" src=\"https:\/\/www.brightsign.biz\/wp-content\/uploads\/2024\/05\/GoPro_logo_light.svg\" alt=\"\" \/>\n                                                                                <\/div>\n\n                    \n                        <div class=\"swiper-slide\">\n                                                            <img decoding=\"async\" src=\"https:\/\/www.brightsign.biz\/wp-content\/uploads\/2024\/05\/lg.svg\" alt=\"\" \/>\n                                                                                <\/div>\n\n                    \n                        <div class=\"swiper-slide\">\n                                                            <img decoding=\"async\" src=\"https:\/\/www.brightsign.biz\/wp-content\/uploads\/2024\/05\/Screenshot-2024-05-28-at-12.08.31\u202fPM-750x440.png\" alt=\"\" \/>\n                                                                                <\/div>\n\n                    \n                        <div class=\"swiper-slide\">\n                                                            <img decoding=\"async\" src=\"https:\/\/www.brightsign.biz\/wp-content\/uploads\/2024\/05\/Screenshot-2024-05-28-at-12.08.31\u202fPM-750x440.png\" alt=\"\" \/>\n                                                                                <\/div>\n\n                                    \n            <\/div><!-- swiper-wrapper -->\n        <\/div><!-- swiper -->\n    <\/div><!-- block-inner -->\n<\/section><!-- ticker -->","protected":false},"excerpt":{"rendered":"","protected":false},"author":2,"featured_media":0,"parent":513,"menu_order":20,"comment_status":"closed","ping_status":"closed","template":"","meta":{"_acf_changed":false,"_searchwp_excluded":"","footnotes":""},"class_list":["post-624","page","type-page","status-publish","hentry"],"acf":[],"_links":{"self":[{"href":"https:\/\/www.brightsign.biz\/fr\/wp-json\/wp\/v2\/pages\/624","targetHints":{"allow":["GET"]}}],"collection":[{"href":"https:\/\/www.brightsign.biz\/fr\/wp-json\/wp\/v2\/pages"}],"about":[{"href":"https:\/\/www.brightsign.biz\/fr\/wp-json\/wp\/v2\/types\/page"}],"author":[{"embeddable":true,"href":"https:\/\/www.brightsign.biz\/fr\/wp-json\/wp\/v2\/users\/2"}],"replies":[{"embeddable":true,"href":"https:\/\/www.brightsign.biz\/fr\/wp-json\/wp\/v2\/comments?post=624"}],"version-history":[{"count":0,"href":"https:\/\/www.brightsign.biz\/fr\/wp-json\/wp\/v2\/pages\/624\/revisions"}],"up":[{"embeddable":true,"href":"https:\/\/www.brightsign.biz\/fr\/wp-json\/wp\/v2\/pages\/513"}],"wp:attachment":[{"href":"https:\/\/www.brightsign.biz\/fr\/wp-json\/wp\/v2\/media?parent=624"}],"curies":[{"name":"wp","href":"https:\/\/api.w.org\/{rel}","templated":true}]}}