{"id":642,"date":"2023-03-27T16:04:55","date_gmt":"2023-03-27T16:04:55","guid":{"rendered":"https:\/\/brightsign2425.wpenginepowered.com\/?page_id=642"},"modified":"2025-11-10T19:17:10","modified_gmt":"2025-11-11T00:17:10","slug":"serie-4","status":"publish","type":"page","link":"https:\/\/www.brightsign.biz\/fr\/brightsign-players\/series-4\/","title":{"rendered":"S\u00e9rie 4"},"content":{"rendered":"<section\n  id=\"hero-block_dc92d28917d2a98dfa91ebd6288edf77\"\n  class=\"hero custom-block\"\n  data-form-url=\"\"\n>\n  <!-- Backgrounds: cover full section, center position (extended via SCSS) -->\n        <div id=\"hero-desktop-background\" style=\"background-image: url('https:\/\/www.brightsign.biz\/wp-content\/uploads\/2024\/06\/hero-xt4.png'); background-size: cover; background-position: center center; background-repeat: no-repeat;\"><\/div>\n        <div id=\"hero-mobile-background\" style=\"background-image: url('https:\/\/www.brightsign.biz\/wp-content\/uploads\/2024\/06\/hero-xt4.png'); background-size: cover; background-position: center center; background-repeat: no-repeat;\"><\/div>\n  \n  <div class=\"hero-gradient\" aria-hidden=\"true\"><\/div>\n  <div class=\"block-inner medium\">\n    <div class=\"block-inner-content grid-x grid-margin-y\">\n\n      <!-- MOBILE-only layout -->\n      <div class=\"cell small-12 show-for-small-only\">\n        \n                  <div class=\"hero-form-embed\"><p><br data-mce-bogus=\"1\"><\/p>\n<\/div>\n        \n        \n        \n        <ul class=\"custom-breadcrumb\"><li>Produits et logiciels<\/li><\/ul><div class=\"mobile-content form-content\"><h1>S\u00e9rie <strong>4<\/strong><\/h1>\n<p>La r\u00e9f\u00e9rence en mati\u00e8re d'affichage dynamique.<\/p>\n<\/div>      <\/div>\n      <!-- end MOBILE-only -->\n\n      <!-- DESKTOP text cell -->\n      <div class=\"cell small-12 medium-12 large-6 hide-for-small-only\">\n        \n        <ul class=\"custom-breadcrumb\"><li>Produits et logiciels<\/li><\/ul><h1>S\u00e9rie <strong>4<\/strong><\/h1>\n<p>La r\u00e9f\u00e9rence en mati\u00e8re d'affichage dynamique.<\/p>\n      <\/div>\n      <!-- end DESKTOP text cell -->\n\n      <!-- DESKTOP form\/video cell -->\n      <div class=\"cell small-12 medium-12 large-6 center-play hide-for-small-only\">\n        \n                  <div class=\"hero-form-embed\"><p><br data-mce-bogus=\"1\"><\/p>\n<\/div>\n              <\/div>\n      <!-- end DESKTOP form\/video cell -->\n\n    <\/div><!-- .block-inner-content -->\n  <\/div><!-- .block-inner -->\n<\/section><!-- hero -->\n\n\n\n    <section id=\"full-width-text-block_6d5ef72478463786c0f411d816fe517f\" class=\"full-width-text custom-block dark small-top small-bottom brand-htags default-lists\">\n\n        <div class=\"block-inner medium\">\n\n        <h2 class=\"column-title\" style=\"text-align: center\">BrightSign S\u00e9rie 4<\/h2>\n<div class=\"text-content\" style=\"text-align: center\">\n<p>Depuis le 1er mars 2025, le lecteur BrightSign XT1144 a atteint la fin de sa production. Bien que nous ne vendions plus ce mod\u00e8le, nous nous engageons \u00e0 le soutenir jusqu'au 1er mars 2030. Si vous recherchez un produit similaire au XT1144, nous vous recommandons le XT1145, qui offre des OI comparables et des performances accrues.<\/p>\n<p>En outre, tous les lecteurs BrightSign de la s\u00e9rie 5 et des s\u00e9ries ult\u00e9rieures achet\u00e9s apr\u00e8s le 1er janvier 2025 sont livr\u00e9s avec un <a href=\"https:\/\/www.brightsign.biz\/fr\/joueurs-de-brightsign\/garantie\/\">Garantie de 5 ans<\/a>La nouvelle version de l'application est en cours d'\u00e9laboration, ce qui renforce notre engagement \u00e0 fournir les solutions de signalisation num\u00e9rique les plus fiables de l'industrie.<\/div>\n\n        \n                        <ul class=\"small-buttons center\">\n                                    <li>\n                        <a href=\"https:\/\/www.brightsign.biz\/fr\/joueurs-de-brightsign\/serie-5\/xt5\/\" target=\"_self\">EN SAVOIR PLUS SUR LE XT5<\/a>\n                    <\/li>\n                            <\/ul>\n            \n        \n        <\/div><!-- block-inner -->  \n\n        \n    <\/section><!-- full-width-text -->  \n\n\n\n\n\n<section id=\"xt4\" class=\"media-text custom-block dark small-top small-bottom\" >\n    <div class=\"dot-in\"><\/div><!-- dot-in -->\n    <div class=\"block-inner medium grid-x left\">\n    \n        <div class=\"cell small-12 medium-12 large-6 mediatext-content default-checks\">\n            <div aria-hidden=\"true\" class=\"blue-dot\"><\/div>\n                            <h4>BrightSign XT4<\/h4>\n                                                    <p>Des performances d'entreprise prim\u00e9es<\/p>\n<ul>\n<li>Ex\u00e9cution simultan\u00e9e de plusieurs graphiques HTML5<\/li>\n<li>Permet de r\u00e9aliser des applications tactiles multi-gestes<\/li>\n<li>Offre des vid\u00e9os et des graphismes 4K impressionnants<\/li>\n<li>Connectivit\u00e9 E\/S \u00e9tendue<\/li>\n<li>Lecture de la t\u00e9l\u00e9vision en direct \u00e0 partir de n'importe quelle cha\u00eene de radiodiffusion<\/li>\n<\/ul>\n<p><a href=\"https:\/\/www.brightsign.biz\/wp-content\/uploads\/2023\/04\/XT4-datasheet.pdf\" target=\"_blank\">Fiche technique XT-4<\/a><\/p>\n                        \n                        \n                    <\/div><!-- mediatext-content -->\n        \n        <div class=\"cell small-12 medium-12 large-6 form-wrapper\">\n                            <!-- Normal form on all devices -->\n                                                    <div class=\"mediatext-image no-blue\">\n                        <img decoding=\"async\" src=\"https:\/\/www.brightsign.biz\/wp-content\/uploads\/2024\/05\/XT4_1144-750x440.webp\" alt=\"\" \/>\n                                            <\/div><!-- mediatext-image -->\n                                                            \n                    <\/div><!-- form-wrapper -->\n        \n    <\/div><!-- block-inner -->\n<\/section><!-- media-text -->\n\n\n\n\n\n<section id=\"media-text-block_15935d4f55a0f11c5d5601f4e8be3977\" class=\"media-text custom-block dark small-top small-bottom\" >\n    <div class=\"dot-in\"><\/div><!-- dot-in -->\n    <div class=\"block-inner medium grid-x right\">\n    \n        <div class=\"cell small-12 medium-12 large-6 mediatext-content default-checks\">\n            <div aria-hidden=\"true\" class=\"blue-dot\"><\/div>\n                            <h4>BrightSign XT4-T<\/h4>\n                                                    <p>Des performances in\u00e9gal\u00e9es pour les applications administratives.<\/p>\n<ul>\n<li>Conformit\u00e9 \u00e0 la loi sur les accords commerciaux (TAA)<\/li>\n<li>Permet d'utiliser simultan\u00e9ment plusieurs graphiques HTML5<\/li>\n<li>Ex\u00e9cute deux vid\u00e9os 4K \u00e0 partir d'un seul lecteur<\/li>\n<li>Ultra-rapide et fiable gr\u00e2ce au r\u00e9seau Gigabit et aux capacit\u00e9s PoE+<\/li>\n<li>Gestion \u00e0 distance de la s\u00e9curit\u00e9 et de l'int\u00e9grit\u00e9 des lecteurs<\/li>\n<\/ul>\n<p><a href=\"https:\/\/www.brightsign.biz\/wp-content\/uploads\/2023\/04\/XT1144-t-datasheet.pdf\" target=\"_blank\">Fiche technique XT-4<\/a><\/p>\n                        \n                        \n                    <\/div><!-- mediatext-content -->\n        \n        <div class=\"cell small-12 medium-12 large-6 form-wrapper\">\n                            <!-- Normal form on all devices -->\n                                                    <div class=\"mediatext-image no-blue\">\n                        <img decoding=\"async\" src=\"https:\/\/www.brightsign.biz\/wp-content\/uploads\/2024\/05\/XT4.Content-750x440.webp\" alt=\"\" \/>\n                                            <\/div><!-- mediatext-image -->\n                                                            \n                    <\/div><!-- form-wrapper -->\n        \n    <\/div><!-- block-inner -->\n<\/section><!-- media-text -->\n\n\n\n\n\n\n<section id=\"full-width-cta-block_0f7b0ec0fe4d363acfc0caa024db1aa9\" class=\"full-width-cta custom-block\">\n\n<div class=\"block-inner medium grid-x\">\n\n<div class=\"cell small-12 medium-8\">\n    <h4><b>Parlons-en<\/b><\/h4>\n<p><span style=\"font-weight: 400\">Vous ne trouvez pas ce que vous cherchez ? Notre \u00e9quipe est passionn\u00e9e par la recherche de la solution d'affichage num\u00e9rique qui r\u00e9pondra aux objectifs et au budget de votre entreprise.\u00a0<\/span><\/p>\n<\/div><!-- medium-8 -->\n\n<div class=\"cell small-12 medium-4 content-right\">\n    <div class=\"basic-button blue\"><a href=\"https:\/\/www.brightsign.biz\/fr\/contactez-nous\/\" target=\"_self\">PARLER \u00c0 UN EXPERT<i class=\"fa-solid fa-chevron-right\"><\/i><\/a><\/div>\n<\/div><!-- medium-4 -->\n\n<\/div><!-- block-inner -->\n\n<\/section><!-- hero -->\n\n\n\n\n\n<section id=\"ticker-block_c21f0a40738022a2eea570465ce1e4b3\" class=\"ticker custom-block white-bg dark medium-top medium-bottom\">\n\n            <h4>Choisi par les leaders de l'industrie<\/h4>\n    \n    <div class=\"block-inner\">\n        <div class=\"swiper ticker-swiper\">\n            <div class=\"swiper-wrapper\">\n\n                                    \n                        <div class=\"swiper-slide\">\n                                                            <img decoding=\"async\" src=\"https:\/\/www.brightsign.biz\/wp-content\/uploads\/2024\/05\/PlugPowerGrayscale.svg\" alt=\"\" \/>\n                                                                                <\/div>\n\n                    \n                        <div class=\"swiper-slide\">\n                                                            <img decoding=\"async\" src=\"https:\/\/www.brightsign.biz\/wp-content\/uploads\/2024\/05\/GoPro_logo_light.svg\" alt=\"\" \/>\n                                                                                <\/div>\n\n                    \n                        <div class=\"swiper-slide\">\n                                                            <img decoding=\"async\" src=\"https:\/\/www.brightsign.biz\/wp-content\/uploads\/2024\/05\/lg.svg\" alt=\"\" \/>\n                                                                                <\/div>\n\n                    \n                        <div class=\"swiper-slide\">\n                                                            <img decoding=\"async\" src=\"https:\/\/www.brightsign.biz\/wp-content\/uploads\/2024\/05\/Screenshot-2024-05-28-at-12.08.31\u202fPM-750x440.png\" alt=\"\" \/>\n                                                                                <\/div>\n\n                    \n                        <div class=\"swiper-slide\">\n                                                            <img decoding=\"async\" src=\"https:\/\/www.brightsign.biz\/wp-content\/uploads\/2024\/05\/Screenshot-2024-05-28-at-12.08.31\u202fPM-750x440.png\" alt=\"\" \/>\n                                                                                <\/div>\n\n                    \n                        <div class=\"swiper-slide\">\n                                                            <img decoding=\"async\" src=\"https:\/\/www.brightsign.biz\/wp-content\/uploads\/2024\/05\/PlugPowerGrayscale.svg\" alt=\"\" \/>\n                                                                                <\/div>\n\n                    \n                        <div class=\"swiper-slide\">\n                                                            <img decoding=\"async\" src=\"https:\/\/www.brightsign.biz\/wp-content\/uploads\/2024\/05\/GoPro_logo_light.svg\" alt=\"\" \/>\n                                                                                <\/div>\n\n                    \n                        <div class=\"swiper-slide\">\n                                                            <img decoding=\"async\" src=\"https:\/\/www.brightsign.biz\/wp-content\/uploads\/2024\/05\/lg.svg\" alt=\"\" \/>\n                                                                                <\/div>\n\n                    \n                        <div class=\"swiper-slide\">\n                                                            <img decoding=\"async\" src=\"https:\/\/www.brightsign.biz\/wp-content\/uploads\/2024\/05\/Screenshot-2024-05-28-at-12.08.31\u202fPM-750x440.png\" alt=\"\" \/>\n                                                                                <\/div>\n\n                    \n                        <div class=\"swiper-slide\">\n                                                            <img decoding=\"async\" src=\"https:\/\/www.brightsign.biz\/wp-content\/uploads\/2024\/05\/Screenshot-2024-05-28-at-12.08.31\u202fPM-750x440.png\" alt=\"\" \/>\n                                                                                <\/div>\n\n                                    \n            <\/div><!-- swiper-wrapper -->\n        <\/div><!-- swiper -->\n    <\/div><!-- block-inner -->\n<\/section><!-- ticker -->","protected":false},"excerpt":{"rendered":"","protected":false},"author":2,"featured_media":0,"parent":539,"menu_order":20,"comment_status":"closed","ping_status":"closed","template":"","meta":{"_acf_changed":false,"_searchwp_excluded":"","footnotes":""},"class_list":["post-642","page","type-page","status-publish","hentry"],"acf":[],"_links":{"self":[{"href":"https:\/\/www.brightsign.biz\/fr\/wp-json\/wp\/v2\/pages\/642","targetHints":{"allow":["GET"]}}],"collection":[{"href":"https:\/\/www.brightsign.biz\/fr\/wp-json\/wp\/v2\/pages"}],"about":[{"href":"https:\/\/www.brightsign.biz\/fr\/wp-json\/wp\/v2\/types\/page"}],"author":[{"embeddable":true,"href":"https:\/\/www.brightsign.biz\/fr\/wp-json\/wp\/v2\/users\/2"}],"replies":[{"embeddable":true,"href":"https:\/\/www.brightsign.biz\/fr\/wp-json\/wp\/v2\/comments?post=642"}],"version-history":[{"count":0,"href":"https:\/\/www.brightsign.biz\/fr\/wp-json\/wp\/v2\/pages\/642\/revisions"}],"up":[{"embeddable":true,"href":"https:\/\/www.brightsign.biz\/fr\/wp-json\/wp\/v2\/pages\/539"}],"wp:attachment":[{"href":"https:\/\/www.brightsign.biz\/fr\/wp-json\/wp\/v2\/media?parent=642"}],"curies":[{"name":"wp","href":"https:\/\/api.w.org\/{rel}","templated":true}]}}