{"id":644,"date":"2023-03-27T16:04:26","date_gmt":"2023-03-27T16:04:26","guid":{"rendered":"https:\/\/brightsign2425.wpenginepowered.com\/?page_id=644"},"modified":"2026-04-27T10:27:26","modified_gmt":"2026-04-27T14:27:26","slug":"accessoires","status":"publish","type":"page","link":"https:\/\/www.brightsign.biz\/fr\/brightsign-players\/accessories\/","title":{"rendered":"Accessoires"},"content":{"rendered":"<section\n  id=\"hero-block_f0f04822546f82532f3fded1e96e4648\"\n  class=\"hero custom-block\"\n  data-form-url=\"\"\n>\n  <!-- Backgrounds: cover full section, center position (extended via SCSS) -->\n        <div id=\"hero-desktop-background\" style=\"background-image: url('https:\/\/www.brightsign.biz\/wp-content\/uploads\/2023\/04\/AccessoriesOption_Hero-1920x900.jpg'); background-size: cover; background-position: center center; background-repeat: no-repeat;\"><\/div>\n        <div id=\"hero-mobile-background\" style=\"background-image: url('https:\/\/www.brightsign.biz\/wp-content\/uploads\/2023\/04\/AccessoriesOption_Hero-1920x900.jpg'); background-size: cover; background-position: center center; background-repeat: no-repeat;\"><\/div>\n  \n  <div class=\"hero-gradient\" aria-hidden=\"true\"><\/div>\n  <div class=\"block-inner medium\">\n    <div class=\"block-inner-content grid-x grid-margin-y\">\n\n      <!-- MOBILE-only layout -->\n      <div class=\"cell small-12 show-for-small-only\">\n        \n        \n        \n        \n        <ul class=\"custom-breadcrumb\"><li>Produits et logiciels<\/li><\/ul><div class=\"mobile-content form-content\"><h1><strong>Accessoires<\/strong><\/h1>\n<p>Cr\u00e9ez des exp\u00e9riences captivantes gr\u00e2ce \u00e0 une technologie facile \u00e0 utiliser.<\/p>\n<\/div><div class=\"basic-button blue\"><a href=\"https:\/\/store.brightsign.biz\/\" target=\"_blank\">Acheter <i class=\"fa-solid fa-chevron-right\"><\/i><\/a><\/div>      <\/div>\n      <!-- end MOBILE-only -->\n\n      <!-- DESKTOP text cell -->\n      <div class=\"cell small-12 medium-12 large-6 hide-for-small-only\">\n        \n        <ul class=\"custom-breadcrumb\"><li>Produits et logiciels<\/li><\/ul><h1><strong>Accessoires<\/strong><\/h1>\n<p>Cr\u00e9ez des exp\u00e9riences captivantes gr\u00e2ce \u00e0 une technologie facile \u00e0 utiliser.<\/p>\n<div class=\"basic-button blue\"><a href=\"https:\/\/store.brightsign.biz\/\" target=\"_blank\">Acheter <i class=\"fa-solid fa-chevron-right\"><\/i><\/a><\/div>      <\/div>\n      <!-- end DESKTOP text cell -->\n\n      <!-- DESKTOP form\/video cell -->\n      <div class=\"cell small-12 medium-12 large-6 center-play hide-for-small-only\">\n        \n              <\/div>\n      <!-- end DESKTOP form\/video cell -->\n\n    <\/div><!-- .block-inner-content -->\n  <\/div><!-- .block-inner -->\n<\/section><!-- hero -->\n\n\n\n    <section id=\"full-width-text-block_a932e1cbc2a8aecb99c83b160c7cf610\" class=\"full-width-text custom-block dark small-top small-bottom brand-htags default-lists\">\n\n        <div class=\"block-inner medium\">\n\n        <h2 style=\"text-align: center\">Accessoires BrightSign<\/h2>\n<p style=\"text-align: center\">Composants sp\u00e9cialement con\u00e7us par BrightSign pour vos affichages num\u00e9riques.<\/p>\n\n        \n        <\/div><!-- block-inner -->  \n\n        \n    <\/section><!-- full-width-text -->  \n\n\n\n\n\n<section id=\"media-text-block_abe59fc5c948460cf2f867188dfa37c2\" class=\"media-text custom-block dark small-top small-bottom\" >\n    <div class=\"dot-in\"><\/div><!-- dot-in -->\n    <div class=\"block-inner medium grid-x right\">\n    \n        <div class=\"cell small-12 medium-12 large-6 mediatext-content default-checks\">\n            <div aria-hidden=\"true\" class=\"blue-dot\"><\/div>\n                            <h4>Cartes MicroSD<\/h4>\n                                                    <p>Garantit une lecture fiable et durable.<\/p>\n<ul>\n<li>Fournit un stockage localis\u00e9 fiable et s\u00e9curis\u00e9<\/li>\n<li>Conception durable, de qualit\u00e9 commerciale<\/li>\n<li>Stockez vos fichiers plus rapidement avec les cartes MicroSD de classe 10<\/li>\n<li>Fournit une surveillance de la sant\u00e9 en temps r\u00e9el lorsqu'il est achet\u00e9 \u00e0 partir de BrightSign<\/li>\n<\/ul>\n                        \n                            <div class=\"basic-button blue\">\n                    <a href=\"https:\/\/store.brightsign.biz\/\" target=\"_blank\">\n                        Acheter                    <\/a>\n                <\/div><!-- basic-cta -->\n                        \n                    <\/div><!-- mediatext-content -->\n        \n        <div class=\"cell small-12 medium-12 large-6 form-wrapper\">\n                            <!-- Normal form on all devices -->\n                                                    <div class=\"mediatext-image no-blue\">\n                        <img decoding=\"async\" src=\"https:\/\/www.brightsign.biz\/wp-content\/uploads\/2023\/04\/SD-cards-web-750x440.png\" alt=\"\" \/>\n                                            <\/div><!-- mediatext-image -->\n                                                            \n                    <\/div><!-- form-wrapper -->\n        \n    <\/div><!-- block-inner -->\n<\/section><!-- media-text -->\n\n\n\n\n\n<section id=\"wifi-modules\" class=\"media-text custom-block dark small-top small-bottom\" >\n    <div class=\"dot-in\"><\/div><!-- dot-in -->\n    <div class=\"block-inner medium grid-x left\">\n    \n        <div class=\"cell small-12 medium-12 large-6 mediatext-content default-checks\">\n            <div aria-hidden=\"true\" class=\"blue-dot\"><\/div>\n                            <h4>Kit WiFi\/Bluetooth<\/h4>\n                                                    <p>\u00c9tendez la connectivit\u00e9 de votre lecteur.<\/p>\n<ul>\n<li>Permet les fonctions sans fil et Bluetooth avec un module Intel embedded<\/li>\n<li>Installation simple avec une connexion par interface M.2<\/li>\n<li>Prise en charge des protocoles 802.11<\/li>\n<li>Options de module d'antenne simple ou double<\/li>\n<\/ul>\n                        \n                            <div class=\"basic-button blue\">\n                    <a href=\"https:\/\/store.brightsign.biz\/\" target=\"_blank\">\n                        Acheter                    <\/a>\n                <\/div><!-- basic-cta -->\n                        \n                    <\/div><!-- mediatext-content -->\n        \n        <div class=\"cell small-12 medium-12 large-6 form-wrapper\">\n                            <!-- Normal form on all devices -->\n                                                    <div class=\"mediatext-image no-blue\">\n                        <img decoding=\"async\" src=\"https:\/\/www.brightsign.biz\/wp-content\/uploads\/2023\/04\/WIFI-BLUETOOTH-MODULES.png\" alt=\"\" \/>\n                                            <\/div><!-- mediatext-image -->\n                                                            \n                    <\/div><!-- form-wrapper -->\n        \n    <\/div><!-- block-inner -->\n<\/section><!-- media-text -->\n\n\n\n\n\n<section id=\"brightsign-mobile\" class=\"media-text custom-block dark small-top small-bottom\" >\n    <div class=\"dot-in\"><\/div><!-- dot-in -->\n    <div class=\"block-inner medium grid-x right\">\n    \n        <div class=\"cell small-12 medium-12 large-6 mediatext-content default-checks\">\n            <div aria-hidden=\"true\" class=\"blue-dot\"><\/div>\n                            <h4>BrightSign Mobile<\/h4>\n                                                    <p>Restez connect\u00e9 avec un modem USB et des plans de donn\u00e9es flexibles con\u00e7us pour la signalisation.<\/p>\n<ul>\n<li>Modem r\u00e9gional connect\u00e9 USB-A \u00e0 profil bas pour l'Am\u00e9rique du Nord (USA + Canada) ou l'Europe<\/li>\n<li>Compatible avec tous les lecteurs de la s\u00e9rie 5 BrightSign dot\u00e9s d'un port USB<\/li>\n<li>Prise en charge de BSN.Cloud, brightAuthor connected et des solutions CMS de partenaires int\u00e9gr\u00e9s<\/li>\n<li>N\u00e9cessite un plan de service de donn\u00e9es mobiles propos\u00e9 et pris en charge par BrightSign<\/li>\n<li>Connecte les joueurs \u00e0 Internet avec des performances 4G aux \u00c9tats-Unis, au Canada et en Europe.<\/li>\n<\/ul>\n<p><a class=\"btn cta\" href=\"https:\/\/www.brightsign.biz\/wp-content\/uploads\/2023\/12\/BrightSign-mobile-Dec2023.pdf\" target=\"_blank\" rel=\"_blank noopener\" aria-label=\"Fiche technique\">Fiche technique<\/a><br \/>\n<a class=\"btn cta\" href=\"https:\/\/docs.brightsign.biz\/hardware\/brightsign-modem\" target=\"_blank\" rel=\"noopener\">BrightSign Support mobile<\/a><\/p>\n<div id=\"syn-hor-column-slider-0\" class=\"column hor-slider pad-right-0 pad-left-0 desktop-1 tablet-4 mobile-2 lazy_anim slide_left in_view\" data-options=\"&quot;&lt;\/p\"><\/div>\n                        \n                            <div class=\"basic-button blue\">\n                    <a href=\"https:\/\/www.brightsign.biz\/fr\/contactez-nous\/\" target=\"_self\">\n                        Contacter le Service Client                    <\/a>\n                <\/div><!-- basic-cta -->\n                        \n                    <\/div><!-- mediatext-content -->\n        \n        <div class=\"cell small-12 medium-12 large-6 form-wrapper center-play\">\n                            <!-- Normal form on all devices -->\n                                                    <div class=\"mediatext-image no-blue\">\n                        <img decoding=\"async\" src=\"https:\/\/www.brightsign.biz\/wp-content\/uploads\/2023\/12\/BrightSign-mobile-noLabel-750x440.png\" alt=\"BrightSign Cl\u00e9 USB mobile\" \/>\n                                            <\/div><!-- mediatext-image -->\n                                                            \n                                <!-- Video Modal Markup using hero.php classes -->\n                    <div class=\"mediagrid-modal reveal full\" id=\"video-554572080\" data-reveal data-close-on-click=\"true\">\n                        <div class=\"mediagrid-modal-inner\">\n                            <iframe src=\"\" data-src=\"https:\/\/player.vimeo.com\/video\/554572080?autoplay=1\" frameborder=\"0\" allowfullscreen allowtransparency allow=\"autoplay\"><\/iframe>\n                            <button class=\"close-button\" data-close aria-label=\"Fermer la fen\u00eatre modale\" type=\"button\">\n                                <i class=\"fa-sharp fa-regular fa-xmark\"><\/i>\n                            <\/button>\n                        <\/div>\n                    <\/div>\n                    <button class=\"play-modal\" data-open=\"video-554572080\" aria-controls=\"video-554572080\" aria-haspopup=\"dialog\" tabindex=\"0\"><\/button>\n                    <\/div><!-- form-wrapper -->\n        \n    <\/div><!-- block-inner -->\n<\/section><!-- media-text -->\n\n\n\n\n\n<section id=\"media-text-block_2d3223ceade7334222c0deb9ac0e3b57\" class=\"media-text custom-block dark small-top small-bottom\" >\n    <div class=\"dot-in\"><\/div><!-- dot-in -->\n    <div class=\"block-inner medium grid-x left\">\n    \n        <div class=\"cell small-12 medium-12 large-6 mediatext-content default-checks\">\n            <div aria-hidden=\"true\" class=\"blue-dot\"><\/div>\n                            <h4>Panneaux de boutons USB<\/h4>\n                                                    <p>Cartes de boutons tactiles capacitifs de qualit\u00e9 professionnelle.<\/p>\n<ul>\n<li>Cr\u00e9ez des exp\u00e9riences interactives fiables en toute simplicit\u00e9 gr\u00e2ce aux boutons USB tactiles capacitifs<\/li>\n<li>D\u00e9clenchez la lecture d'un contenu tout en fournissant un retour d'information \u00e0 l'utilisateur gr\u00e2ce aux voyants LED<\/li>\n<li>Programmez le fonctionnement des boutons et l'\u00e9clairage pour r\u00e9pondre \u00e0 vos besoins sp\u00e9cifiques \u00e0 l'aide de brightAuthor connected<\/li>\n<li>Compatibles avec tous les lecteurs BrightSign disposant d'une connexion USB<\/li>\n<li>S'int\u00e8grent facilement aux \u00e9crans gr\u00e2ce \u00e0 la prise en charge des superpositions personnalis\u00e9es<\/li>\n<li>Mod\u00e8les disponibles de 4 \u00e0 11 boutons<\/li>\n<\/ul>\n                        \n                            <div class=\"basic-button blue\">\n                    <a href=\"https:\/\/store.brightsign.biz\/\" target=\"_self\">\n                        Acheter                    <\/a>\n                <\/div><!-- basic-cta -->\n                        \n                    <\/div><!-- mediatext-content -->\n        \n        <div class=\"cell small-12 medium-12 large-6 form-wrapper\">\n                            <!-- Normal form on all devices -->\n                                                    <div class=\"mediatext-image no-blue\">\n                        <img decoding=\"async\" src=\"https:\/\/www.brightsign.biz\/wp-content\/uploads\/2023\/04\/buttonpanels-hero-750x440.png\" alt=\"\" \/>\n                                            <\/div><!-- mediatext-image -->\n                                                            \n                    <\/div><!-- form-wrapper -->\n        \n    <\/div><!-- block-inner -->\n<\/section><!-- media-text -->\n\n\n\n\n\n<section id=\"media-text-block_ea3862f83c332cf891fd9ef7d61cc9ab\" class=\"media-text custom-block dark small-top small-bottom\" >\n    <div class=\"dot-in\"><\/div><!-- dot-in -->\n    <div class=\"block-inner medium grid-x right\">\n    \n        <div class=\"cell small-12 medium-12 large-6 mediatext-content default-checks\">\n            <div aria-hidden=\"true\" class=\"blue-dot\"><\/div>\n                            <h4>C\u00e2bles HDMI &amp; USB-C<\/h4>\n                                                    <p>Cr\u00e9ez des exp\u00e9riences connect\u00e9es exceptionnelles.<\/p>\n<ul>\n<li>Prise en charge d'un grand nombre d'options de connectivit\u00e9<\/li>\n<li>Ex\u00e9cutent les commandes, l'audio et les p\u00e9riph\u00e9riques avanc\u00e9s<\/li>\n<li>Permettent une connectivit\u00e9 \u00e9largie aux lecteurs et aux appareils connect\u00e9s<\/li>\n<li>Hautement compatibles avec la gamme BrightSign<\/li>\n<\/ul>\n                        \n                            <div class=\"basic-button blue\">\n                    <a href=\"https:\/\/store.brightsign.biz\/\" target=\"_self\">\n                        Acheter                    <\/a>\n                <\/div><!-- basic-cta -->\n                        \n                    <\/div><!-- mediatext-content -->\n        \n        <div class=\"cell small-12 medium-12 large-6 form-wrapper\">\n                            <!-- Normal form on all devices -->\n                                                    <div class=\"mediatext-image no-blue\">\n                        <img decoding=\"async\" src=\"https:\/\/www.brightsign.biz\/wp-content\/uploads\/2023\/04\/USB-C-hero-700x440.png\" alt=\"\" \/>\n                                            <\/div><!-- mediatext-image -->\n                                                            \n                    <\/div><!-- form-wrapper -->\n        \n    <\/div><!-- block-inner -->\n<\/section><!-- media-text -->\n\n\n\n\n\n<section id=\"media-text-block_9b60ecbe3de2aba2148b4631566349ac\" class=\"media-text custom-block dark small-top small-bottom\" >\n    <div class=\"dot-in\"><\/div><!-- dot-in -->\n    <div class=\"block-inner medium grid-x left\">\n    \n        <div class=\"cell small-12 medium-12 large-6 mediatext-content default-checks\">\n            <div aria-hidden=\"true\" class=\"blue-dot\"><\/div>\n                            <h4>T\u00e9l\u00e9commande IR<\/h4>\n                                                    <p>Commandes avanc\u00e9es de l'affichage, faciles \u00e0 utiliser<\/p>\n<ul>\n<li>Permet une gestion simplifi\u00e9e des lecteurs<\/li>\n<li>Compatible avec l'ensemble de la gamme BrightSign<\/li>\n<li>Installation simplifi\u00e9e gr\u00e2ce aux connexions USB et 3,5 mm<\/li>\n<li>\u00c9mission et r\u00e9ception de commandes par l'interm\u00e9diaire de l'adaptateur IR<\/li>\n<\/ul>\n                        \n                            <div class=\"basic-button blue\">\n                    <a href=\"https:\/\/store.brightsign.biz\/\" target=\"_self\">\n                        Acheter                    <\/a>\n                <\/div><!-- basic-cta -->\n                        \n                    <\/div><!-- mediatext-content -->\n        \n        <div class=\"cell small-12 medium-12 large-6 form-wrapper\">\n                            <!-- Normal form on all devices -->\n                                                    <div class=\"mediatext-image no-blue\">\n                        <img decoding=\"async\" src=\"https:\/\/www.brightsign.biz\/wp-content\/uploads\/2024\/04\/remote-RC1002-web.webp\" alt=\"\" \/>\n                                            <\/div><!-- mediatext-image -->\n                                                            \n                    <\/div><!-- form-wrapper -->\n        \n    <\/div><!-- block-inner -->\n<\/section><!-- media-text -->\n\n\n\n\n\n<section id=\"media-text-block_d89b2d42d1261a3681cf9ad80a56ec18\" class=\"media-text custom-block dark small-top small-bottom\" >\n    <div class=\"dot-in\"><\/div><!-- dot-in -->\n    <div class=\"block-inner medium grid-x right\">\n    \n        <div class=\"cell small-12 medium-12 large-6 mediatext-content default-checks\">\n            <div aria-hidden=\"true\" class=\"blue-dot\"><\/div>\n                            <h4>Bornier GPIO<\/h4>\n                                                    <p>Personnalisez vos lecteurs BrightSign.<\/p>\n<ul>\n<li>Permet un affichage interactif \u00e9tonnant<\/li>\n<li>Permet des connexions faciles et personnalis\u00e9es par fils d\u00e9nud\u00e9s<\/li>\n<li>Connectivit\u00e9 plug-and-play fiable<\/li>\n<li>Compatible avec l'ensemble de la gamme BrightSign<\/li>\n<\/ul>\n                        \n                            <div class=\"basic-button blue\">\n                    <a href=\"https:\/\/store.brightsign.biz\/\" target=\"_self\">\n                        Acheter                    <\/a>\n                <\/div><!-- basic-cta -->\n                        \n                    <\/div><!-- mediatext-content -->\n        \n        <div class=\"cell small-12 medium-12 large-6 form-wrapper\">\n                            <!-- Normal form on all devices -->\n                                                    <div class=\"mediatext-image no-blue\">\n                        <img decoding=\"async\" src=\"https:\/\/www.brightsign.biz\/wp-content\/uploads\/2023\/04\/GPIO-terminal-block.png\" alt=\"\" \/>\n                                            <\/div><!-- mediatext-image -->\n                                                            \n                    <\/div><!-- form-wrapper -->\n        \n    <\/div><!-- block-inner -->\n<\/section><!-- media-text -->\n\n\n\n\n\n<section id=\"media-text-block_75e1ca8d1e12b13d05268fe86d76a65f\" class=\"media-text custom-block dark small-top small-bottom\" >\n    <div class=\"dot-in\"><\/div><!-- dot-in -->\n    <div class=\"block-inner medium grid-x left\">\n    \n        <div class=\"cell small-12 medium-12 large-6 mediatext-content default-checks\">\n            <div aria-hidden=\"true\" class=\"blue-dot\"><\/div>\n                            <h4>Alimentations<\/h4>\n                                                    <p>Alimentations de remplacement de qualit\u00e9 commerciale.<\/p>\n<ul>\n<li>Fabriqu\u00e9es et vendues par BrightSign<\/li>\n<li>R\u00e9trocompatibilit\u00e9 avec les lecteurs des s\u00e9ries 2, 3 et 4<\/li>\n<li>Pi\u00e8ces sp\u00e9cifiques aux lecteurs pour une performance garantie<\/li>\n<li>Comprend quatre prises internationales pour les \u00c9tats-Unis, le Royaume-Uni, l'Australie et l'Union europ\u00e9enne.<\/li>\n<\/ul>\n                        \n                            <div class=\"basic-button blue\">\n                    <a href=\"https:\/\/store.brightsign.biz\/\" target=\"_self\">\n                        Acheter                    <\/a>\n                <\/div><!-- basic-cta -->\n                        \n                    <\/div><!-- mediatext-content -->\n        \n        <div class=\"cell small-12 medium-12 large-6 form-wrapper\">\n                            <!-- Normal form on all devices -->\n                                                    <div class=\"mediatext-image no-blue\">\n                        <img decoding=\"async\" src=\"https:\/\/www.brightsign.biz\/wp-content\/uploads\/2023\/04\/powerSupply-hero-750x425.png\" alt=\"\" \/>\n                                            <\/div><!-- mediatext-image -->\n                                                            \n                    <\/div><!-- form-wrapper -->\n        \n    <\/div><!-- block-inner -->\n<\/section><!-- media-text -->","protected":false},"excerpt":{"rendered":"","protected":false},"author":2,"featured_media":1921,"parent":539,"menu_order":40,"comment_status":"closed","ping_status":"closed","template":"","meta":{"_acf_changed":false,"_searchwp_excluded":"","footnotes":""},"class_list":["post-644","page","type-page","status-publish","has-post-thumbnail","hentry"],"acf":[],"_links":{"self":[{"href":"https:\/\/www.brightsign.biz\/fr\/wp-json\/wp\/v2\/pages\/644","targetHints":{"allow":["GET"]}}],"collection":[{"href":"https:\/\/www.brightsign.biz\/fr\/wp-json\/wp\/v2\/pages"}],"about":[{"href":"https:\/\/www.brightsign.biz\/fr\/wp-json\/wp\/v2\/types\/page"}],"author":[{"embeddable":true,"href":"https:\/\/www.brightsign.biz\/fr\/wp-json\/wp\/v2\/users\/2"}],"replies":[{"embeddable":true,"href":"https:\/\/www.brightsign.biz\/fr\/wp-json\/wp\/v2\/comments?post=644"}],"version-history":[{"count":1,"href":"https:\/\/www.brightsign.biz\/fr\/wp-json\/wp\/v2\/pages\/644\/revisions"}],"predecessor-version":[{"id":13533,"href":"https:\/\/www.brightsign.biz\/fr\/wp-json\/wp\/v2\/pages\/644\/revisions\/13533"}],"up":[{"embeddable":true,"href":"https:\/\/www.brightsign.biz\/fr\/wp-json\/wp\/v2\/pages\/539"}],"wp:featuredmedia":[{"embeddable":true,"href":"https:\/\/www.brightsign.biz\/fr\/wp-json\/wp\/v2\/media\/1921"}],"wp:attachment":[{"href":"https:\/\/www.brightsign.biz\/fr\/wp-json\/wp\/v2\/media?parent=644"}],"curies":[{"name":"wp","href":"https:\/\/api.w.org\/{rel}","templated":true}]}}