{"id":665,"date":"2023-03-27T16:09:25","date_gmt":"2023-03-27T16:09:25","guid":{"rendered":"https:\/\/brightsign2425.wpenginepowered.com\/?page_id=665"},"modified":"2025-11-10T18:51:04","modified_gmt":"2025-11-10T23:51:04","slug":"demonstrations-interactives","status":"publish","type":"page","link":"https:\/\/www.brightsign.biz\/fr\/solutions\/interactive-demos\/","title":{"rendered":"D\u00e9mos Interactives"},"content":{"rendered":"<section\n  id=\"hero-block_19b7ee1ce270053b8a6b8624954af494\"\n  class=\"hero custom-block\"\n  data-form-url=\"\"\n>\n  <!-- Backgrounds: cover full section, center position (extended via SCSS) -->\n        <div id=\"hero-desktop-background\" style=\"background-image: url('https:\/\/www.brightsign.biz\/wp-content\/uploads\/2024\/06\/hero-interactive-1.png'); background-size: cover; background-position: center center; background-repeat: no-repeat;\"><\/div>\n        <div id=\"hero-mobile-background\" style=\"background-image: url('https:\/\/www.brightsign.biz\/wp-content\/uploads\/2024\/06\/hero-interactive-1.png'); background-size: cover; background-position: center center; background-repeat: no-repeat;\"><\/div>\n  \n  <div class=\"hero-gradient\" aria-hidden=\"true\"><\/div>\n  <div class=\"block-inner medium\">\n    <div class=\"block-inner-content grid-x grid-margin-y\">\n\n      <!-- MOBILE-only layout -->\n      <div class=\"cell small-12 show-for-small-only\">\n        \n        \n        \n        \n        <ul class=\"custom-breadcrumb\"><li><a href=\"https:\/\/www.brightsign.biz\/fr\/solutions\/\" target=\"_self\">Solutions<\/a><\/li><\/ul><div class=\"mobile-content form-content\"><h1>Interactif <strong>D\u00e9mos<\/strong><\/h1>\n<p>Captivez votre public avec des d\u00e9monstrations interactives et attrayantes.<\/p>\n<\/div><div class=\"basic-button blue\"><a href=\"https:\/\/www.brightsign.biz\/fr\/contactez-nous\/\" target=\"\">Parler \u00e0 un expert <i class=\"fa-solid fa-chevron-right\"><\/i><\/a><\/div>      <\/div>\n      <!-- end MOBILE-only -->\n\n      <!-- DESKTOP text cell -->\n      <div class=\"cell small-12 medium-12 large-6 hide-for-small-only\">\n        \n        <ul class=\"custom-breadcrumb\"><li><a href=\"https:\/\/www.brightsign.biz\/fr\/solutions\/\" target=\"_self\">Solutions<\/a><\/li><\/ul><h1>Interactif <strong>D\u00e9mos<\/strong><\/h1>\n<p>Captivez votre public avec des d\u00e9monstrations interactives et attrayantes.<\/p>\n<div class=\"basic-button blue\"><a href=\"https:\/\/www.brightsign.biz\/fr\/contactez-nous\/\" target=\"\">Parler \u00e0 un expert <i class=\"fa-solid fa-chevron-right\"><\/i><\/a><\/div>      <\/div>\n      <!-- end DESKTOP text cell -->\n\n      <!-- DESKTOP form\/video cell -->\n      <div class=\"cell small-12 medium-12 large-6 center-play hide-for-small-only\">\n        \n              <\/div>\n      <!-- end DESKTOP form\/video cell -->\n\n    <\/div><!-- .block-inner-content -->\n  <\/div><!-- .block-inner -->\n<\/section><!-- hero -->\n\n\n\n\n<div class=\"pill-pad-wrap left\">\n\n    <section id=\"pill-image-text-block_2c56f496934351908ad8395b7d3cb09a\" class=\"pill-image-text custom-block dark small-top small-bottom\">\n\n        <div class=\"dot-in\"><\/div><!-- dot-in -->\n\n        <div class=\"pill-image-layer grid-x left\">\n\n            <div class=\"cell small-12 medium-6\"><\/div>\n\n            <div class=\"cell small-12 medium-6 pill-bg\">\n\n                <div class=\"pill-bg-image\" style=\"background-image: url( https:\/\/www.brightsign.biz\/wp-content\/uploads\/2023\/12\/Bluefin-HS5.png );\"><\/div>\n\n            <\/div><!-- pill-bg -->\n\n        <\/div><!-- pill-image-layer -->\n\n        <div class=\"block-inner medium grid-x left\">\n\n            <div class=\"cell small-12 medium-6 pill-content image-left\">\n\n                \n                    <div class=\"pill-title\">\n                        <h3>D\u00e9mos Interactives<\/h3>\n                        <div aria-hidden=\"true\" class=\"blue-dot\"><\/div>\n                    <\/div>\n\n                \n                                    <p>Cr\u00e9ez des d\u00e9monstrations et des exp\u00e9riences interactives captivantes qui stimulent l'engagement et les ventes.<\/p>\n<ul>\n<li>Adaptez les exp\u00e9riences aux pr\u00e9f\u00e9rences individuelles et favorisez l'\u00e9tablissement de liens plus profonds<\/li>\n<li>Stimulez les sens gr\u00e2ce \u00e0 de riches interactions visuelles, sonores et tactiles<\/li>\n<li>Simplifiez les concepts complexes gr\u00e2ce \u00e0 des d\u00e9monstrations multim\u00e9dias attrayantes<\/li>\n<\/ul>\n                \n                \n            <\/div><!-- pill-content -->\n\n        <\/div><!-- block-inner -->\n\n    <\/section><!-- pill-image-text -->\n\n<\/div><!--pill-pad-wrap -->\n\n\n\n\n\n    <section id=\"full-width-text-block_c76e5ad2259ab889476fca12c3b85d36\" class=\"full-width-text custom-block dark small-top small-bottom brand-htags default-lists\">\n\n        <div class=\"block-inner medium\">\n\n        <h2 style=\"text-align: center\">D\u00e9monstrations et exp\u00e9riences interactives<\/h2>\n<p style=\"text-align: center\">Am\u00e9liorez l'engagement et stimulez les ventes gr\u00e2ce \u00e0 des exp\u00e9riences interactives et personnalis\u00e9es.<\/p>\n\n        \n        <\/div><!-- block-inner -->  \n\n        \n    <\/section><!-- full-width-text -->  \n\n\n\n\n\n\n\n<section id=\"media-grid-block_dfe5e464c837bef22caa058b2e3ed58a\" class=\"media-grid custom-block dark none-top medium-bottom\">\n\n<div class=\"block-inner medium\">\n\n<div class=\"full-width-text default-htags\">\n\n\n<\/div>\n\n\n<div class=\"grid-x\">\n\n\n<div class=\"mg-cell cell small-12 medium-4\">\n\n    <div class=\"mg-cell-inner item-parent\">\n\n    <div class=\"mg-item-content remove-overlay default-htags default-lists\">\n\n        \n            <div class=\"mg-item-image\">\n\n                <img decoding=\"async\" src=\"https:\/\/www.brightsign.biz\/wp-content\/uploads\/2024\/04\/ScheepvaartMuseum_IMG_4450-scaled-e1682562659581-768x430-1.webp\" alt=\"\" \/>\n           \n\n                            <\/div>\n        \n        \n\n            <div class=\"mg-content-top\">\n\n                \n                                    <h4>Attirer et fid\u00e9liser vos clients<\/h4>\n<p>Susciter l'int\u00e9r\u00eat et la fid\u00e9lisation gr\u00e2ce \u00e0 des interactions simples ou sophistiqu\u00e9es.<\/p>\n<p>&nbsp;<\/p>\n                                \n\n            <\/div><!-- mg-content-top -->\n\n            <\/div><!-- mg-item-content -->\n\n            <ul class=\"mg-cta-list small-buttons\">\n\n                                \n                \n            <\/ul>\n\n    \n    <\/div><!-- mg-cell-inner -->\n\n<\/div><!-- mg-cell -->\n\n\n<div class=\"mg-cell cell small-12 medium-4\">\n\n    <div class=\"mg-cell-inner item-parent\">\n\n    <div class=\"mg-item-content remove-overlay default-htags default-lists\">\n\n        \n            <div class=\"mg-item-image\">\n\n                <img decoding=\"async\" src=\"https:\/\/www.brightsign.biz\/wp-content\/uploads\/2023\/04\/InteractiveDemo-900x495.jpg\" alt=\"\" \/>\n           \n\n                            <\/div>\n        \n        \n\n            <div class=\"mg-content-top\">\n\n                \n                                    <h4>Exp\u00e9riences personnalis\u00e9es<\/h4>\n<p>Cr\u00e9ez des parcours captivants gr\u00e2ce \u00e0 des capteurs, des \u00e9clairages et des int\u00e9grations de partenaires distincts.<\/p>\n                                \n\n            <\/div><!-- mg-content-top -->\n\n            <\/div><!-- mg-item-content -->\n\n            <ul class=\"mg-cta-list small-buttons\">\n\n                                \n                \n            <\/ul>\n\n    \n    <\/div><!-- mg-cell-inner -->\n\n<\/div><!-- mg-cell -->\n\n\n<div class=\"mg-cell cell small-12 medium-4\">\n\n    <div class=\"mg-cell-inner item-parent\">\n\n    <div class=\"mg-item-content remove-overlay default-htags default-lists\">\n\n        \n            <div class=\"mg-item-image\">\n\n                <img decoding=\"async\" src=\"https:\/\/www.brightsign.biz\/wp-content\/uploads\/2023\/12\/e0728br-House-of-Rituals-3-scaled-1-900x495.jpg\" alt=\"House of Rituals, d\u00e9mo de vente au d\u00e9tail interactive aliment\u00e9e par BrightSign\" \/>\n           \n\n                            <\/div>\n        \n        \n\n            <div class=\"mg-content-top\">\n\n                \n                                    <h4>Engagement polyvalent<\/h4>\n<p>Influencez les actions en immergeant tous les sens et en tirant parti de la narration interactive.<\/p>\n                                \n\n            <\/div><!-- mg-content-top -->\n\n            <\/div><!-- mg-item-content -->\n\n            <ul class=\"mg-cta-list small-buttons\">\n\n                                \n                \n            <\/ul>\n\n    \n    <\/div><!-- mg-cell-inner -->\n\n<\/div><!-- mg-cell -->\n\n\n<\/div><!-- grid-x -->\n\n\n<\/div><!-- block-inner -->  \n\n<\/section><!-- ### -->\n\n\n\n\n\n\n\n<section id=\"cta-list-block_8a6e92a2862f05f58e205d7da689b04e\" class=\"cta-list custom-block dark small-top medium-bottom\">\n\n\t<div class=\"block-inner medium grid-x\">\n\n\t\t\n\n\t\t \n\n\t\t\t<div class=\"cta-list-logo cell small-12 medium-auto\">  \n\t\t\t\t<div class=\"logo-container\">          \n\t\t\t\t<img decoding=\"async\" src=\"https:\/\/www.brightsign.biz\/wp-content\/uploads\/2024\/05\/Screenshot-2024-05-28-at-12.08.31\u202fPM-750x440.png\" alt=\"\" \/>\n\t\t\t\t<\/div>\n\t\t\t<\/div>\n\n\t\t\n\t\t\n\t\t\t<div class=\"cta-list-intro cell small-12 medium-auto\">\n\t\t\t<h4>Besoin d'aide ?<\/h4>\n<p><span style=\"font-weight: 400\">Nous proposons un certain nombre de ressources en ligne afin que vous disposiez de toutes les informations n\u00e9cessaires pour tirer le meilleur parti de votre solution de signalisation num\u00e9rique.\u00a0<\/span><\/p>\n\t\t\t\n\t\t\t\t\t\t\t<div class=\"basic-button blue\"><a href=\"https:\/\/www.brightsign.biz\/fr\/avantage-brightsign\/support\/\" target=\"_self\">Obtenir de l'aide<i class=\"fa-solid fa-chevron-right\"><\/i><\/a><\/div>\n\t\t\t\t\t\t<\/div>\n\t\t\n\t\t\n\n\t\t\n\n\t\t\t\t<div class=\"cta-list-ul cell small-12 medium-auto\">\n\t\t<ul>\n\t\t\t\t<li>\n\t\t<a href=\"https:\/\/www.brightsign.biz\/fr\/ressources\/faqs\/\" target=\"_self\">Explorer les FAQ<i class=\"fa-solid fa-chevron-right\"><\/i><\/a>\n\t\t<\/li>\n\n\t\t\t\t<li>\n\t\t<a href=\"https:\/\/www.brightsign.biz\/fr\/ressources\/guide-de-demarrage-rapide\/\" target=\"_self\">Guide Quickstart d'acc\u00e8s<i class=\"fa-solid fa-chevron-right\"><\/i><\/a>\n\t\t<\/li>\n\n\t\t\t\t<li>\n\t\t<a href=\"https:\/\/docs.brightsign.biz\/\" target=\"_self\">Voir la documentation technique<i class=\"fa-solid fa-chevron-right\"><\/i><\/a>\n\t\t<\/li>\n\n\t\t\t\t<li>\n\t\t<a href=\"https:\/\/www.brightsign.biz\/fr\/ressources\/videos-tutorielles\/\" target=\"_self\">Regarder les tutoriels vid\u00e9o<i class=\"fa-solid fa-chevron-right\"><\/i><\/a>\n\t\t<\/li>\n\n\t\t\t\t<\/ul>\n\t\t<\/div>\n\t\t\n\t<\/div><!-- block-inner -->\n\n<\/section><!-- hero -->\n\n\n\n\n\n\n\n\n<section id=\"full-width-feature-block_e7a450114932e39b034efe51d0eae661\" class=\"full-width-feature custom-block\">\n\n    <div class=\"fv-bg-image\" style=\"background-image: url('https:\/\/www.brightsign.biz\/wp-content\/uploads\/2023\/02\/WETA_FullHeroModuleLayered-1920x900.jpg')\"><\/div>\n\n<div class=\"hero-gradient\"><\/div>\n\n<div class=\"block-inner grid-x\">\n\n<div class=\"block-inner-content default-checks cell small-12 medium-12 large-6\">\n\n    <h2><strong>\"L'exp\u00e9rience a s\u00e9duit le public d\u00e8s l'ouverture.<\/strong><\/h2>\n<p>Nous utilisons des lecteurs BrightSign pour la majorit\u00e9 de nos installations d'exp\u00e9rience du visiteur<br>.\r\nen raison de leur fiabilit\u00e9 intrins\u00e8que. La visite de chaque personne est unique en fonction de<br>\r\nce avec quoi elle choisit d'interagir : le bouton qu'elle appuie, le levier qu'elle tire ou<br>le capteur qu'elle d\u00e9clenche.\r\nle capteur qu'elle d\u00e9clenche. BrightSign permet \u00e0 cette exp\u00e9rience m\u00e9diatique enti\u00e8rement personnalisable<br>\r\nde mani\u00e8re r\u00e9p\u00e9t\u00e9e et fiable, jusqu'au g\u00e9n\u00e9rique de fin.<\/p>\n<p>Richard Taylor<\/p>\n<p><strong>-Weta Workshop<\/strong><\/p>\n\n\n\n<\/div><!-- block-inner-content -->\n\n<div class=\"cell small-12 medium-12 large-6\">\n<\/div><!-- cell -->\n\n<\/div><!-- block-inner -->\n\n<\/section>\n\n\n\n<section id=\"ticker-block_7b5107971e391ca33b4b763ce24390ce\" class=\"ticker custom-block white-bg dark medium-top medium-bottom\">\n\n            <h4>Choisi par les leaders de l'industrie<\/h4>\n    \n    <div class=\"block-inner\">\n        <div class=\"swiper ticker-swiper\">\n            <div class=\"swiper-wrapper\">\n\n                                    \n                        <div class=\"swiper-slide\">\n                                                            <img decoding=\"async\" src=\"https:\/\/www.brightsign.biz\/wp-content\/uploads\/2024\/05\/PlugPowerGrayscale.svg\" alt=\"\" \/>\n                                                                                <\/div>\n\n                    \n                        <div class=\"swiper-slide\">\n                                                            <img decoding=\"async\" src=\"https:\/\/www.brightsign.biz\/wp-content\/uploads\/2024\/05\/GoPro_logo_light.svg\" alt=\"\" \/>\n                                                                                <\/div>\n\n                    \n                        <div class=\"swiper-slide\">\n                                                            <img decoding=\"async\" src=\"https:\/\/www.brightsign.biz\/wp-content\/uploads\/2024\/05\/lg.svg\" alt=\"\" \/>\n                                                                                <\/div>\n\n                    \n                        <div class=\"swiper-slide\">\n                                                            <img decoding=\"async\" src=\"https:\/\/www.brightsign.biz\/wp-content\/uploads\/2024\/05\/Screenshot-2024-05-28-at-12.08.31\u202fPM-750x440.png\" alt=\"\" \/>\n                                                                                <\/div>\n\n                    \n                        <div class=\"swiper-slide\">\n                                                            <img decoding=\"async\" src=\"https:\/\/www.brightsign.biz\/wp-content\/uploads\/2024\/05\/Screenshot-2024-05-28-at-12.08.31\u202fPM-750x440.png\" alt=\"\" \/>\n                                                                                <\/div>\n\n                                    \n            <\/div><!-- swiper-wrapper -->\n        <\/div><!-- swiper -->\n    <\/div><!-- block-inner -->\n<\/section><!-- ticker -->","protected":false},"excerpt":{"rendered":"","protected":false},"author":2,"featured_media":11461,"parent":544,"menu_order":30,"comment_status":"closed","ping_status":"closed","template":"","meta":{"_acf_changed":false,"_searchwp_excluded":"","footnotes":""},"class_list":["post-665","page","type-page","status-publish","has-post-thumbnail","hentry"],"acf":[],"_links":{"self":[{"href":"https:\/\/www.brightsign.biz\/fr\/wp-json\/wp\/v2\/pages\/665","targetHints":{"allow":["GET"]}}],"collection":[{"href":"https:\/\/www.brightsign.biz\/fr\/wp-json\/wp\/v2\/pages"}],"about":[{"href":"https:\/\/www.brightsign.biz\/fr\/wp-json\/wp\/v2\/types\/page"}],"author":[{"embeddable":true,"href":"https:\/\/www.brightsign.biz\/fr\/wp-json\/wp\/v2\/users\/2"}],"replies":[{"embeddable":true,"href":"https:\/\/www.brightsign.biz\/fr\/wp-json\/wp\/v2\/comments?post=665"}],"version-history":[{"count":0,"href":"https:\/\/www.brightsign.biz\/fr\/wp-json\/wp\/v2\/pages\/665\/revisions"}],"up":[{"embeddable":true,"href":"https:\/\/www.brightsign.biz\/fr\/wp-json\/wp\/v2\/pages\/544"}],"wp:featuredmedia":[{"embeddable":true,"href":"https:\/\/www.brightsign.biz\/fr\/wp-json\/wp\/v2\/media\/11461"}],"wp:attachment":[{"href":"https:\/\/www.brightsign.biz\/fr\/wp-json\/wp\/v2\/media?parent=665"}],"curies":[{"name":"wp","href":"https:\/\/api.w.org\/{rel}","templated":true}]}}