{"id":668,"date":"2023-03-27T16:09:44","date_gmt":"2023-03-27T16:09:44","guid":{"rendered":"https:\/\/brightsign2425.wpenginepowered.com\/?page_id=668"},"modified":"2025-11-10T18:52:53","modified_gmt":"2025-11-10T23:52:53","slug":"experiences-audio","status":"publish","type":"page","link":"https:\/\/www.brightsign.biz\/fr\/solutions\/audio-experiences\/","title":{"rendered":"Exp\u00e9riences Audio"},"content":{"rendered":"<section\n  id=\"hero-block_13de4e1c272f53510646257f8efe9999\"\n  class=\"hero custom-block\"\n  data-form-url=\"\"\n>\n  <!-- Backgrounds: cover full section, center position (extended via SCSS) -->\n        <div id=\"hero-desktop-background\" style=\"background-image: url('https:\/\/www.brightsign.biz\/wp-content\/uploads\/2024\/06\/hero-audio.png'); background-size: cover; background-position: center center; background-repeat: no-repeat;\"><\/div>\n        <div id=\"hero-mobile-background\" style=\"background-image: url('https:\/\/www.brightsign.biz\/wp-content\/uploads\/2024\/06\/hero-audio.png'); background-size: cover; background-position: center center; background-repeat: no-repeat;\"><\/div>\n  \n  <div class=\"hero-gradient\" aria-hidden=\"true\"><\/div>\n  <div class=\"block-inner medium\">\n    <div class=\"block-inner-content grid-x grid-margin-y\">\n\n      <!-- MOBILE-only layout -->\n      <div class=\"cell small-12 show-for-small-only\">\n        \n        \n        \n        \n        <ul class=\"custom-breadcrumb\"><li><a href=\"https:\/\/www.brightsign.biz\/fr\/solutions\/\" target=\"_self\">Solutions<\/a><\/li><\/ul><div class=\"mobile-content form-content\"><h1><strong>Audio<\/strong> Exp\u00e9riences<\/h1>\n<p>Marchez \u00e0 votre rythme avec BrightSign.<\/p>\n<\/div>      <\/div>\n      <!-- end MOBILE-only -->\n\n      <!-- DESKTOP text cell -->\n      <div class=\"cell small-12 medium-12 large-6 hide-for-small-only\">\n        \n        <ul class=\"custom-breadcrumb\"><li><a href=\"https:\/\/www.brightsign.biz\/fr\/solutions\/\" target=\"_self\">Solutions<\/a><\/li><\/ul><h1><strong>Audio<\/strong> Exp\u00e9riences<\/h1>\n<p>Marchez \u00e0 votre rythme avec BrightSign.<\/p>\n      <\/div>\n      <!-- end DESKTOP text cell -->\n\n      <!-- DESKTOP form\/video cell -->\n      <div class=\"cell small-12 medium-12 large-6 center-play hide-for-small-only\">\n        \n              <\/div>\n      <!-- end DESKTOP form\/video cell -->\n\n    <\/div><!-- .block-inner-content -->\n  <\/div><!-- .block-inner -->\n<\/section><!-- hero -->\n\n\n\n\n<div class=\"pill-pad-wrap left\">\n\n    <section id=\"pill-image-text-block_be3475c2fde344404f0d77ba0fbb2f6a\" class=\"pill-image-text custom-block dark small-top small-bottom\">\n\n        <div class=\"dot-in\"><\/div><!-- dot-in -->\n\n        <div class=\"pill-image-layer grid-x left\">\n\n            <div class=\"cell small-12 medium-6\"><\/div>\n\n            <div class=\"cell small-12 medium-6 pill-bg\">\n\n                <div class=\"pill-bg-image\" style=\"background-image: url( https:\/\/www.brightsign.biz\/wp-content\/uploads\/2024\/06\/Bose_HD2000-1920x900.jpg );\"><\/div>\n\n            <\/div><!-- pill-bg -->\n\n        <\/div><!-- pill-image-layer -->\n\n        <div class=\"block-inner medium grid-x left\">\n\n            <div class=\"cell small-12 medium-6 pill-content image-left\">\n\n                \n                    <div class=\"pill-title\">\n                        <h3>Exp\u00e9riences Audio<\/h3>\n                        <div aria-hidden=\"true\" class=\"blue-dot\"><\/div>\n                    <\/div>\n\n                \n                                    <p>Cr\u00e9ez des exp\u00e9riences audio convaincantes.<\/p>\n<ul>\n<li>Proposez des descriptions audio ou des conseils aux clients malvoyants<\/li>\n<li>Encouragez la participation des clients \u00e0 l'aide de commandes vocales ou de contenus d\u00e9clench\u00e9s par le son<\/li>\n<li>R\u00e9pondez \u00e0 la diversit\u00e9 des publics gr\u00e2ce \u00e0 un support audio multilingue<\/li>\n<\/ul>\n                \n                \n                <div class=\"basic-cta\">\n                <a href=\"https:\/\/www.brightsign.biz\/fr\/contactez-nous\/\" target=\"_self\">Contacter le Service Client<i class=\"fa-solid fa-chevron-right\"><\/i><\/a>\n                <\/div><!-- basic-cta -->\n\n                \n            <\/div><!-- pill-content -->\n\n        <\/div><!-- block-inner -->\n\n    <\/section><!-- pill-image-text -->\n\n<\/div><!--pill-pad-wrap -->\n\n\n\n\n\n\n\n\n\n<section id=\"full-width-feature-block_a1b74a73f7aee4f7aafab5cd914a9176\" class=\"full-width-feature custom-block\">\n\n    <div class=\"fv-bg-image\" style=\"background-image: url('https:\/\/www.brightsign.biz\/wp-content\/uploads\/2023\/04\/Ikea_Hero-1920x900.jpg')\"><\/div>\n\n<div class=\"hero-gradient\"><\/div>\n\n<div class=\"block-inner grid-x\">\n\n<div class=\"block-inner-content default-checks cell small-12 medium-12 large-6\">\n\n    <h2>\"\u00c7a marche tout seul\".<\/h2>\n<p>L'objectif \u00e9tait d'attirer les gens dans le nouvel espace et d'augmenter le temps qu'ils passaient \u00e0 d\u00e9couvrir les produits.\r\nde temps pass\u00e9 \u00e0 d\u00e9couvrir les produits. IKEA voulait combiner des \u00e9l\u00e9ments num\u00e9riques<br>\r\navec des produits physiques d'une mani\u00e8re qui soit \u00e0 la fois cool et excitante. Les lecteurs BrightSign<br> sont parfaits pour ce type de synchronisation.\r\nsont parfaits pour ce type de configuration de lecture synchronis\u00e9e. Ils sont extr\u00eamement<br>\r\nfiables et tr\u00e8s simples \u00e0 utiliser. Si nous devons mettre \u00e0 jour le contenu, il nous suffit de nous connecter \u00e0<br>\r\nnotre PC de contr\u00f4le, de l'envoyer \u00e0 tous les lecteurs et tout fonctionne.<\/p>\n<p><em><strong class=\"name\">Stuart Harris<\/strong><\/em><\/p>\n<p>\u2013<strong class=\"company\">Cartographie du mouvement<\/strong><\/p>\n\n\n\n<\/div><!-- block-inner-content -->\n\n<div class=\"cell small-12 medium-12 large-6\">\n<\/div><!-- cell -->\n\n<\/div><!-- block-inner -->\n\n<\/section>\n\n\n\n<section id=\"ticker-block_caaadd726fb3586981ab63154dc663b5\" class=\"ticker custom-block white-bg dark medium-top medium-bottom\">\n\n            <h4>Choisi par les leaders de l'industrie<\/h4>\n    \n    <div class=\"block-inner\">\n        <div class=\"swiper ticker-swiper\">\n            <div class=\"swiper-wrapper\">\n\n                                    \n                        <div class=\"swiper-slide\">\n                                                            <img decoding=\"async\" src=\"https:\/\/www.brightsign.biz\/wp-content\/uploads\/2024\/05\/PlugPowerGrayscale.svg\" alt=\"\" \/>\n                                                                                <\/div>\n\n                    \n                        <div class=\"swiper-slide\">\n                                                            <img decoding=\"async\" src=\"https:\/\/www.brightsign.biz\/wp-content\/uploads\/2024\/05\/GoPro_logo_light.svg\" alt=\"\" \/>\n                                                                                <\/div>\n\n                    \n                        <div class=\"swiper-slide\">\n                                                            <img decoding=\"async\" src=\"https:\/\/www.brightsign.biz\/wp-content\/uploads\/2024\/05\/lg.svg\" alt=\"\" \/>\n                                                                                <\/div>\n\n                    \n                        <div class=\"swiper-slide\">\n                                                            <img decoding=\"async\" src=\"https:\/\/www.brightsign.biz\/wp-content\/uploads\/2024\/05\/Screenshot-2024-05-28-at-12.08.31\u202fPM-750x440.png\" alt=\"\" \/>\n                                                                                <\/div>\n\n                    \n                        <div class=\"swiper-slide\">\n                                                            <img decoding=\"async\" src=\"https:\/\/www.brightsign.biz\/wp-content\/uploads\/2024\/05\/Screenshot-2024-05-28-at-12.08.31\u202fPM-750x440.png\" alt=\"\" \/>\n                                                                                <\/div>\n\n                    \n                        <div class=\"swiper-slide\">\n                                                            <img decoding=\"async\" src=\"https:\/\/www.brightsign.biz\/wp-content\/uploads\/2024\/05\/PlugPowerGrayscale.svg\" alt=\"\" \/>\n                                                                                <\/div>\n\n                    \n                        <div class=\"swiper-slide\">\n                                                            <img decoding=\"async\" src=\"https:\/\/www.brightsign.biz\/wp-content\/uploads\/2024\/05\/GoPro_logo_light.svg\" alt=\"\" \/>\n                                                                                <\/div>\n\n                    \n                        <div class=\"swiper-slide\">\n                                                            <img decoding=\"async\" src=\"https:\/\/www.brightsign.biz\/wp-content\/uploads\/2024\/05\/lg.svg\" alt=\"\" \/>\n                                                                                <\/div>\n\n                    \n                        <div class=\"swiper-slide\">\n                                                            <img decoding=\"async\" src=\"https:\/\/www.brightsign.biz\/wp-content\/uploads\/2024\/05\/Screenshot-2024-05-28-at-12.08.31\u202fPM-750x440.png\" alt=\"\" \/>\n                                                                                <\/div>\n\n                    \n                        <div class=\"swiper-slide\">\n                                                            <img decoding=\"async\" src=\"https:\/\/www.brightsign.biz\/wp-content\/uploads\/2024\/05\/Screenshot-2024-05-28-at-12.08.31\u202fPM-750x440.png\" alt=\"\" \/>\n                                                                                <\/div>\n\n                                    \n            <\/div><!-- swiper-wrapper -->\n        <\/div><!-- swiper -->\n    <\/div><!-- block-inner -->\n<\/section><!-- ticker -->","protected":false},"excerpt":{"rendered":"","protected":false},"author":2,"featured_media":11463,"parent":544,"menu_order":60,"comment_status":"closed","ping_status":"closed","template":"","meta":{"_acf_changed":false,"_searchwp_excluded":"","footnotes":""},"class_list":["post-668","page","type-page","status-publish","has-post-thumbnail","hentry"],"acf":[],"_links":{"self":[{"href":"https:\/\/www.brightsign.biz\/fr\/wp-json\/wp\/v2\/pages\/668","targetHints":{"allow":["GET"]}}],"collection":[{"href":"https:\/\/www.brightsign.biz\/fr\/wp-json\/wp\/v2\/pages"}],"about":[{"href":"https:\/\/www.brightsign.biz\/fr\/wp-json\/wp\/v2\/types\/page"}],"author":[{"embeddable":true,"href":"https:\/\/www.brightsign.biz\/fr\/wp-json\/wp\/v2\/users\/2"}],"replies":[{"embeddable":true,"href":"https:\/\/www.brightsign.biz\/fr\/wp-json\/wp\/v2\/comments?post=668"}],"version-history":[{"count":0,"href":"https:\/\/www.brightsign.biz\/fr\/wp-json\/wp\/v2\/pages\/668\/revisions"}],"up":[{"embeddable":true,"href":"https:\/\/www.brightsign.biz\/fr\/wp-json\/wp\/v2\/pages\/544"}],"wp:featuredmedia":[{"embeddable":true,"href":"https:\/\/www.brightsign.biz\/fr\/wp-json\/wp\/v2\/media\/11463"}],"wp:attachment":[{"href":"https:\/\/www.brightsign.biz\/fr\/wp-json\/wp\/v2\/media?parent=668"}],"curies":[{"name":"wp","href":"https:\/\/api.w.org\/{rel}","templated":true}]}}