{"id":740,"date":"2023-03-27T16:29:26","date_gmt":"2023-03-27T16:29:26","guid":{"rendered":"https:\/\/brightsign2425.wpenginepowered.com\/?page_id=740"},"modified":"2025-01-20T09:16:30","modified_gmt":"2025-01-20T14:16:30","slug":"devenir-revendeur","status":"publish","type":"page","link":"https:\/\/www.brightsign.biz\/fr\/partners\/become-a-reseller\/","title":{"rendered":"Devenir Revendeur"},"content":{"rendered":"<section\n  id=\"hero-block_e42d22342cf3ddf975bd48c235063439\"\n  class=\"hero custom-block\"\n  data-form-url=\"\"\n>\n  <!-- Backgrounds: cover full section, center position (extended via SCSS) -->\n        <div id=\"hero-desktop-background\" style=\"background-image: url('https:\/\/www.brightsign.biz\/wp-content\/uploads\/2023\/05\/PartnersParentHero-1920x900.jpg'); background-size: cover; background-position: center center; background-repeat: no-repeat;\"><\/div>\n        <div id=\"hero-mobile-background\" style=\"background-image: url('https:\/\/www.brightsign.biz\/wp-content\/uploads\/2023\/05\/PartnersParentHero-1920x900.jpg'); background-size: cover; background-position: center center; background-repeat: no-repeat;\"><\/div>\n  \n  <div class=\"hero-gradient\" aria-hidden=\"true\"><\/div>\n  <div class=\"block-inner medium\">\n    <div class=\"block-inner-content grid-x grid-margin-y\">\n\n      <!-- MOBILE-only layout -->\n      <div class=\"cell small-12 show-for-small-only\">\n        \n        \n        \n        \n        <ul class=\"custom-breadcrumb\"><li>Solutions<\/li><\/ul><div class=\"mobile-content form-content\"><h1><strong>Devenir Revendeur<\/strong><\/h1>\n<p>Unissez vos forces \u00e0 celles de la premi\u00e8re marque de lecteurs multim\u00e9dias num\u00e9riques.<\/p>\n<\/div>      <\/div>\n      <!-- end MOBILE-only -->\n\n      <!-- DESKTOP text cell -->\n      <div class=\"cell small-12 medium-12 large-6 hide-for-small-only\">\n        \n        <ul class=\"custom-breadcrumb\"><li>Solutions<\/li><\/ul><h1><strong>Devenir Revendeur<\/strong><\/h1>\n<p>Unissez vos forces \u00e0 celles de la premi\u00e8re marque de lecteurs multim\u00e9dias num\u00e9riques.<\/p>\n      <\/div>\n      <!-- end DESKTOP text cell -->\n\n      <!-- DESKTOP form\/video cell -->\n      <div class=\"cell small-12 medium-12 large-6 center-play hide-for-small-only\">\n        \n              <\/div>\n      <!-- end DESKTOP form\/video cell -->\n\n    <\/div><!-- .block-inner-content -->\n  <\/div><!-- .block-inner -->\n<\/section><!-- hero -->\n\n\n\n    <section id=\"full-width-text-block_97685f3d4ffa55de7645b17380cf0fa5\" class=\"full-width-text custom-block dark small-top small-bottom brand-htags default-lists\">\n\n        <div class=\"block-inner medium\">\n\n        <h2 style=\"text-align: center\">Devenir revendeur BrightSign<\/h2>\n<p style=\"text-align: center\">Vous \u00eates un revendeur ou un int\u00e9grateur d'\u00e9quipements A\/V professionnel et vous souhaitez proposer les meilleurs produits d'affichage dynamique \u00e0 vos clients ? Rejoignez des milliers de professionnels de l'audiovisuel du monde entier et devenez un revendeur officiel de BrightSign.<\/p>\n\n        \n        <\/div><!-- block-inner -->  \n\n        \n    <\/section><!-- full-width-text -->  \n\n\n\n\n\n\n\n<section id=\"media-grid-block_6909947e56580b75693d5478082eac4e\" class=\"media-grid custom-block dark none-top small-bottom\">\n\n<div class=\"block-inner medium\">\n\n<div class=\"full-width-text default-htags\">\n\n\n<\/div>\n\n\n<div class=\"grid-x\">\n\n\n<div class=\"mg-cell cell small-12 medium-4\">\n\n    <div class=\"mg-cell-inner item-parent\">\n\n    <div class=\"mg-item-content keep-overlay default-htags default-lists\">\n\n        \n            <div class=\"mg-item-image\">\n\n                <img decoding=\"async\" src=\"https:\/\/www.brightsign.biz\/wp-content\/uploads\/2024\/04\/PlayersImage_LG_Opt.2.webp\" alt=\"\" \/>\n           \n\n                            <\/div>\n        \n        \n\n            <div class=\"mg-content-top\">\n\n                \n                                    <h4>Vendre BrightSign<\/h4>\n<p>Les revendeurs BrightSign b\u00e9n\u00e9ficient d'un acc\u00e8s exclusif et de prix r\u00e9serv\u00e9s aux revendeurs sur tous les lecteurs, logiciels et accessoires BrightSign.  Nous proposons \u00e9galement des programmes sp\u00e9ciaux d'inventaire et de financement pour vous aider \u00e0 maximiser la rentabilit\u00e9 d'un partenariat avec BrightSign.<\/p>\n                                \n\n            <\/div><!-- mg-content-top -->\n\n            <\/div><!-- mg-item-content -->\n\n            <ul class=\"mg-cta-list small-buttons\">\n\n                                \n                \n            <\/ul>\n\n    \n    <\/div><!-- mg-cell-inner -->\n\n<\/div><!-- mg-cell -->\n\n\n<div class=\"mg-cell cell small-12 medium-4\">\n\n    <div class=\"mg-cell-inner item-parent\">\n\n    <div class=\"mg-item-content keep-overlay default-htags default-lists\">\n\n        \n            <div class=\"mg-item-image\">\n\n                <img decoding=\"async\" src=\"https:\/\/www.brightsign.biz\/wp-content\/uploads\/2023\/04\/MakeConnections.jpg\" alt=\"\" \/>\n           \n\n                            <\/div>\n        \n        \n\n            <div class=\"mg-content-top\">\n\n                \n                                    <h4>\u00c9tablir des liens<\/h4>\n<p>Les revendeurs BrightSign b\u00e9n\u00e9ficient non seulement du soutien de l'\u00e9quipe BrightSign, mais aussi d'un r\u00e9seau mondial d'int\u00e9grateurs, de fabricants et de professionnels de l'affichage dynamique sur lequel ils peuvent s'appuyer.  De l'assistance entre pairs aux projets communs, faire partie du r\u00e9seau de partenaires BrightSign est synonyme de r\u00e9ussite.<\/p>\n                                \n\n            <\/div><!-- mg-content-top -->\n\n            <\/div><!-- mg-item-content -->\n\n            <ul class=\"mg-cta-list small-buttons\">\n\n                                \n                \n            <\/ul>\n\n    \n    <\/div><!-- mg-cell-inner -->\n\n<\/div><!-- mg-cell -->\n\n\n<div class=\"mg-cell cell small-12 medium-4\">\n\n    <div class=\"mg-cell-inner item-parent\">\n\n    <div class=\"mg-item-content keep-overlay default-htags default-lists\">\n\n        \n            <div class=\"mg-item-image\">\n\n                <img decoding=\"async\" src=\"https:\/\/www.brightsign.biz\/wp-content\/uploads\/2023\/03\/Support.jpg\" alt=\"\" \/>\n           \n\n                            <\/div>\n        \n        \n\n            <div class=\"mg-content-top\">\n\n                \n                                    <h4>Obtenir de l'aide<\/h4>\n<p>En tant que revendeur, vous avez acc\u00e8s \u00e0 un support expert de la part des membres de l'\u00e9quipe BrightSign. Du support technique \u00e0 l'assistance \u00e0 la mise en \u0153uvre, en passant par le marketing, les ventes et le support op\u00e9rationnel, toute notre \u00e9quipe est pr\u00eate \u00e0 faire tout ce qui est en son pouvoir pour aider nos revendeurs \u00e0 r\u00e9ussir.<\/p>\n                                \n\n            <\/div><!-- mg-content-top -->\n\n            <\/div><!-- mg-item-content -->\n\n            <ul class=\"mg-cta-list small-buttons\">\n\n                                \n                \n            <\/ul>\n\n    \n    <\/div><!-- mg-cell-inner -->\n\n<\/div><!-- mg-cell -->\n\n\n<\/div><!-- grid-x -->\n\n\n<\/div><!-- block-inner -->  \n\n<\/section><!-- ### -->\n\n\n\n\n\n<section id=\"partnerform\" class=\"media-text custom-block dark none-top none-bottom\" >\n    <div class=\"dot-in\"><\/div><!-- dot-in -->\n    <div class=\"block-inner medium grid-x right\">\n    \n        <div class=\"cell small-12 medium-12 large-6 mediatext-content default-checks\">\n            <div aria-hidden=\"true\" class=\"blue-dot\"><\/div>\n                            <h4>Devenir revendeur BrightSign<\/h4>\n                                                    <div class=\"text-content\">\n<p>Rejoignez le r\u00e9seau de partenaires BrightSign et profitez de ces avantages :<\/p>\n<ul>\n<li>Programme de formation complet<\/li>\n<li>Acc\u00e8s exclusif aux nouveaux produits<\/li>\n<li>Remises sur les produits BrightSign<\/li>\n<li>Support de compte d\u00e9di\u00e9<\/li>\n<li>Programmes sp\u00e9ciaux de financement et d'inventaire<\/li>\n<li>Assistance technique et professionnelle<\/li>\n<li>Pas de frais ni d'achat requis<\/li>\n<\/ul>\n<\/div>\n                        \n                        \n                    <\/div><!-- mediatext-content -->\n        \n        <div class=\"cell small-12 medium-12 large-6 form-wrapper\">\n                            <!-- Normal form on all devices -->\n                                                        \n                    <\/div><!-- form-wrapper -->\n        \n    <\/div><!-- block-inner -->\n<\/section><!-- media-text -->\n\n\n\n\n\n<section id=\"ticker-block_371c32edaf80b9cd23732d469c1b75c4\" class=\"ticker custom-block white-bg\">\n\n            <h4>Choisi par les leaders de l'industrie<\/h4>\n    \n    <div class=\"block-inner\">\n        <div class=\"swiper ticker-swiper\">\n            <div class=\"swiper-wrapper\">\n\n                                    \n                        <div class=\"swiper-slide\">\n                                                            <img decoding=\"async\" src=\"https:\/\/www.brightsign.biz\/wp-content\/uploads\/2024\/05\/PlugPowerGrayscale.svg\" alt=\"\" \/>\n                                                                                <\/div>\n\n                    \n                        <div class=\"swiper-slide\">\n                                                            <img decoding=\"async\" src=\"https:\/\/www.brightsign.biz\/wp-content\/uploads\/2024\/05\/GoPro_logo_light.svg\" alt=\"\" \/>\n                                                                                <\/div>\n\n                    \n                        <div class=\"swiper-slide\">\n                                                            <img decoding=\"async\" src=\"https:\/\/www.brightsign.biz\/wp-content\/uploads\/2024\/05\/lg.svg\" alt=\"\" \/>\n                                                                                <\/div>\n\n                    \n                        <div class=\"swiper-slide\">\n                                                            <img decoding=\"async\" src=\"https:\/\/www.brightsign.biz\/wp-content\/uploads\/2024\/05\/Screenshot-2024-05-28-at-12.08.31\u202fPM-750x440.png\" alt=\"\" \/>\n                                                                                <\/div>\n\n                    \n                        <div class=\"swiper-slide\">\n                                                            <img decoding=\"async\" src=\"https:\/\/www.brightsign.biz\/wp-content\/uploads\/2024\/05\/Screenshot-2024-05-28-at-12.08.31\u202fPM-750x440.png\" alt=\"\" \/>\n                                                                                <\/div>\n\n                    \n                        <div class=\"swiper-slide\">\n                                                            <img decoding=\"async\" src=\"https:\/\/www.brightsign.biz\/wp-content\/uploads\/2024\/05\/PlugPowerGrayscale.svg\" alt=\"\" \/>\n                                                                                <\/div>\n\n                    \n                        <div class=\"swiper-slide\">\n                                                            <img decoding=\"async\" src=\"https:\/\/www.brightsign.biz\/wp-content\/uploads\/2024\/05\/GoPro_logo_light.svg\" alt=\"\" \/>\n                                                                                <\/div>\n\n                    \n                        <div class=\"swiper-slide\">\n                                                            <img decoding=\"async\" src=\"https:\/\/www.brightsign.biz\/wp-content\/uploads\/2024\/05\/lg.svg\" alt=\"\" \/>\n                                                                                <\/div>\n\n                    \n                        <div class=\"swiper-slide\">\n                                                            <img decoding=\"async\" src=\"https:\/\/www.brightsign.biz\/wp-content\/uploads\/2024\/05\/Screenshot-2024-05-28-at-12.08.31\u202fPM-750x440.png\" alt=\"\" \/>\n                                                                                <\/div>\n\n                    \n                        <div class=\"swiper-slide\">\n                                                            <img decoding=\"async\" src=\"https:\/\/www.brightsign.biz\/wp-content\/uploads\/2024\/05\/Screenshot-2024-05-28-at-12.08.31\u202fPM-750x440.png\" alt=\"\" \/>\n                                                                                <\/div>\n\n                                    \n            <\/div><!-- swiper-wrapper -->\n        <\/div><!-- swiper -->\n    <\/div><!-- block-inner -->\n<\/section><!-- ticker -->","protected":false},"excerpt":{"rendered":"","protected":false},"author":2,"featured_media":0,"parent":552,"menu_order":90,"comment_status":"closed","ping_status":"closed","template":"","meta":{"_acf_changed":true,"_searchwp_excluded":"","footnotes":""},"class_list":["post-740","page","type-page","status-publish","hentry"],"acf":[],"_links":{"self":[{"href":"https:\/\/www.brightsign.biz\/fr\/wp-json\/wp\/v2\/pages\/740","targetHints":{"allow":["GET"]}}],"collection":[{"href":"https:\/\/www.brightsign.biz\/fr\/wp-json\/wp\/v2\/pages"}],"about":[{"href":"https:\/\/www.brightsign.biz\/fr\/wp-json\/wp\/v2\/types\/page"}],"author":[{"embeddable":true,"href":"https:\/\/www.brightsign.biz\/fr\/wp-json\/wp\/v2\/users\/2"}],"replies":[{"embeddable":true,"href":"https:\/\/www.brightsign.biz\/fr\/wp-json\/wp\/v2\/comments?post=740"}],"version-history":[{"count":0,"href":"https:\/\/www.brightsign.biz\/fr\/wp-json\/wp\/v2\/pages\/740\/revisions"}],"up":[{"embeddable":true,"href":"https:\/\/www.brightsign.biz\/fr\/wp-json\/wp\/v2\/pages\/552"}],"wp:attachment":[{"href":"https:\/\/www.brightsign.biz\/fr\/wp-json\/wp\/v2\/media?parent=740"}],"curies":[{"name":"wp","href":"https:\/\/api.w.org\/{rel}","templated":true}]}}