{"id":768,"date":"2023-03-27T16:42:38","date_gmt":"2023-03-27T20:42:38","guid":{"rendered":"https:\/\/brightsign2425.wpenginepowered.com\/?page_id=768"},"modified":"2025-02-19T09:58:14","modified_gmt":"2025-02-19T14:58:14","slug":"guide-de-demarrage-rapide","status":"publish","type":"page","link":"https:\/\/www.brightsign.biz\/fr\/resources\/quickstart-guide\/","title":{"rendered":"Guide de D\u00e9marrage Rapide"},"content":{"rendered":"<section\n  id=\"hero-block_06e84fa3f3d0b0bdd062f89b77496354\"\n  class=\"hero custom-block\"\n  data-form-url=\"\"\n>\n  <!-- Backgrounds: cover full section, center position (extended via SCSS) -->\n        <div id=\"hero-desktop-background\" style=\"background-image: url('https:\/\/www.brightsign.biz\/wp-content\/uploads\/2024\/06\/quick-start-hero-v3.png'); background-size: cover; background-position: center center; background-repeat: no-repeat;\"><\/div>\n        <div id=\"hero-mobile-background\" style=\"background-image: url('https:\/\/www.brightsign.biz\/wp-content\/uploads\/2024\/06\/quick-start-hero-v3.png'); background-size: cover; background-position: center center; background-repeat: no-repeat;\"><\/div>\n  \n  <div class=\"hero-gradient\" aria-hidden=\"true\"><\/div>\n  <div class=\"block-inner medium\">\n    <div class=\"block-inner-content grid-x grid-margin-y\">\n\n      <!-- MOBILE-only layout -->\n      <div class=\"cell small-12 show-for-small-only\">\n        \n        \n        \n        \n        <ul class=\"custom-breadcrumb\"><li>Centre d'assistance<\/li><\/ul><div class=\"mobile-content form-content\"><h1>D\u00e9marrage rapide <strong>Guide<\/strong><\/h1>\n<p>Commencez avec BrightSign.<\/p>\n<\/div>      <\/div>\n      <!-- end MOBILE-only -->\n\n      <!-- DESKTOP text cell -->\n      <div class=\"cell small-12 medium-12 large-6 hide-for-small-only\">\n        \n        <ul class=\"custom-breadcrumb\"><li>Centre d'assistance<\/li><\/ul><h1>D\u00e9marrage rapide <strong>Guide<\/strong><\/h1>\n<p>Commencez avec BrightSign.<\/p>\n      <\/div>\n      <!-- end DESKTOP text cell -->\n\n      <!-- DESKTOP form\/video cell -->\n      <div class=\"cell small-12 medium-12 large-6 center-play hide-for-small-only\">\n        \n              <\/div>\n      <!-- end DESKTOP form\/video cell -->\n\n    <\/div><!-- .block-inner-content -->\n  <\/div><!-- .block-inner -->\n<\/section><!-- hero -->\n\n\n\n    <section id=\"full-width-text-block_ea8be904e3ec914a9285d727ed6ab192\" class=\"full-width-text custom-block dark medium-top medium-bottom brand-htags default-lists\">\n\n        <div class=\"block-inner medium\">\n\n        <h2 class=\"column-title\" style=\"text-align: center\">D\u00e9marrer avec BrightSign<\/h2>\n<div class=\"text-content\" style=\"text-align: center\">La mise en route de votre lecteur BrightSign est simple comme bonjour.<\/div>\n\n        \n        <\/div><!-- block-inner -->  \n\n        \n    <\/section><!-- full-width-text -->  \n\n\n\n\n\n\n\n<section id=\"setup\" class=\"simple-video custom-block\">\n\n<div class=\"block-inner medium\">\n\n\n<div class=\"vimeo-wrapper\">\n\n<div class=\"vimeo-thumb\" style=\"background-image: url( https:\/\/www.brightsign.biz\/wp-content\/uploads\/2024\/05\/intro-scaled-1-1440x800.jpg );\"><\/div>\n\n<div class=\"inline-video\" id=\"video-948903290\"><iframe src=\"\" frameborder=\"0\" allowfullscreen allowtransparency allow=\"autoplay\"><\/iframe><\/div>\n\n<button class=\"play-embed\" data-id=\"948903290\"><\/button>\n\n<\/div><!-- vimeo-wrapper -->\n\n\n    <h3>Configuration du lecteur<\/h3>\n<p>Une introduction aux concepts de base de la configuration de votre lecteur BrightSign, aux diff\u00e9rentes m\u00e9thodes de publication disponibles et \u00e0 la fa\u00e7on dont vous pouvez utiliser votre lecteur BrightSign. <a href=\"http:\/\/bsn.cloud\">BSN.Cloud<\/a> \u0153uvre.<\/p>\n<\/div><!-- block-inner -->\n\n<\/section><!-- simple-video -->\n\n\n\n\n\n\n\n<section id=\"contentCloud\" class=\"media-grid custom-block dark large-top small-bottom\">\n\n<div class=\"block-inner medium\">\n\n<div class=\"full-width-text default-htags\">\n\n\n<\/div>\n\n\n<div class=\"grid-x\">\n\n\n<div class=\"mg-cell cell small-12 medium-6\">\n\n    <div class=\"mg-cell-inner item-parent\">\n\n    <div class=\"mg-item-content keep-overlay default-htags default-lists\">\n\n        \n            <div class=\"mg-item-image\">\n\n                <img decoding=\"async\" src=\"https:\/\/www.brightsign.biz\/wp-content\/uploads\/2024\/03\/th-contentCloud-900x495.png\" alt=\"\" \/>\n           \n\n                \n                <div class=\"mediagrid-modal reveal full\" id=\"video-927217914\" data-reveal data-close-on-click=\"true\">\n                <div class=\"mediagrid-modal-inner\">\n                <iframe src=\"\" frameborder=\"0\" allowfullscreen allowtransparency allow=\"autoplay\"><\/iframe>\n                <button class=\"close-button\" data-close aria-label=\"Fermer la fen\u00eatre modale\" type=\"button\"><i class=\"fa-sharp fa-regular fa-xmark\"><\/i><\/button>\n                <\/div>\n                <\/div>\n                <button class=\"play-modal\" data-id=\"927217914\" data-toggle=\"video-927217914\"><\/button>\n                                        <\/div>\n        \n        \n\n            <div class=\"mg-content-top\">\n\n                <h4>Configuration du nuage de contenu<\/h4>\n                                    <p>Utiliser BSN.Cloud pour provisionner (configurer) un lecteur afin qu'il utilise le syst\u00e8me de gestion de contenu (CMS) payant de BrightSign.<\/p>\n                                \n\n            <\/div><!-- mg-content-top -->\n\n            <\/div><!-- mg-item-content -->\n\n            <ul class=\"mg-cta-list small-buttons\">\n\n                                \n                \n            <\/ul>\n\n    \n    <\/div><!-- mg-cell-inner -->\n\n<\/div><!-- mg-cell -->\n\n\n<div class=\"mg-cell cell small-12 medium-6\">\n\n    <div class=\"mg-cell-inner item-parent\">\n\n    <div class=\"mg-item-content keep-overlay default-htags default-lists\">\n\n        \n            <div class=\"mg-item-image\">\n\n                <img decoding=\"async\" src=\"https:\/\/www.brightsign.biz\/wp-content\/uploads\/2024\/03\/th-CMS-900x495.png\" alt=\"\" \/>\n           \n\n                \n                <div class=\"mediagrid-modal reveal full\" id=\"video-927223617\" data-reveal data-close-on-click=\"true\">\n                <div class=\"mediagrid-modal-inner\">\n                <iframe src=\"\" frameborder=\"0\" allowfullscreen allowtransparency allow=\"autoplay\"><\/iframe>\n                <button class=\"close-button\" data-close aria-label=\"Fermer la fen\u00eatre modale\" type=\"button\"><i class=\"fa-sharp fa-regular fa-xmark\"><\/i><\/button>\n                <\/div>\n                <\/div>\n                <button class=\"play-modal\" data-id=\"927223617\" data-toggle=\"video-927223617\"><\/button>\n                                        <\/div>\n        \n        \n\n            <div class=\"mg-content-top\">\n\n                <h4>Configuration des partenaires CMS<\/h4>\n                                    <p>Utiliser BSN.Cloud pour provisionner (param\u00e9trer) un joueur pour utiliser un de nos nombreux syst\u00e8mes de gestion de contenu. <a class=\"not-cta\" href=\"https:\/\/www.brightsign.biz\/fr\/partenaires\/?tab=cms\" rel=\"noopener\">(CMS) partenaires\u00a0<\/a>.<\/p>\n                                \n\n            <\/div><!-- mg-content-top -->\n\n            <\/div><!-- mg-item-content -->\n\n            <ul class=\"mg-cta-list small-buttons\">\n\n                                \n                \n            <\/ul>\n\n    \n    <\/div><!-- mg-cell-inner -->\n\n<\/div><!-- mg-cell -->\n\n\n<\/div><!-- grid-x -->\n\n\n<\/div><!-- block-inner -->  \n\n<\/section><!-- ### -->\n\n\n\n\n\n\n\n<section id=\"lfn\" class=\"media-grid custom-block dark none-top none-bottom\">\n\n<div class=\"block-inner medium\">\n\n<div class=\"full-width-text default-htags\">\n\n\n<\/div>\n\n\n<div class=\"grid-x\">\n\n\n<div class=\"mg-cell cell small-12 medium-4\">\n\n    <div class=\"mg-cell-inner item-parent\">\n\n    <div class=\"mg-item-content keep-overlay default-htags default-lists\">\n\n        \n            <div class=\"mg-item-image\">\n\n                <img decoding=\"async\" src=\"https:\/\/www.brightsign.biz\/wp-content\/uploads\/2024\/03\/th-LFN-900x495.png\" alt=\"\" \/>\n           \n\n                \n                <div class=\"mediagrid-modal reveal full\" id=\"video-927219848\" data-reveal data-close-on-click=\"true\">\n                <div class=\"mediagrid-modal-inner\">\n                <iframe src=\"\" frameborder=\"0\" allowfullscreen allowtransparency allow=\"autoplay\"><\/iframe>\n                <button class=\"close-button\" data-close aria-label=\"Fermer la fen\u00eatre modale\" type=\"button\"><i class=\"fa-sharp fa-regular fa-xmark\"><\/i><\/button>\n                <\/div>\n                <\/div>\n                <button class=\"play-modal\" data-id=\"927219848\" data-toggle=\"video-927219848\"><\/button>\n                                        <\/div>\n        \n        \n\n            <div class=\"mg-content-top\">\n\n                \n                                    <h4>Configuration du r\u00e9seau local<\/h4>\n<p class=\"column-title\">Utiliser BSN.Cloud pour provisionner (configurer) un lecteur pour qu'il utilise le mode R\u00e9seau Local et <a class=\"not-cta\" href=\"https:\/\/www.brightsign.biz\/fr\/ressources\/telechargements-de-logiciels\/\" rel=\"noopener\">BrightAuthor:connected<\/a>\u00a0pour cr\u00e9er et publier du contenu directement sur votre lecteur via un r\u00e9seau local.<\/p>\n                                \n\n            <\/div><!-- mg-content-top -->\n\n            <\/div><!-- mg-item-content -->\n\n            <ul class=\"mg-cta-list small-buttons\">\n\n                                \n                \n            <\/ul>\n\n    \n    <\/div><!-- mg-cell-inner -->\n\n<\/div><!-- mg-cell -->\n\n\n<div class=\"mg-cell cell small-12 medium-4\">\n\n    <div class=\"mg-cell-inner item-parent\">\n\n    <div class=\"mg-item-content keep-overlay default-htags default-lists\">\n\n        \n            <div class=\"mg-item-image\">\n\n                <img decoding=\"async\" src=\"https:\/\/www.brightsign.biz\/wp-content\/uploads\/2024\/03\/th-standalone-900x495.png\" alt=\"\" \/>\n           \n\n                \n                <div class=\"mediagrid-modal reveal full\" id=\"video-928449808\" data-reveal data-close-on-click=\"true\">\n                <div class=\"mediagrid-modal-inner\">\n                <iframe src=\"\" frameborder=\"0\" allowfullscreen allowtransparency allow=\"autoplay\"><\/iframe>\n                <button class=\"close-button\" data-close aria-label=\"Fermer la fen\u00eatre modale\" type=\"button\"><i class=\"fa-sharp fa-regular fa-xmark\"><\/i><\/button>\n                <\/div>\n                <\/div>\n                <button class=\"play-modal\" data-id=\"928449808\" data-toggle=\"video-928449808\"><\/button>\n                                        <\/div>\n        \n        \n\n            <div class=\"mg-content-top\">\n\n                \n                                    <h4>Configuration autonome<\/h4>\n<p class=\"column-title\">Cr\u00e9ez une configuration et appliquez-la \u00e0 votre lecteur \u00e0 l'aide d'une carte MicroSD et utilisez-la.\u00a0<a class=\"not-cta\" href=\"https:\/\/www.brightsign.biz\/fr\/ressources\/telechargements-de-logiciels\/\" rel=\"noopener\">BrightAuthor:connected<\/a>\u00a0pour y cr\u00e9er et y publier du contenu. Une connexion r\u00e9seau n'est pas n\u00e9cessaire.<\/p>\n                                \n\n            <\/div><!-- mg-content-top -->\n\n            <\/div><!-- mg-item-content -->\n\n            <ul class=\"mg-cta-list small-buttons\">\n\n                                \n                \n            <\/ul>\n\n    \n    <\/div><!-- mg-cell-inner -->\n\n<\/div><!-- mg-cell -->\n\n\n<div class=\"mg-cell cell small-12 medium-4\">\n\n    <div class=\"mg-cell-inner item-parent\">\n\n    <div class=\"mg-item-content keep-overlay default-htags default-lists\">\n\n        \n            <div class=\"mg-item-image\">\n\n                <img decoding=\"async\" src=\"https:\/\/www.brightsign.biz\/wp-content\/uploads\/2024\/03\/th-webFolder-900x495.png\" alt=\"\" \/>\n           \n\n                \n                <div class=\"mediagrid-modal reveal full\" id=\"video-927221777\" data-reveal data-close-on-click=\"true\">\n                <div class=\"mediagrid-modal-inner\">\n                <iframe src=\"\" frameborder=\"0\" allowfullscreen allowtransparency allow=\"autoplay\"><\/iframe>\n                <button class=\"close-button\" data-close aria-label=\"Fermer la fen\u00eatre modale\" type=\"button\"><i class=\"fa-sharp fa-regular fa-xmark\"><\/i><\/button>\n                <\/div>\n                <\/div>\n                <button class=\"play-modal\" data-id=\"927221777\" data-toggle=\"video-927221777\"><\/button>\n                                        <\/div>\n        \n        \n\n            <div class=\"mg-content-top\">\n\n                \n                                    <h4>Configuration du dossier Web<\/h4>\n<p class=\"column-title\">Utiliser BSN.Cloud pour provisionner (configurer) un lecteur \u00e0 utiliser <a class=\"not-cta\" href=\"https:\/\/www.brightsign.biz\/fr\/ressources\/telechargements-de-logiciels\/\" rel=\"noopener\">BrightAuthor:connected<\/a>\u00a0pour cr\u00e9er et publier du contenu sur ce lecteur \u00e0 partir d'un dossier web ou d'un emplacement FTP.<\/p>\n                                \n\n            <\/div><!-- mg-content-top -->\n\n            <\/div><!-- mg-item-content -->\n\n            <ul class=\"mg-cta-list small-buttons\">\n\n                                \n                \n            <\/ul>\n\n    \n    <\/div><!-- mg-cell-inner -->\n\n<\/div><!-- mg-cell -->\n\n\n<\/div><!-- grid-x -->\n\n\n<\/div><!-- block-inner -->  \n\n<\/section><!-- ### -->\n\n\n\n\n\n\n\n<section id=\"cta-list-block_061626f0a4d1b984eaa287c4d10f0f22\" class=\"cta-list custom-block dark small-top small-bottom\">\n\n\t<div class=\"block-inner medium grid-x\">\n\n\t\t\n\n\t\t \n\n\t\t\t<div class=\"cta-list-logo cell small-12 medium-auto\">  \n\t\t\t\t<div class=\"logo-container\">          \n\t\t\t\t<img decoding=\"async\" src=\"https:\/\/www.brightsign.biz\/wp-content\/uploads\/2024\/05\/Screenshot-2024-05-28-at-12.08.31\u202fPM-750x440.png\" alt=\"\" \/>\n\t\t\t\t<\/div>\n\t\t\t<\/div>\n\n\t\t\n\t\t\n\t\t\t<div class=\"cta-list-intro cell small-12 medium-auto\">\n\t\t\t<h4>Besoin d'aide ?<\/h4>\n<p><span style=\"font-weight: 400\">Nous proposons un certain nombre de ressources en ligne afin que vous disposiez de toutes les informations n\u00e9cessaires pour tirer le meilleur parti de votre solution de signalisation num\u00e9rique.\u00a0<\/span><\/p>\n\t\t\t\n\t\t\t\t\t\t\t<div class=\"basic-button blue\"><a href=\"https:\/\/support.brightsign.biz\/hc\/en-us\/requests\/new\" target=\"_blank\">Obtenir de l'aide<i class=\"fa-solid fa-chevron-right\"><\/i><\/a><\/div>\n\t\t\t\t\t\t<\/div>\n\t\t\n\t\t\n\n\t\t\n\n\t\t\t\t<div class=\"cta-list-ul cell small-12 medium-auto\">\n\t\t<ul>\n\t\t\t\t<li>\n\t\t<a href=\"https:\/\/docs.brightsign.biz\/faqs\" target=\"_blank\">Explorer les FAQ<i class=\"fa-solid fa-chevron-right\"><\/i><\/a>\n\t\t<\/li>\n\n\t\t\t\t<li>\n\t\t<a href=\"https:\/\/www.brightsign.biz\/fr\/ressources\/litterature\/\" target=\"_self\">Voir la litt\u00e9rature<i class=\"fa-solid fa-chevron-right\"><\/i><\/a>\n\t\t<\/li>\n\n\t\t\t\t<li>\n\t\t<a href=\"https:\/\/docs.brightsign.biz\/how-tos\/video-guides\" target=\"_blank\">Regarder les tutoriels vid\u00e9o<i class=\"fa-solid fa-chevron-right\"><\/i><\/a>\n\t\t<\/li>\n\n\t\t\t\t<\/ul>\n\t\t<\/div>\n\t\t\n\t<\/div><!-- block-inner -->\n\n<\/section><!-- hero -->\n\n\n\n\n\n\n    <section id=\"full-width-text-block_fed5404beb1cf4dc872e2771cb0c6a5a\" class=\"full-width-text custom-block dark small-top small-bottom brand-htags check-lists\">\n\n        <div class=\"block-inner medium\">\n\n        <h3>Prochaines \u00e9tapes<\/h3>\n<ul>\n<li>Voir\u00a0<a href=\"https:\/\/docs.brightsign.biz\/start-here\" target=\"_blank\" rel=\"noreferrer noopener\">Commencez ici<\/a>\u00a0si vous ne connaissez pas encore BrightSign.<\/li>\n<li>Voir notre\u00a0<a href=\"https:\/\/docs.brightsign.biz\/how-tos\/video-guides\" target=\"_blank\" rel=\"noopener\">Tutoriels Vid\u00e9o<\/a> pour cr\u00e9er des projets connect\u00e9s \u00e0 brightAuthor.<\/li>\n<li>Voir le <a href=\"https:\/\/docs.brightsign.biz\/quickstarts\" target=\"_blank\" rel=\"noopener\">Guide de d\u00e9marrage rapide<\/a> pour installer un lecteur BrightSign ou publier une pr\u00e9sentation.<\/li>\n<li>Parmi les autres ressources, citons notre\u00a0<a href=\"https:\/\/docs.brightsign.biz\/faqs\" target=\"_blank\" rel=\"noreferrer noopener\">FAQ<\/a>,\u00a0<a href=\"https:\/\/docs.brightsign.biz\/how-tos\" target=\"_blank\" rel=\"noreferrer noopener\">Comment faire<\/a>et le\u00a0<a href=\"https:\/\/support.brightsign.biz\/hc\/en-us\/community\/topics\/200594547-BrightSign-General-Community\" target=\"_blank\" rel=\"noreferrer noopener\">BrightSign communaut\u00e9<\/a>.<\/li>\n<\/ul>\n\n        \n        <\/div><!-- block-inner -->  \n\n        \n    <\/section><!-- full-width-text -->  \n\n\n\n\n\n<section id=\"ticker-block_68936cd7953907c940616b8343f9e61f\" class=\"ticker custom-block white-bg\">\n\n            <h4>Choisi par les leaders de l'industrie<\/h4>\n    \n    <div class=\"block-inner\">\n        <div class=\"swiper ticker-swiper\">\n            <div class=\"swiper-wrapper\">\n\n                                    \n                        <div class=\"swiper-slide\">\n                                                            <img decoding=\"async\" src=\"https:\/\/www.brightsign.biz\/wp-content\/uploads\/2024\/05\/PlugPowerGrayscale.svg\" alt=\"\" \/>\n                                                                                <\/div>\n\n                    \n                        <div class=\"swiper-slide\">\n                                                            <img decoding=\"async\" src=\"https:\/\/www.brightsign.biz\/wp-content\/uploads\/2024\/05\/GoPro_logo_light.svg\" alt=\"\" \/>\n                                                                                <\/div>\n\n                    \n                        <div class=\"swiper-slide\">\n                                                            <img decoding=\"async\" src=\"https:\/\/www.brightsign.biz\/wp-content\/uploads\/2024\/05\/lg.svg\" alt=\"\" \/>\n                                                                                <\/div>\n\n                    \n                        <div class=\"swiper-slide\">\n                                                            <img decoding=\"async\" src=\"https:\/\/www.brightsign.biz\/wp-content\/uploads\/2024\/05\/Screenshot-2024-05-28-at-12.08.31\u202fPM-750x440.png\" alt=\"\" \/>\n                                                                                <\/div>\n\n                    \n                        <div class=\"swiper-slide\">\n                                                            <img decoding=\"async\" src=\"https:\/\/www.brightsign.biz\/wp-content\/uploads\/2024\/05\/Screenshot-2024-05-28-at-12.08.31\u202fPM-750x440.png\" alt=\"\" \/>\n                                                                                <\/div>\n\n                    \n                        <div class=\"swiper-slide\">\n                                                            <img decoding=\"async\" src=\"https:\/\/www.brightsign.biz\/wp-content\/uploads\/2024\/05\/PlugPowerGrayscale.svg\" alt=\"\" \/>\n                                                                                <\/div>\n\n                    \n                        <div class=\"swiper-slide\">\n                                                            <img decoding=\"async\" src=\"https:\/\/www.brightsign.biz\/wp-content\/uploads\/2024\/05\/GoPro_logo_light.svg\" alt=\"\" \/>\n                                                                                <\/div>\n\n                    \n                        <div class=\"swiper-slide\">\n                                                            <img decoding=\"async\" src=\"https:\/\/www.brightsign.biz\/wp-content\/uploads\/2024\/05\/lg.svg\" alt=\"\" \/>\n                                                                                <\/div>\n\n                    \n                        <div class=\"swiper-slide\">\n                                                            <img decoding=\"async\" src=\"https:\/\/www.brightsign.biz\/wp-content\/uploads\/2024\/05\/Screenshot-2024-05-28-at-12.08.31\u202fPM-750x440.png\" alt=\"\" \/>\n                                                                                <\/div>\n\n                    \n                        <div class=\"swiper-slide\">\n                                                            <img decoding=\"async\" src=\"https:\/\/www.brightsign.biz\/wp-content\/uploads\/2024\/05\/Screenshot-2024-05-28-at-12.08.31\u202fPM-750x440.png\" alt=\"\" \/>\n                                                                                <\/div>\n\n                                    \n            <\/div><!-- swiper-wrapper -->\n        <\/div><!-- swiper -->\n    <\/div><!-- block-inner -->\n<\/section><!-- ticker -->","protected":false},"excerpt":{"rendered":"","protected":false},"author":2,"featured_media":0,"parent":556,"menu_order":20,"comment_status":"closed","ping_status":"closed","template":"","meta":{"_acf_changed":true,"_searchwp_excluded":"","footnotes":""},"class_list":["post-768","page","type-page","status-publish","hentry"],"acf":[],"_links":{"self":[{"href":"https:\/\/www.brightsign.biz\/fr\/wp-json\/wp\/v2\/pages\/768","targetHints":{"allow":["GET"]}}],"collection":[{"href":"https:\/\/www.brightsign.biz\/fr\/wp-json\/wp\/v2\/pages"}],"about":[{"href":"https:\/\/www.brightsign.biz\/fr\/wp-json\/wp\/v2\/types\/page"}],"author":[{"embeddable":true,"href":"https:\/\/www.brightsign.biz\/fr\/wp-json\/wp\/v2\/users\/2"}],"replies":[{"embeddable":true,"href":"https:\/\/www.brightsign.biz\/fr\/wp-json\/wp\/v2\/comments?post=768"}],"version-history":[{"count":0,"href":"https:\/\/www.brightsign.biz\/fr\/wp-json\/wp\/v2\/pages\/768\/revisions"}],"up":[{"embeddable":true,"href":"https:\/\/www.brightsign.biz\/fr\/wp-json\/wp\/v2\/pages\/556"}],"wp:attachment":[{"href":"https:\/\/www.brightsign.biz\/fr\/wp-json\/wp\/v2\/media?parent=768"}],"curies":[{"name":"wp","href":"https:\/\/api.w.org\/{rel}","templated":true}]}}