{"id":852,"date":"2023-03-27T17:17:36","date_gmt":"2023-03-27T17:17:36","guid":{"rendered":"https:\/\/brightsign2425.wpenginepowered.com\/?page_id=852"},"modified":"2026-04-03T15:33:26","modified_gmt":"2026-04-03T19:33:26","slug":"contactez-nous","status":"publish","type":"page","link":"https:\/\/www.brightsign.biz\/fr\/contact-us\/","title":{"rendered":"Contactez-nous"},"content":{"rendered":"<section id=\"media-grid-block_c6985476c10a21db39d1398043075531\" class=\"media-grid custom-block dark large-top medium-bottom\">\n\n<div class=\"block-inner medium\">\n\n<div class=\"full-width-text brand-htags\">\n\n    <div><h1 style=\"text-align: center;font-size: 65px\">Contactez-nous<\/h1>\n<\/div>\n\n<\/div>\n\n\n<div class=\"grid-x\">\n\n\n<div class=\"mg-cell cell small-12 medium-6\">\n\n    <div class=\"mg-cell-inner item-parent\">\n\n    <div class=\"mg-item-content remove-overlay brand-htags check-lists\">\n\n        \n            <div class=\"mg-item-image\">\n\n                <img decoding=\"async\" src=\"https:\/\/www.brightsign.biz\/wp-content\/uploads\/2023\/05\/SupportCard-900x495.jpg\" alt=\"Agent d&#039;assistance \u00e0 la client\u00e8le BrightSign souriant enlevant ses lunettes et travaillant sur un ordinateur\" \/>\n           \n\n                            <\/div>\n        \n        \n\n            <div class=\"mg-content-top\">\n\n                <h4>Se connecter avec le soutien<\/h4>\n                                    <ul>\n<li><a href=\"https:\/\/docs.brightsign.biz\/support\" target=\"_blank\" rel=\"noopener\">Trouver rapidement des r\u00e9ponses<\/a> avec la recherche assist\u00e9e par l'IA<\/li>\n<li>Obtenir de l'aide pour r\u00e9soudre les erreurs<\/li>\n<li>Trouver un prestataire de services local<\/li>\n<li>Soumettre une demande d'assistance technique<\/li>\n<\/ul>\n                                \n\n            <\/div><!-- mg-content-top -->\n\n            <\/div><!-- mg-item-content -->\n\n            <ul class=\"mg-cta-list small-buttons\">\n\n                \n                <li>\n                    <a href=\"#zendesk\" target=\"_self\">OBTENIR UN SOUTIEN<i class=\"fa-solid fa-chevron-right\"><\/i><\/a>\n                <\/li>\n\n                                \n                \n            <\/ul>\n\n    \n    <\/div><!-- mg-cell-inner -->\n\n<\/div><!-- mg-cell -->\n\n\n<div class=\"mg-cell cell small-12 medium-6\">\n\n    <div class=\"mg-cell-inner item-parent\">\n\n    <div class=\"mg-item-content remove-overlay brand-htags check-lists\">\n\n        \n            <div class=\"mg-item-image\">\n\n                <img decoding=\"async\" src=\"https:\/\/www.brightsign.biz\/wp-content\/uploads\/2025\/09\/IMG_0624-900x495.jpg\" alt=\"Membre de l&#039;\u00e9quipe de vente de BrightSign pr\u00e9sentant les services de gestion des appareils de bsn.Control \u00e0 un client\" \/>\n           \n\n                            <\/div>\n        \n        \n\n            <div class=\"mg-content-top\">\n\n                <h4>D\u00e9couvrir ce qui est possible<\/h4>\n                                    <ul>\n<li>D\u00e9couvrez les produits et solutions BrightSign<\/li>\n<li>Demander une d\u00e9monstration ou une preuve de concept<\/li>\n<li>Se connecter avec les ventes<\/li>\n<li><a href=\"https:\/\/www.brightsign.biz\/fr\/partenaires\/\">Trouver un partenaire<\/a> pour vos besoins en mati\u00e8re d'affichage num\u00e9rique<\/li>\n<\/ul>\n                                \n\n            <\/div><!-- mg-content-top -->\n\n            <\/div><!-- mg-item-content -->\n\n            <ul class=\"mg-cta-list small-buttons\">\n\n                \n                <li>\n                    <a href=\"#contact\" target=\"_self\">D\u00c9MARRAGE<i class=\"fa-solid fa-chevron-right\"><\/i><\/a>\n                <\/li>\n\n                                \n                \n            <\/ul>\n\n    \n    <\/div><!-- mg-cell-inner -->\n\n<\/div><!-- mg-cell -->\n\n\n<\/div><!-- grid-x -->\n\n\n<\/div><!-- block-inner -->  \n\n<\/section><!-- ### -->\n\n\n\n\n<section\n  id=\"contact\"\n  class=\"hero custom-block\"\n  data-form-url=\"https:\/\/content.brightsign.biz\/l\/1011161\/2024-05-26\/2drxn?page_name=contact-us\"\n>\n  <!-- Backgrounds: cover full section, center position (extended via SCSS) -->\n        <div id=\"hero-desktop-background\" style=\"background-image: url('https:\/\/www.brightsign.biz\/wp-content\/uploads\/2024\/06\/HeroGradientFallback-1920x900.webp'); background-size: cover; background-position: center center; background-repeat: no-repeat;\"><\/div>\n        <div id=\"hero-mobile-background\" style=\"background-image: url('https:\/\/www.brightsign.biz\/wp-content\/uploads\/2024\/06\/HeroGradientFallback-1920x900.webp'); background-size: cover; background-position: center center; background-repeat: no-repeat;\"><\/div>\n  \n  <div class=\"hero-gradient\" aria-hidden=\"true\"><\/div>\n  <div class=\"block-inner\">\n    <div class=\"block-inner-content grid-x grid-margin-y\">\n\n      <!-- MOBILE-only layout -->\n      <div class=\"cell small-12 show-for-small-only\">\n                  <h1 class=\"mobile-title-mobile\">Parler \u00e0 un expert<\/h1>\n        \n                  <div class=\"hero-form-embed\"><\/div>\n        \n        \n                  <h2 class=\"mobile-subtitle-desktop\">Demandes de renseignements sur les ventes<\/h2>\n        \n        <div class=\"mobile-content form-content\"><p>Tirez le meilleur parti de votre exp\u00e9rience BrightSign :<\/p>\n<ul>\n<li>En savoir plus sur les produits BrightSign<\/li>\n<li>Explorer des cas d'utilisation adapt\u00e9s \u00e0 votre marque<\/li>\n<li>Demander une d\u00e9monstration ou une preuve de concept<\/li>\n<li>Acc\u00e9der \u00e0 notre r\u00e9seau de partenaires<\/li>\n<\/ul>\n<div style=\"padding-top: 10px;padding-right: 10px\">\n<p><img decoding=\"async\" class=\"alignleft\" style=\"padding-top: 20px;padding-bottom: 20px\" src=\"https:\/\/www.brightsign.biz\/wp-content\/uploads\/2025\/09\/question-mark-icon-v15.png\" alt=\"ic\u00f4ne de point d&#039;interrogation\" \/>Pour les questions techniques, utilisez le <a href=\"#zendesk\">widget de soutien<\/a> dans le coin inf\u00e9rieur droit ou <a href=\"https:\/\/support.brightsign.biz\/hc\/en-us\/requests\/new\" target=\"_blank\" rel=\"noopener\">soumettre une demande d'assistance ici<\/a>.<\/p>\n<\/div>\n<p>&nbsp;<\/p>\n<p>Adresse postale :<br \/>\nBo\u00eete postale 320250<br \/>\nLos Gatos, CA 95032-0104<\/p>\n<p>Num\u00e9ro de t\u00e9l\u00e9phone :<br \/>\n408-852-9263<\/p>\n<\/div>      <\/div>\n      <!-- end MOBILE-only -->\n\n      <!-- DESKTOP text cell -->\n      <div class=\"cell small-12 medium-12 large-6 form-content small-order-2 medium-order-1 large-order-1 hide-for-small-only\">\n        \n        <h1><strong>Contactez-nous<\/strong><\/h1>\n<p>&nbsp;<\/p>\n<p>Tirez le meilleur parti de votre exp\u00e9rience BrightSign :<\/p>\n<ul>\n<li>En savoir plus sur les produits BrightSign<\/li>\n<li>Explorer des cas d'utilisation adapt\u00e9s \u00e0 votre marque<\/li>\n<li>Demander une d\u00e9monstration ou une preuve de concept<\/li>\n<li>Acc\u00e9der \u00e0 notre r\u00e9seau de partenaires<\/li>\n<\/ul>\n<div style=\"padding-top: 10px;padding-right: 10px\">\n<p><img decoding=\"async\" class=\"alignleft\" style=\"padding-top: 20px;padding-bottom: 20px\" src=\"https:\/\/www.brightsign.biz\/wp-content\/uploads\/2025\/09\/question-mark-icon-v15.png\" alt=\"ic\u00f4ne de point d&#039;interrogation\" \/><\/p>\n<p>Pour les questions techniques, utilisez le <a href=\"#zendesk\">widget de soutien<\/a> dans le coin inf\u00e9rieur droit ou <a href=\"https:\/\/support.brightsign.biz\/hc\/en-us\/requests\/new\" target=\"_blank\" rel=\"noopener\">soumettre une demande d'assistance ici<\/a>.<\/p>\n<\/div>\n<p>&nbsp;<\/p>\n<p>Adresse postale :<br \/>\nBo\u00eete postale 320250<br \/>\nLos Gatos, CA 95032-0104<\/p>\n<p>Num\u00e9ro de t\u00e9l\u00e9phone :<br \/>\n408-852-9263<\/p>\n      <\/div>\n      <!-- end DESKTOP text cell -->\n\n      <!-- DESKTOP form\/video cell -->\n      <div class=\"cell small-12 medium-12 large-6 center-play small-order-1 medium-order-2 large-order-2 hide-for-small-only\">\n                  <h2 class=\"mobile-title-desktop\">Parler \u00e0 un expert<\/h2>\n        \n                  <div class=\"hero-form-embed\"><\/div>\n              <\/div>\n      <!-- end DESKTOP form\/video cell -->\n\n    <\/div><!-- .block-inner-content -->\n  <\/div><!-- .block-inner -->\n<\/section><!-- hero -->\n\n\n\n<section id=\"testimonial-slider-block_577ae95734a230bf3983c0dbbb0264ed\" class=\"testimonial-slider custom-block\">\n\n    <div class=\"block-inner medium\">\n\n                    <h3>Ce que disent nos clients<\/h3>\n        \n        <div class=\"swiper testimonial-swiper\">\n            \n            <div class=\"swiper-wrapper\">\n\n                \n                    <div class=\"swiper-slide\">\n\n                        <div class=\"slide-inner\">\n\n                            <blockquote>\n            \n                                <p class=\"translation-block\">Les magasins de Times Square comptent parmi les commerces de d\u00e9tail les plus <br>visibles au monde.  Notre objectif \u00e9tait d'offrir une exp\u00e9rience qui refl\u00e8te l'image de la <br>marque. Nous avons fait confiance aux lecteurs BrightSign\npour fournir une plateforme<br> de distribution de m\u00e9dias \u00e0 s\u00e9curit\u00e9 int\u00e9gr\u00e9e. Non seulement\nnous b\u00e9n\u00e9ficions de la<br> fiabilit\u00e9 in\u00e9gal\u00e9e de BrightSign, mais nous avons pu cr\u00e9er du contenu pour l'ensemble <br>du magasin avec seulement deux lecteurs, ce qui t\u00e9moigne vraiment des capacit\u00e9s <br>robustes du mat\u00e9riel BrightSign<\/p>\n\n                                <div class=\"cite-wrap\">\n\n                                                                        <cite>\n                                        <span class=\"testimonial-name\">Brandie Perkins<\/span>\n                                                                                    <br><span>Reflect<\/span>\n                                                                            <\/cite>\n                                <\/div>\n\n                                \n                            <\/blockquote>\n\n                        <\/div><!-- slide-inner -->\n\n                    <\/div><!-- swiper-slide -->\n\n                \n                    <div class=\"swiper-slide\">\n\n                        <div class=\"slide-inner\">\n\n                            <blockquote>\n            \n                                <p>\"Les lecteurs BrightSign sont robustes, flexibles, r\u00e9actifs et facilement adaptables \u00e0 nos besoins. Nous utilisons largement les lecteurs BrightSign en raison de leur robustesse et de leur solidit\u00e9, qui ont fait leurs preuves.\"<\/p>\n\n                                <div class=\"cite-wrap\">\n\n                                                                        <cite>\n                                        <span class=\"testimonial-name\">Marc Simpson<\/span>\n                                                                                    <br><span>Exp\u00e9rience Rugby All Blacks, Toulouse<\/span>\n                                                                            <\/cite>\n                                <\/div>\n\n                                \n                            <\/blockquote>\n\n                        <\/div><!-- slide-inner -->\n\n                    <\/div><!-- swiper-slide -->\n\n                \n                    <div class=\"swiper-slide\">\n\n                        <div class=\"slide-inner\">\n\n                            <blockquote>\n            \n                                <p>\"Nous utilisons r\u00e9guli\u00e8rement les lecteurs BrightSign. Ils offrent \u00e0 nos clients une combinaison rare de fiabilit\u00e9, de facilit\u00e9 d'entretien, de fluidit\u00e9 de lecture et, surtout, un choix de logiciels. Nous plaisantons en disant que<br \/>\nLes lecteurs de BrightSign nous survivront, et je parie que ce n'est pas loin de la v\u00e9rit\u00e9\".<\/p>\n\n                                <div class=\"cite-wrap\">\n\n                                                                        <cite>\n                                        <span class=\"testimonial-name\">Jonathan Alger<\/span>\n                                                                                    <br><span>C&amp;G Partners pour l'Universit\u00e9 Rockefeller<\/span>\n                                                                            <\/cite>\n                                <\/div>\n\n                                \n                            <\/blockquote>\n\n                        <\/div><!-- slide-inner -->\n\n                    <\/div><!-- swiper-slide -->\n\n                \n                    <div class=\"swiper-slide\">\n\n                        <div class=\"slide-inner\">\n\n                            <blockquote>\n            \n                                <p>\"Le syst\u00e8me BrightSign \u00e9tait une recommandation id\u00e9ale, car il s'agissait sans aucun doute du lecteur le plus performant et offrant le meilleur rapport qualit\u00e9-prix. La qualit\u00e9 nous a incit\u00e9s \u00e0 standardiser le syst\u00e8me BrightSign pour tous les projets \u00e0 venir.\"<\/p>\n\n                                <div class=\"cite-wrap\">\n\n                                                                        <cite>\n                                        <span class=\"testimonial-name\">Terry Podesta<\/span>\n                                                                                    <br><span>360 Digital<\/span>\n                                                                            <\/cite>\n                                <\/div>\n\n                                \n                            <\/blockquote>\n\n                        <\/div><!-- slide-inner -->\n\n                    <\/div><!-- swiper-slide -->\n\n                \n                    <div class=\"swiper-slide\">\n\n                        <div class=\"slide-inner\">\n\n                            <blockquote>\n            \n                                <p>\"L'exp\u00e9rience a s\u00e9duit le public d\u00e8s son ouverture. La visite de chaque personne est unique en fonction de ce avec quoi elle choisit d'interagir : le bouton qu'elle appuie, le levier qu'elle tire ou le capteur qu'elle d\u00e9clenche. BrightSign permet \u00e0 cette exp\u00e9rience m\u00e9diatique enti\u00e8rement personnalisable d'\u00eatre diffus\u00e9e de mani\u00e8re r\u00e9p\u00e9t\u00e9e et fiable, jusqu'au g\u00e9n\u00e9rique de fin.\"<\/p>\n<p> Cofondateur et responsable de la cr\u00e9ation, Weta Workshop <\/p>\n\n                                <div class=\"cite-wrap\">\n\n                                                                        <cite>\n                                        <span class=\"testimonial-name\">Richard Taylor<\/span>\n                                                                                    <br><span> Cofondateur et responsable de la cr\u00e9ation, Weta Workshop<\/span>\n                                                                            <\/cite>\n                                <\/div>\n\n                                \n                            <\/blockquote>\n\n                        <\/div><!-- slide-inner -->\n\n                    <\/div><!-- swiper-slide -->\n\n                \n            <\/div><!-- swiper-wrapper -->\n\n            <div class=\"swiper-button-next show-for-large\"><\/div>\n            <div class=\"swiper-button-prev show-for-large\"><\/div>\n            <div class=\"swiper-pagination-wrapper hide-for-large\">\n                <div class=\"swiper-pagination\"><\/div>\n            <\/div><!-- swiper-pagination-wrapper -->\n\n        <\/div><!-- swiper -->\n\n    <\/div><!-- block-inner -->\n\n<\/section><!-- testimonial-slider -->\n\n\n\n\n\n<section id=\"ticker-block_9e06e040e583709112efe8c78fcd8ce5\" class=\"ticker custom-block white-bg dark medium-top medium-bottom\">\n\n            <h4>Choisi par les leaders de l'industrie<\/h4>\n    \n    <div class=\"block-inner\">\n        <div class=\"swiper ticker-swiper\">\n            <div class=\"swiper-wrapper\">\n\n                                    \n                        <div class=\"swiper-slide\">\n                                                            <img decoding=\"async\" src=\"https:\/\/www.brightsign.biz\/wp-content\/uploads\/2024\/05\/PlugPowerGrayscale.svg\" alt=\"\" \/>\n                                                                                <\/div>\n\n                    \n                        <div class=\"swiper-slide\">\n                                                            <img decoding=\"async\" src=\"https:\/\/www.brightsign.biz\/wp-content\/uploads\/2024\/05\/GoPro_logo_light.svg\" alt=\"\" \/>\n                                                                                <\/div>\n\n                    \n                        <div class=\"swiper-slide\">\n                                                            <img decoding=\"async\" src=\"https:\/\/www.brightsign.biz\/wp-content\/uploads\/2024\/05\/lg.svg\" alt=\"\" \/>\n                                                                                <\/div>\n\n                    \n                        <div class=\"swiper-slide\">\n                                                            <img decoding=\"async\" src=\"https:\/\/www.brightsign.biz\/wp-content\/uploads\/2024\/05\/Screenshot-2024-05-28-at-12.08.31\u202fPM-750x440.png\" alt=\"\" \/>\n                                                                                <\/div>\n\n                    \n                        <div class=\"swiper-slide\">\n                                                            <img decoding=\"async\" src=\"https:\/\/www.brightsign.biz\/wp-content\/uploads\/2024\/05\/Screenshot-2024-05-28-at-12.08.31\u202fPM-750x440.png\" alt=\"\" \/>\n                                                                                <\/div>\n\n                    \n                        <div class=\"swiper-slide\">\n                                                            <img decoding=\"async\" src=\"https:\/\/www.brightsign.biz\/wp-content\/uploads\/2024\/05\/PlugPowerGrayscale.svg\" alt=\"\" \/>\n                                                                                <\/div>\n\n                    \n                        <div class=\"swiper-slide\">\n                                                            <img decoding=\"async\" src=\"https:\/\/www.brightsign.biz\/wp-content\/uploads\/2024\/05\/GoPro_logo_light.svg\" alt=\"\" \/>\n                                                                                <\/div>\n\n                    \n                        <div class=\"swiper-slide\">\n                                                            <img decoding=\"async\" src=\"https:\/\/www.brightsign.biz\/wp-content\/uploads\/2024\/05\/lg.svg\" alt=\"\" \/>\n                                                                                <\/div>\n\n                    \n                        <div class=\"swiper-slide\">\n                                                            <img decoding=\"async\" src=\"https:\/\/www.brightsign.biz\/wp-content\/uploads\/2024\/05\/Screenshot-2024-05-28-at-12.08.31\u202fPM-750x440.png\" alt=\"\" \/>\n                                                                                <\/div>\n\n                    \n                        <div class=\"swiper-slide\">\n                                                            <img decoding=\"async\" src=\"https:\/\/www.brightsign.biz\/wp-content\/uploads\/2024\/05\/Screenshot-2024-05-28-at-12.08.31\u202fPM-750x440.png\" alt=\"\" \/>\n                                                                                <\/div>\n\n                                    \n            <\/div><!-- swiper-wrapper -->\n        <\/div><!-- swiper -->\n    <\/div><!-- block-inner -->\n<\/section><!-- ticker -->","protected":false},"excerpt":{"rendered":"","protected":false},"author":2,"featured_media":0,"parent":0,"menu_order":110,"comment_status":"closed","ping_status":"closed","template":"","meta":{"_acf_changed":false,"_searchwp_excluded":"","footnotes":""},"class_list":["post-852","page","type-page","status-publish","hentry"],"acf":[],"_links":{"self":[{"href":"https:\/\/www.brightsign.biz\/fr\/wp-json\/wp\/v2\/pages\/852","targetHints":{"allow":["GET"]}}],"collection":[{"href":"https:\/\/www.brightsign.biz\/fr\/wp-json\/wp\/v2\/pages"}],"about":[{"href":"https:\/\/www.brightsign.biz\/fr\/wp-json\/wp\/v2\/types\/page"}],"author":[{"embeddable":true,"href":"https:\/\/www.brightsign.biz\/fr\/wp-json\/wp\/v2\/users\/2"}],"replies":[{"embeddable":true,"href":"https:\/\/www.brightsign.biz\/fr\/wp-json\/wp\/v2\/comments?post=852"}],"version-history":[{"count":6,"href":"https:\/\/www.brightsign.biz\/fr\/wp-json\/wp\/v2\/pages\/852\/revisions"}],"predecessor-version":[{"id":13483,"href":"https:\/\/www.brightsign.biz\/fr\/wp-json\/wp\/v2\/pages\/852\/revisions\/13483"}],"wp:attachment":[{"href":"https:\/\/www.brightsign.biz\/fr\/wp-json\/wp\/v2\/media?parent=852"}],"curies":[{"name":"wp","href":"https:\/\/api.w.org\/{rel}","templated":true}]}}