{"id":11664,"date":"2024-09-11T12:34:26","date_gmt":"2024-09-11T16:34:26","guid":{"rendered":"https:\/\/www.brightsign.biz\/?page_id=11664"},"modified":"2024-09-11T12:34:26","modified_gmt":"2024-09-11T16:34:26","slug":"condizioni-di-utilizzo-del-sito-web-3","status":"publish","type":"page","link":"https:\/\/www.brightsign.biz\/it\/legal\/beta-program-agreement\/","title":{"rendered":"Contratto di programma beta"},"content":{"rendered":"<section\n  id=\"hero-block_f3f973db7cc20d0d91bda68bfb47c045\"\n  class=\"hero custom-block\"\n  data-form-url=\"\"\n>\n  <!-- Backgrounds: cover full section, center position (extended via SCSS) -->\n        <div id=\"hero-desktop-background\" style=\"background-image: url('https:\/\/www.brightsign.biz\/wp-content\/uploads\/2024\/09\/header-template3-15-1920x900.jpg'); background-size: cover; background-position: center center; background-repeat: no-repeat;\"><\/div>\n        <div id=\"hero-mobile-background\" style=\"background-image: url('https:\/\/www.brightsign.biz\/wp-content\/uploads\/2024\/09\/header-template3-15-1920x900.jpg'); background-size: cover; background-position: center center; background-repeat: no-repeat;\"><\/div>\n  \n  <div class=\"hero-gradient\" aria-hidden=\"true\"><\/div>\n  <div class=\"block-inner medium\">\n    <div class=\"block-inner-content grid-x grid-margin-y\">\n\n      <!-- MOBILE-only layout -->\n      <div class=\"cell small-12 show-for-small-only\">\n        \n        \n        \n        \n        <div class=\"mobile-content form-content\"><h1 class=\"\"><strong>Programma Beta<br \/>\n<\/strong>Accordo<\/h1>\n<p>1 settembre 2019<\/p>\n<\/div>      <\/div>\n      <!-- end MOBILE-only -->\n\n      <!-- DESKTOP text cell -->\n      <div class=\"cell small-12 medium-12 large-6 hide-for-small-only\">\n        \n        <h1 class=\"\"><strong>Programma Beta<br \/>\n<\/strong>Accordo<\/h1>\n<p>1 settembre 2019<\/p>\n      <\/div>\n      <!-- end DESKTOP text cell -->\n\n      <!-- DESKTOP form\/video cell -->\n      <div class=\"cell small-12 medium-12 large-6 center-play hide-for-small-only\">\n        \n              <\/div>\n      <!-- end DESKTOP form\/video cell -->\n\n    <\/div><!-- .block-inner-content -->\n  <\/div><!-- .block-inner -->\n<\/section><!-- hero -->\n\n\n\n    <section id=\"full-width-text-block_02143cbe378fc5295a7be0e4dc3137a8\" class=\"full-width-text custom-block dark small-top small-bottom brand-htags default-lists\">\n\n        <div class=\"block-inner medium\">\n\n        <h2 style=\"text-align: center\">Contratto di programma beta<\/h2>\n<p>IMPORTANTE - LEGGERE ATTENTAMENTE:<br \/>\nIL PRESENTE PROGRAMMA BETA \u00c8 OFFERTO DA BRIGHTSIGN LLC E DALLE SUE AFFILIATE (\"BRIGHTSIGN\") E LA PARTECIPAZIONE AL PROGRAMMA BETA \u00c8 DISCIPLINATA DAL PRESENTE ACCORDO SUL PROGRAMMA BETA (IL \"CONTRATTO\"). IL PROGRAMMA BETA PU\u00d2 CONTENERE UNO O PI\u00d9 SERVIZI BETA (I \"SERVIZI\") COME STABILITO DA BRIGHTSIGN A SUA ESCLUSIVA DISCREZIONE. L'UTENTE COMPRENDE E ACCETTA CHE L'UTILIZZO DEI SERVIZI DA PARTE DELL'UTENTE SAR\u00c0 CONSIDERATO COME ACCETTAZIONE DEL PRESENTE ACCORDO.\u00a0<strong>NEL RISPETTO DEL PRESENTE CONTRATTO E PER LA DURATA DEL PROGRAMMA BETA, BRIGHTSIGN CONCEDE ALL'UTENTE UNA LICENZA PERSONALE, NON ESCLUSIVA, NON TRASFERIBILE, REVOCABILE E LIMITATA PER L'ACCESSO E L'UTILIZZO DEI SERVIZI. I SERVIZI SONO DESTINATI ESCLUSIVAMENTE ALLA VALUTAZIONE INTERNA DELL'UTENTE E NON POSSONO ESSERE UTILIZZATI IN UN AMBIENTE DI PRODUZIONE REALE.<\/strong><\/p>\n<p>L'utente riconosce inoltre che BrightSign non ha fatto alcuna dichiarazione, promessa o garanzia che i Servizi saranno mai annunciati o resi disponibili a chiunque in futuro e che BrightSign non ha alcun obbligo espresso o implicito nei confronti dell'utente di annunciare o introdurre i Servizi. BrightSign pu\u00f2 interrompere qualsiasi Programma Beta o i Servizi in qualsiasi momento, a sua esclusiva discrezione, con o senza preavviso. Per quanto riguarda i Servizi, il presente Accordo sostituisce qualsiasi altro termine e condizione che possa essere incorporato, ma solo nella misura necessaria a risolvere il conflitto.<\/p>\n<p class=\"wysiwyg-indent1\"><strong>1. Servizi Beta<\/strong><\/p>\n<p class=\"wysiwyg-indent2\"><strong>1.1. Descrizione.<\/strong>\u00a0I Servizi possono essere un servizio separato, autonomo e accessibile a prescindere dal servizio generalmente disponibile, oppure possono essere una caratteristica o una funzionalit\u00e0 di tale servizio. Un'ulteriore descrizione dei Servizi viene fornita al momento dell'adesione al Programma Beta, o quando un Servizio viene aggiunto al Programma Beta, e pu\u00f2 essere aggiornata di volta in volta da BrightSign (la \"Documentazione\").<\/p>\n<p class=\"wysiwyg-indent2\"><strong>1.2. \"Stato \"COS\u00cc COM'\u00c8<\/strong>. Accettando il presente Contratto o utilizzando i Servizi, l'utente comprende e riconosce che i Servizi vengono forniti in versione \"Beta\" e resi disponibili \"COS\u00cc COME SONO\" o \"COME DISPONIBILI\". I Servizi possono contenere bug, errori e altri problemi.\u00a0<strong>L'UTENTE SI ASSUME TUTTI I RISCHI E TUTTI I COSTI ASSOCIATI ALL'USO DEI SERVIZI, COMPRESI, A TITOLO ESEMPLIFICATIVO E NON ESAUSTIVO, I COSTI DI ACCESSO A INTERNET, LE SPESE DI BACK-UP, I COSTI SOSTENUTI PER L'USO DEL PROPRIO DISPOSITIVO E DELLE PERIFERICHE E GLI EVENTUALI DANNI A QUALSIASI APPARECCHIATURA, SOFTWARE, INFORMAZIONE O DATO.<\/strong>\u00a0Inoltre, BrightSign non \u00e8 obbligato a fornire alcuna manutenzione, supporto tecnico o di altro tipo per i Servizi.<\/p>\n<p class=\"wysiwyg-indent2\"><strong>1.3. Feedback.<\/strong>\u00a0I Servizi sono messi a disposizione dell'utente a scopo di valutazione e feedback senza alcun compenso o rimborso di alcun tipo da parte di BrightSign. L'utente riconosce l'importanza della comunicazione tra BrightSign e l'utente stesso durante l'utilizzo dei Servizi e accetta di ricevere la relativa corrispondenza e gli aggiornamenti da BrightSign. Nel caso in cui l'utente richieda di rinunciare a tali comunicazioni, la sua partecipazione al Programma Beta sar\u00e0 annullata. Durante il Programma Beta, all'utente potrebbe essere chiesto di fornire un feedback sull'utilizzo dei Servizi. L'utente riconosce che BrightSign \u00e8 proprietaria di qualsiasi feedback fornito e con la presente concede a BrightSign, se per qualsiasi motivo fosse ulteriormente necessario, una licenza perpetua, irrevocabile, esente da royalty e valida in tutto il mondo per l'utilizzo e\/o l'incorporazione di tale feedback in qualsiasi prodotto o servizio di BrightSign in qualsiasi momento a esclusiva discrezione di BrightSign. BrightSign non pubblicher\u00e0 il feedback in modo che sia attribuibile all'utente senza il suo consenso.<\/p>\n<p class=\"wysiwyg-indent2\"><strong>1.4. Limitazioni d'uso<\/strong>. Le limitazioni specifiche dei Servizi possono essere contenute nella Documentazione. L'utente pu\u00f2 utilizzare i Servizi ai sensi del presente Contratto durante il periodo in cui il Programma Beta \u00e8 attivo. Quando un Programma Beta non \u00e8 attivo, l'utente non avr\u00e0 pi\u00f9 accesso ai Servizi. BrightSign si riserva il diritto di modificare o imporre limitazioni all'uso dei Servizi in qualsiasi momento, con o senza preavviso.<\/p>\n<p class=\"wysiwyg-indent1\"><strong>2. Partecipazione al programma Beta.<\/strong><\/p>\n<p class=\"wysiwyg-indent2\"><strong>2.1. Ammissibilit\u00e0.<\/strong>\u00a0L'utente pu\u00f2 partecipare al Programma Beta su invito o approvazione di BrightSign. Le Condizioni generali di utilizzo e l'Informativa sulla privacy di BrightSign sono incorporate per riferimento nel presente documento e controllano qualsiasi termine non specificamente trattato nel presente Contratto. In caso di conflitto, prevarranno i termini del presente Contratto.<\/p>\n<p class=\"wysiwyg-indent2\"><strong>2.2. Ingegneria inversa<\/strong>. Salvo nella misura consentita dalla legge, l'utente non pu\u00f2 modificare, distribuire, preparare opere derivate, decodificare, assemblare, disassemblare, decompilare o tentare in altro modo di decifrare qualsiasi codice in relazione ai Servizi e\/o a qualsiasi altro aspetto della tecnologia BrightSign.<\/p>\n<p class=\"wysiwyg-indent1\"><strong>3. Propriet\u00e0 intellettuale<\/strong>. L'utente accetta che BrightSign possiede tutti i diritti, i titoli e gli interessi legali relativi al Programma Beta e ai Servizi, compresi tutti i diritti di propriet\u00e0 intellettuale, e ad eccezione della licenza qui fornita, non vengono concessi altri diritti o permessi per nessuno dei Servizi. Nulla di quanto riportato nel presente documento conferisce all'utente il diritto di utilizzare i nomi commerciali, i marchi di fabbrica, i marchi di servizio, i loghi, i nomi di dominio e altri elementi distintivi del marchio di BrightSign.<\/p>\n<p class=\"wysiwyg-indent1\"><strong>4. Modifica e cessazione del servizio<\/strong>. BrightSign si riserva il diritto di modificare o interrompere il Programma Beta o i Servizi, o l'utilizzo del Programma Beta o dei Servizi da parte dell'utente, di limitare o negare l'accesso ai Servizi e\/o la partecipazione al Programma Beta, in qualsiasi momento, a sua esclusiva discrezione, per qualsiasi motivo, con o senza preavviso e senza alcuna responsabilit\u00e0 nei confronti dell'utente. L'utente pu\u00f2 interrompere l'utilizzo dei Servizi in qualsiasi momento.<\/p>\n<p class=\"wysiwyg-indent1\"><strong>5. ESCLUSIONE DI GARANZIE<\/strong>. L'UTENTE RICONOSCE E ACCETTA CHE I SERVIZI SONO FORNITI DA BRIGHTSIGN \"COS\u00cc COME SONO\" E COME DISPONIBILI, E L'ACCESSO E\/O L'UTILIZZO DEL PROGRAMMA BETA DI BRIGHTSIGN O DEI SERVIZI BETA \u00c8 A SUO ESCLUSIVO RISCHIO. NELLA MISURA CONSENTITA DALLA LEGGE APPLICABILE, BRIGHTSIGN DECLINA ESPRESSAMENTE TUTTE E L'UTENTE NON RICEVE ALCUNA GARANZIA E CONDIZIONE DI ALCUN TIPO, ESPRESSA O IMPLICITA, INCLUSE, A TITOLO ESEMPLIFICATIVO, QUELLE DI COMMERCIABILIT\u00c0, QUALIT\u00c0 SODDISFACENTE, TITOLO, IDONEIT\u00c0 A UNO SCOPO PARTICOLARE E NON VIOLAZIONE. BRIGHTSIGN NON GARANTISCE CHE UNO QUALSIASI DEI SERVIZI SODDISFI I REQUISITI DELL'UTENTE E\/O CHE I SERVIZI SIANO ININTERROTTI, TEMPESTIVI O PRIVI DI ERRORI, N\u00c9 GARANTISCE I RISULTATI CHE POSSONO ESSERE OTTENUTI DALL'USO DEI SERVIZI O L'ACCURATEZZA DI QUALSIASI ALTRA INFORMAZIONE OTTENUTA ATTRAVERSO I SERVIZI. L'UTENTE COMPRENDE E ACCETTA CHE QUALSIASI MATERIALE E\/O DATO SCARICATO O ALTRIMENTI OTTENUTO ATTRAVERSO L'USO DI UNO QUALSIASI DEI SERVIZI \u00c8 FATTO A SUO ESCLUSIVO RISCHIO E CHE SAR\u00c0 L'UNICO RESPONSABILE PER QUALSIASI DANNO AL SUO SISTEMA INFORMATICO E\/O PERDITA DI DATI CHE RISULTI DAL DOWNLOAD DI TALE MATERIALE E\/O DATI. NESSUNA INFORMAZIONE O CONSULENZA, ORALE O SCRITTA, OTTENUTA DALL'UTENTE DA BRIGHTSIGN O ATTRAVERSO I SERVIZI CREER\u00c0 ALCUNA GARANZIA NON ESPRESSAMENTE PREVISTA NEL PRESENTE DOCUMENTO. ALCUNE GIURISDIZIONI NON CONSENTONO L'ESCLUSIONE DI DETERMINATE GARANZIE E CONDIZIONI, PERTANTO ALCUNE DELLE ESCLUSIONI DI CUI SOPRA POTREBBERO NON ESSERE APPLICABILI ALL'UTENTE.<\/p>\n<p class=\"wysiwyg-indent1\"><strong>6. LIMITAZIONE DI RESPONSABILIT\u00c0<\/strong>. IN NESSUN CASO BRIGHTSIGN SAR\u00c0 RESPONSABILE PER QUALSIASI PERDITA INDIRETTA, SPECIALE, CONSEQUENZIALE E\/O INCIDENTALE, PER DANNI ESEMPLARI O DI ALTRO TIPO RELATIVI AL PRESENTE ACCORDO E\/O DIRETTI O INDIRETTI: (i) PERDITA DI DATI, (ii) PERDITA DI REDDITI, (iii) PERDITA DI OPPORTUNIT\u00c0, (iv) PERDITA DI PROFITTI, E (v) COSTI DI RECUPERO O QUALSIASI ALTRO DANNO, COMUNQUE CAUSATO E BASATO SU QUALSIASI TEORIA DI RESPONSABILIT\u00c0, E SIA PER VIOLAZIONE DI CONTRATTO, ILLECITO (INCLUSA LA NEGLIGENZA), VIOLAZIONE DI LEGGE O ALTRO, E SIA CHE BRIGHTSIGN SIA STATA AVVISATA O MENO DELLA POSSIBILIT\u00c0 DI TALI DANNI. NELLA MISURA CONSENTITA DALLA LEGGE APPLICABILE, LA RESPONSABILIT\u00c0 TOTALE DI BRIGHTSIGN \u00c8 LIMITATA A $50,00.<\/p>\n<p class=\"wysiwyg-indent1\"><strong>7. Indennizzo<\/strong>. L'utente accetta di tenere indenne e risarcire BrightSign, le sue affiliate e consociate, i suoi funzionari, direttori, agenti e dipendenti (collettivamente \"Parti indennizzate di BrightSign\") da e contro qualsiasi reclamo di terzi derivante da o in qualsiasi modo correlato a (i) la violazione dei Termini da parte dell'utente, (ii) l'uso del Programma Beta e\/o dei Servizi da parte dell'utente, (iii) la violazione da parte dell'utente di leggi, norme o regolamenti applicabili in relazione ai Servizi, o (iv) il contenuto dell'utente, compresa qualsiasi responsabilit\u00e0 o spesa derivante da tutti i reclami, le perdite, i danni (effettivi e conseguenti), le cause, le sentenze, i costi di contenzioso e le spese legali, di ogni tipo e natura. In tal caso, BrightSign fornir\u00e0 all'utente una notifica scritta di tale reclamo, azione legale o azione.<\/p>\n<p class=\"wysiwyg-indent1\"><strong>8. Informazioni riservate<\/strong>. L'utente riconosce e accetta che: (i) fatto salvo il punto (iv), il successo del lancio sul mercato delle versioni commerciali dei Servizi richiede che l'utente mantenga riservati tutti i dati e le informazioni di BrightSign discussi e\/o resi disponibili attraverso o contenuti nel Programma Beta, compresi, senza limitazioni, i Servizi (collettivamente le \"Informazioni Riservate\"); (ii) il rilascio prematuro di una qualsiasi delle Informazioni riservate danneggerebbe il vantaggio competitivo e i diritti di propriet\u00e0 intellettuale di BrightSign; (iii) le Informazioni riservate non devono essere condivise con nessun altro che non sia un partecipante autorizzato allo stesso Programma Beta; e (iv) solo le Informazioni riservate che sono state rilasciate pubblicamente da BrightSign possono essere discusse o mostrate al pubblico.<\/p>\n<p class=\"wysiwyg-indent1\"><strong>9. Modifiche ai Termini<\/strong>. BrightSign si riserva il diritto di apportare modifiche al presente Contratto in qualsiasi momento ed \u00e8 responsabilit\u00e0 dell'utente rivedere i termini di volta in volta. Se le modifiche sono sostanziali, BrightSign pubblicher\u00e0 un avviso su questa pagina o invier\u00e0 un'e-mail direttamente all'utente, a seconda dei casi e a esclusiva discrezione di BrightSign. L'utente comprende e accetta che se utilizza i Servizi dopo la data di pubblicazione di un Contratto modificato, BrightSign considerer\u00e0 il suo utilizzo come accettazione del Contratto aggiornato.<\/p>\n<p class=\"wysiwyg-indent1\"><strong>10. Conformit\u00e0 alle leggi<\/strong>. Entrambe le parti accettano di rispettare tutte le leggi, le norme e i regolamenti locali, statali, nazionali ed esteri applicabili, comprese, a titolo esemplificativo e non esaustivo, tutte le leggi e i regolamenti applicabili in materia di importazione ed esportazione che disciplinano l'uso, la trasmissione e\/o la comunicazione di contenuti, in relazione alle loro prestazioni, all'accesso e\/o all'uso dei Servizi.<\/p>\n<p class=\"wysiwyg-indent1\"><strong>11. Uso internazionale<\/strong>. I Servizi sono destinati all'uso all'interno degli Stati Uniti. Se l'utente sceglie di accedere e utilizzare i Servizi da luoghi diversi dagli Stati Uniti, lo fa di propria iniziativa e a proprio rischio ed \u00e8 responsabile del rispetto di tutte le leggi e i regolamenti pertinenti. BrightSign non garantisce che i Servizi siano appropriati e\/o disponibili per l'uso in qualsiasi luogo particolare.<\/p>\n<p class=\"wysiwyg-indent1\"><strong>12. Terminazione<\/strong>. Il presente Contratto scadr\u00e0 automaticamente al termine della partecipazione al Programma Beta, a meno che non venga risolto prima, in conformit\u00e0 al presente Contratto. Ciascuna delle parti pu\u00f2 risolvere il presente Contratto prima del termine della partecipazione dell'utente per qualsiasi motivo o senza motivo, previa comunicazione scritta all'altra parte. Il presente Contratto si risolver\u00e0 automaticamente in caso di violazione da parte dell'utente di uno qualsiasi dei suoi obblighi, compresa la violazione degli obblighi di riservatezza. La violazione da parte dell'utente di uno qualsiasi degli obblighi previsti dal Contratto pu\u00f2 comportare l'immediata rimozione dal Programma Beta. Su richiesta di BrightSign, l'utente consegner\u00e0 a BrightSign, o eliminer\u00e0, a discrezione di BrightSign, il materiale del Programma Beta e qualsiasi altra propriet\u00e0 tangibile di BrightSign, se applicabile.<\/p>\n<p class=\"wysiwyg-indent1\"><strong>13. Varie<\/strong>. Il presente Contratto non pu\u00f2 essere ceduto dall'utente senza il previo consenso scritto di BrightSign e qualsiasi tentativo di cessione senza tale consenso sar\u00e0 nullo. L'utente riconosce che l'accesso e l'utilizzo dei Servizi \u00e8 soggetto alle leggi e ai regolamenti sul controllo delle esportazioni degli Stati Uniti e che, per la durata della sua partecipazione al Programma Beta, garantisce di rispettare in tutto e per tutto le leggi e i regolamenti sulle esportazioni degli Stati Uniti. Il presente Contratto sar\u00e0 disciplinato dalle leggi dello Stato della California, senza riferimento ai principi di conflitto di leggi. L'utente accetta la giurisdizione dei tribunali federali e statali della Contea di Santa Clara, Stato della California. Il presente Contratto costituisce l'intero accordo tra l'utente e BrightSign in relazione all'oggetto dello stesso e sostituisce tutte le precedenti intese, comunicazioni o accordi verbali o scritti non specificamente incorporati nel presente documento. Se una qualsiasi disposizione del presente Contratto viene ritenuta non valida o non applicabile in base a un decreto o a una decisione giudiziaria, la parte restante del presente Contratto rimarr\u00e0 valida e applicabile in base ai suoi termini. L'utente riconosce che qualsiasi violazione degli obblighi previsti dal presente Contratto in relazione ai diritti di propriet\u00e0 di BrightSign causer\u00e0 a BrightSign un danno irreparabile per il quale non esistono rimedi adeguati a livello legale e, pertanto, BrightSign avr\u00e0 diritto a un'equa riparazione oltre a tutti gli altri rimedi previsti dal presente Contratto o disponibili a livello legale o di equit\u00e0.<\/p>\n\n        \n        <\/div><!-- block-inner -->  \n\n        \n    <\/section><!-- full-width-text -->","protected":false},"excerpt":{"rendered":"","protected":false},"author":32,"featured_media":0,"parent":846,"menu_order":70,"comment_status":"closed","ping_status":"closed","template":"","meta":{"_acf_changed":true,"_searchwp_excluded":"","footnotes":""},"class_list":["post-11664","page","type-page","status-publish","hentry"],"acf":[],"_links":{"self":[{"href":"https:\/\/www.brightsign.biz\/it\/wp-json\/wp\/v2\/pages\/11664","targetHints":{"allow":["GET"]}}],"collection":[{"href":"https:\/\/www.brightsign.biz\/it\/wp-json\/wp\/v2\/pages"}],"about":[{"href":"https:\/\/www.brightsign.biz\/it\/wp-json\/wp\/v2\/types\/page"}],"author":[{"embeddable":true,"href":"https:\/\/www.brightsign.biz\/it\/wp-json\/wp\/v2\/users\/32"}],"replies":[{"embeddable":true,"href":"https:\/\/www.brightsign.biz\/it\/wp-json\/wp\/v2\/comments?post=11664"}],"version-history":[{"count":0,"href":"https:\/\/www.brightsign.biz\/it\/wp-json\/wp\/v2\/pages\/11664\/revisions"}],"up":[{"embeddable":true,"href":"https:\/\/www.brightsign.biz\/it\/wp-json\/wp\/v2\/pages\/846"}],"wp:attachment":[{"href":"https:\/\/www.brightsign.biz\/it\/wp-json\/wp\/v2\/media?parent=11664"}],"curies":[{"name":"wp","href":"https:\/\/api.w.org\/{rel}","templated":true}]}}