{"id":11685,"date":"2024-09-11T12:35:07","date_gmt":"2024-09-11T16:35:07","guid":{"rendered":"https:\/\/www.brightsign.biz\/?page_id=11685"},"modified":"2024-09-11T12:58:57","modified_gmt":"2024-09-11T16:58:57","slug":"condizioni-di-utilizzo-del-sito-web-5","status":"publish","type":"page","link":"https:\/\/www.brightsign.biz\/it\/legal\/brightauthor-license-agreement\/","title":{"rendered":"Contratto di licenza BrightAuthor"},"content":{"rendered":"<section\n  id=\"hero-block_d1fe6dde5b47989724452b3452f59bdc\"\n  class=\"hero custom-block\"\n  data-form-url=\"\"\n>\n  <!-- Backgrounds: cover full section, center position (extended via SCSS) -->\n        <div id=\"hero-desktop-background\" style=\"background-image: url('https:\/\/www.brightsign.biz\/wp-content\/uploads\/2024\/09\/header-template3-15-1920x900.jpg'); background-size: cover; background-position: center center; background-repeat: no-repeat;\"><\/div>\n        <div id=\"hero-mobile-background\" style=\"background-image: url('https:\/\/www.brightsign.biz\/wp-content\/uploads\/2024\/09\/header-template3-15-1920x900.jpg'); background-size: cover; background-position: center center; background-repeat: no-repeat;\"><\/div>\n  \n  <div class=\"hero-gradient\" aria-hidden=\"true\"><\/div>\n  <div class=\"block-inner medium\">\n    <div class=\"block-inner-content grid-x grid-margin-y\">\n\n      <!-- MOBILE-only layout -->\n      <div class=\"cell small-12 show-for-small-only\">\n        \n        \n        \n        \n        <div class=\"mobile-content form-content\"><h1 class=\"\"><strong>Bright<\/strong>Autore<br \/>\nContratto di licenza<\/h1>\n<p>10 febbraio 2020<\/p>\n<\/div>      <\/div>\n      <!-- end MOBILE-only -->\n\n      <!-- DESKTOP text cell -->\n      <div class=\"cell small-12 medium-12 large-6 hide-for-small-only\">\n        \n        <h1 class=\"\"><strong>Bright<\/strong>Autore<br \/>\nContratto di licenza<\/h1>\n<p>10 febbraio 2020<\/p>\n      <\/div>\n      <!-- end DESKTOP text cell -->\n\n      <!-- DESKTOP form\/video cell -->\n      <div class=\"cell small-12 medium-12 large-6 center-play hide-for-small-only\">\n        \n              <\/div>\n      <!-- end DESKTOP form\/video cell -->\n\n    <\/div><!-- .block-inner-content -->\n  <\/div><!-- .block-inner -->\n<\/section><!-- hero -->\n\n\n\n    <section id=\"full-width-text-block_53bd4df2a9569c754863eeed3d46d54d\" class=\"full-width-text custom-block dark small-top small-bottom brand-htags default-lists\">\n\n        <div class=\"block-inner medium\">\n\n        <h2 style=\"text-align: center\">Contratto di licenza BrightAuthor<\/h2>\n<p class=\"p2\"><strong>BRIGHTSIGN, LLC.<\/strong><\/p>\n<p class=\"p2\"><strong>SOFTWARE BRIGHTAUTHOR<\/strong><\/p>\n<p class=\"p2\"><strong>CONTRATTO DI LICENZA<\/strong><\/p>\n<p class=\"p3\">\n<p class=\"p4\"><strong>IMPORTANTE: IL PRESENTE CONTRATTO DI LICENZA \u00c8 IL CONTRATTO LEGALE (\"CONTRATTO\") TRA L'UTENTE E BRIGHTSIGN, LLC. (\"BRIGHTSIGN\") CHE REGOLA L'USO DEL SOFTWARE BRIGHTSIGN BRIGHTAUTHOR (\"SOFTWARE\") CHE OPERA CON IL SISTEMA BRIGHTSIGN BRIGHTSIGN.<sup>\u00ae\u00a0<\/sup>PRODOTTO (\"DISPOSITIVO\").<span class=\"Apple-converted-space\">\u00a0\u00a0<\/span>SCARICANDO E INSTALLANDO IL SOFTWARE, L'UTENTE DICHIARA DI AVER LETTO E COMPRESO I TERMINI DEL PRESENTE CONTRATTO E ACCETTA DI ESSERNE VINCOLATO.<span class=\"Apple-converted-space\">\u00a0\u00a0<\/span>SE NON ACCETTATE I TERMINI E LE CONDIZIONI DEL PRESENTE CONTRATTO, NON DOVETE SCARICARE IL SOFTWARE E NON VI VIENE CONCESSO ALCUN DIRITTO SUL SOFTWARE E NON AVETE ALCUN DIRITTO DI UTILIZZARLO.<\/strong><\/p>\n<p class=\"p1\">\n<p class=\"p5\">L'utente e BrightSign concordano quanto segue:<\/p>\n<p class=\"p5\"><strong>1.\u00a0<\/strong><strong>Licenza del software.<\/strong><span class=\"Apple-converted-space\">\u00a0 \u00a0\u00a0<\/span>BrightSign concede all'utente una licenza non esclusiva, non trasferibile e non sublicenziabile, esente da royalty, per l'uso e la visualizzazione del Software esclusivamente per l'uso con un Dispositivo acquistato dall'utente.<span class=\"Apple-converted-space\">\u00a0\u00a0<\/span>Si tratta di una licenza e non di una vendita.<\/p>\n<p class=\"p5\"><strong>2.<span class=\"Apple-converted-space\">\u00a0\u00a0<\/span>Restrizioni.\u00a0 <span class=\"Apple-converted-space\">\u00a0\u00a0<\/span><\/strong>L'utente non pu\u00f2 (a) utilizzare il Software o il Dispositivo per visualizzare contenuti illegali o che violano i diritti di terzi, (b) copiare, distribuire, concedere in sublicenza, affittare, noleggiare o trasferire in altro modo il Software a terzi, (c) modificare, adattare, alterare, tradurre o creare opere derivate del Software, (d) decompilare, disassemblare, (d) decompilare, disassemblare, decodificare o altrimenti ricavare il codice sorgente, o tentare di ricavare il codice sorgente, dal Software, salvo nella misura in cui BrightSign possa, in determinate giurisdizioni, essere obbligata per legge a consentire la decodificazione e a condizione che le disposizioni di tale legge non possano essere derogate o condizionate alla richiesta preventiva di informazioni relative all'interoperabilit\u00e0; (e) far eseguire da terzi una qualsiasi delle operazioni di cui sopra. Il Software e tutti i diritti di propriet\u00e0 intellettuale in esso contenuti sono di propriet\u00e0 esclusiva di BrightSign o dei suoi fornitori. BrightSign si riserva il diritto di aggiornare il Software di volta in volta a sua esclusiva discrezione, anche aggiungendo, modificando o rimuovendo funzionalit\u00e0 e caratteristiche, o modificando l'interfaccia utente.<span class=\"Apple-converted-space\">\u00a0\u00a0<\/span>Tutti i diritti sul e per il Software non espressamente concessi all'utente nel presente Contratto sono riservati da BrightSign.<\/p>\n<p class=\"p5\"><strong>3.<span class=\"Apple-converted-space\">\u00a0\u00a0<\/span>NESSUNA GARANZIA.<span class=\"Apple-converted-space\">\u00a0 \u00a0\u00a0<\/span><\/strong>L'UTENTE RICONOSCE CHE IL SOFTWARE \u00c8 FORNITO DA BRIGHTSIGN \"COS\u00cc COM'\u00c8\" E SENZA ALCUN TIPO DI GARANZIA E CHE NON HA RICEVUTO ALCUNA GARANZIA ESPLICITA DA BRIGHTSIGN. E SENZA ALCUN TIPO DI GARANZIA E CHE L'UTENTE NON HA RICEVUTO ALCUNA GARANZIA ESPLICITA DA PARTE DI BRIGHTSIGN.<span class=\"Apple-converted-space\">\u00a0\u00a0<\/span>BRIGHTSIGN NON GARANTISCE CHE IL SOFTWARE SODDISFI I REQUISITI DELL'UTENTE O CHE IL FUNZIONAMENTO DEL SOFTWARE SIA ININTERROTTO O PRIVO DI ERRORI.\u00a0<span class=\"Apple-converted-space\">\u00a0\u00a0<\/span>L'UTENTE SI ASSUME LA PIENA RESPONSABILIT\u00c0 PER LA SCELTA, IL POSSESSO, LE PRESTAZIONI, L'INSTALLAZIONE E L'USO CORRETTO DEL SOFTWARE E PER LA VERIFICA DEI RISULTATI OTTENUTI.\u00a0<span class=\"Apple-converted-space\">\u00a0\u00a0<\/span>BRIGHTSIGN NON GARANTISCE E NON PU\u00d2 GARANTIRE LE PRESTAZIONI O I RISULTATI CHE L'UTENTE PU\u00d2 OTTENERE UTILIZZANDO IL SOFTWARE.<\/p>\n<p class=\"p5\"><strong>4. Esclusione di garanzia.\u00a0 <\/strong><span class=\"Apple-converted-space\">\u00a0\u00a0<\/span>BRIGHTSIGN non fornisce alcuna garanzia, espressa o implicita, derivante da consuetudine o uso del commercio, o dalla legge, in merito al SOFTWARE o a qualsiasi altra questione.<span class=\"Apple-converted-space\">\u00a0 I<\/span>n particolare, sono espressamente escluse tutte le garanzie di commerciabilit\u00e0, idoneit\u00e0 per uno scopo particolare, QUALIT\u00c0 SODDISFACENTE e non violazione di diritti di terzi.<\/p>\n<p class=\"p5\"><strong>5. LIMITAZIONE DI RESPONSABILIT\u00c0<\/strong>.\u00a0 <span class=\"Apple-converted-space\">\u00a0\u00a0<\/span>IN NESSUN CASO BRIGHTSIGN SAR\u00c0 RESPONSABILE NEI CONFRONTI DELL'UTENTE O DI TERZI PER QUALSIASI PERDITA DI UTILIZZO, PERDITA DI DATI, INTERRUZIONE DI ATTIVIT\u00c0 O SERVIZI, O PER QUALSIASI DANNO INDIRETTO, SPECIALE, PUNITIVO, INCIDENTALE O CONSEQUENZIALE DERIVANTE DA O RELATIVO AL PRESENTE CONTRATTO O PER LA PERDITA DI PROFITTI, INDIPENDENTEMENTE DALLA FORMA DI AZIONE, SIA PER CONTRATTO, CHE PER TORTO (INCLUSA LA NEGLIGENZA), O PER QUALSIASI ALTRO RIMEDIO LEGALE O EQUO, ANCHE SE AVVISATO DELLA POSSIBILIT\u00c0 DI TALI DANNI O PERDITE, O DI QUALSIASI RECLAMO DA PARTE DI TERZI.\u00a0<span class=\"Apple-converted-space\">\u00a0\u00a0<\/span>L'UTENTE RICONOSCE CHE QUESTA LIMITAZIONE DI RESPONSABILIT\u00c0 \u00c8 UN ASPETTO FONDAMENTALE DEL PRESENTE ACCORDO E DELLA FORNITURA GRATUITA DEL SOFTWARE DA PARTE DI BRIGHTSIGN ALL'UTENTE, E CHE IN ASSENZA DI TALE LIMITAZIONE DI RESPONSABILIT\u00c0 I TERMINI ECONOMICI PER IL SOFTWARE SAREBBERO SOSTANZIALMENTE DIVERSI.<\/p>\n<p class=\"p5\"><strong>6. Dati personali.\u00a0 \u00a0<\/strong>\u00a0L'utente riconosce e accetta che il Software e il Dispositivo non sono destinati a essere utilizzati per raccogliere, memorizzare, elaborare, trasmettere o rendere disponibili informazioni di identificazione personale, dati personali, informazioni finanziarie, mediche o altre informazioni protette (collettivamente, \"Dati personali\").  L'utente non utilizzer\u00e0, e non consentir\u00e0 a terzi di utilizzare il Software o il Dispositivo per raccogliere, memorizzare, elaborare, trasmettere o rendere disponibili i Dati personali.  L'utente indennizzer\u00e0 e manterr\u00e0 indenne la Societ\u00e0, i suoi fornitori, funzionari, direttori, dipendenti, agenti, successori, sussidiari, sublicenziatari e cessionari da e contro qualsiasi reclamo, danno, perdita, costo e responsabilit\u00e0 (comprese le ragionevoli spese legali e giudiziarie) derivanti da o correlati a qualsiasi raccolta, archiviazione, elaborazione, trasmissione o messa a disposizione di Dati personali utilizzando il Software o il Dispositivo.<\/p>\n<p class=\"p5\"><strong>7. VARIE.<\/strong><span class=\"Apple-converted-space\">\u00a0 \u00a0\u00a0<\/span>Il presente Contratto sar\u00e0 disciplinato in tutti i suoi aspetti dalle leggi dello Stato della California, cos\u00ec come tali leggi sono applicate ai contratti stipulati e da eseguirsi interamente in California tra residenti in California.<span class=\"Apple-converted-space\">\u00a0\u00a0<\/span>La Convenzione delle Nazioni Unite sui contratti di vendita internazionale di merci \u00e8 specificamente esclusa dall'applicazione al presente Contratto.<span class=\"Apple-converted-space\">\u00a0\u00a0<\/span>Il presente Contratto costituisce l'intero accordo tra le parti relativamente al Software. Il presente Contratto sostituisce, e i termini del presente Contratto regolano, qualsiasi accordo precedente tra le parti in relazione al Software. Il diritto dell'utente di utilizzare il Software cesser\u00e0 immediatamente in caso di violazione del presente accordo da parte dell'utente.<\/p>\n\n        \n        <\/div><!-- block-inner -->  \n\n        \n    <\/section><!-- full-width-text -->","protected":false},"excerpt":{"rendered":"","protected":false},"author":32,"featured_media":0,"parent":846,"menu_order":70,"comment_status":"closed","ping_status":"closed","template":"","meta":{"_acf_changed":true,"_searchwp_excluded":"","footnotes":""},"class_list":["post-11685","page","type-page","status-publish","hentry"],"acf":[],"_links":{"self":[{"href":"https:\/\/www.brightsign.biz\/it\/wp-json\/wp\/v2\/pages\/11685","targetHints":{"allow":["GET"]}}],"collection":[{"href":"https:\/\/www.brightsign.biz\/it\/wp-json\/wp\/v2\/pages"}],"about":[{"href":"https:\/\/www.brightsign.biz\/it\/wp-json\/wp\/v2\/types\/page"}],"author":[{"embeddable":true,"href":"https:\/\/www.brightsign.biz\/it\/wp-json\/wp\/v2\/users\/32"}],"replies":[{"embeddable":true,"href":"https:\/\/www.brightsign.biz\/it\/wp-json\/wp\/v2\/comments?post=11685"}],"version-history":[{"count":0,"href":"https:\/\/www.brightsign.biz\/it\/wp-json\/wp\/v2\/pages\/11685\/revisions"}],"up":[{"embeddable":true,"href":"https:\/\/www.brightsign.biz\/it\/wp-json\/wp\/v2\/pages\/846"}],"wp:attachment":[{"href":"https:\/\/www.brightsign.biz\/it\/wp-json\/wp\/v2\/media?parent=11685"}],"curies":[{"name":"wp","href":"https:\/\/api.w.org\/{rel}","templated":true}]}}