{"id":11686,"date":"2024-09-11T12:35:07","date_gmt":"2024-09-11T16:35:07","guid":{"rendered":"https:\/\/www.brightsign.biz\/?page_id=11686"},"modified":"2024-09-11T12:35:07","modified_gmt":"2024-09-11T16:35:07","slug":"condizioni-di-utilizzo-del-sito-web-6","status":"publish","type":"page","link":"https:\/\/www.brightsign.biz\/it\/legal\/firmware-license-agreement\/","title":{"rendered":"Contratto di licenza del firmware BrightSign"},"content":{"rendered":"<section\n  id=\"hero-block_76e53b1778ae4746736091952dacc784\"\n  class=\"hero custom-block\"\n  data-form-url=\"\"\n>\n  <!-- Backgrounds: cover full section, center position (extended via SCSS) -->\n        <div id=\"hero-desktop-background\" style=\"background-image: url('https:\/\/www.brightsign.biz\/wp-content\/uploads\/2024\/09\/header-template3-15-1920x900.jpg'); background-size: cover; background-position: center center; background-repeat: no-repeat;\"><\/div>\n        <div id=\"hero-mobile-background\" style=\"background-image: url('https:\/\/www.brightsign.biz\/wp-content\/uploads\/2024\/09\/header-template3-15-1920x900.jpg'); background-size: cover; background-position: center center; background-repeat: no-repeat;\"><\/div>\n  \n  <div class=\"hero-gradient\" aria-hidden=\"true\"><\/div>\n  <div class=\"block-inner medium\">\n    <div class=\"block-inner-content grid-x grid-margin-y\">\n\n      <!-- MOBILE-only layout -->\n      <div class=\"cell small-12 show-for-small-only\">\n        \n        \n        \n        \n        <div class=\"mobile-content form-content\"><h1 class=\"\"><strong>Bright<\/strong>Sign<br \/>\n<strong>Firmware<\/strong><br \/>\nContratto di licenza<\/h1>\n<p>10 febbraio 2020<\/p>\n<\/div>      <\/div>\n      <!-- end MOBILE-only -->\n\n      <!-- DESKTOP text cell -->\n      <div class=\"cell small-12 medium-12 large-6 hide-for-small-only\">\n        \n        <h1 class=\"\"><strong>Bright<\/strong>Sign<br \/>\n<strong>Firmware<\/strong><br \/>\nContratto di licenza<\/h1>\n<p>10 febbraio 2020<\/p>\n      <\/div>\n      <!-- end DESKTOP text cell -->\n\n      <!-- DESKTOP form\/video cell -->\n      <div class=\"cell small-12 medium-12 large-6 center-play hide-for-small-only\">\n        \n              <\/div>\n      <!-- end DESKTOP form\/video cell -->\n\n    <\/div><!-- .block-inner-content -->\n  <\/div><!-- .block-inner -->\n<\/section><!-- hero -->\n\n\n\n    <section id=\"full-width-text-block_5435e051320e752884ea88a57d6822c8\" class=\"full-width-text custom-block dark small-top small-bottom brand-htags default-lists\">\n\n        <div class=\"block-inner medium\">\n\n        <h2 style=\"text-align: center\">Contratto di licenza del firmware BrightSign<\/h2>\n<p><em><strong>Per il download del software seguire il seguente link (una volta arrivati alla pagina di download, dopo aver fatto clic sul link sottostante, scorrere verso il basso per trovare e scaricare il software richiesto):<\/strong><\/em><\/p>\n<p><a href=\"http:\/\/www.brightsign.biz\/it\/downloads\/overview\/\">http:\/\/www.brightsign.biz\/downloads\/overview\/\u00a0<\/a><\/p>\n<p>&nbsp;<\/p>\n<p><strong>IMPORTANTE: LEGGERE ATTENTAMENTE IL PRESENTE CONTRATTO E CONSULTARE IL MANUALE COMPLETO DEL PRODOTTO E ALTRE INFORMAZIONI ALL'INDIRIZZO WWW.BRIGHTSIGN.BIZ PRIMA DI ACCENDERE IL PRODOTTO BRIGHTSIGN (\"PRODOTTO\") PER LA PRIMA VOLTA. IL PRESENTE CONTRATTO DI LICENZA \u00c8 IL CONTRATTO LEGALE (\"CONTRATTO\") TRA L'UTENTE (\"UTENTE\") E BRIGHTSIGN, LLC. (\"BRIGHTSIGN\") CHE REGOLA L'USO DEL FIRMWARE CHE FUNZIONA CON IL PRODOTTO (\"FIRMWARE\"). SCARICANDO E INSTALLANDO IL FIRMWARE, ACCENDENDO O UTILIZZANDO IN ALTRO MODO IL PRODOTTO, L'UTENTE DICHIARA DI AVER LETTO E COMPRESO I TERMINI DEL PRESENTE CONTRATTO E ACCETTA DI ESSERNE VINCOLATO. SE NON SI ACCETTANO I TERMINI E LE CONDIZIONI DEL PRESENTE CONTRATTO, NON SI DEVE SCARICARE IL FIRMWARE, NON VIENE CONCESSO ALCUN DIRITTO SUL FIRMWARE E NON SI HA IL DIRITTO DI UTILIZZARE IL PRODOTTO.<\/strong><\/p>\n<p><strong>Avvisi di terze parti<\/strong><\/p>\n<p>Alcune delle tecnologie utilizzate nel Prodotto sono soggette a licenze di terzi, che richiedono la comunicazione di questo avviso:<\/p>\n<p><em>Tecnologia di codifica audio MPEG Layer-3 concessa in licenza da Fraunhofer IIS e Thomson.<\/em><\/p>\n<p>Vedi anche\u00a0<strong>Codice con licenza separata<\/strong>\u00a0di seguito.<\/p>\n<p><strong>Licenza<\/strong><br \/>\nIn base ai termini del presente contratto, BrightSign concede all'utente una licenza non esclusiva e non trasferibile per l'esecuzione del Firmware fornito con il Prodotto e di qualsiasi versione aggiornata scaricata dall'utente solo su e come incorporato nel Prodotto. Si tratta di una licenza e non di una vendita. L'utente non potr\u00e0 (i) copiare o distribuire, concedere in sublicenza, affittare, noleggiare o trasferire in altro modo il Firmware a terzi, se non con il Prodotto e in esso incorporato, e comunque non a titolo oneroso; (ii) modificare, adattare, alterare, tradurre o creare opere derivate del Firmware; (iii) decompilare, disassemblare, decodificare o altrimenti ricavare il codice sorgente, o tentare di ricavare il codice sorgente, dal Firmware, salvo nella misura in cui BrightSign possa, in determinate giurisdizioni, essere obbligata per legge a consentire il decodifica e a condizione che le disposizioni di tale legge non possano essere derogate o condizionate alla preventiva richiesta di informazioni relative all'interoperabilit\u00e0; o (iv) far eseguire a terzi una qualsiasi delle operazioni sopra descritte. Il Firmware e tutti i diritti di propriet\u00e0 intellettuale in esso contenuti sono di propriet\u00e0 esclusiva di BrightSign o dei suoi fornitori, ad eccezione del caso in cui il Firmware contenga Codice con licenza separata, come previsto di seguito. BrightSign si riserva il diritto di aggiornare il Firmware di volta in volta a sua esclusiva discrezione, anche aggiungendo, modificando o rimuovendo funzionalit\u00e0 e caratteristiche, inclusa, a titolo esemplificativo, la modifica dell'interfaccia utente. Tutti i diritti relativi al Firmware non espressamente concessi all'utente nel presente Contratto sono riservati a BrightSign.<\/p>\n<p><strong>Codice con licenza separata<\/strong><br \/>\nNonostante le altre disposizioni del presente Contratto, alcuni componenti del Firmware sono, o sono modifiche di software \"libero\" o \"open source\" (\"Codice con licenza separata\"). Il Codice con licenza separata \u00e8 soggetto ai termini e alle condizioni della relativa licenza, incluse le licenze GPL v2, LGPL v2.1, AFL v2.1 e Artistic, e non \u00e8 soggetto alla Licenza di cui sopra. Come richiesto dai termini delle relative licenze del Codice con licenza separata, BrightSign rende disponibile gratuitamente sul sito web di BrightSign il codice \"libero\" e \"open source\" fornito con tali licenze e le modifiche apportate da BrightSign a tale codice. Consultare il file README-Sources fornito con questo firmware e visitare il sito http:\/\/www.brightsign.biz per informazioni dettagliate sull'uso del codice con licenza separata, le relative licenze e, ove richiesto, il relativo codice sorgente.<\/p>\n<p><strong>ESCLUSIONE DI GARANZIA<\/strong><br \/>\nIL FIRMWARE VIENE FORNITO \"COS\u00cc COM'\u00c8\", SENZA ALCUN TIPO DI GARANZIA. BRIGHTSIGN NON RICONOSCE ALCUNA GARANZIA, ORALE O SCRITTA, ESPRESSA, IMPLICITA, DERIVANTE DA RAPPORTI COMMERCIALI O USI COMMERCIALI, O DI LEGGE. SONO ESPRESSAMENTE ESCLUSE TUTTE LE ALTRE GARANZIE, INCLUSE LE GARANZIE IMPLICITE DI COMMERCIABILIT\u00c0, IDONEIT\u00c0 PER UNO SCOPO PARTICOLARE, TITOLO, NON VIOLAZIONE DI DIRITTI DI TERZI, TRANQUILLIT\u00c0 E ACCURATEZZA. L'UTENTE NON AVR\u00c0 IL DIRITTO DI RILASCIARE O TRASMETTERE, E ADOTTER\u00c0 TUTTE LE MISURE NECESSARIE PER GARANTIRE CHE N\u00c9 L'UTENTE N\u00c9 ALCUNO DEI SUOI DISTRIBUTORI, AGENTI O DIPENDENTI RILASCI O TRASMETTA ALCUNA GARANZIA O DICHIARAZIONE PER CONTO DI BRIGHTSIGN A TERZI.<\/p>\n<p><strong>LIMITAZIONE DI RESPONSABILIT\u00c0<\/strong><br \/>\nIN NESSUN CASO BRIGHTSIGN O I SUOI FORNITORI O DISTRIBUTORI SARANNO RESPONSABILI PER DANNI CONSEQUENZIALI, SPECIALI, ESEMPLARI, INCIDENTALI E INDIRETTI, O PER LA PERDITA DI RICAVI O PROFITTI O DATI O UTILIZZO O PER IL COSTO DI BENI SOSTITUTIVI, SIA PER CONTRATTO CHE PER TORTO (INCLUSA LA NEGLIGENZA), DERIVANTI DA O IN RELAZIONE AL FIRMWARE O AL SUO UTILIZZO DA PARTE DELL'UTENTE. IN NESSUN CASO LA RESPONSABILIT\u00c0 TOTALE CUMULATIVA DI BRIGHTSIGN O DEI SUOI FORNITORI RELATIVA AL FIRMWARE SUPERER\u00c0 IL PREZZO DI ACQUISTO DEL PRODOTTO. Alcune giurisdizioni non consentono l'esclusione di garanzie implicite o la limitazione di responsabilit\u00e0 per alcuni danni incidentali o consequenziali, pertanto le esclusioni di cui sopra potrebbero non essere applicabili.<\/p>\n<p><strong>Varie<\/strong>\u00a0Il presente contratto \u00e8 l'accordo finale, completo ed esclusivo tra le parti in relazione al Firmware e sostituisce tutte le proposte, le dichiarazioni, le intese o gli accordi precedenti o contemporanei ad esso relativi, sia orali che scritti. Nessuna rinuncia o modifica del presente accordo sar\u00e0 valida se non firmata da ciascuna parte. Il diritto dell'utente di utilizzare il Firmware cesser\u00e0 immediatamente in caso di violazione del presente contratto da parte dell'utente. La rinuncia alla violazione di un termine del presente contratto non potr\u00e0 in alcun modo essere interpretata come una rinuncia a qualsiasi altro termine o violazione del presente contratto. Se una qualsiasi disposizione del presente contratto viene ritenuta inapplicabile da un tribunale della giurisdizione competente, le restanti disposizioni del presente contratto rimarranno in vigore a tutti gli effetti. Il presente contratto sar\u00e0 disciplinato dalle leggi dello Stato della California, senza tener conto di eventuali conflitti di legge che potrebbero prevedere l'applicazione della legge di un'altra giurisdizione. Qualsiasi azione o procedimento derivante da o relativo al presente contratto pu\u00f2 essere intentato solo in un tribunale federale del Distretto Nord della California o in un tribunale statale della Contea di Santa Clara, California, e ciascuna parte si sottopone irrevocabilmente alla giurisdizione e alla sede di tale tribunale in qualsiasi azione o procedimento. La Convenzione delle Nazioni Unite sui contratti di vendita internazionale di beni non si applica al presente accordo. In caso di domande sul presente contratto o se si desidera contattare BrightSign, si prega di contattarci per posta all'indirizzo BrightSign LLC, 16780 Lark Ave, Suite B, Los Gatos, CA 95032.<\/p>\n<p>Copyright \u00a9 2016 di BrightSign, LLC. Tutti i diritti riservati. BrightSign \u00e8 un marchio registrato di BrightSign, LLC.<\/p>\n\n        \n        <\/div><!-- block-inner -->  \n\n        \n    <\/section><!-- full-width-text -->","protected":false},"excerpt":{"rendered":"","protected":false},"author":32,"featured_media":0,"parent":846,"menu_order":70,"comment_status":"closed","ping_status":"closed","template":"","meta":{"_acf_changed":true,"_searchwp_excluded":"","footnotes":""},"class_list":["post-11686","page","type-page","status-publish","hentry"],"acf":[],"_links":{"self":[{"href":"https:\/\/www.brightsign.biz\/it\/wp-json\/wp\/v2\/pages\/11686","targetHints":{"allow":["GET"]}}],"collection":[{"href":"https:\/\/www.brightsign.biz\/it\/wp-json\/wp\/v2\/pages"}],"about":[{"href":"https:\/\/www.brightsign.biz\/it\/wp-json\/wp\/v2\/types\/page"}],"author":[{"embeddable":true,"href":"https:\/\/www.brightsign.biz\/it\/wp-json\/wp\/v2\/users\/32"}],"replies":[{"embeddable":true,"href":"https:\/\/www.brightsign.biz\/it\/wp-json\/wp\/v2\/comments?post=11686"}],"version-history":[{"count":0,"href":"https:\/\/www.brightsign.biz\/it\/wp-json\/wp\/v2\/pages\/11686\/revisions"}],"up":[{"embeddable":true,"href":"https:\/\/www.brightsign.biz\/it\/wp-json\/wp\/v2\/pages\/846"}],"wp:attachment":[{"href":"https:\/\/www.brightsign.biz\/it\/wp-json\/wp\/v2\/media?parent=11686"}],"curies":[{"name":"wp","href":"https:\/\/api.w.org\/{rel}","templated":true}]}}