{"id":11704,"date":"2024-09-19T16:31:21","date_gmt":"2024-09-19T20:31:21","guid":{"rendered":"https:\/\/www.brightsign.biz\/?page_id=11704"},"modified":"2024-09-19T16:45:06","modified_gmt":"2024-09-19T20:45:06","slug":"condizioni-di-utilizzo-del-sito-web-8","status":"publish","type":"page","link":"https:\/\/www.brightsign.biz\/it\/legal\/brightsign-network-license-agreement\/","title":{"rendered":"Contratto di licenza di rete BrightSign"},"content":{"rendered":"<section\n  id=\"hero-block_dbf3c3dc2c6c2c6e6bcc94f16488a65a\"\n  class=\"hero custom-block\"\n  data-form-url=\"\"\n>\n  <!-- Backgrounds: cover full section, center position (extended via SCSS) -->\n        <div id=\"hero-desktop-background\" style=\"background-image: url('https:\/\/www.brightsign.biz\/wp-content\/uploads\/2024\/09\/header-template3-15-1920x900.jpg'); background-size: cover; background-position: center center; background-repeat: no-repeat;\"><\/div>\n        <div id=\"hero-mobile-background\" style=\"background-image: url('https:\/\/www.brightsign.biz\/wp-content\/uploads\/2024\/09\/header-template3-15-1920x900.jpg'); background-size: cover; background-position: center center; background-repeat: no-repeat;\"><\/div>\n  \n  <div class=\"hero-gradient\" aria-hidden=\"true\"><\/div>\n  <div class=\"block-inner medium\">\n    <div class=\"block-inner-content grid-x grid-margin-y\">\n\n      <!-- MOBILE-only layout -->\n      <div class=\"cell small-12 show-for-small-only\">\n        \n        \n        \n        \n        <div class=\"mobile-content form-content\"><h1 class=\"\"><strong>Bright<\/strong>Sign<br \/>\n<strong>Rete<\/strong><br \/>\nContratto di licenza<\/h1>\n<p>10 febbraio 2020<\/p>\n<\/div>      <\/div>\n      <!-- end MOBILE-only -->\n\n      <!-- DESKTOP text cell -->\n      <div class=\"cell small-12 medium-12 large-6 hide-for-small-only\">\n        \n        <h1 class=\"\"><strong>Bright<\/strong>Sign<br \/>\n<strong>Rete<\/strong><br \/>\nContratto di licenza<\/h1>\n<p>10 febbraio 2020<\/p>\n      <\/div>\n      <!-- end DESKTOP text cell -->\n\n      <!-- DESKTOP form\/video cell -->\n      <div class=\"cell small-12 medium-12 large-6 center-play hide-for-small-only\">\n        \n              <\/div>\n      <!-- end DESKTOP form\/video cell -->\n\n    <\/div><!-- .block-inner-content -->\n  <\/div><!-- .block-inner -->\n<\/section><!-- hero -->\n\n\n\n    <section id=\"full-width-text-block_398614bcc5f89ce0cbe337f808f45dae\" class=\"full-width-text custom-block dark small-top small-bottom brand-htags default-lists\">\n\n        <div class=\"block-inner medium\">\n\n        <h2 style=\"text-align: center\">Contratto di licenza di rete BrightSign<\/h2>\n<h3>Condizioni di utilizzo<\/h3>\n<p>Si prega di leggere attentamente le seguenti Condizioni d'uso (\"Condizioni\"). BrightSign offre l'uso della Rete BrightSign in base ai seguenti Termini.  Accedendo e utilizzando la Rete BrightSign, all'utente verr\u00e0 richiesto di leggere e accettare le disposizioni dei Termini. Inoltre, quando si utilizzano particolari servizi di propriet\u00e0 o gestiti da BrightSign, l'utente e BrightSign saranno soggetti alle linee guida o alle regole pubblicate applicabili a tali servizi, che possono essere pubblicate e modificate di volta in volta.<\/p>\n<p>Benvenuti nella Rete BrightSign, un servizio di distribuzione di contenuti online fornito da BrightSign (\"Azienda\").  I presenti Termini regolano l'uso dei Servizi, compreso il Software e la sua interazione con i Servizi.<\/p>\n<h4>1.\u00a0<u>I servizi<\/u><\/h4>\n<p>1.1\u00a0<u>Responsabilit\u00e0 dell'azienda<\/u>.  La Societ\u00e0 offre i Servizi per consentire all'utente di caricare, trasmettere, gestire, monitorare e scaricare testo, grafica, video e altro materiale selezionato e fornito dall'utente (\"Contenuto\") da utilizzare con uno o pi\u00f9 Dispositivi acquistati dall'utente presso la Societ\u00e0 o uno dei suoi rappresentanti autorizzati.<\/p>\n<p>1.2\u00a0<u>Tasse<\/u>.  Le tariffe per i Servizi (\"Tariffe\") si intendono per Dispositivo e sono stabilite nel conto dell'utente per i Servizi.  L'utente accetta di pagare tempestivamente le Commissioni alla Societ\u00e0.  L'utente accetta che, in caso di mancato pagamento tempestivo delle Tariffe, l'uso dei Servizi potrebbe essere interrotto o non consentito.<\/p>\n<p>1.3\u00a0<span class=\"wysiwyg-underline\">Attivazione dell'abbonamento<\/span>. Gli abbonamenti acquistati devono essere attivati entro 60 giorni dalla data di acquisto. Dopo questo periodo di tempo, gli abbonamenti acquistati che non sono stati attivati possono essere cancellati nell'ambito della regolare manutenzione della Rete BrightSign. Vedere\u00a0<a href=\"https:\/\/support.brightsign.biz\/hc\/en-us\/articles\/218068067\">questa FAQ<\/a>\u00a0per ulteriori informazioni sull'attivazione degli abbonamenti acquistati.<\/p>\n<h4>2.\u00a0<span class=\"wysiwyg-underline\">Garanzie e restrizioni relative ai contenuti.<\/span><\/h4>\n<p>2.1\u00a0<u>Dichiarazioni e garanzie<\/u>. L'utente dichiara e garantisce alla Societ\u00e0 che (i) detiene tutti i diritti, titoli e interessi esclusivi sul Contenuto o ha ottenuto tutte le licenze o autorizzazioni necessarie per l'uso del Contenuto, compresi, senza limitazione, tutti i testi, le immagini, l'audio, i video, i loghi e le copie contenute in tutto il Contenuto e compresi, senza limitazione, tutti i diritti di copiare, distribuire, eseguire e visualizzare il Contenuto e di creare opere derivate dal Contenuto, o si assicurer\u00e0 tali licenze prima di utilizzare i Servizi per trasmettere o visualizzare tale Contenuto; e (ii) l'uso, la trasmissione e la visualizzazione del Contenuto non violer\u00e0 il diritto d'autore, il brevetto, il marchio, il segreto commerciale o altri diritti di propriet\u00e0 intellettuale di terzi, n\u00e9 costituir\u00e0 diffamazione, invasione della privacy o violazione di qualsiasi diritto di pubblicit\u00e0 o di qualsiasi altro diritto di terzi.<\/p>\n<p>2.2\u00a0<u>Le condizioni<\/u>. Come condizione per l'utilizzo dei Servizi, l'utente accetta di non:<\/p>\n<p>2.2.1 Utilizzare i Servizi o il Dispositivo per visualizzare Contenuti illegali, dannosi, minacciosi, molesti, diffamatori, osceni, pornografici, volgari, invasivi della privacy o del diritto di pubblicit\u00e0 altrui, che violino i diritti di propriet\u00e0 intellettuale di terzi;<\/p>\n<p>2.2.2 Utilizzare i Servizi o il Dispositivo per visualizzare qualsiasi Contenuto che sia odioso, razziale, etnico o altrimenti discutibile, che incoraggi una condotta che possa costituire un reato penale, dare origine a responsabilit\u00e0 civile o violare in altro modo qualsiasi legge locale, statale, nazionale o internazionale applicabile;<\/p>\n<p>2.2.3 Utilizzare i Servizi o il Dispositivo per visualizzare Contenuti che non si ha il diritto di trasmettere ai sensi di legge o di rapporti contrattuali o fiduciari;<\/p>\n<p>2.2.4 Utilizzare i Servizi o il Dispositivo per danneggiare i minori in qualsiasi modo, incluso, a titolo esemplificativo e non esaustivo, la visualizzazione di Contenuti che violano le leggi federali, statali, internazionali o qualsiasi altra legge sulla pornografia infantile, sullo sfruttamento sessuale dei minori o le leggi che vietano la rappresentazione di minori impegnati in comportamenti sessuali;<\/p>\n<p>2.2.5 falsificare le intestazioni o manipolare in altro modo gli identificatori al fine di nascondere l'origine di qualsiasi Contenuto visualizzato utilizzando i Servizi o il Dispositivo;<\/p>\n<p>2.2.6 Utilizzare i Servizi o il Dispositivo per trasmettere qualsiasi materiale che contenga virus software o qualsiasi altro codice informatico, file o programma progettato per interrompere, distruggere o limitare la funzionalit\u00e0 di qualsiasi software informatico; oppure<\/p>\n<p>2.2.7 interferire con o interrompere (o tentare di interferire con o interrompere) i Servizi o i server o le reti collegate ai Servizi.<\/p>\n<p>2.3 Se alla Societ\u00e0 viene notificato o ha motivo di sospettare che l'utente stia compiendo una delle azioni di cui sopra, la Societ\u00e0 pu\u00f2 indagare e decidere a sua esclusiva discrezione se notificare le autorit\u00e0 competenti e\/o interrompere l'accesso dell'utente ai Servizi. La Societ\u00e0 pu\u00f2 divulgare qualsiasi Contenuto o comunicazione elettronica di qualsiasi tipo per soddisfare qualsiasi legge, regolamento o richiesta governativa o come necessario per proteggere i diritti o la propriet\u00e0 della Societ\u00e0, di una terza parte o di qualsiasi altro utente dei Servizi.<\/p>\n<p>2.4 L'utente riconosce e accetta che i Servizi e il Dispositivo non sono destinati a essere utilizzati per raccogliere, archiviare, elaborare, trasmettere o rendere disponibili informazioni di identificazione personale, dati personali, informazioni finanziarie, mediche o altre informazioni protette (collettivamente, \"Dati personali\").  L'utente non potr\u00e0, e non permetter\u00e0 a terzi di, caricare nei Servizi o nel Dispositivo, o utilizzare in altro modo i Servizi o il Dispositivo per raccogliere, memorizzare, elaborare, trasmettere o rendere disponibili i Dati personali.  L'utente indennizzer\u00e0 e manterr\u00e0 indenne la Societ\u00e0, i suoi fornitori, funzionari, direttori, dipendenti, agenti, successori, sussidiari, sublicenziatari e cessionari da e contro qualsiasi reclamo, danno, perdita, costo e responsabilit\u00e0 (comprese le ragionevoli spese legali e giudiziarie) derivanti da o correlati a qualsiasi raccolta, archiviazione, elaborazione, trasmissione o messa a disposizione di Dati personali utilizzando i Servizi o qualsiasi Dispositivo.<\/p>\n<h4>3.\u00a0<span class=\"wysiwyg-underline\">Propriet\u00e0<\/span><\/h4>\n<p>All'utente viene concesso il diritto limitato di utilizzare i Servizi. La Societ\u00e0 e i suoi fornitori conservano tutti i diritti, i titoli e gli interessi, compresi tutti i diritti d'autore e di propriet\u00e0 intellettuale, relativi ai Servizi. Tutti i diritti non specificamente concessi nei presenti Termini, compresi i diritti d'autore statunitensi e internazionali, sono riservati alla Societ\u00e0 e ai suoi fornitori.<\/p>\n<h4>4.\u00a0<span class=\"wysiwyg-underline\">Uso non autorizzato<\/span><\/h4>\n<p>L'utente accetta di notificare immediatamente alla Societ\u00e0 qualsiasi uso non autorizzato della propria password o del proprio account per i Servizi o qualsiasi altra violazione della sicurezza.<\/p>\n<h4>5.\u00a0<span class=\"wysiwyg-underline\">Indennizzo<\/span><\/h4>\n<p>L'utente accetta di indennizzare e tenere indenne la Societ\u00e0, i suoi fornitori, funzionari, direttori, dipendenti, agenti, successori, sussidiari, sublicenziatari e cessionari da e contro qualsiasi reclamo, danno, perdita, costo e responsabilit\u00e0 (comprese le ragionevoli spese legali e giudiziarie) derivanti da o correlati a qualsiasi violazione dei presenti Termini o violazione di qualsiasi legge o dei diritti di terzi, da parte dell'utente o di chiunque agisca sotto la direzione, l'autorit\u00e0 o il controllo dell'utente, compresi, a titolo esemplificativo, la pubblicazione, la distribuzione, la visualizzazione o l'altro utilizzo dei Contenuti da parte dell'utente o di chiunque utilizzi la sua password.<\/p>\n<h4>6.\u00a0<span class=\"wysiwyg-underline\">Modifiche ai Servizi<\/span><\/h4>\n<p>La Societ\u00e0 pu\u00f2 apportare modifiche ai Servizi in qualsiasi momento e senza preavviso.<\/p>\n<h4>7.\u00a0<span class=\"wysiwyg-underline\">DISCLAIMER<\/span><\/h4>\n<p>IL SERVIZIO E IL FIRMWARE SONO FORNITI DALLA SOCIET\u00c0 \"COS\u00cc COME SONO\" E LA SOCIET\u00c0 E I SUOI FORNITORI DECLINANO ESPRESSAMENTE TUTTE LE GARANZIE ESPRESSE, IMPLICITE E DI LEGGE, INCLUSE, A TITOLO ESEMPLIFICATIVO, LE GARANZIE DI COMMERCIABILIT\u00c0, IDONEIT\u00c0 A UNO SCOPO PARTICOLARE E NON VIOLAZIONE. SENZA LIMITARE QUANTO SOPRA, LA SOCIET\u00c0 NON GARANTISCE CHE IL SERVIZIO O IL FIRMWARE SIANO EFFICACI, ACCURATI, AFFIDABILI O SICURI.<\/p>\n<h4>8.\u00a0<span class=\"wysiwyg-underline\">LIMITAZIONE DI RESPONSABILIT\u00c0<\/span><\/h4>\n<p>NELLA MISURA MASSIMA CONSENTITA DALLA LEGGE, LA SOCIET\u00c0 E I SUOI FORNITORI NON SARANNO RESPONSABILI DI PERDITE D'USO, DI PROFITTI, DI DATI, DI AVVIAMENTO O DI ALTRI VANTAGGI ECONOMICI, DI INTERRUZIONE DELL'ATTIVIT\u00c0 O DEI SERVIZI O DI QUALSIASI DANNO INDIRETTO, INCIDENTALE, PUNITIVO, SPECIALE O CONSEQUENZIALE DERIVANTE DA O CONNESSO AL SERVIZIO O AL FIRMWARE. LA SUDDETTA LIMITAZIONE DI RESPONSABILIT\u00c0 SI APPLICHER\u00c0 SIA IN UN'AZIONE PER VIOLAZIONE DEL CONTRATTO, NEGLIGENZA, ALTRI ILLECITI O QUALSIASI ALTRA TEORIA, ANCHE SE UN RAPPRESENTANTE AUTORIZZATO DELLA SOCIET\u00c0 \u00c8 STATO AVVISATO O AVREBBE DOVUTO ESSERE A CONOSCENZA DELLA POSSIBILIT\u00c0 DI TALI DANNI.  LA RESPONSABILIT\u00c0 DELLA SOCIET\u00c0 E DEI SUOI RAPPRESENTANTI, DIPENDENTI E FORNITORI NEI CONFRONTI DELL'UTENTE O DI TERZI IN QUALSIASI CIRCOSTANZA \u00c8 LIMITATA ALL'IMPORTO DELLE COMMISSIONI PAGATE DALL'UTENTE ALLA SOCIET\u00c0 NEI 12 MESI PRECEDENTI LA DATA IN CUI \u00c8 SORTA LA CAUSA DI AZIONE CHE HA DATO ORIGINE ALLA RESPONSABILIT\u00c0.  LA SOCIET\u00c0, I SUOI FORNITORI E I SUOI RAPPRESENTANTI NON AVRANNO ALCUNA RESPONSABILIT\u00c0 PER L'ACCESSO NON AUTORIZZATO O L'USO IMPROPRIO DI QUALSIASI CONTENUTO DA PARTE DI TERZI.<\/p>\n<p>LE ESCLUSIONI DI RESPONSABILIT\u00c0, LE RINUNCE E LE LIMITAZIONI DI CUI SOPRA SI APPLICHERANNO NONOSTANTE IL FALLIMENTO DELLO SCOPO ESSENZIALE DI QUALSIASI RIMEDIO LIMITATO.<\/p>\n<p>ALCUNE GIURISDIZIONI NON CONSENTONO LA LIMITAZIONE O L'ESCLUSIONE DI RESPONSABILIT\u00c0 PER DANNI INCIDENTALI O CONSEQUENZIALI, PERTANTO LA LIMITAZIONE O L'ESCLUSIONE DI CUI SOPRA POTREBBE NON ESSERE APPLICABILE ALL'UTENTE E L'UTENTE POTREBBE INOLTRE GODERE DI ALTRI DIRITTI LEGALI CHE VARIANO DA GIURISDIZIONE A GIURISDIZIONE.<\/p>\n<h4>9.\u00a0<span class=\"wysiwyg-underline\">Termine e cessazione.<\/span><\/h4>\n<p>La Societ\u00e0 pu\u00f2 porre fine ai presenti Termini e all'accesso dell'utente ai Servizi in qualsiasi momento, con o senza motivo. Le sezioni 2, 3, 4, 5, 7, 8 e 11 rimarranno in vigore.<\/p>\n<h4>10. <span class=\"wysiwyg-underline\">Uso internazionale<\/span><\/h4>\n<p>I Servizi sono controllati, gestiti e amministrati dalla Societ\u00e0 dai suoi uffici negli Stati Uniti d'America (\"USA\"). La Societ\u00e0 non dichiara che i Servizi siano appropriati o disponibili per l'uso in luoghi al di fuori degli Stati Uniti. Se l'utente accede ai Servizi da una localit\u00e0 al di fuori degli Stati Uniti, \u00e8 responsabile del rispetto di tutte le leggi locali del luogo in cui risiede.<\/p>\n<h4>11.\u00a0<span class=\"wysiwyg-underline\">Legge applicabile; risoluzione delle controversie<\/span><\/h4>\n<p>Tutte le questioni legali derivanti o correlate all'uso dei Servizi, del Firmware e delle presenti Condizioni saranno interpretate in conformit\u00e0 alle leggi degli Stati Uniti, senza tener conto dei conflitti di legge.<\/p>\n<h4>12.\u00a0<span class=\"wysiwyg-underline\">Assegnazione<\/span><\/h4>\n<p>L'utente non pu\u00f2 cedere o trasferire i presenti Termini in nessuna circostanza. L'utente accetta che i presenti Termini e tutti gli accordi incorporati possano essere automaticamente assegnati dalla Societ\u00e0, a sua esclusiva discrezione, a una terza parte in caso di fusione, acquisizione o fallimento.<\/p>\n<h4>13.\u00a0<span class=\"wysiwyg-underline\">Interezza dell'Accordo; rinuncia; clausola di salvaguardia<\/span><\/h4>\n<p>I presenti Termini costituiscono l'intero accordo tra l'utente e la Societ\u00e0 in relazione all'utilizzo dei Servizi. La mancata applicazione da parte della Societ\u00e0 di qualsiasi diritto o disposizione dei presenti Termini non costituir\u00e0 una rinuncia a tale diritto o disposizione o a qualsiasi altro diritto o disposizione dei presenti Termini. Se un tribunale dovesse ritenere che uno o pi\u00f9 diritti o disposizioni di cui ai presenti Termini non siano validi, l'utente accetta che il resto dei Termini sia applicabile e che la disposizione non valida sia applicabile nella misura massima consentita dalla legge.<\/p>\n\n        \n        <\/div><!-- block-inner -->  \n\n        \n    <\/section><!-- full-width-text -->","protected":false},"excerpt":{"rendered":"","protected":false},"author":32,"featured_media":0,"parent":846,"menu_order":70,"comment_status":"closed","ping_status":"closed","template":"","meta":{"_acf_changed":true,"_searchwp_excluded":"","footnotes":""},"class_list":["post-11704","page","type-page","status-publish","hentry"],"acf":[],"_links":{"self":[{"href":"https:\/\/www.brightsign.biz\/it\/wp-json\/wp\/v2\/pages\/11704","targetHints":{"allow":["GET"]}}],"collection":[{"href":"https:\/\/www.brightsign.biz\/it\/wp-json\/wp\/v2\/pages"}],"about":[{"href":"https:\/\/www.brightsign.biz\/it\/wp-json\/wp\/v2\/types\/page"}],"author":[{"embeddable":true,"href":"https:\/\/www.brightsign.biz\/it\/wp-json\/wp\/v2\/users\/32"}],"replies":[{"embeddable":true,"href":"https:\/\/www.brightsign.biz\/it\/wp-json\/wp\/v2\/comments?post=11704"}],"version-history":[{"count":0,"href":"https:\/\/www.brightsign.biz\/it\/wp-json\/wp\/v2\/pages\/11704\/revisions"}],"up":[{"embeddable":true,"href":"https:\/\/www.brightsign.biz\/it\/wp-json\/wp\/v2\/pages\/846"}],"wp:attachment":[{"href":"https:\/\/www.brightsign.biz\/it\/wp-json\/wp\/v2\/media?parent=11704"}],"curies":[{"name":"wp","href":"https:\/\/api.w.org\/{rel}","templated":true}]}}