{"id":11748,"date":"2024-10-24T12:42:51","date_gmt":"2024-10-24T16:42:51","guid":{"rendered":"https:\/\/www.brightsign.biz\/?page_id=11748"},"modified":"2024-10-24T12:42:53","modified_gmt":"2024-10-24T16:42:53","slug":"condizioni-di-utilizzo-del-sito-web-9","status":"publish","type":"page","link":"https:\/\/www.brightsign.biz\/it\/legal\/sustainability-statement\/","title":{"rendered":"Dichiarazione di sostenibilit\u00e0"},"content":{"rendered":"<section\n  id=\"hero-block_58e384872f9ea25b4807a6c16c3edeef\"\n  class=\"hero custom-block\"\n  data-form-url=\"\"\n>\n  <!-- Backgrounds: cover full section, center position (extended via SCSS) -->\n        <div id=\"hero-desktop-background\" style=\"background-image: url('https:\/\/www.brightsign.biz\/wp-content\/uploads\/2024\/09\/header-template3-15-1920x900.jpg'); background-size: cover; background-position: center center; background-repeat: no-repeat;\"><\/div>\n        <div id=\"hero-mobile-background\" style=\"background-image: url('https:\/\/www.brightsign.biz\/wp-content\/uploads\/2024\/09\/header-template3-15-1920x900.jpg'); background-size: cover; background-position: center center; background-repeat: no-repeat;\"><\/div>\n  \n  <div class=\"hero-gradient\" aria-hidden=\"true\"><\/div>\n  <div class=\"block-inner medium\">\n    <div class=\"block-inner-content grid-x grid-margin-y\">\n\n      <!-- MOBILE-only layout -->\n      <div class=\"cell small-12 show-for-small-only\">\n        \n        \n        \n        \n        <div class=\"mobile-content form-content\"><h1 class=\"\"><strong>Sostenibilit\u00e0<br \/>\n<\/strong>Dichiarazione<\/h1>\n<p>Aggiornato al 27 settembre 2024<\/p>\n<\/div>      <\/div>\n      <!-- end MOBILE-only -->\n\n      <!-- DESKTOP text cell -->\n      <div class=\"cell small-12 medium-12 large-6 hide-for-small-only\">\n        \n        <h1 class=\"\"><strong>Sostenibilit\u00e0<br \/>\n<\/strong>Dichiarazione<\/h1>\n<p>Aggiornato al 27 settembre 2024<\/p>\n      <\/div>\n      <!-- end DESKTOP text cell -->\n\n      <!-- DESKTOP form\/video cell -->\n      <div class=\"cell small-12 medium-12 large-6 center-play hide-for-small-only\">\n        \n              <\/div>\n      <!-- end DESKTOP form\/video cell -->\n\n    <\/div><!-- .block-inner-content -->\n  <\/div><!-- .block-inner -->\n<\/section><!-- hero -->\n\n\n\n    <section id=\"full-width-text-block_7af17197b449c53a2323dc6440db0f7a\" class=\"full-width-text custom-block dark small-top small-bottom brand-htags default-lists\">\n\n        <div class=\"block-inner medium\">\n\n        <h2 style=\"text-align: center\">BrightSign Dichiarazione di sostenibilit\u00e0<\/h2>\n<p>Noi di BrightSign ci impegniamo a operare come produttori di elettronica e fornitori di software responsabili, dedicati alla sostenibilit\u00e0 e alla gestione dell'ambiente. Riconosciamo l'importanza fondamentale di ridurre al minimo il nostro impatto ambientale e contribuiamo attivamente a costruire un futuro pi\u00f9 verde. Questo \u00e8 dimostrato dalla produzione dei nostri lettori multimediali digitali e delle nostre soluzioni di segnaletica leader del settore.<\/p>\n<ul>\n<li><strong>Design del prodotto:<\/strong> L'elemento centrale della nostra sostenibilit\u00e0 \u00e8 il basso consumo energetico dei nostri prodotti. Progettiamo i nostri prodotti elettronici pensando alla longevit\u00e0, concentrandoci sulla durata e sull'affidabilit\u00e0. Il nostro impegno a prolungare il ciclo di vita dei prodotti attraverso il controllo del cloud, la gestione remota dei lettori e le tecnologie software di auto-riparazione garantisce una riduzione dei rifiuti elettronici e promuove un modello di consumo pi\u00f9 sostenibile.<\/li>\n<li><strong>Eccellenza operativa:<\/strong> Ci sforziamo di ridurre la nostra impronta di carbonio implementando pratiche di efficienza energetica in tutte le nostre attivit\u00e0. I nostri ingegneri utilizzano anche soluzioni e apparecchiature ad alta efficienza energetica durante il processo di sviluppo. Ove possibile, diamo priorit\u00e0 all'uso di fonti di energia rinnovabili e cerchiamo continuamente modi innovativi per ridurre al minimo il consumo di energia.<\/li>\n<li><strong>Responsabilit\u00e0 della catena di approvvigionamento:<\/strong> Lavoriamo a stretto contatto con fornitori che condividono i nostri valori, promuovendo pratiche di lavoro eque, approvvigionamento etico dei materiali e gestione responsabile dei rifiuti. Ottimizzando i processi produttivi, puntiamo a ridurre la produzione di rifiuti, a promuovere il riciclo e il riutilizzo dei materiali e a minimizzare l'impatto ambientale associato alla produzione dei nostri prodotti.<\/li>\n<\/ul>\n<p>La sostenibilit\u00e0 \u00e8 un viaggio e noi ci impegniamo a migliorare costantemente. Valutiamo regolarmente le nostre pratiche e fissiamo obiettivi ambiziosi. Promuovendo una cultura di innovazione e collaborazione, cerchiamo nuovi modi per ridurre il nostro impatto ambientale e creare un futuro pi\u00f9 sostenibile.<\/p>\n<p>Insieme ai nostri dipendenti, ai clienti, ai fornitori e alle comunit\u00e0, ci impegniamo per realizzare una produzione elettronica sostenibile. Abbracciando pratiche responsabili, crediamo di poter fare una differenza significativa.<\/p>\n\n        \n        <\/div><!-- block-inner -->  \n\n        \n    <\/section><!-- full-width-text -->","protected":false},"excerpt":{"rendered":"","protected":false},"author":32,"featured_media":0,"parent":846,"menu_order":70,"comment_status":"closed","ping_status":"closed","template":"","meta":{"_acf_changed":true,"_searchwp_excluded":"","footnotes":""},"class_list":["post-11748","page","type-page","status-publish","hentry"],"acf":[],"_links":{"self":[{"href":"https:\/\/www.brightsign.biz\/it\/wp-json\/wp\/v2\/pages\/11748","targetHints":{"allow":["GET"]}}],"collection":[{"href":"https:\/\/www.brightsign.biz\/it\/wp-json\/wp\/v2\/pages"}],"about":[{"href":"https:\/\/www.brightsign.biz\/it\/wp-json\/wp\/v2\/types\/page"}],"author":[{"embeddable":true,"href":"https:\/\/www.brightsign.biz\/it\/wp-json\/wp\/v2\/users\/32"}],"replies":[{"embeddable":true,"href":"https:\/\/www.brightsign.biz\/it\/wp-json\/wp\/v2\/comments?post=11748"}],"version-history":[{"count":0,"href":"https:\/\/www.brightsign.biz\/it\/wp-json\/wp\/v2\/pages\/11748\/revisions"}],"up":[{"embeddable":true,"href":"https:\/\/www.brightsign.biz\/it\/wp-json\/wp\/v2\/pages\/846"}],"wp:attachment":[{"href":"https:\/\/www.brightsign.biz\/it\/wp-json\/wp\/v2\/media?parent=11748"}],"curies":[{"name":"wp","href":"https:\/\/api.w.org\/{rel}","templated":true}]}}