{"id":11985,"date":"2025-01-29T17:54:04","date_gmt":"2025-01-29T22:54:04","guid":{"rendered":"https:\/\/www.brightsign.biz\/?page_id=11985"},"modified":"2025-05-21T17:19:22","modified_gmt":"2025-05-21T21:19:22","slug":"garanzia","status":"publish","type":"page","link":"https:\/\/www.brightsign.biz\/it\/brightsign-players\/warranty\/","title":{"rendered":"Programma di garanzia di 5 anni"},"content":{"rendered":"<section\n  id=\"hero-block_dc1f3825da509b0d654d645e8f754e68\"\n  class=\"hero custom-block\"\n  data-form-url=\"\"\n>\n  <!-- Backgrounds: cover full section, center position (extended via SCSS) -->\n        <div id=\"hero-desktop-background\" style=\"background-image: url('https:\/\/www.brightsign.biz\/wp-content\/uploads\/2025\/01\/5-year-warranty-hero-desktop-1b-copy-1920x900.png'); background-size: cover; background-position: center center; background-repeat: no-repeat;\"><\/div>\n        <div id=\"hero-mobile-background\" style=\"background-image: url('https:\/\/www.brightsign.biz\/wp-content\/uploads\/2025\/01\/purple-gradient-v2a-2001x1125-1-1920x900.png'); background-size: cover; background-position: center center; background-repeat: no-repeat;\"><\/div>\n  \n  <div class=\"hero-gradient\" aria-hidden=\"true\"><\/div>\n  <div class=\"block-inner medium\">\n    <div class=\"block-inner-content grid-x grid-margin-y\">\n\n      <!-- MOBILE-only layout -->\n      <div class=\"cell small-12 show-for-small-only\">\n        \n        \n        \n        \n        <ul class=\"custom-breadcrumb\"><li>Prodotti e software<\/li><\/ul><div class=\"mobile-content form-content\"><h1><strong>Garanzia di 5 anni<\/strong> Programma<\/h1>\n<p>Qualit\u00e0 BrightSign, garantita.<\/p>\n<\/div><div class=\"basic-button blue\"><a href=\"#register\" target=\"\">REGISTRAZIONE ORA <i class=\"fa-solid fa-chevron-right\"><\/i><\/a><\/div>      <\/div>\n      <!-- end MOBILE-only -->\n\n      <!-- DESKTOP text cell -->\n      <div class=\"cell small-12 medium-12 large-6 hide-for-small-only\">\n        \n        <ul class=\"custom-breadcrumb\"><li>Prodotti e software<\/li><\/ul><h1><strong>Garanzia di 5 anni<\/strong> Programma<\/h1>\n<p>Qualit\u00e0 BrightSign, garantita.<\/p>\n<div class=\"basic-button blue\"><a href=\"#register\" target=\"\">REGISTRAZIONE ORA <i class=\"fa-solid fa-chevron-right\"><\/i><\/a><\/div>      <\/div>\n      <!-- end DESKTOP text cell -->\n\n      <!-- DESKTOP form\/video cell -->\n      <div class=\"cell small-12 medium-12 large-6 center-play hide-for-small-only\">\n        \n              <\/div>\n      <!-- end DESKTOP form\/video cell -->\n\n    <\/div><!-- .block-inner-content -->\n  <\/div><!-- .block-inner -->\n<\/section><!-- hero -->\n\n\n\n    <section id=\"full-width-text-block_50dc28afc53479846b1ae50a8b5bfefd\" class=\"full-width-text custom-block dark medium-top none-bottom brand-htags default-lists\">\n\n        <div class=\"block-inner medium\">\n\n        <h2>Garanzia di 5 anni dell'BrightSign: Costruito per l'affidabilit\u00e0, supportato con fiducia<\/h2>\n<p>Il programma di garanzia BrightSign offre una fiducia senza pari nell'affidabilit\u00e0 dei nostri lettori. A partire dal 1\u00b0 gennaio 2025, tutti i lettori multimediali Serie 5 e successivi acquistati e registrati di recente includono ora una garanzia standard di 5 anni. Per garantire che i nostri clienti attuali beneficino di questo nuovo programma, la Serie 5<sup>*<\/sup> I lettori acquistati tra il 1\u00b0 novembre 2024 e il 31 dicembre 2024 possono essere registrati per ricevere una garanzia estesa di 3 anni, portando la copertura totale a 5 anni. Abbinata agli oltre 5 anni di assistenza software tipici di BrightSign, questa garanzia rafforza la longevit\u00e0 e l'affidabilit\u00e0 che ci si aspetta da BrightSign.<\/p>\n\n        \n        <\/div><!-- block-inner -->  \n\n        \n    <\/section><!-- full-width-text -->  \n\n\n\n\n\n    <section id=\"full-width-text-block_9024505fc95bde2495f8019a895ffc70\" class=\"full-width-text custom-block dark small-top none-bottom brand-htags default-lists\">\n\n        <div class=\"block-inner medium\">\n\n        <h3 style=\"color: #701896\">Maggiore protezione per la tecnologia di cui vi fidate<\/h3>\n        \n        <\/div><!-- block-inner -->  \n\n        \n    <\/section><!-- full-width-text -->  \n\n\n\n\n\n<section id=\"media-text-block_efad8eb629a7fca1493b0e9ba7072851\" class=\"media-text custom-block dark none-top none-bottom\" >\n    <div class=\"dot-in\"><\/div><!-- dot-in -->\n    <div class=\"block-inner medium grid-x right\">\n    \n        <div class=\"cell small-12 medium-12 large-6 mediatext-content small-checks\">\n            <div aria-hidden=\"true\" class=\"blue-dot\"><\/div>\n                                                    <ul>\n<li><strong>Affidabilit\u00e0 su cui contare: <\/strong>BrightSign \u00e8 rinomata per la qualit\u00e0 e la longevit\u00e0 delle sue soluzioni di segnaletica digitale. La nostra garanzia testimonia la nostra fiducia nella durata dei lettori BrightSign.<\/li>\n<li><strong>Standardizzazione globale, vantaggi locali: <\/strong>A partire dal 1\u00b0 gennaio 2025, tutti i lettori multimediali Series 5 e successivi acquistati e registrati in tutto il mondo sono ora coperti da una garanzia standard di 5 anni, che semplifica l'assistenza ovunque ci si trovi.<\/li>\n<li><strong>Garanzia senza costi: <\/strong>Le riparazioni, le parti di ricambio e l'assistenza in garanzia sono completamente coperte; i clienti devono solo occuparsi della spedizione dei lettori a BrightSign.<\/li>\n<\/ul>\n                        \n                        \n                    <\/div><!-- mediatext-content -->\n        \n        <div class=\"cell small-12 medium-12 large-6 form-wrapper\">\n                            <!-- Normal form on all devices -->\n                                                    <div class=\"mediatext-image no-blue\">\n                        <img decoding=\"async\" src=\"https:\/\/www.brightsign.biz\/wp-content\/uploads\/2025\/01\/BrightSign_5yr_LockUp_Small_RGB-750x421.png\" alt=\"BrightSign Garanzia di 5 anni\" \/>\n                                            <\/div><!-- mediatext-image -->\n                                                            \n                    <\/div><!-- form-wrapper -->\n        \n    <\/div><!-- block-inner -->\n<\/section><!-- media-text -->\n\n\n\n\n\n<section id=\"register\" class=\"media-text custom-block dark none-top none-bottom\" >\n    <div class=\"dot-in\"><\/div><!-- dot-in -->\n    <div class=\"block-inner medium grid-x right\">\n    \n        <div class=\"cell small-12 medium-12 large-6 mediatext-content small-checks\">\n            <div aria-hidden=\"true\" class=\"blue-dot\"><\/div>\n                                                    <h2 style=\"color: #311c6b\">Perch\u00e9 registrarsi?<\/h2>\n<p>La registrazione assicura che il lettore abbia diritto alla garanzia di 5 anni. La registrazione ci consente di fornire assistenza in garanzia, di tenervi informati su aggiornamenti e miglioramenti e di semplificare la vostra esperienza: un passo rapido che garantisce la vostra tranquillit\u00e0.<\/p>\n<h3>Registrazione semplice per la massima copertura<\/h3>\n<p>I nuovi clienti possono attivare la garanzia di 5 anni registrando i lettori acquistati dopo il 1\u00b0 gennaio 2025.<\/p>\n<p>Per onorare il nostro impegno nei confronti di tutti gli utenti BrightSign, la Serie 5<sup>*<\/sup> I giocatori acquistati tra il 1\u00b0 novembre 2024 e il 31 dicembre 2024 possono essere registrati per altri 3 anni, garantendo una protezione completa per un totale di 5 anni. I giocatori con un contratto attivo <a href=\"https:\/\/www.bsn.cloud\/\" target=\"_blank\" rel=\"noopener\">bsn.Control<\/a> , <a href=\"https:\/\/www.bsn.cloud\/\" target=\"_blank\" rel=\"noopener\">bsn.Contenuto<\/a> Il cliente viene automaticamente iscritto alla garanzia di 5 anni, senza bisogno di ulteriori passaggi.<\/p>\n<p>&nbsp;<\/p>\n<p><sup>*Il programma di garanzia si applica ai lettori Serie 5 e successivi acquistati da BrightSign dopo il 1\u00b0 novembre 2024. Il programma di garanzia non si applica agli accessori. <\/sup><\/p>\n<p><sup>Per ulteriori informazioni, consultare il documento <a href=\"https:\/\/www.brightsign.biz\/it\/legale\/garanzia\/\">Garanzia limitata dell'hardware BrightSign<\/a>.<\/sup><\/p>\n                        \n                        \n                    <\/div><!-- mediatext-content -->\n        \n        <div class=\"cell small-12 medium-12 large-6 form-wrapper\">\n                            <!-- Desktop: Show original form content -->\n                <div class=\"hide-for-small-only\">\n                                                                <div class=\"mg-form-embed\">\n                            <iframe loading=\"lazy\" src=\"https:\/\/3293628.extforms.netsuite.com\/app\/site\/hosting\/scriptlet.nl?script=1401&#038;deploy=1&#038;compid=3293628&#038;ns-at=AAEJ7tMQYkFKKep9hU0NsX7SU6JxL0JaNu-gR6ciQF6QGkSsqL8\" width=\"100%\" height=\"1000\"><\/iframe>                        <\/div>\n                                    <\/div>\n                        \n                    <\/div><!-- form-wrapper -->\n        \n    <\/div><!-- block-inner -->\n<\/section><!-- media-text -->","protected":false},"excerpt":{"rendered":"","protected":false},"author":32,"featured_media":11988,"parent":539,"menu_order":0,"comment_status":"closed","ping_status":"closed","template":"","meta":{"_acf_changed":false,"_searchwp_excluded":"","footnotes":""},"class_list":["post-11985","page","type-page","status-publish","has-post-thumbnail","hentry"],"acf":[],"_links":{"self":[{"href":"https:\/\/www.brightsign.biz\/it\/wp-json\/wp\/v2\/pages\/11985","targetHints":{"allow":["GET"]}}],"collection":[{"href":"https:\/\/www.brightsign.biz\/it\/wp-json\/wp\/v2\/pages"}],"about":[{"href":"https:\/\/www.brightsign.biz\/it\/wp-json\/wp\/v2\/types\/page"}],"author":[{"embeddable":true,"href":"https:\/\/www.brightsign.biz\/it\/wp-json\/wp\/v2\/users\/32"}],"replies":[{"embeddable":true,"href":"https:\/\/www.brightsign.biz\/it\/wp-json\/wp\/v2\/comments?post=11985"}],"version-history":[{"count":0,"href":"https:\/\/www.brightsign.biz\/it\/wp-json\/wp\/v2\/pages\/11985\/revisions"}],"up":[{"embeddable":true,"href":"https:\/\/www.brightsign.biz\/it\/wp-json\/wp\/v2\/pages\/539"}],"wp:featuredmedia":[{"embeddable":true,"href":"https:\/\/www.brightsign.biz\/it\/wp-json\/wp\/v2\/media\/11988"}],"wp:attachment":[{"href":"https:\/\/www.brightsign.biz\/it\/wp-json\/wp\/v2\/media?parent=11985"}],"curies":[{"name":"wp","href":"https:\/\/api.w.org\/{rel}","templated":true}]}}