{"id":12316,"date":"2025-06-04T18:25:58","date_gmt":"2025-06-04T22:25:58","guid":{"rendered":"https:\/\/www.brightsign.biz\/?page_id=12316"},"modified":"2026-01-29T17:55:40","modified_gmt":"2026-01-29T22:55:40","slug":"serie-6","status":"publish","type":"page","link":"https:\/\/www.brightsign.biz\/it\/brightsign-players\/series-6\/","title":{"rendered":"Serie 6"},"content":{"rendered":"<section\n  id=\"hero-block_fe76f2cd888fbd93b079e26412c7c106\"\n  class=\"hero custom-block\"\n  data-form-url=\"\"\n>\n  <!-- Backgrounds: cover full section, center position (extended via SCSS) -->\n        <div id=\"hero-desktop-background\" style=\"background-image: url('https:\/\/www.brightsign.biz\/wp-content\/uploads\/2025\/06\/series-6-family-group-hero-desktop-v05-1920x900.jpg'); background-size: cover; background-position: center center; background-repeat: no-repeat;\"><\/div>\n        <div id=\"hero-mobile-background\" style=\"background-image: url('https:\/\/www.brightsign.biz\/wp-content\/uploads\/2025\/06\/series-6-family-group-hero-mobile-v03-750x900.jpg'); background-size: cover; background-position: center center; background-repeat: no-repeat;\"><\/div>\n  \n  <div class=\"hero-gradient\" aria-hidden=\"true\"><\/div>\n  <div class=\"block-inner medium\">\n    <div class=\"block-inner-content grid-x grid-margin-y\">\n\n      <!-- MOBILE-only layout -->\n      <div class=\"cell small-12 show-for-small-only\">\n        \n        \n        \n        \n        <ul class=\"custom-breadcrumb\"><li>Prodotti e software<\/li><\/ul><div class=\"mobile-content form-content\"><h1>Serie <strong>6<\/strong><\/h1>\n<p>L'eccellenza della segnaletica digitale.<\/p>\n<\/div>      <\/div>\n      <!-- end MOBILE-only -->\n\n      <!-- DESKTOP text cell -->\n      <div class=\"cell small-12 medium-12 large-6 hide-for-small-only\">\n        \n        <ul class=\"custom-breadcrumb\"><li>Prodotti e software<\/li><\/ul><h1>Serie <strong>6<\/strong><\/h1>\n<p>L'eccellenza della segnaletica digitale.<\/p>\n      <\/div>\n      <!-- end DESKTOP text cell -->\n\n      <!-- DESKTOP form\/video cell -->\n      <div class=\"cell small-12 medium-12 large-6 center-play hide-for-small-only\">\n        \n              <\/div>\n      <!-- end DESKTOP form\/video cell -->\n\n    <\/div><!-- .block-inner-content -->\n  <\/div><!-- .block-inner -->\n<\/section><!-- hero -->\n\n\n\n    <section id=\"full-width-text-block_fcd139ebe79d74665fc863d5a08937b3\" class=\"full-width-text custom-block dark small-top small-bottom brand-htags default-lists\">\n\n        <div class=\"block-inner medium\">\n\n        <h2 style=\"text-align: center\">Incontrare la Serie 6<\/h2>\n<p style=\"text-align: center\">La Serie 6 BrightSign rappresenta l'ultima novit\u00e0 in fatto di lettori multimediali per la segnaletica digitale, con prestazioni massime, ampia versatilit\u00e0 e affidabilit\u00e0 senza pari.<\/p>\n<p style=\"text-align: center\">BrightSign \u00e8 rinomata per la qualit\u00e0 e la longevit\u00e0 delle sue soluzioni di segnaletica digitale. La nostra garanzia testimonia la nostra fiducia nella durata dei lettori BrightSign. A partire dal 1\u00b0 gennaio 2025, tutti i lettori multimediali della Serie 5 e successivi acquistati e registrati in tutto il mondo sono ora coperti da una garanzia standard di 5 anni, che semplifica l'assistenza ovunque ci si trovi.<\/p>\n\n        \n                        <ul class=\"small-buttons center\">\n                                    <li>\n                        <a href=\"https:\/\/www.brightsign.biz\/it\/giocatori-brightsign\/garanzia\/\" target=\"_self\">PER SAPERNE DI PI\u00d9 SULLA NOSTRA GARANZIA DI 5 ANNI<\/a>\n                    <\/li>\n                            <\/ul>\n            \n        \n        <\/div><!-- block-inner -->  \n\n        \n    <\/section><!-- full-width-text -->  \n\n\n\n\n\n<!-- Inject style_attr here -->\n<section\n    id=\"progress-slider-block_c795e9dc76abef7088ade0fbdc7fd14c\"\n    class=\"progress-slider custom-block dark none-top small-bottom center-slides\"\n     >\n\n    <div class=\"block-inner\">\n\n                    <div class=\"progress-slider-title\">\n                <h4>Esplora i lettori multimediali BrightSign Serie 6<\/h4>\n                            <\/div>\n        \n        <div class=\"swiper progress-swiper\">\n\n            <div class=\"swiper-wrapper\">\n\n                                                            \n                        <div class=\"swiper-slide\">\n\n                                                            <div class=\"prog-slide-image\">\n                                    <img decoding=\"async\" src=\"https:\/\/www.brightsign.biz\/wp-content\/uploads\/2025\/07\/Series-6_HD6_265x272px_reflection_v2.png\" alt=\"BrightSign Lettore di segnaletica digitale HD6\" \/>\n                                <\/div>\n                            \n                                                            <p class=\"xx-small-p\">BrightSign HD6<\/p>\n                            \n                                                            <a class=\"full-button activate-container\" aria-hidden=\"true\" href=\"https:\/\/www.brightsign.biz\/it\/giocatori-brightsign\/serie-6\/hd6\/\" target=\"_self\"><\/a>\n                            \n                        <\/div><!-- .swiper-slide -->\n                                            \n                        <div class=\"swiper-slide\">\n\n                                                            <div class=\"prog-slide-image\">\n                                    <img decoding=\"async\" src=\"https:\/\/www.brightsign.biz\/wp-content\/uploads\/2025\/07\/Series-6_XD6_265x272px_reflection_v2.png\" alt=\"BrightSign Lettore di segnaletica digitale XD6\" \/>\n                                <\/div>\n                            \n                                                            <p class=\"xx-small-p\">BrightSign XD6<\/p>\n                            \n                                                            <a class=\"full-button activate-container\" aria-hidden=\"true\" href=\"https:\/\/www.brightsign.biz\/it\/giocatori-brightsign\/serie-6\/xd6\/\" target=\"_self\"><\/a>\n                            \n                        <\/div><!-- .swiper-slide -->\n                                    \n            <\/div><!-- .swiper-wrapper -->\n\n            <!-- scrollbar -->\n            <div class=\"swiper-scrollbar\"><\/div>\n            <div class=\"swiper-pagination-wrapper\">\n                <div class=\"swiper-pagination hide\"><\/div>\n            <\/div><!-- .swiper-pagination-wrapper -->\n\n        <\/div><!-- .progress-swiper -->\n\n        \n    <\/div><!-- .block-inner -->\n\n<\/section><!-- .progress-slider -->\n\n\n\n\n\n<section id=\"hd6\" class=\"media-text custom-block dark small-top small-bottom\" >\n    <div class=\"dot-in\"><\/div><!-- dot-in -->\n    <div class=\"block-inner medium grid-x left\">\n    \n        <div class=\"cell small-12 medium-12 large-6 mediatext-content default-checks\">\n            <div aria-hidden=\"true\" class=\"blue-dot\"><\/div>\n                            <h4>BrightSign HD6<\/h4>\n                                                    <p>Animazioni fluide e dinamiche senza sforzo.<\/p>\n<ul>\n<li>Supporto di interfacce utente semplici e complesse<\/li>\n<li>Costruire esperienze mirate<\/li>\n<li>Streaming IP 4K di qualit\u00e0<\/li>\n<li>Immagini accattivanti per tutti gli ambienti<\/li>\n<\/ul>\n                        \n                            <div class=\"basic-button blue\">\n                    <a href=\"\/it\/giocatori-brightsign\/serie-6\/hd6\/\" target=\"_self\">\n                        Esplora HD6                    <\/a>\n                <\/div><!-- basic-cta -->\n                        \n                    <\/div><!-- mediatext-content -->\n        \n        <div class=\"cell small-12 medium-12 large-6 form-wrapper\">\n                            <!-- Normal form on all devices -->\n                                                    <div class=\"mediatext-image no-blue\">\n                        <img decoding=\"async\" src=\"https:\/\/www.brightsign.biz\/wp-content\/uploads\/2025\/06\/BrightSign-33-HD6-min-750x440.png\" alt=\"Lettore multimediale BrightSign HD6\" \/>\n                                            <\/div><!-- mediatext-image -->\n                                                            \n                    <\/div><!-- form-wrapper -->\n        \n    <\/div><!-- block-inner -->\n<\/section><!-- media-text -->\n\n\n\n\n\n<section id=\"xd6\" class=\"media-text custom-block dark small-top small-bottom\" >\n    <div class=\"dot-in\"><\/div><!-- dot-in -->\n    <div class=\"block-inner medium grid-x right\">\n    \n        <div class=\"cell small-12 medium-12 large-6 mediatext-content default-checks\">\n            <div aria-hidden=\"true\" class=\"blue-dot\"><\/div>\n                            <h4>BrightSign XD6<\/h4>\n                                                    <p>Distribuite esperienze creative e ad alte prestazioni ovunque.<\/p>\n<ul>\n<li>Interazioni dinamiche e reattive<\/li>\n<li>Impressioni visive in 4K<\/li>\n<li>Esperienze versatili e uniche<\/li>\n<li>Creare installazioni creative e potenti<\/li>\n<\/ul>\n                        \n                            <div class=\"basic-button blue\">\n                    <a href=\"\/it\/giocatori-brightsign\/serie-6\/xd6\/\" target=\"_self\">\n                        Esplora XD6                    <\/a>\n                <\/div><!-- basic-cta -->\n                        \n                    <\/div><!-- mediatext-content -->\n        \n        <div class=\"cell small-12 medium-12 large-6 form-wrapper\">\n                            <!-- Normal form on all devices -->\n                                                    <div class=\"mediatext-image no-blue\">\n                        <img decoding=\"async\" src=\"https:\/\/www.brightsign.biz\/wp-content\/uploads\/2025\/06\/BrightSign-53-XD6-min-750x440.png\" alt=\"Lettore multimediale BrightSign XD6\" \/>\n                                            <\/div><!-- mediatext-image -->\n                                                            \n                    <\/div><!-- form-wrapper -->\n        \n    <\/div><!-- block-inner -->\n<\/section><!-- media-text -->\n\n\n\n\n\n<section id=\"xs6\" class=\"media-text custom-block dark small-top medium-bottom\" >\n    <div class=\"dot-in\"><\/div><!-- dot-in -->\n    <div class=\"block-inner medium grid-x left\">\n    \n        <div class=\"cell small-12 medium-12 large-6 mediatext-content default-checks\">\n            <div aria-hidden=\"true\" class=\"blue-dot\"><\/div>\n                            <h4>BrightSign XS6<\/h4>\n                                                    <p>Il System-on-a-Chip pi\u00f9 performante di BrightSign.<\/p>\n<ul>\n<li>Efficiente soluzione all-in-one<\/li>\n<li>Grafica 4K di alta qualit\u00e0 e impatto<\/li>\n<li>Integrazione perfetta con i display commerciali<\/li>\n<\/ul>\n                        \n                            <div class=\"basic-button blue\">\n                    <a href=\"\/it\/giocatori-brightsign\/insegna-luminosa-incorporata\/#xs6\" target=\"_self\">\n                        Esplora XS6                    <\/a>\n                <\/div><!-- basic-cta -->\n                        \n                    <\/div><!-- mediatext-content -->\n        \n        <div class=\"cell small-12 medium-12 large-6 form-wrapper\">\n                            <!-- Normal form on all devices -->\n                                                    <div class=\"mediatext-image no-blue\">\n                        <img decoding=\"async\" src=\"https:\/\/www.brightsign.biz\/wp-content\/uploads\/2025\/12\/xs6-updated-1200x600-1-750x440.png\" alt=\"Sistema su chip BrightSign Built-In XS6\" \/>\n                                            <\/div><!-- mediatext-image -->\n                                                            \n                    <\/div><!-- form-wrapper -->\n        \n    <\/div><!-- block-inner -->\n<\/section><!-- media-text -->\n\n\n\n\n\n\n<section id=\"full-width-cta-block_ecb65893df4f265bf80797225f9eca0d\" class=\"full-width-cta custom-block\">\n\n<div class=\"block-inner medium grid-x\">\n\n<div class=\"cell small-12 medium-8\">\n    <h4><strong>Contattaci<\/strong><\/h4>\n<p>Non trovi quello che stai cercando? Il nostro team si impegna a trovare la soluzione di digital signage che soddisfi i tuoi obiettivi aziendali e incontri il tuo budget.<\/p>\n<\/div><!-- medium-8 -->\n\n<div class=\"cell small-12 medium-4 content-right\">\n    <div class=\"basic-button blue\"><a href=\"https:\/\/www.brightsign.biz\/it\/contattateci\/\" target=\"_self\">PARLARE CON UN ESPERTO<i class=\"fa-solid fa-chevron-right\"><\/i><\/a><\/div>\n<\/div><!-- medium-4 -->\n\n<\/div><!-- block-inner -->\n\n<\/section><!-- hero -->\n\n\n\n\n\n<section id=\"ticker-block_0307c1ac5f74ef78d3785f12053fd519\" class=\"ticker custom-block white-bg dark medium-top medium-bottom\">\n\n            <h4>Fiducia da parte dei leader del settore<\/h4>\n    \n    <div class=\"block-inner\">\n        <div class=\"swiper ticker-swiper\">\n            <div class=\"swiper-wrapper\">\n\n                                    \n                        <div class=\"swiper-slide\">\n                                                            <img decoding=\"async\" src=\"https:\/\/www.brightsign.biz\/wp-content\/uploads\/2024\/05\/PlugPowerGrayscale.svg\" alt=\"\" \/>\n                                                                                <\/div>\n\n                    \n                        <div class=\"swiper-slide\">\n                                                            <img decoding=\"async\" src=\"https:\/\/www.brightsign.biz\/wp-content\/uploads\/2024\/05\/GoPro_logo_light.svg\" alt=\"\" \/>\n                                                                                <\/div>\n\n                    \n                        <div class=\"swiper-slide\">\n                                                            <img decoding=\"async\" src=\"https:\/\/www.brightsign.biz\/wp-content\/uploads\/2024\/05\/lg.svg\" alt=\"\" \/>\n                                                                                <\/div>\n\n                    \n                        <div class=\"swiper-slide\">\n                                                            <img decoding=\"async\" src=\"https:\/\/www.brightsign.biz\/wp-content\/uploads\/2024\/05\/bestbuy.svg\" alt=\"\" \/>\n                                                                                <\/div>\n\n                    \n                        <div class=\"swiper-slide\">\n                                                            <img decoding=\"async\" src=\"https:\/\/www.brightsign.biz\/wp-content\/uploads\/2024\/05\/bose.svg\" alt=\"\" \/>\n                                                                                <\/div>\n\n                    \n                        <div class=\"swiper-slide\">\n                                                            <img decoding=\"async\" src=\"https:\/\/www.brightsign.biz\/wp-content\/uploads\/2024\/05\/PlugPowerGrayscale.svg\" alt=\"\" \/>\n                                                                                <\/div>\n\n                    \n                        <div class=\"swiper-slide\">\n                                                            <img decoding=\"async\" src=\"https:\/\/www.brightsign.biz\/wp-content\/uploads\/2024\/05\/GoPro_logo_light.svg\" alt=\"\" \/>\n                                                                                <\/div>\n\n                    \n                        <div class=\"swiper-slide\">\n                                                            <img decoding=\"async\" src=\"https:\/\/www.brightsign.biz\/wp-content\/uploads\/2024\/05\/lg.svg\" alt=\"\" \/>\n                                                                                <\/div>\n\n                    \n                        <div class=\"swiper-slide\">\n                                                            <img decoding=\"async\" src=\"https:\/\/www.brightsign.biz\/wp-content\/uploads\/2024\/05\/bestbuy.svg\" alt=\"\" \/>\n                                                                                <\/div>\n\n                    \n                        <div class=\"swiper-slide\">\n                                                            <img decoding=\"async\" src=\"https:\/\/www.brightsign.biz\/wp-content\/uploads\/2024\/05\/bose.svg\" alt=\"\" \/>\n                                                                                <\/div>\n\n                                    \n            <\/div><!-- swiper-wrapper -->\n        <\/div><!-- swiper -->\n    <\/div><!-- block-inner -->\n<\/section><!-- ticker -->","protected":false},"excerpt":{"rendered":"","protected":false},"author":32,"featured_media":12317,"parent":539,"menu_order":0,"comment_status":"closed","ping_status":"closed","template":"","meta":{"_acf_changed":false,"_searchwp_excluded":"","footnotes":""},"class_list":["post-12316","page","type-page","status-publish","has-post-thumbnail","hentry"],"acf":[],"_links":{"self":[{"href":"https:\/\/www.brightsign.biz\/it\/wp-json\/wp\/v2\/pages\/12316","targetHints":{"allow":["GET"]}}],"collection":[{"href":"https:\/\/www.brightsign.biz\/it\/wp-json\/wp\/v2\/pages"}],"about":[{"href":"https:\/\/www.brightsign.biz\/it\/wp-json\/wp\/v2\/types\/page"}],"author":[{"embeddable":true,"href":"https:\/\/www.brightsign.biz\/it\/wp-json\/wp\/v2\/users\/32"}],"replies":[{"embeddable":true,"href":"https:\/\/www.brightsign.biz\/it\/wp-json\/wp\/v2\/comments?post=12316"}],"version-history":[{"count":0,"href":"https:\/\/www.brightsign.biz\/it\/wp-json\/wp\/v2\/pages\/12316\/revisions"}],"up":[{"embeddable":true,"href":"https:\/\/www.brightsign.biz\/it\/wp-json\/wp\/v2\/pages\/539"}],"wp:featuredmedia":[{"embeddable":true,"href":"https:\/\/www.brightsign.biz\/it\/wp-json\/wp\/v2\/media\/12317"}],"wp:attachment":[{"href":"https:\/\/www.brightsign.biz\/it\/wp-json\/wp\/v2\/media?parent=12316"}],"curies":[{"name":"wp","href":"https:\/\/api.w.org\/{rel}","templated":true}]}}