{"id":13453,"date":"2026-03-20T11:34:55","date_gmt":"2026-03-20T15:34:55","guid":{"rendered":"https:\/\/www.brightsign.biz\/?page_id=13453"},"modified":"2026-03-20T11:34:57","modified_gmt":"2026-03-20T15:34:57","slug":"nowsignage-rmn-demo","status":"publish","type":"page","link":"https:\/\/www.brightsign.biz\/it\/industry\/retail\/nowsignage-rmn-demo\/","title":{"rendered":"NowSignage RMN Demo"},"content":{"rendered":"<section\n  id=\"hero-block_0118d016a1469df898ec7d2775cf915f\"\n  class=\"hero custom-block\"\n  data-form-url=\"\"\n>\n  <!-- Backgrounds: cover full section, center position (extended via SCSS) -->\n        <div id=\"hero-desktop-background\" style=\"background-image: url('https:\/\/www.brightsign.biz\/wp-content\/uploads\/2026\/03\/nowsignage-rmn-desktop-v04-1920x900.jpg'); background-size: cover; background-position: center center; background-repeat: no-repeat;\"><\/div>\n        <div id=\"hero-mobile-background\" style=\"background-image: url('https:\/\/www.brightsign.biz\/wp-content\/uploads\/2026\/03\/nowsignage-rmn-mobile-v04-750x900.jpg'); background-size: cover; background-position: center center; background-repeat: no-repeat;\"><\/div>\n  \n  <div class=\"hero-gradient\" aria-hidden=\"true\"><\/div>\n  <div class=\"block-inner medium\">\n    <div class=\"block-inner-content grid-x grid-margin-y\">\n\n      <!-- MOBILE-only layout -->\n      <div class=\"cell small-12 show-for-small-only\">\n        \n        \n        \n        \n        <ul class=\"custom-breadcrumb\"><li>BrightSign E NowSignage<\/li><\/ul><div class=\"mobile-content form-content\"><h1>Sbloccare il valore di <strong>Media al dettaglio<\/strong><\/h1>\n<p>Scoprite come la segnaletica digitale consente ai rivenditori di attivare reti di media al dettaglio che generano profitti ed elevano le promozioni in negozio.<\/p>\n<\/div><div class=\"basic-button blue\"><a href=\"#request\" target=\"\">VEDERLO IN AZIONE <i class=\"fa-solid fa-chevron-right\"><\/i><\/a><\/div>      <\/div>\n      <!-- end MOBILE-only -->\n\n      <!-- DESKTOP text cell -->\n      <div class=\"cell small-12 medium-12 large-6 hide-for-small-only\">\n        \n        <ul class=\"custom-breadcrumb\"><li>BrightSign E NowSignage<\/li><\/ul><h1>Sbloccare il valore di <strong>Media al dettaglio<\/strong><\/h1>\n<p>Scoprite come la segnaletica digitale consente ai rivenditori di attivare reti di media al dettaglio che generano profitti ed elevano le promozioni in negozio.<\/p>\n<div class=\"basic-button blue\"><a href=\"#request\" target=\"\">VEDERLO IN AZIONE <i class=\"fa-solid fa-chevron-right\"><\/i><\/a><\/div>      <\/div>\n      <!-- end DESKTOP text cell -->\n\n      <!-- DESKTOP form\/video cell -->\n      <div class=\"cell small-12 medium-12 large-6 center-play hide-for-small-only\">\n        \n              <\/div>\n      <!-- end DESKTOP form\/video cell -->\n\n    <\/div><!-- .block-inner-content -->\n  <\/div><!-- .block-inner -->\n<\/section><!-- hero -->\n\n\n\n\n\n<section id=\"video\" class=\"simple-video custom-block\">\n\n<div class=\"block-inner medium\">\n\n\n<div class=\"vimeo-wrapper\">\n\n<div class=\"vimeo-thumb\" style=\"background-image: url( https:\/\/www.brightsign.biz\/wp-content\/uploads\/2026\/03\/rmn-nowsignage-thumb-network-1-1440x800.jpg );\"><\/div>\n\n<div class=\"inline-video\" id=\"video-1169685592\"><iframe src=\"\" frameborder=\"0\" allowfullscreen allowtransparency allow=\"autoplay\"><\/iframe><\/div>\n\n<button class=\"play-embed\" data-id=\"1169685592\"><\/button>\n\n<\/div><!-- vimeo-wrapper -->\n\n\n    <p>&nbsp;<\/p>\n<h3 style=\"text-align: center\">Scoprite come i rivenditori trasformano gli schermi in negozio in entrate<\/h3>\n<p style=\"text-align: center\">Si prevede che la spesa per i media retail superer\u00e0 <strong>$34 miliardi entro il 2031<\/strong><sup>1<\/sup>, Gli schermi dei punti vendita rappresentano un patrimonio mediatico non sfruttato. Guardate come BrightSign e NowSignage trasformano la segnaletica digitale in reti multimediali misurabili per la vendita al dettaglio, in grado di aumentare le entrate e migliorare l'esperienza degli acquirenti.<\/p>\n<div class=\"basic-cta\" style=\"text-align: center\"><a href=\"#request\">RICHIEDI UNA DEMO <i class=\"fa-solid fa-chevron-right\" aria-hidden=\"true\"><\/i><\/a><\/div>\n<\/div><!-- block-inner -->\n\n<\/section><!-- simple-video -->\n\n\n\n\n\n\n\n<section id=\"why\" class=\"media-grid custom-block dark medium-top small-bottom\">\n\n<div class=\"block-inner medium\">\n\n<div class=\"full-width-text brand-htags\">\n\n    <div><h3 style=\"text-align: center;color: #311c6b\">Perch\u00e9 BrightSign e NowSignage?<\/h3>\n<p>&nbsp;<\/p>\n<\/div>\n\n<\/div>\n\n\n<div class=\"grid-x\">\n\n\n<div class=\"mg-cell cell small-12 medium-6\">\n\n    <div class=\"mg-cell-inner item-parent\">\n\n    <div class=\"mg-item-content remove-overlay brand-htags default-lists\">\n\n        \n            <div class=\"mg-item-image\">\n\n                <img decoding=\"async\" src=\"https:\/\/www.brightsign.biz\/wp-content\/uploads\/2024\/06\/BrightSign-series5-fullfamily-web-900x495.png\" alt=\"Lettori multimediali per segnaletica digitale serie 5 BrightSign\" \/>\n           \n\n                            <\/div>\n        \n        \n\n            <div class=\"mg-content-top\">\n\n                <h4>BrightSign<\/h4>\n                                    <p>BrightSign \u00e8 una piattaforma di segnaletica digitale appositamente costruita e pronta per le aziende, di cui si fidano i principali retailer mondiali. Offre la scala, l'affidabilit\u00e0, le prestazioni 24 ore su 24, 7 giorni su 7 e i lettori pronti per l'intelligenza artificiale necessari per alimentare con fiducia le grandi reti di vendita al dettaglio.<\/p>\n                                \n\n            <\/div><!-- mg-content-top -->\n\n            <\/div><!-- mg-item-content -->\n\n            <ul class=\"mg-cta-list small-buttons\">\n\n                                \n                \n            <\/ul>\n\n    \n    <\/div><!-- mg-cell-inner -->\n\n<\/div><!-- mg-cell -->\n\n\n<div class=\"mg-cell cell small-12 medium-6\">\n\n    <div class=\"mg-cell-inner item-parent\">\n\n    <div class=\"mg-item-content remove-overlay brand-htags default-lists\">\n\n        \n            <div class=\"mg-item-image\">\n\n                <img decoding=\"async\" src=\"https:\/\/www.brightsign.biz\/wp-content\/uploads\/2026\/03\/nowsignage-adbooker-screen-900x495.png\" alt=\"Schermata di esempio del CMS NowSignage RMN per la prenotazione degli annunci\" \/>\n           \n\n                            <\/div>\n        \n        \n\n            <div class=\"mg-content-top\">\n\n                <h4>NowSignage<\/h4>\n                                    <p>NowSignage \u00e8 un CMS scalabile e basato su cloud che aiuta i rivenditori a gestire reti di segnaletica digitale in pi\u00f9 sedi con coerenza e controllo. Offre l'automazione, la flessibilit\u00e0 e gli strumenti di prenotazione degli annunci integrati necessari per supportare le reti multimediali dei rivenditori e generare ricavi misurabili.<\/p>\n                                \n\n            <\/div><!-- mg-content-top -->\n\n            <\/div><!-- mg-item-content -->\n\n            <ul class=\"mg-cta-list small-buttons\">\n\n                                \n                \n            <\/ul>\n\n    \n    <\/div><!-- mg-cell-inner -->\n\n<\/div><!-- mg-cell -->\n\n\n<\/div><!-- grid-x -->\n\n\n<\/div><!-- block-inner -->  \n\n<\/section><!-- ### -->\n\n\n\n\n\n<section id=\"request\" class=\"media-text custom-block dark none-top none-bottom\" data-form-url=\"https:\/\/content.brightsign.biz\/l\/1011161\/2026-02-24\/4cb1v?page_name=nowsignage-rmn-demo\">\n    <div class=\"dot-in\"><\/div><!-- dot-in -->\n    <div class=\"block-inner medium grid-x right\">\n    \n        <div class=\"cell small-12 medium-12 large-6 mediatext-content default-checks\">\n            <div aria-hidden=\"true\" class=\"blue-dot\"><\/div>\n                                                    <h2>Richiedi una dimostrazione dal vivo<\/h2>\n<ul>\n<li>Scoprite la piattaforma che alimenta reti multimediali al dettaglio scalabili e affidabili.<\/li>\n<li>Scoprite come la prenotazione degli annunci rende semplice la vendita dei media in negozio.<\/li>\n<li>Scoprite come i rivenditori trasformano la segnaletica digitale in ricavi misurabili.<\/li>\n<\/ul>\n<p>Inviate il modulo e il team di BrightSign o NowSignage vi contatter\u00e0 per programmare la vostra dimostrazione.<\/p>\n                        \n                        \n                    <\/div><!-- mediatext-content -->\n        \n        <div class=\"cell small-12 medium-12 large-6 form-wrapper\">\n                            <!-- Normal form on all devices -->\n                                                    <div class=\"mg-form-embed\">\n                        <!-- To be populated dynamically via JS -->\n                    <\/div>\n                                        \n                    <\/div><!-- form-wrapper -->\n        \n    <\/div><!-- block-inner -->\n<\/section><!-- media-text -->\n\n\n\n\n\n\n<section id=\"bsn\" class=\"full-width-cta custom-block\">\n\n<div class=\"block-inner medium grid-x\">\n\n<div class=\"cell small-12 medium-8\">\n    <h4>bsn.Control - In omaggio con ogni giocatore<\/h4>\n<p>Semplificate la configurazione e la scalabilit\u00e0 con la gestione gratuita dei dispositivi remoti inclusa in ogni lettore. Monitoraggio della salute dei lettori in tempo reale e integrazione perfetta con NowSignage.<\/p>\n<\/div><!-- medium-8 -->\n\n<div class=\"cell small-12 medium-4 content-right\">\n    <div class=\"basic-button blue\"><a href=\"https:\/\/www.brightsign.biz\/it\/giocatori-brightsign\/software\/\" target=\"_self\">SAPERNE DI PI\u00d9<i class=\"fa-solid fa-chevron-right\"><\/i><\/a><\/div>\n<\/div><!-- medium-4 -->\n\n<\/div><!-- block-inner -->\n\n<\/section><!-- hero -->\n\n\n\n\n\n<section id=\"blog\" class=\"media-text custom-block dark medium-top medium-bottom\" >\n    <div class=\"dot-in\"><\/div><!-- dot-in -->\n    <div class=\"block-inner medium grid-x left\">\n    \n        <div class=\"cell small-12 medium-12 large-6 mediatext-content default-checks\">\n            <div aria-hidden=\"true\" class=\"blue-dot\"><\/div>\n                            <h4>Come le reti di media per la vendita al dettaglio forniscono pi\u00f9 di un guadagno<\/h4>\n                                                    <p>Scoprite come i retailer utilizzano i media in-store per stimolare il coinvolgimento, acquisire informazioni e sostenere la crescita a lungo termine. Questo articolo illustra le strategie alla base delle reti multimediali di successo nel retail e la tecnologia che le aiuta a scalare.<\/p>\n                        \n                            <div class=\"basic-button blue\">\n                    <a href=\"https:\/\/www.brightsign.biz\/it\/blog\/come-le-reti-di-media-per-la-vendita-al-dettaglio-guidano-gli-approfondimenti-e-la-crescita-dellengagement\/\" target=\"_self\">\n                        SCOPRI DI PI\u00d9                    <\/a>\n                <\/div><!-- basic-cta -->\n                        \n                    <\/div><!-- mediatext-content -->\n        \n        <div class=\"cell small-12 medium-12 large-6 form-wrapper\">\n                            <!-- Normal form on all devices -->\n                                                    <div class=\"mediatext-image default-bg\">\n                        <img decoding=\"async\" src=\"https:\/\/www.brightsign.biz\/wp-content\/uploads\/2025\/10\/nowsignage-retail-blog-image-1200x600-1-750x440.jpg\" alt=\"Segnaletica digitale per il negozio Nike al dettaglio\" \/>\n                                            <\/div><!-- mediatext-image -->\n                                                            \n                    <\/div><!-- form-wrapper -->\n        \n    <\/div><!-- block-inner -->\n<\/section><!-- media-text -->\n\n\n\n\n\n    <section id=\"full-width-text-block_0e2e7da15e974438df01f614fe9f76aa\" class=\"full-width-text custom-block dark none-top none-bottom default-htags default-lists\">\n\n        <div class=\"block-inner medium\">\n\n        <hr \/>\n<h6>Riferimenti<\/h6>\n<ol>\n<li style=\"list-style-type: none\">\n<ol>\n<li>Mordor Intelligence. (n.d.). <em>Mercato delle reti multimediali al dettaglio.<\/em> Recuperato il 18 febbraio 2026, da <a href=\"https:\/\/www.mordorintelligence.com\/industry-reports\/retail-media-networks-market\" target=\"_blank\" rel=\"noopener\">https:\/\/www.mordorintelligence.com\/industry-reports\/retail-media-networks-market<\/a><\/li>\n<\/ol>\n<\/li>\n<\/ol>\n<p>&nbsp;<\/p>\n\n        \n        <\/div><!-- block-inner -->  \n\n        \n    <\/section><!-- full-width-text -->","protected":false},"excerpt":{"rendered":"","protected":false},"author":32,"featured_media":13458,"parent":689,"menu_order":0,"comment_status":"closed","ping_status":"closed","template":"","meta":{"_acf_changed":false,"_searchwp_excluded":"","footnotes":""},"class_list":["post-13453","page","type-page","status-publish","has-post-thumbnail","hentry"],"acf":[],"_links":{"self":[{"href":"https:\/\/www.brightsign.biz\/it\/wp-json\/wp\/v2\/pages\/13453","targetHints":{"allow":["GET"]}}],"collection":[{"href":"https:\/\/www.brightsign.biz\/it\/wp-json\/wp\/v2\/pages"}],"about":[{"href":"https:\/\/www.brightsign.biz\/it\/wp-json\/wp\/v2\/types\/page"}],"author":[{"embeddable":true,"href":"https:\/\/www.brightsign.biz\/it\/wp-json\/wp\/v2\/users\/32"}],"replies":[{"embeddable":true,"href":"https:\/\/www.brightsign.biz\/it\/wp-json\/wp\/v2\/comments?post=13453"}],"version-history":[{"count":1,"href":"https:\/\/www.brightsign.biz\/it\/wp-json\/wp\/v2\/pages\/13453\/revisions"}],"predecessor-version":[{"id":13459,"href":"https:\/\/www.brightsign.biz\/it\/wp-json\/wp\/v2\/pages\/13453\/revisions\/13459"}],"up":[{"embeddable":true,"href":"https:\/\/www.brightsign.biz\/it\/wp-json\/wp\/v2\/pages\/689"}],"wp:featuredmedia":[{"embeddable":true,"href":"https:\/\/www.brightsign.biz\/it\/wp-json\/wp\/v2\/media\/13458"}],"wp:attachment":[{"href":"https:\/\/www.brightsign.biz\/it\/wp-json\/wp\/v2\/media?parent=13453"}],"curies":[{"name":"wp","href":"https:\/\/api.w.org\/{rel}","templated":true}]}}