{"id":3296,"date":"2023-04-26T21:54:54","date_gmt":"2023-04-26T21:54:54","guid":{"rendered":"https:\/\/brightsign2425.wpenginepowered.com\/?page_id=3296"},"modified":"2024-09-03T14:05:40","modified_gmt":"2024-09-03T18:05:40","slug":"politica-della-mappa","status":"publish","type":"page","link":"https:\/\/www.brightsign.biz\/it\/legal\/map-policy\/","title":{"rendered":"Politica MAP"},"content":{"rendered":"<section\n  id=\"hero-block_62c6c6eda1da426b68a1398b82a229d8\"\n  class=\"hero custom-block\"\n  data-form-url=\"\"\n>\n  <!-- Backgrounds: cover full section, center position (extended via SCSS) -->\n        <div id=\"hero-desktop-background\" style=\"background-image: url('https:\/\/www.brightsign.biz\/wp-content\/uploads\/2024\/09\/header-template3-15-1920x900.jpg'); background-size: cover; background-position: center center; background-repeat: no-repeat;\"><\/div>\n        <div id=\"hero-mobile-background\" style=\"background-image: url('https:\/\/www.brightsign.biz\/wp-content\/uploads\/2024\/09\/header-template3-15-1920x900.jpg'); background-size: cover; background-position: center center; background-repeat: no-repeat;\"><\/div>\n  \n  <div class=\"hero-gradient\" aria-hidden=\"true\"><\/div>\n  <div class=\"block-inner medium\">\n    <div class=\"block-inner-content grid-x grid-margin-y\">\n\n      <!-- MOBILE-only layout -->\n      <div class=\"cell small-12 show-for-small-only\">\n        \n        \n        \n        \n        <div class=\"mobile-content form-content\"><h1>Politica MAP<\/h1>\n<p>Politica per gli Stati Uniti e il Canada<\/p>\n<\/div>      <\/div>\n      <!-- end MOBILE-only -->\n\n      <!-- DESKTOP text cell -->\n      <div class=\"cell small-12 medium-12 large-6 hide-for-small-only\">\n        \n        <h1>Politica MAP<\/h1>\n<p>Politica per gli Stati Uniti e il Canada<\/p>\n      <\/div>\n      <!-- end DESKTOP text cell -->\n\n      <!-- DESKTOP form\/video cell -->\n      <div class=\"cell small-12 medium-12 large-6 center-play hide-for-small-only\">\n        \n              <\/div>\n      <!-- end DESKTOP form\/video cell -->\n\n    <\/div><!-- .block-inner-content -->\n  <\/div><!-- .block-inner -->\n<\/section><!-- hero -->\n\n\n\n    <section id=\"full-width-text-block_e239005dfb20b48966a7d15d966690b4\" class=\"full-width-text custom-block dark small-top small-bottom default-htags default-lists\">\n\n        <div class=\"block-inner medium\">\n\n        <h2>Politica del prezzo minimo pubblicizzato<\/h2>\n<p>Per proteggere l'investimento fatto dai nostri rivenditori e la reputazione del nostro marchio, BrightSign LLC (\"BrightSign\", \"noi\", \"ci\" o \"nostro\/i\") ha adottato unilateralmente una POLITICA DI PREZZO MINIMO PUBBLICATO (la \"Politica\").  La Politica \u00e8 stata concepita per fornire ai nostri clienti l'accesso a un solido supporto pre- e post-vendita da parte dei distributori e dei rivenditori dei nostri prodotti (collettivamente, \"Rivenditori\") e per consentire ai nostri prodotti di competere con maggiore successo.<\/p>\n<p>BrightSign ha adottato unilateralmente questa Politica e BrightSign la applicher\u00e0 unilateralmente.<\/p>\n<p><strong>Copertura<\/strong><\/p>\n<p>La presente Politica si applica a tutte le parti che rivendono prodotti a marchio BrightSign su Internet, anche tramite siti Web, banner pubblicitari, e-mail di trasmissione, pagine di destinazione, siti di terze parti, annunci sponsorizzati, inserzioni di negozi Web, siti di aste e ricerche\/feed di siti di mercato (collettivamente \"Rivenditori\").  Inoltre, tutti i Rivenditori BrightSign che rivendono i prodotti BrightSign a un venditore Internet terzo sono tenuti a informare il venditore Internet terzo della presente Politica e a comunicare a BrightSign il nome e le informazioni di contatto del rivenditore Internet terzo.  La presente Politica si applica anche ai mezzi di comunicazione di massa stampati (compresi giornali, riviste e quotidiani), ai cataloghi stampati e alla pubblicit\u00e0 per corrispondenza.<\/p>\n<p><strong>Politica MAP<\/strong><\/p>\n<p>Il prezzo MAP al quale tutti i prodotti BrightSign possono essere pubblicizzati non deve essere inferiore al 100% dei prezzi di listino di tali prodotti indicati nelle inserzioni correnti sul negozio web della societ\u00e0 BrightSign.<\/p>\n<p>Ogni distributore o rivenditore \u00e8 libero di determinare il prezzo a cui pubblicizzare i prodotti BrightSign per la rivendita.  Allo stesso modo, l'BrightSign \u00e8 libero di stabilire con quali societ\u00e0 intende fare affari e con quali no.  La politica unilaterale di BrightSign \u00e8 di non vendere i propri prodotti, direttamente o indirettamente, a un rivenditore se quest'ultimo pubblicizza o promuove uno qualsiasi dei prodotti di BrightSign in uno dei mezzi di comunicazione sopra elencati a un prezzo inferiore al prezzo minimo pubblicizzato stabilito nella presente Politica MAP.<\/p>\n<p>I prezzi effettivi addebitati ai clienti possono essere forniti per telefono, risposta via e-mail, esposizioni in negozio, pagine web o comunicazioni di conferma dell'acquisto del prodotto e qualsiasi prezzo ridotto che un rivenditore desideri inserire nel carrello degli acquisti on-line dell'acquirente.  Sono consentite affermazioni quali \"chiamare per conoscere il prezzo\" e \"ci adeguiamo a qualsiasi prezzo\".<\/p>\n<p>Questa politica MAP si applica solo ai prezzi pubblicizzati e non ai prezzi di rivendita effettivi.  I rivenditori dei prodotti BrightSign sono liberi di venderli a qualsiasi prezzo.<\/p>\n<p><strong>Applicazione delle politiche<\/strong><\/p>\n<p>1. Se un Rivenditore viola la presente Politica in un qualsiasi punto vendita o in un qualsiasi sito Web associato, BrightSign la considerer\u00e0 una violazione da parte del Rivenditore.<\/p>\n<p>2. BrightSign si riserva il diritto di annullare qualsiasi ordine in corso, di limitare gli ordini futuri o di sospendere l'account di un Rivenditore se BrightSign ha motivo di ritenere che:<\/p>\n<p>i. un Rivenditore ha violato le disposizioni della presente politica; oppure<\/p>\n<p>ii. un Rivenditore intende violare questa politica.<\/p>\n<p>BrightSign o il suo amministratore della Politica sono gli unici responsabili di determinare se si \u00e8 verificata una violazione della Politica.  BrightSign pu\u00f2 effettuare il monitoraggio dei prezzi pubblicizzati dei prodotti coperti dalla presente Politica, direttamente o tramite terzi.  Le terze parti incaricate da BrightSign possono effettuare il monitoraggio della pubblicit\u00e0 sul sito web, compresa, ma non solo, la revisione dei prezzi pubblicizzati.<\/p>\n<p>BrightSign non chiede, n\u00e9 accetta, alcuna garanzia di conformit\u00e0 o accordo con la presente Politica da parte di alcun Rivenditore.  BrightSign non discuter\u00e0 alcuna condizione di accettazione relativa alla presente Politica.  I rappresentanti commerciali di BrightSign non sono autorizzati a discutere o influenzare questa Politica con i Rivenditori e i rappresentanti commerciali di BrightSign non hanno l'autorit\u00e0 di rinunciare a questa Politica.  Nessun agente di BrightSign \u00e8 autorizzato a richiedere o accettare un accordo o una garanzia di conformit\u00e0 in merito alla presente Politica.<\/p>\n<p>Questa politica \u00e8 soggetta a modifiche o cancellazioni da parte di BrightSign in qualsiasi momento a sua esclusiva discrezione.<\/p>\n<p>Tutte le domande relative alla politica devono essere rivolte a\u00a0<a class=\"not-cta\" href=\"mailto:legal@brightsign.biz\" target=\"_blank\" rel=\"noopener\">legal@brightsign.biz<\/a>.<\/p>\n\n        \n        <\/div><!-- block-inner -->  \n\n        \n    <\/section><!-- full-width-text -->  \n\n\n\n\n\n<section id=\"ticker-block_18d0611a2b861f4931d628a3b003007c\" class=\"ticker custom-block white-bg\">\n\n    \n    <div class=\"block-inner\">\n        <div class=\"swiper ticker-swiper\">\n            <div class=\"swiper-wrapper\">\n\n                \n            <\/div><!-- swiper-wrapper -->\n        <\/div><!-- swiper -->\n    <\/div><!-- block-inner -->\n<\/section><!-- ticker -->","protected":false},"excerpt":{"rendered":"","protected":false},"author":2,"featured_media":0,"parent":846,"menu_order":80,"comment_status":"closed","ping_status":"closed","template":"","meta":{"_acf_changed":true,"_searchwp_excluded":"","footnotes":""},"class_list":["post-3296","page","type-page","status-publish","hentry"],"acf":[],"_links":{"self":[{"href":"https:\/\/www.brightsign.biz\/it\/wp-json\/wp\/v2\/pages\/3296","targetHints":{"allow":["GET"]}}],"collection":[{"href":"https:\/\/www.brightsign.biz\/it\/wp-json\/wp\/v2\/pages"}],"about":[{"href":"https:\/\/www.brightsign.biz\/it\/wp-json\/wp\/v2\/types\/page"}],"author":[{"embeddable":true,"href":"https:\/\/www.brightsign.biz\/it\/wp-json\/wp\/v2\/users\/2"}],"replies":[{"embeddable":true,"href":"https:\/\/www.brightsign.biz\/it\/wp-json\/wp\/v2\/comments?post=3296"}],"version-history":[{"count":0,"href":"https:\/\/www.brightsign.biz\/it\/wp-json\/wp\/v2\/pages\/3296\/revisions"}],"up":[{"embeddable":true,"href":"https:\/\/www.brightsign.biz\/it\/wp-json\/wp\/v2\/pages\/846"}],"wp:attachment":[{"href":"https:\/\/www.brightsign.biz\/it\/wp-json\/wp\/v2\/media?parent=3296"}],"curies":[{"name":"wp","href":"https:\/\/api.w.org\/{rel}","templated":true}]}}