{"id":5853,"date":"2023-05-09T07:14:42","date_gmt":"2023-05-09T11:14:42","guid":{"rendered":"https:\/\/brightsign2425.wpenginepowered.com\/?page_id=5853"},"modified":"2025-06-05T06:07:50","modified_gmt":"2025-06-05T10:07:50","slug":"insegna-luminosa-incorporata","status":"publish","type":"page","link":"https:\/\/www.brightsign.biz\/it\/brightsign-players\/brightsign-built-in\/","title":{"rendered":"BrightSign Built-In"},"content":{"rendered":"<section\n  id=\"hero-block_9a118ab6937102975343ea528ef15a66\"\n  class=\"hero custom-block\"\n  data-form-url=\"\"\n>\n  <!-- Backgrounds: cover full section, center position (extended via SCSS) -->\n        <div id=\"hero-desktop-background\" style=\"background-image: url('https:\/\/www.brightsign.biz\/wp-content\/uploads\/2024\/06\/hero-BSBI-v6.png'); background-size: cover; background-position: center center; background-repeat: no-repeat;\"><\/div>\n        <div id=\"hero-mobile-background\" style=\"background-image: url('https:\/\/www.brightsign.biz\/wp-content\/uploads\/2024\/06\/hero-BSBI-v6.png'); background-size: cover; background-position: center center; background-repeat: no-repeat;\"><\/div>\n  \n  <div class=\"hero-gradient\" aria-hidden=\"true\"><\/div>\n  <div class=\"block-inner medium\">\n    <div class=\"block-inner-content grid-x grid-margin-y\">\n\n      <!-- MOBILE-only layout -->\n      <div class=\"cell small-12 show-for-small-only\">\n        \n        \n        \n        \n        <ul class=\"custom-breadcrumb\"><li>Prodotti e software<\/li><\/ul><div class=\"mobile-content form-content\"><h1 class=\"\"><strong>Bright<\/strong>Sign<br \/>\nBuilt-In<\/h1>\n<p><span class=\"sub-heading\">La soluzione System-on-a-Chip (SoC) BrightSign.<\/span><\/p>\n<\/div>      <\/div>\n      <!-- end MOBILE-only -->\n\n      <!-- DESKTOP text cell -->\n      <div class=\"cell small-12 medium-12 large-6 hide-for-small-only\">\n        \n        <ul class=\"custom-breadcrumb\"><li>Prodotti e software<\/li><\/ul><h1 class=\"\"><strong>Bright<\/strong>Sign<br \/>\nBuilt-In<\/h1>\n<p><span class=\"sub-heading\">La soluzione System-on-a-Chip (SoC) BrightSign.<\/span><\/p>\n      <\/div>\n      <!-- end DESKTOP text cell -->\n\n      <!-- DESKTOP form\/video cell -->\n      <div class=\"cell small-12 medium-12 large-6 center-play hide-for-small-only\">\n        \n              <\/div>\n      <!-- end DESKTOP form\/video cell -->\n\n    <\/div><!-- .block-inner-content -->\n  <\/div><!-- .block-inner -->\n<\/section><!-- hero -->\n\n\n\n    <section id=\"full-width-text-block_8605dc4fcb18315f0e27821021130370\" class=\"full-width-text custom-block dark small-top none-bottom brand-htags default-lists\">\n\n        <div class=\"block-inner medium\">\n\n        <h2 style=\"text-align: center\">Sistema su chip<\/h2>\n<p style=\"text-align: center\">BrightSign Built-In combina perfettamente display di qualit\u00e0 commerciale con la potenza della soluzione SoC BrightSign. I nostri produttori di schermi qualificati offrono queste soluzioni di visualizzazione all-in-one in un'ampia gamma di dimensioni con opzioni di touchscreen e connettivit\u00e0. Sono disponibili anche scelte di montaggio versatili e forme uniche per affascinare il pubblico e migliorare il coinvolgimento dei clienti.<\/p>\n\n        \n                        <ul class=\"small-buttons center\">\n                                    <li>\n                        <a href=\"https:\/\/www.brightsign.biz\/it\/partner\/?_partner_category=built-in\" target=\"_self\">INCONTRIAMO I NOSTRI PARTNER<\/a>\n                    <\/li>\n                            <\/ul>\n            \n        \n        <\/div><!-- block-inner -->  \n\n        \n    <\/section><!-- full-width-text -->  \n\n\n\n\n\n<section id=\"video\" class=\"media-text custom-block dark none-top none-bottom\" >\n    <div class=\"dot-in\"><\/div><!-- dot-in -->\n    <div class=\"block-inner medium grid-x right\">\n    \n        <div class=\"cell small-12 medium-12 large-6 mediatext-content default-checks\">\n            <div aria-hidden=\"true\" class=\"blue-dot\"><\/div>\n                                                    <h3>Soluzione di segnaletica digitale all-in-one<\/h3>\n<p>BrightSign Built-In offre una soluzione di visualizzazione flessibile e all-in-one con <a href=\"https:\/\/www.brightsign.biz\/it\/vantaggio-brightsign\/brightsign-os\/\">BrightSignOS\u2122<\/a> eliminando la necessit\u00e0 di un lettore multimediale esterno e richiedendo una configurazione minima. Abbinato all'bsn.Control per la gestione remota e l'ottimizzazione gratuite, l'BrightSign Built-In offre una soluzione sostenibile, affidabile e scalabile per una variet\u00e0 di esigenze di segnaletica digitale in ambienti diversi.<\/p>\n<p>Dai chioschi al wayfinding, dai display a scaffale alla segnaletica di grande formato, c'\u00e8 un display BrightSign Built-In per ogni applicazione. Con cinque anni di aggiornamenti software, una sicurezza superiore e una compatibilit\u00e0 perfetta con numerose soluzioni CMS, \u00e8 una scelta conveniente e ad alte prestazioni.<\/p>\n                        \n                        \n                    <\/div><!-- mediatext-content -->\n        \n        <div class=\"cell small-12 medium-12 large-6 form-wrapper center-play\">\n                            <!-- Normal form on all devices -->\n                                                    <div class=\"mediatext-image default-bg\">\n                        <img decoding=\"async\" src=\"https:\/\/www.brightsign.biz\/wp-content\/uploads\/2025\/03\/bsbi-thumbnail-20250311-750x440.jpg\" alt=\"BrightSign Built-In soluzione all-in-one per la segnaletica digitale\" \/>\n                                            <\/div><!-- mediatext-image -->\n                                                            \n                                <!-- Video Modal Markup using hero.php classes -->\n                    <div class=\"mediagrid-modal reveal full\" id=\"video-1064697289\" data-reveal data-close-on-click=\"true\">\n                        <div class=\"mediagrid-modal-inner\">\n                            <iframe src=\"\" data-src=\"https:\/\/player.vimeo.com\/video\/1064697289?autoplay=1\" frameborder=\"0\" allowfullscreen allowtransparency allow=\"autoplay\"><\/iframe>\n                            <button class=\"close-button\" data-close aria-label=\"Chiudere la finestra modale\" type=\"button\">\n                                <i class=\"fa-sharp fa-regular fa-xmark\"><\/i>\n                            <\/button>\n                        <\/div>\n                    <\/div>\n                    <button class=\"play-modal\" data-open=\"video-1064697289\" aria-controls=\"video-1064697289\" aria-haspopup=\"dialog\" tabindex=\"0\"><\/button>\n                    <\/div><!-- form-wrapper -->\n        \n    <\/div><!-- block-inner -->\n<\/section><!-- media-text -->\n\n\n\n\n\n\n\n<section id=\"media-grid-block_6b39117e374d5d4a3473931ec0bc50ef\" class=\"media-grid custom-block dark none-top none-bottom\">\n\n<div class=\"block-inner medium\">\n\n<div class=\"full-width-text brand-htags\">\n\n\n<\/div>\n\n\n<div class=\"grid-x\">\n\n\n<div class=\"mg-cell cell small-12 medium-4\">\n\n    <div class=\"mg-cell-inner item-parent\">\n\n    <div class=\"mg-item-content remove-overlay brand-htags default-lists\">\n\n        \n            <div class=\"mg-item-image\">\n\n                <img decoding=\"async\" src=\"https:\/\/www.brightsign.biz\/wp-content\/uploads\/2024\/06\/Moka-retail-e1715265262906-900x495.jpg\" alt=\"\" \/>\n           \n\n                            <\/div>\n        \n        \n\n            <div class=\"mg-content-top\">\n\n                <h5>Piccolo e grande formato<\/h5>\n                                    <p>BrightSign Built-In offre una qualit\u00e0 video stellare e una potenza di signage a una variet\u00e0 di display all-in-one, dai formati pi\u00f9 piccoli a quelli pi\u00f9 grandi, con opzioni touchscreen pronte all'uso.<\/p>\n                                \n\n            <\/div><!-- mg-content-top -->\n\n            <\/div><!-- mg-item-content -->\n\n            <ul class=\"mg-cta-list small-buttons\">\n\n                                \n                \n            <\/ul>\n\n    \n    <\/div><!-- mg-cell-inner -->\n\n<\/div><!-- mg-cell -->\n\n\n<div class=\"mg-cell cell small-12 medium-4\">\n\n    <div class=\"mg-cell-inner item-parent\">\n\n    <div class=\"mg-item-content remove-overlay brand-htags default-lists\">\n\n        \n            <div class=\"mg-item-image\">\n\n                <img decoding=\"async\" src=\"https:\/\/www.brightsign.biz\/wp-content\/uploads\/2024\/06\/CRI-shoes-e1704309438347-900x495.webp\" alt=\"\" \/>\n           \n\n                            <\/div>\n        \n        \n\n            <div class=\"mg-content-top\">\n\n                <h5>Chioschi ed espositori indipendenti<\/h5>\n                                    <p>I display BrightSign Built-In indipendenti sono un modo comodo e semplice per incorporare la segnaletica BrightSign in qualsiasi ambiente, dai piccoli chioschi da banco ai display bifacciali di grande formato.<\/p>\n                                \n\n            <\/div><!-- mg-content-top -->\n\n            <\/div><!-- mg-item-content -->\n\n            <ul class=\"mg-cta-list small-buttons\">\n\n                                \n                \n            <\/ul>\n\n    \n    <\/div><!-- mg-cell-inner -->\n\n<\/div><!-- mg-cell -->\n\n\n<div class=\"mg-cell cell small-12 medium-4\">\n\n    <div class=\"mg-cell-inner item-parent\">\n\n    <div class=\"mg-item-content remove-overlay brand-htags default-lists\">\n\n        \n            <div class=\"mg-item-image\">\n\n                <img decoding=\"async\" src=\"https:\/\/www.brightsign.biz\/wp-content\/uploads\/2024\/06\/Expo-screen-HS5-web-900x495.png\" alt=\"Segnaletica digitale interattiva per la vendita al dettaglio, videowall dimostrativi di prodotti alimentati dalla soluzione System-on-a-Chip (SoC) di BrightSign Built-In, BrightSign.\" \/>\n           \n\n                            <\/div>\n        \n        \n\n            <div class=\"mg-content-top\">\n\n                <h5>Fattori di forma accattivanti<\/h5>\n                                    <p>I display BrightSign Built-In si integrano in spazi non convenzionali grazie a un'ampia gamma di fattori di forma e soluzioni di montaggio distinte che affascinano gli spettatori con un'esperienza coinvolgente.<\/p>\n                                \n\n            <\/div><!-- mg-content-top -->\n\n            <\/div><!-- mg-item-content -->\n\n            <ul class=\"mg-cta-list small-buttons\">\n\n                                \n                \n            <\/ul>\n\n    \n    <\/div><!-- mg-cell-inner -->\n\n<\/div><!-- mg-cell -->\n\n\n<\/div><!-- grid-x -->\n\n\n<\/div><!-- block-inner -->  \n\n<\/section><!-- ### -->\n\n\n\n\n\n<section id=\"xs6\" class=\"media-text custom-block dark small-top none-bottom\" >\n    <div class=\"dot-in\"><\/div><!-- dot-in -->\n    <div class=\"block-inner medium grid-x left\">\n    \n        <div class=\"cell small-12 medium-12 large-6 mediatext-content small-checks\">\n            <div aria-hidden=\"true\" class=\"blue-dot\"><\/div>\n                                                    <h3>BrightSign XS6<\/h3>\n<p><strong>Il System-on-a-Chip pi\u00f9 performante di BrightSign.<\/strong><\/p>\n<ul>\n<li>Consente ai produttori di schermi qualificati di offrire display affidabili basati su SoC BrightSign in opzioni Full HD o 4K 60Hz<\/li>\n<li>Semplificate le installazioni con una soluzione all-in-one che riduce al minimo i cablaggi, i tempi di installazione e i costi totali di gestione.<\/li>\n<li>Offrite funzioni di segnaletica convincenti ed eseguite grafica 4K di qualit\u00e0 superiore e di grande impatto.<\/li>\n<li>Compatibile con tutti i software, i servizi e le soluzioni CMS integrate dei partner BrightSign<\/li>\n<\/ul>\n                        \n                        \n                            <ul class=\"small-buttons\">\n                                        <li class=\"basic-cta\">\n                        <a href=\"https:\/\/www.brightsign.biz\/it\/contattateci\/\" target=\"_self\">\n                            <span class=\"\">\n                                PARLA CON LE VENDITE                            <\/span>\n                            <i class=\"fa-solid fa-chevron-right\"><\/i>\n                        <\/a>\n                    <\/li>\n                                        <li class=\"basic-cta\">\n                        <a href=\"https:\/\/www.brightsign.biz\/it\/partner\/?_partner_category=built-in\" target=\"_self\">\n                            <span class=\"\">\n                                INCONTRIAMO I NOSTRI PARTNER                            <\/span>\n                            <i class=\"fa-solid fa-chevron-right\"><\/i>\n                        <\/a>\n                    <\/li>\n                                        <li class=\"basic-cta\">\n                        <a href=\"\/wp-content\/uploads\/2025\/06\/XS6-datasheet-20250604.pdf\" target=\"_blank\">\n                            <span class=\"\">\n                                XS6 SCHEDA DATI                            <\/span>\n                            <i class=\"fa-solid fa-chevron-right\"><\/i>\n                        <\/a>\n                    <\/li>\n                                    <\/ul>\n                    <\/div><!-- mediatext-content -->\n        \n        <div class=\"cell small-12 medium-12 large-6 form-wrapper\">\n                            <!-- Normal form on all devices -->\n                                                    <div class=\"mediatext-image no-blue\">\n                        <img decoding=\"async\" src=\"https:\/\/www.brightsign.biz\/wp-content\/uploads\/2025\/06\/firebird-2-min-2-750x563.png\" alt=\"BrightSign Built-In XS6 sistema su chip\" \/>\n                                            <\/div><!-- mediatext-image -->\n                                                            \n                    <\/div><!-- form-wrapper -->\n        \n    <\/div><!-- block-inner -->\n<\/section><!-- media-text -->\n\n\n\n\n\n<section id=\"hs5\" class=\"media-text custom-block dark none-top none-bottom\" >\n    <div class=\"dot-in\"><\/div><!-- dot-in -->\n    <div class=\"block-inner medium grid-x right\">\n    \n        <div class=\"cell small-12 medium-12 large-6 mediatext-content small-checks\">\n            <div aria-hidden=\"true\" class=\"blue-dot\"><\/div>\n                                                    <h3 class=\"column-title\">BrightSign HS5<\/h3>\n<p><strong>Soluzione di integrazione di SoC alimentata da BrightSignOS.<\/strong><\/p>\n<ul>\n<li>Consente ai produttori di schermi qualificati di offrire display SoC affidabili basati su BrightSign, con caratteristiche superiori e motion graphics essenziale<\/li>\n<li>Semplifica l'installazione grazie a una soluzione all-in-one che riduce al minimo i tempi di cablaggio e di configurazione e inserisce senza problemi le embed in display di piccolo e grande formato con opzioni Full HD o 4K.<\/li>\n<li>Funziona con un'affidabilit\u00e0, una sicurezza e una sostenibilit\u00e0 senza precedenti su BrightSignOS\u2122.<\/li>\n<li>Riduce il costo totale di propriet\u00e0 grazie alla gestione e ai controlli remoti del lettore.<\/li>\n<li>Compatibile con tutti i software e i servizi BrightSign e con una rete globale di soluzioni CMS e integrazioni dei partner.<\/li>\n<\/ul>\n                        \n                        \n                            <ul class=\"small-buttons\">\n                                        <li class=\"basic-cta\">\n                        <a href=\"https:\/\/www.brightsign.biz\/it\/contattateci\/\" target=\"_self\">\n                            <span class=\"\">\n                                PARLA CON LE VENDITE                            <\/span>\n                            <i class=\"fa-solid fa-chevron-right\"><\/i>\n                        <\/a>\n                    <\/li>\n                                        <li class=\"basic-cta\">\n                        <a href=\"https:\/\/www.brightsign.biz\/it\/partner\/?_partner_category=built-in\" target=\"_self\">\n                            <span class=\"\">\n                                INCONTRIAMO I NOSTRI PARTNER                            <\/span>\n                            <i class=\"fa-solid fa-chevron-right\"><\/i>\n                        <\/a>\n                    <\/li>\n                                        <li class=\"basic-cta\">\n                        <a href=\"\/wp-content\/uploads\/2023\/12\/HS5-datasheet-2023-v2.pdf\" target=\"_blank\">\n                            <span class=\"\">\n                                HS5 SCHEDA DATI                            <\/span>\n                            <i class=\"fa-solid fa-chevron-right\"><\/i>\n                        <\/a>\n                    <\/li>\n                                    <\/ul>\n                    <\/div><!-- mediatext-content -->\n        \n        <div class=\"cell small-12 medium-12 large-6 form-wrapper\">\n                            <!-- Normal form on all devices -->\n                                                    <div class=\"mediatext-image no-blue\">\n                        <img decoding=\"async\" src=\"https:\/\/www.brightsign.biz\/wp-content\/uploads\/2024\/06\/HS-Content-Large-750x533.png\" alt=\"\" \/>\n                                            <\/div><!-- mediatext-image -->\n                                                            \n                    <\/div><!-- form-wrapper -->\n        \n    <\/div><!-- block-inner -->\n<\/section><!-- media-text -->\n\n\n\n\n\n<section id=\"warranty\" class=\"media-text custom-block dark none-top none-bottom\" >\n    <div class=\"dot-in\"><\/div><!-- dot-in -->\n    <div class=\"block-inner medium grid-x left\">\n    \n        <div class=\"cell small-12 medium-12 large-6 mediatext-content default-checks\">\n            <div aria-hidden=\"true\" class=\"blue-dot\"><\/div>\n                            <h4>Programma di garanzia di 5 anni<\/h4>\n                                                    <h5><strong>Affidabilit\u00e0 su cui contare<\/strong><\/h5>\n<p>A partire dal 1\u00b0 gennaio 2025, tutti i lettori multimediali Serie 5 e successivi acquistati e registrati in tutto il mondo godono di una garanzia standard di 5 anni.<\/p>\n<p>I nuovi clienti possono attivare la garanzia di 5 anni registrando i propri giocatori online. I giocatori con una garanzia attiva <a href=\"https:\/\/www.bsn.cloud\/\" target=\"_blank\" rel=\"noopener\">Conto bsn.Control o bsn.Content<\/a> sono automaticamente iscritti alla garanzia di 5 anni.<\/p>\n                        \n                            <div class=\"basic-button blue\">\n                    <a href=\"https:\/\/www.brightsign.biz\/it\/giocatori-brightsign\/garanzia\/\" target=\"_self\">\n                        REGISTRAZIONE ORA                    <\/a>\n                <\/div><!-- basic-cta -->\n                        \n                    <\/div><!-- mediatext-content -->\n        \n        <div class=\"cell small-12 medium-12 large-6 form-wrapper\">\n                            <!-- Normal form on all devices -->\n                                                    <div class=\"mediatext-image no-blue\">\n                        <img decoding=\"async\" src=\"https:\/\/www.brightsign.biz\/wp-content\/uploads\/2025\/01\/BrightSign_5yr_LockUp_Small_RGB-750x421.png\" alt=\"BrightSign Garanzia di 5 anni\" \/>\n                                            <\/div><!-- mediatext-image -->\n                                                            \n                    <\/div><!-- form-wrapper -->\n        \n    <\/div><!-- block-inner -->\n<\/section><!-- media-text -->","protected":false},"excerpt":{"rendered":"","protected":false},"author":2,"featured_media":10869,"parent":539,"menu_order":25,"comment_status":"closed","ping_status":"closed","template":"","meta":{"_acf_changed":true,"_searchwp_excluded":"","footnotes":""},"class_list":["post-5853","page","type-page","status-publish","has-post-thumbnail","hentry"],"acf":[],"_links":{"self":[{"href":"https:\/\/www.brightsign.biz\/it\/wp-json\/wp\/v2\/pages\/5853","targetHints":{"allow":["GET"]}}],"collection":[{"href":"https:\/\/www.brightsign.biz\/it\/wp-json\/wp\/v2\/pages"}],"about":[{"href":"https:\/\/www.brightsign.biz\/it\/wp-json\/wp\/v2\/types\/page"}],"author":[{"embeddable":true,"href":"https:\/\/www.brightsign.biz\/it\/wp-json\/wp\/v2\/users\/2"}],"replies":[{"embeddable":true,"href":"https:\/\/www.brightsign.biz\/it\/wp-json\/wp\/v2\/comments?post=5853"}],"version-history":[{"count":0,"href":"https:\/\/www.brightsign.biz\/it\/wp-json\/wp\/v2\/pages\/5853\/revisions"}],"up":[{"embeddable":true,"href":"https:\/\/www.brightsign.biz\/it\/wp-json\/wp\/v2\/pages\/539"}],"wp:featuredmedia":[{"embeddable":true,"href":"https:\/\/www.brightsign.biz\/it\/wp-json\/wp\/v2\/media\/10869"}],"wp:attachment":[{"href":"https:\/\/www.brightsign.biz\/it\/wp-json\/wp\/v2\/media?parent=5853"}],"curies":[{"name":"wp","href":"https:\/\/api.w.org\/{rel}","templated":true}]}}