{"id":624,"date":"2023-03-27T15:51:43","date_gmt":"2023-03-27T15:51:43","guid":{"rendered":"https:\/\/brightsign2425.wpenginepowered.com\/?page_id=624"},"modified":"2025-11-10T19:17:46","modified_gmt":"2025-11-11T00:17:46","slug":"brightsign-os","status":"publish","type":"page","link":"https:\/\/www.brightsign.biz\/it\/brightsign-advantage\/brightsign-os\/","title":{"rendered":"BrightSignOS"},"content":{"rendered":"<section\n  id=\"hero-block_f73323b56d8c01bf4ccc71ef0f388237\"\n  class=\"hero custom-block\"\n  data-form-url=\"\"\n>\n  <!-- Backgrounds: cover full section, center position (extended via SCSS) -->\n        <div id=\"hero-desktop-background\" style=\"background-image: url('https:\/\/www.brightsign.biz\/wp-content\/uploads\/2024\/06\/hero-OS-v4.jpg'); background-size: cover; background-position: center center; background-repeat: no-repeat;\"><\/div>\n        <div id=\"hero-mobile-background\" style=\"background-image: url('https:\/\/www.brightsign.biz\/wp-content\/uploads\/2024\/06\/hero-OS-v4.jpg'); background-size: cover; background-position: center center; background-repeat: no-repeat;\"><\/div>\n  \n  <div class=\"hero-gradient\" aria-hidden=\"true\"><\/div>\n  <div class=\"block-inner medium\">\n    <div class=\"block-inner-content grid-x grid-margin-y\">\n\n      <!-- MOBILE-only layout -->\n      <div class=\"cell small-12 show-for-small-only\">\n        \n        \n        \n        \n        <ul class=\"custom-breadcrumb\"><li>Prodotti e software<\/li><\/ul><div class=\"mobile-content form-content\"><h1><strong>Bright<\/strong>SignOS<b>\u2122<\/b><\/h1>\n<p>Su misura e di fiducia<\/p>\n<\/div><div class=\"basic-button blue\"><a href=\"https:\/\/www.brightsign.biz\/it\/risorse\/download-di-software\/\" target=\"\">Scarica il software <i class=\"fa-solid fa-chevron-right\"><\/i><\/a><\/div>      <\/div>\n      <!-- end MOBILE-only -->\n\n      <!-- DESKTOP text cell -->\n      <div class=\"cell small-12 medium-12 large-6 hide-for-small-only\">\n        \n        <ul class=\"custom-breadcrumb\"><li>Prodotti e software<\/li><\/ul><h1><strong>Bright<\/strong>SignOS<b>\u2122<\/b><\/h1>\n<p>Su misura e di fiducia<\/p>\n<div class=\"basic-button blue\"><a href=\"https:\/\/www.brightsign.biz\/it\/risorse\/download-di-software\/\" target=\"\">Scarica il software <i class=\"fa-solid fa-chevron-right\"><\/i><\/a><\/div>      <\/div>\n      <!-- end DESKTOP text cell -->\n\n      <!-- DESKTOP form\/video cell -->\n      <div class=\"cell small-12 medium-12 large-6 center-play hide-for-small-only\">\n        \n              <\/div>\n      <!-- end DESKTOP form\/video cell -->\n\n    <\/div><!-- .block-inner-content -->\n  <\/div><!-- .block-inner -->\n<\/section><!-- hero -->\n\n\n\n    <section id=\"full-width-text-block_de796164b36ce6f004449008195f6bd4\" class=\"full-width-text custom-block dark small-top medium-bottom brand-htags default-lists\">\n\n        <div class=\"block-inner medium\">\n\n        <h2 style=\"text-align: center\">Prestazioni costruite ad hoc<\/h2>\n<p style=\"text-align: center\">BrightSignOS \u00e8 un sistema operativo specializzato e affidabile che alimenta tutti i lettori BrightSign e li collega senza problemi ai servizi BSN.Cloud e alle soluzioni dei partner. Costruito e ottimizzato per il digital signage, \u00e8 la pietra miliare della leggendaria affidabilit\u00e0, sicurezza, prestazioni e sostenibilit\u00e0 di BrightSign. <\/p>\n\n        \n        <\/div><!-- block-inner -->  \n\n        \n    <\/section><!-- full-width-text -->  \n\n\n\n\n\n\n\n<section id=\"media-grid-block_01efdf15dac311c08440a32c5fbee27d\" class=\"media-grid custom-block dark none-top none-bottom\">\n\n<div class=\"block-inner medium\">\n\n<div class=\"full-width-text default-htags\">\n\n\n<\/div>\n\n\n<div class=\"grid-x\">\n\n\n<div class=\"mg-cell cell small-12 medium-6\">\n\n    <div class=\"mg-cell-inner item-parent\">\n\n    <div class=\"mg-item-content remove-overlay default-htags default-lists\">\n\n        \n            <div class=\"mg-item-image\">\n\n                <img decoding=\"async\" src=\"https:\/\/www.brightsign.biz\/wp-content\/uploads\/2024\/06\/secure.png\" alt=\"\" \/>\n           \n\n                            <\/div>\n        \n        \n\n            <div class=\"mg-content-top\">\n\n                \n                                    <h4>Sicure<\/h4>\n<p>Progettato per ridurre notevolmente i rischi e configurare qualsiasi profilo di sicurezza.<\/p>\n<ul>\n<li>Sistema operativo eccezionalmente protetto con firma digitale sicura<\/li>\n<li>Esegue un'applicazione di segnaletica singolare per la protezione dai virus.<\/li>\n<li>Configurabile su qualsiasi tipo di profilo di sicurezza<\/li>\n<li>La sicurezza si estende alle soluzioni CMS integrate<\/li>\n<\/ul>\n                                \n\n            <\/div><!-- mg-content-top -->\n\n            <\/div><!-- mg-item-content -->\n\n            <ul class=\"mg-cta-list small-buttons\">\n\n                                \n                \n            <\/ul>\n\n    \n    <\/div><!-- mg-cell-inner -->\n\n<\/div><!-- mg-cell -->\n\n\n<div class=\"mg-cell cell small-12 medium-6\">\n\n    <div class=\"mg-cell-inner item-parent\">\n\n    <div class=\"mg-item-content remove-overlay default-htags default-lists\">\n\n        \n            <div class=\"mg-item-image\">\n\n                <img decoding=\"async\" src=\"https:\/\/www.brightsign.biz\/wp-content\/uploads\/2024\/06\/reliable.png\" alt=\"\" \/>\n           \n\n                            <\/div>\n        \n        \n\n            <div class=\"mg-content-top\">\n\n                \n                                    <h4>Affidabili<\/h4>\n<p>Riproduzione con autoguarigione e gestione remota per tempi di attivit\u00e0 ineguagliabili<\/p>\n<ul>\n<li>Protocolli di auto-guarigione persistenti che garantiscono tempi di attivit\u00e0 ineguagliabili<\/li>\n<li>Gestione e monitoraggio del lettore remoto integrato e sicuro<\/li>\n<li>Diagnostica e controlli a distanza per ridurre le costose visite in loco<\/li>\n<li>Memoria removibile che evita situazioni di strappo\/sostituzione<\/li>\n<\/ul>\n                                \n\n            <\/div><!-- mg-content-top -->\n\n            <\/div><!-- mg-item-content -->\n\n            <ul class=\"mg-cta-list small-buttons\">\n\n                                \n                \n            <\/ul>\n\n    \n    <\/div><!-- mg-cell-inner -->\n\n<\/div><!-- mg-cell -->\n\n\n<div class=\"mg-cell cell small-12 medium-6\">\n\n    <div class=\"mg-cell-inner item-parent\">\n\n    <div class=\"mg-item-content remove-overlay default-htags default-lists\">\n\n        \n            <div class=\"mg-item-image\">\n\n                <img decoding=\"async\" src=\"https:\/\/www.brightsign.biz\/wp-content\/uploads\/2024\/06\/superior.png\" alt=\"\" \/>\n           \n\n                            <\/div>\n        \n        \n\n            <div class=\"mg-content-top\">\n\n                \n                                    <h4>Superiori<\/h4>\n<p>Prestazioni, funzionalit\u00e0 ed estensioni realizzate appositamente per il digital signage<\/p>\n<ul>\n<li>Ottimizzato per l'esecuzione di video e motion graphics all'avanguardia<\/li>\n<li>Numerose funzioni di segnaletica disponibili con il software di authoring gratuito<\/li>\n<li>Integrato con centinaia di sistemi globali <a href=\"https:\/\/www.brightsign.biz\/it\/partner\/\">Soluzioni CMS<\/a><\/li>\n<li>Altamente estensibile per eseguire in modo sicuro tecnologie di segnaletica specializzate<\/li>\n<\/ul>\n                                \n\n            <\/div><!-- mg-content-top -->\n\n            <\/div><!-- mg-item-content -->\n\n            <ul class=\"mg-cta-list small-buttons\">\n\n                                \n                \n            <\/ul>\n\n    \n    <\/div><!-- mg-cell-inner -->\n\n<\/div><!-- mg-cell -->\n\n\n<div class=\"mg-cell cell small-12 medium-6\">\n\n    <div class=\"mg-cell-inner item-parent\">\n\n    <div class=\"mg-item-content remove-overlay default-htags default-lists\">\n\n        \n            <div class=\"mg-item-image\">\n\n                <img decoding=\"async\" src=\"https:\/\/www.brightsign.biz\/wp-content\/uploads\/2024\/06\/sustainable.png\" alt=\"\" \/>\n           \n\n                            <\/div>\n        \n        \n\n            <div class=\"mg-content-top\">\n\n                \n                                    <h4>Sostenibili<\/h4>\n<p>Funziona e si bilancia con aggiornamenti gratuiti per una longevit\u00e0 senza pari del lettore<\/p>\n<ul>\n<li>Requisiti di bassa potenza con prestazioni elevate<\/li>\n<li>Supporto garantito per un lungo ciclo di vita per una longevit\u00e0 senza precedenti<\/li>\n<li>Aggiornamenti gratuiti applicati on-demand e coerenti tra le varie generazioni di hardware<\/li>\n<li>Riprovvigionamento da remoto in qualsiasi momento per garantire flessibilit\u00e0<\/li>\n<\/ul>\n                                \n\n            <\/div><!-- mg-content-top -->\n\n            <\/div><!-- mg-item-content -->\n\n            <ul class=\"mg-cta-list small-buttons\">\n\n                                \n                \n            <\/ul>\n\n    \n    <\/div><!-- mg-cell-inner -->\n\n<\/div><!-- mg-cell -->\n\n\n<\/div><!-- grid-x -->\n\n\n<\/div><!-- block-inner -->  \n\n<\/section><!-- ### -->\n\n\n\n\n\n    <section id=\"full-width-text-block_d5af3e186291981b27185d67b73494f9\" class=\"full-width-text custom-block dark none-top none-bottom default-htags default-lists\">\n\n        <div class=\"block-inner medium\">\n\n        <p>&nbsp;<\/p>\n<p>&nbsp;<\/p>\n\n        \n        <\/div><!-- block-inner -->  \n\n        \n    <\/section><!-- full-width-text -->  \n\n\n\n\n\n\n\n<section id=\"full-width-feature-block_eb6a1c592957bab6464d43f0f368100f\" class=\"full-width-feature custom-block\">\n\n    <div class=\"fv-bg-image\" style=\"background-image: url('https:\/\/www.brightsign.biz\/wp-content\/uploads\/2024\/06\/player-parts.png')\"><\/div>\n\n<div class=\"hero-gradient\"><\/div>\n\n<div class=\"block-inner grid-x\">\n\n<div class=\"block-inner-content default-checks cell small-12 medium-12 large-6\">\n\n    <h2><\/h2>\n<ul>\n<li>Riducete i rischi quasi a zero con un file system altamente sicuro costruito solo per eseguire la segnaletica, eliminando le vulnerabilit\u00e0 con misure di sicurezza impareggiabili e configurabili.<\/li>\n<li>Sperimentate un'affidabilit\u00e0 leggendaria, tempi di attivit\u00e0 ineguagliati e un costo totale di propriet\u00e0 ridotto grazie a strumenti intelligenti di auto-guarigione e al monitoraggio remoto che risolve rapidamente i problemi.<\/li>\n<li>Ottenete prestazioni di segnaletica superiori grazie all'elaborazione dei contenuti su misura e a un'ampia suite di funzioni, integrazioni ed estensioni per la segnaletica.<\/li>\n<li>Rimanete al passo con le richieste del mercato grazie agli aggiornamenti gratuiti e garantiti e raggiungete la sostenibilit\u00e0 dei giocatori con una gestione efficiente dell'energia, cicli di vita prolungati e riprovisioning flessibile.<\/li>\n<\/ul>\n\n\n<div class=\"basic-button blue\">\n<a href=\"https:\/\/www.brightsign.biz\/it\/giocatori-brightsign\/software\/\" target=\"_self\">Esplora il software BrightSign<i class=\"fa-solid fa-chevron-right\"><\/i><\/a>\n<\/div><!-- basic-cta -->\n\n\n\n<\/div><!-- block-inner-content -->\n\n<div class=\"cell small-12 medium-12 large-6\">\n<\/div><!-- cell -->\n\n<\/div><!-- block-inner -->\n\n<\/section>\n\n\n\n    <section id=\"full-width-text-block_d5af3e186291981b27185d67b73494f9\" class=\"full-width-text custom-block dark none-top none-bottom default-htags default-lists\">\n\n        <div class=\"block-inner medium\">\n\n        <p>&nbsp;<\/p>\n<p>&nbsp;<\/p>\n\n        \n        <\/div><!-- block-inner -->  \n\n        \n    <\/section><!-- full-width-text -->  \n\n\n\n\n\n\n<section id=\"full-width-cta-block_f68ffe0e7deb0413d2dd74d6df693fa0\" class=\"full-width-cta custom-block\">\n\n<div class=\"block-inner medium grid-x\">\n\n<div class=\"cell small-12 medium-8\">\n    <h4><b>Contattaci<\/b><\/h4>\n<p><span style=\"font-weight: 400\">Non trovi quello che stai cercando? Il nostro team si impegna a trovare la soluzione di digital signage che soddisfi i tuoi obiettivi aziendali e incontri il tuo budget.\u00a0<\/span><\/p>\n<\/div><!-- medium-8 -->\n\n<div class=\"cell small-12 medium-4 content-right\">\n    <div class=\"basic-button blue\"><a href=\"https:\/\/www.brightsign.biz\/it\/contattateci\/\" target=\"_self\">PARLARE CON UN ESPERTO<i class=\"fa-solid fa-chevron-right\"><\/i><\/a><\/div>\n<\/div><!-- medium-4 -->\n\n<\/div><!-- block-inner -->\n\n<\/section><!-- hero -->\n\n\n\n\n\n<section id=\"ticker-block_4833fad4d142ad0ee48f04b716929a28\" class=\"ticker custom-block white-bg dark medium-top medium-bottom\">\n\n            <h4>Fiducia da parte dei leader del settore<\/h4>\n    \n    <div class=\"block-inner\">\n        <div class=\"swiper ticker-swiper\">\n            <div class=\"swiper-wrapper\">\n\n                                    \n                        <div class=\"swiper-slide\">\n                                                            <img decoding=\"async\" src=\"https:\/\/www.brightsign.biz\/wp-content\/uploads\/2024\/05\/PlugPowerGrayscale.svg\" alt=\"\" \/>\n                                                                                <\/div>\n\n                    \n                        <div class=\"swiper-slide\">\n                                                            <img decoding=\"async\" src=\"https:\/\/www.brightsign.biz\/wp-content\/uploads\/2024\/05\/GoPro_logo_light.svg\" alt=\"\" \/>\n                                                                                <\/div>\n\n                    \n                        <div class=\"swiper-slide\">\n                                                            <img decoding=\"async\" src=\"https:\/\/www.brightsign.biz\/wp-content\/uploads\/2024\/05\/lg.svg\" alt=\"\" \/>\n                                                                                <\/div>\n\n                    \n                        <div class=\"swiper-slide\">\n                                                            <img decoding=\"async\" src=\"https:\/\/www.brightsign.biz\/wp-content\/uploads\/2024\/05\/bestbuy.svg\" alt=\"\" \/>\n                                                                                <\/div>\n\n                    \n                        <div class=\"swiper-slide\">\n                                                            <img decoding=\"async\" src=\"https:\/\/www.brightsign.biz\/wp-content\/uploads\/2024\/05\/bose.svg\" alt=\"\" \/>\n                                                                                <\/div>\n\n                    \n                        <div class=\"swiper-slide\">\n                                                            <img decoding=\"async\" src=\"https:\/\/www.brightsign.biz\/wp-content\/uploads\/2024\/05\/PlugPowerGrayscale.svg\" alt=\"\" \/>\n                                                                                <\/div>\n\n                    \n                        <div class=\"swiper-slide\">\n                                                            <img decoding=\"async\" src=\"https:\/\/www.brightsign.biz\/wp-content\/uploads\/2024\/05\/GoPro_logo_light.svg\" alt=\"\" \/>\n                                                                                <\/div>\n\n                    \n                        <div class=\"swiper-slide\">\n                                                            <img decoding=\"async\" src=\"https:\/\/www.brightsign.biz\/wp-content\/uploads\/2024\/05\/lg.svg\" alt=\"\" \/>\n                                                                                <\/div>\n\n                    \n                        <div class=\"swiper-slide\">\n                                                            <img decoding=\"async\" src=\"https:\/\/www.brightsign.biz\/wp-content\/uploads\/2024\/05\/bestbuy.svg\" alt=\"\" \/>\n                                                                                <\/div>\n\n                    \n                        <div class=\"swiper-slide\">\n                                                            <img decoding=\"async\" src=\"https:\/\/www.brightsign.biz\/wp-content\/uploads\/2024\/05\/bose.svg\" alt=\"\" \/>\n                                                                                <\/div>\n\n                                    \n            <\/div><!-- swiper-wrapper -->\n        <\/div><!-- swiper -->\n    <\/div><!-- block-inner -->\n<\/section><!-- ticker -->","protected":false},"excerpt":{"rendered":"","protected":false},"author":2,"featured_media":0,"parent":513,"menu_order":20,"comment_status":"closed","ping_status":"closed","template":"","meta":{"_acf_changed":false,"_searchwp_excluded":"","footnotes":""},"class_list":["post-624","page","type-page","status-publish","hentry"],"acf":[],"_links":{"self":[{"href":"https:\/\/www.brightsign.biz\/it\/wp-json\/wp\/v2\/pages\/624","targetHints":{"allow":["GET"]}}],"collection":[{"href":"https:\/\/www.brightsign.biz\/it\/wp-json\/wp\/v2\/pages"}],"about":[{"href":"https:\/\/www.brightsign.biz\/it\/wp-json\/wp\/v2\/types\/page"}],"author":[{"embeddable":true,"href":"https:\/\/www.brightsign.biz\/it\/wp-json\/wp\/v2\/users\/2"}],"replies":[{"embeddable":true,"href":"https:\/\/www.brightsign.biz\/it\/wp-json\/wp\/v2\/comments?post=624"}],"version-history":[{"count":0,"href":"https:\/\/www.brightsign.biz\/it\/wp-json\/wp\/v2\/pages\/624\/revisions"}],"up":[{"embeddable":true,"href":"https:\/\/www.brightsign.biz\/it\/wp-json\/wp\/v2\/pages\/513"}],"wp:attachment":[{"href":"https:\/\/www.brightsign.biz\/it\/wp-json\/wp\/v2\/media?parent=624"}],"curies":[{"name":"wp","href":"https:\/\/api.w.org\/{rel}","templated":true}]}}