{"id":7012,"date":"2023-05-25T10:12:09","date_gmt":"2023-05-25T14:12:09","guid":{"rendered":"https:\/\/brightsign2425.wpenginepowered.com\/?page_id=7012"},"modified":"2025-03-21T14:25:25","modified_gmt":"2025-03-21T18:25:25","slug":"istruzione-superiore","status":"publish","type":"page","link":"https:\/\/www.brightsign.biz\/it\/higher-ed\/","title":{"rendered":"Istruzione superiore"},"content":{"rendered":"<section\n  id=\"higheredform\"\n  class=\"hero custom-block\"\n  data-form-url=\"\"\n>\n  <!-- Backgrounds: cover full section, center position (extended via SCSS) -->\n        <div id=\"hero-desktop-background\" style=\"background-image: url('https:\/\/www.brightsign.biz\/wp-content\/uploads\/2024\/05\/ClemsonHero-1920x900.jpg'); background-size: cover; background-position: center center; background-repeat: no-repeat;\"><\/div>\n        <div id=\"hero-mobile-background\" style=\"background-image: url('https:\/\/www.brightsign.biz\/wp-content\/uploads\/2024\/05\/ClemsonHero-1920x900.jpg'); background-size: cover; background-position: center center; background-repeat: no-repeat;\"><\/div>\n  \n  <div class=\"hero-gradient\" aria-hidden=\"true\"><\/div>\n  <div class=\"block-inner medium\">\n    <div class=\"block-inner-content grid-x grid-margin-y\">\n\n      <!-- MOBILE-only layout -->\n      <div class=\"cell small-12 show-for-small-only\">\n        \n        \n        \n        \n        <div class=\"mobile-content form-content\"><h1 class=\"column-title h1\">Crea accattivanti esperienze in campus<\/h1>\n<p>Cinque modi per costruire una comunicazione digitale efficace<br \/>\nstrategia per ogni fase dell'esperienza dello studente.<\/p>\n<\/div>      <\/div>\n      <!-- end MOBILE-only -->\n\n      <!-- DESKTOP text cell -->\n      <div class=\"cell small-12 medium-12 large-6 hide-for-small-only\">\n        \n        <h1 class=\"column-title h1\">Crea accattivanti esperienze in campus<\/h1>\n<p>Cinque modi per costruire una comunicazione digitale efficace<br \/>\nstrategia per ogni fase dell'esperienza dello studente.<\/p>\n      <\/div>\n      <!-- end DESKTOP text cell -->\n\n      <!-- DESKTOP form\/video cell -->\n      <div class=\"cell small-12 medium-12 large-6 center-play hide-for-small-only\">\n        \n              <\/div>\n      <!-- end DESKTOP form\/video cell -->\n\n    <\/div><!-- .block-inner-content -->\n  <\/div><!-- .block-inner -->\n<\/section><!-- hero -->\n\n\n\n    <section id=\"full-width-text-block_3a8d8601fa63137b645dcbdfcdf0c976\" class=\"full-width-text custom-block dark small-top small-bottom default-htags default-lists\">\n\n        <div class=\"block-inner medium\">\n\n        <h2 class=\"column-title\" style=\"text-align: center\">Digitale Signage e il viaggio dello studente<\/h2>\n<div class=\"text-content\" style=\"text-align: center\">Una strategia di digital signage completa pu\u00f2 farti entrare in contatto con studenti, genitori, docenti ed ex alunni in modi entusiasmanti.<br \/>\nFai in modo che il tuo istituto si distingua con questi consigli di BrightSign e Carousel, leader nelle soluzioni di segnaletica digitale per l'istruzione superiore.<\/div>\n\n        \n        <\/div><!-- block-inner -->  \n\n        \n    <\/section><!-- full-width-text -->  \n\n\n\n\n\n<section id=\"media-text-block_1c614f10d48c028d48177f4e769c2351\" class=\"media-text custom-block dark none-top none-bottom\" >\n    <div class=\"dot-in\"><\/div><!-- dot-in -->\n    <div class=\"block-inner medium grid-x left\">\n    \n        <div class=\"cell small-12 medium-12 large-6 mediatext-content default-checks\">\n            <div aria-hidden=\"true\" class=\"blue-dot\"><\/div>\n                            <h4>Studenti potenziali<\/h4>\n                                        <h4>Sfrutta la segnaletica digitale per creare un'esperienza coinvolgente di pre-iscrizione.<\/h4>\n                                        <div class=\"vc_row wpb_row vc_row-fluid\">\n<div class=\"wpb_column vc_column_container vc_col-sm-12\">\n<div class=\"vc_column-inner\">\n<div class=\"wpb_wrapper\">\n<div class=\"is-color-white in_view\">\n<div id=\"syn-flex-wrapper-2\" class=\"wrapper flex col-50 padding-top-component padding-bottom-component flex-row color-white top-left contains-inner mobile-center-center\">\n<div class=\"flex-inner\">\n<div id=\"syn-text-column-1\" class=\"column column-text left in_view\">\n<div class=\"text-content\">\n<ul>\n<li>Evidenzia ed esponi i risultati ottenuti per creare consapevolezza sui risultati ottenuti.<\/li>\n<li>Mostra ai potenziali studenti cosa potrebbero ottenere frequentando l'istituto.<\/li>\n<li>Condividi i fondamentali e dai un senso di eccitazione ai nuovi iscritti condividendo la vita nel campus.<\/li>\n<li>Aiuta genitori e studenti a orientarsi nel campus.<\/li>\n<\/ul>\n<p><strong>Utilizza la segnaletica digitale per entrare in contatto con studenti e genitori che stanno valutando l'istituto:<\/strong><\/p>\n<ul>\n<li>Durante le visite<\/li>\n<li>Durante le fiere universitarie<\/li>\n<li>Nell'ufficio ammissioni<\/li>\n<li>Presso le strutture sportive<\/li>\n<li>In biblioteca<\/li>\n<\/ul>\n<p><strong>Vuoi creare un'esperienza emozionante per i futuri studenti?<\/strong><\/p>\n<\/div>\n<p><a class=\"btn cta\" href=\"https:\/\/www.brightsign.biz\/it\/istruzione-superiore\/#higheredform\" rel=\"\" aria-label=\"Richiedi una consulenza gratuita\">Richiedi una consulenza gratuita<\/a><\/div>\n<\/div>\n<\/div>\n<\/div>\n<\/div>\n<\/div>\n<\/div>\n<\/div>\n                        \n                        \n                    <\/div><!-- mediatext-content -->\n        \n        <div class=\"cell small-12 medium-12 large-6 form-wrapper\">\n                            <!-- Normal form on all devices -->\n                                                    <div class=\"mediatext-image no-blue\">\n                        <img decoding=\"async\" src=\"https:\/\/www.brightsign.biz\/wp-content\/uploads\/2024\/05\/LaCrossWayFinding-SILO2-750x745.png\" alt=\"\" \/>\n                                            <\/div><!-- mediatext-image -->\n                                                            \n                    <\/div><!-- form-wrapper -->\n        \n    <\/div><!-- block-inner -->\n<\/section><!-- media-text -->\n\n\n\n\n\n\n\n<section id=\"full-width-feature-block_4665ec8728ae171f8a0e706251bbde54\" class=\"full-width-feature custom-block light none-top none-bottom\">\n\n    <div class=\"fv-bg-image\" style=\"background-image: url('https:\/\/www.brightsign.biz\/wp-content\/uploads\/2024\/05\/HigherEd-Clemson-Hero-1920x900.jpg')\"><\/div>\n\n<div class=\"hero-gradient\"><\/div>\n\n<div class=\"block-inner grid-x\">\n\n<div class=\"block-inner-content default-checks cell small-12 medium-12 large-6\">\n\n    <h2 class=\"\">Creare un'impressione<\/h2>\n<p>Quando gli allenatori e l'amministrazione dell'Universit\u00e0 di Clemson hanno voluto un modo per coinvolgere pi\u00f9 profondamente gli studenti-atleti e le potenziali reclute del programma di pallacanestro maschile, si sono rivolti a BrightSign e Carousel.<\/p>\n<ul>\n<li>Volevano qualcosa di pi\u00f9 dei display statici precaricati standard presenti nella maggior parte degli spogliatoi.<\/li>\n<li>Avevano bisogno di un moderno sistema di distribuzione dei contenuti da aggiornare in tempo reale.<\/li>\n<\/ul>\n<p>La soluzione Clemson comprende display ad alta definizione, posizionati sopra ciascuno dei 18 armadietti della sala, alimentati da lettori digital signage BrightSign.<\/p>\n<ul>\n<li>Il contenuto dei display pu\u00f2 essere modificato su singoli armadietti o su tutti i display per creare un'immagine o un video continuo.<\/li>\n<li>La soluzione per lo spogliatoio comprende anche un pannello di visualizzazione montato verticalmente nello spogliatoio per consentire allo staff tecnico di condividere il programma della giornata, nonch\u00e9 informazioni importanti, statistiche e clip per l'intera squadra.<\/li>\n<li>I display digitali dinamici e personalizzati offrono un coinvolgimento in tempo reale, tra cui la visualizzazione degli avatar personali dei giocatori sopra i loro armadietti, che ha riscosso un grande successo tra gli atleti.<\/li>\n<li>Inoltre, i membri del dipartimento atletico di Clemson sono stati istruiti su come gestire e aggiornare i contenuti in modo rapido e semplice.<\/li>\n<\/ul>\n<p>\"Immaginate di essere una potenziale recluta in visita a un college, di entrare nello spogliatoio e di vedere i filmati dei momenti salienti proiettati sopra gli armadietti\", dice Brady Jolet, Senior Account Manager di AVI. \"Questo creer\u00e0 un'impressione\".<\/p>\n\n\n<div class=\"basic-button blue\">\n<a href=\"https:\/\/www.brightsign.biz\/it\/istruzione-superiore\/#higheredform\" target=\"_self\">OTTIENI QUESTA SOLUZIONE<i class=\"fa-solid fa-chevron-right\"><\/i><\/a>\n<\/div><!-- basic-cta -->\n\n\n\n<\/div><!-- block-inner-content -->\n\n<div class=\"cell small-12 medium-12 large-6\">\n<\/div><!-- cell -->\n\n<\/div><!-- block-inner -->\n\n<\/section>\n\n\n\n<section id=\"media-text-block_cf6d2c3f0a5e3cce4e0a5129e68524bb\" class=\"media-text custom-block dark small-top small-bottom\" >\n    <div class=\"dot-in\"><\/div><!-- dot-in -->\n    <div class=\"block-inner medium grid-x right\">\n    \n        <div class=\"cell small-12 medium-12 large-6 mediatext-content default-checks\">\n            <div aria-hidden=\"true\" class=\"blue-dot\"><\/div>\n                                                    <div id=\"New-Students\" class=\"column column-text left in_view\">\n<h3 class=\"column-title\">Matricole e nuovi studenti<\/h3>\n<div class=\"text-content\"><strong>Usate i cartelli digitali per dare il benvenuto alle matricole e aiutare i nuovi studenti a inserirsi.<\/strong><\/p>\n<ul>\n<li>Offri agli studenti un'esperienza educativa che trasmetta un senso di appartenenza.<\/li>\n<li>Condividi informazioni sugli eventi che avvicinano i nuovi studenti e li fanno sentire benvenuti.<\/li>\n<li>Guida i nuovi studenti nel campus e aiutali a conoscere i servizi disponibili<\/li>\n<li>Incoraggia lo spirito scolastico.<\/li>\n<\/ul>\n<p><strong>Utilizza la segnaletica digitale per entrare in contatto con i nuovi studenti:<\/strong><\/p>\n<ul>\n<li>Durante l'orientamento delle matricole<\/li>\n<li>Nei residence e nelle sale da pranzo<\/li>\n<li>Presso i Servizi agli studenti<\/li>\n<li>Presso l'ufficio Aiuti finanziari<\/li>\n<\/ul>\n<p><strong>Vuoi creare un ambiente accogliente per i nuovi studenti?<\/strong><\/p>\n<\/div>\n<p><a class=\"btn cta\" href=\"https:\/\/www.brightsign.biz\/it\/istruzione-superiore\/#higheredform\" rel=\"\" aria-label=\"Richiedi una consulenza gratuita\">Richiedi una consulenza gratuita<\/a><\/div>\n                        \n                        \n                    <\/div><!-- mediatext-content -->\n        \n        <div class=\"cell small-12 medium-12 large-6 form-wrapper\">\n                            <!-- Normal form on all devices -->\n                                                    <div class=\"mediatext-image no-blue\">\n                        <img decoding=\"async\" src=\"https:\/\/www.brightsign.biz\/wp-content\/uploads\/2023\/05\/NWTechCollegeSilo-750x440.png\" alt=\"Il Northwest Technical College in Minnesota ha mostrato l&#039;utilizzo della tecnologia del lettore BrightSign\" \/>\n                                            <\/div><!-- mediatext-image -->\n                                                            \n                    <\/div><!-- form-wrapper -->\n        \n    <\/div><!-- block-inner -->\n<\/section><!-- media-text -->\n\n\n\n\n\n\n\n<section id=\"full-width-feature-block_12e16690cf881fa03bf7cc21457d7590\" class=\"full-width-feature custom-block light small-top small-bottom\">\n\n    <div class=\"fv-bg-image\" style=\"background-image: url('https:\/\/www.brightsign.biz\/wp-content\/uploads\/2024\/05\/HigherEd-Bemidji-Hero-1920x900.jpg')\"><\/div>\n\n<div class=\"hero-gradient\"><\/div>\n\n<div class=\"block-inner grid-x\">\n\n<div class=\"block-inner-content default-checks cell small-12 medium-12 large-6\">\n\n    <h2 class=\"\">Signage digitale semplificato in pi\u00f9 di un campus<\/h2>\n<p><span class=\"sub-heading\">Quando la Bemidji State University (BSU) ha cercato di rafforzare e unificare le comunicazioni tra due campus distanti un miglio l'uno dall'altro, si \u00e8 rivolta a BrightSign e Carousel.<\/span><\/p>\n<ul>\n<li>Voleva semplificare le operazioni IT e la gestione dei contenuti in due ambienti di apprendimento distinti.<\/li>\n<li>Voleva creare una base per attirare pi\u00f9 creatori di contenuti e collaboratori.<\/li>\n<li>Voleva trasformare la rete di segnaletica digitale obsoleta in una soluzione basata sul cloud.<\/li>\n<\/ul>\n<p>La soluzione BSU comprendeva display digitali a parete e monitor interattivi alimentati da lettori BrightSign e da Carousel Content Cloud, distribuiti nei residence, nelle aree comuni, negli edifici dipartimentali, nel centro benessere e in altri reparti con un intenso traffico pedonale.<\/p>\n<ul>\n<li>Facilita l'utilizzo dello stesso contenuto o di contenuti simili su modelli personalizzati per ogni campus.<\/li>\n<li>L'obiettivo principale \u00e8 stato quello di attrezzare aule e sale conferenze per l'apprendimento ibrido e le riunioni, ma \u00e8 stata richiesta anche la capacit\u00e0 di evolversi in base al cambiamento delle preferenze.<\/li>\n<\/ul>\n<p>\"Siamo in grado di utilizzare efficacemente la segnaletica digitale per informare studenti e docenti sulle risorse che offriamo in entrambi i campus. Carousel consente inoltre di utilizzare facilmente lo stesso contenuto o contenuti simili su modelli personalizzati per ogni campus, oppure di indirizzare i contenuti specifici di un campus a una sola postazione. Indipendentemente dal modo in cui utilizziamo i modelli o i contenuti, Carousel Cloud rende la segnaletica digitale semplice per tutte le persone coinvolte\".<\/p>\n\n\n<div class=\"basic-button blue\">\n<a href=\"#higheredform\" target=\"_self\">OTTIENI QUESTA SOLUZIONE<i class=\"fa-solid fa-chevron-right\"><\/i><\/a>\n<\/div><!-- basic-cta -->\n\n\n\n<\/div><!-- block-inner-content -->\n\n<div class=\"cell small-12 medium-12 large-6\">\n<\/div><!-- cell -->\n\n<\/div><!-- block-inner -->\n\n<\/section>\n\n\n\n<section id=\"media-text-block_4cff276a08209078b0c6e1bc4e092a60\" class=\"media-text custom-block dark none-top none-bottom\" >\n    <div class=\"dot-in\"><\/div><!-- dot-in -->\n    <div class=\"block-inner medium grid-x left\">\n    \n        <div class=\"cell small-12 medium-12 large-6 mediatext-content default-checks\">\n            <div aria-hidden=\"true\" class=\"blue-dot\"><\/div>\n                                                    <div class=\"vc_row wpb_row vc_row-fluid\">\n<div class=\"wpb_column vc_column_container vc_col-sm-12\">\n<div class=\"vc_column-inner\">\n<div class=\"wpb_wrapper\">\n<div class=\"is-color-white in_view\">\n<div id=\"syn-flex-wrapper-4\" class=\"wrapper flex col-50 padding-top-component padding-bottom-component flex-row color-white top-left contains-inner mobile-center-center\">\n<div class=\"flex-inner\">\n<div id=\"syn-text-column-2\" class=\"column column-text left in_view\">\n<h3 class=\"column-title\">Ritorno degli studenti<\/h3>\n<div class=\"text-content\"><strong>Utilizza la segnaletica digitale per assicurarti che gli studenti del secondo e del terzo anno proseguano il loro percorso verso il successo.<\/strong><\/p>\n<ul>\n<li>Incoraggia, promuovi, aiuta e migliora l'esperienza degli studenti.<\/li>\n<li>Aggiorna l'ambiente di apprendimento con display interattivi.<\/li>\n<li>Costruisci fiducia condividendo informazioni accurate e in tempo reale dove gli studenti vivono, giocano e imparano.<\/li>\n<li>Migliora il benessere degli studenti e dimostra loro di avere a cuore la sicurezza del campus.<\/li>\n<\/ul>\n<p><strong>Utilizza la segnaletica digitale per entrare in contatto con gli studenti:<\/strong><\/p>\n<ul>\n<li>L'ufficio dei consulenti accademici<\/li>\n<li>Sale studio<\/li>\n<li>Biblioteche<\/li>\n<li>Aule didattiche<\/li>\n<\/ul>\n<p><strong>Vuoi trattenere pi\u00f9 studenti?<\/strong><\/p>\n<\/div>\n<p><a class=\"btn cta\" href=\"https:\/\/www.brightsign.biz\/it\/istruzione-superiore\/#higheredform\" rel=\"\" aria-label=\"Richiedi una consulenza gratuita\">Richiedi una consulenza gratuita<\/a><\/div>\n<\/div>\n<\/div>\n<\/div>\n<\/div>\n<\/div>\n<\/div>\n<\/div>\n                        \n                        \n                    <\/div><!-- mediatext-content -->\n        \n        <div class=\"cell small-12 medium-12 large-6 form-wrapper\">\n                            <!-- Normal form on all devices -->\n                                                    <div class=\"mediatext-image no-blue\">\n                        <img decoding=\"async\" src=\"https:\/\/www.brightsign.biz\/wp-content\/uploads\/2023\/05\/UCMercedSilo-750x440.png\" alt=\"Il campus della UC Merced visualizzato su pi\u00f9 schermi con un lettore BrightSign\" \/>\n                                            <\/div><!-- mediatext-image -->\n                                                            \n                    <\/div><!-- form-wrapper -->\n        \n    <\/div><!-- block-inner -->\n<\/section><!-- media-text -->\n\n\n\n\n\n\n\n<section id=\"full-width-feature-block_ebcfe68c97e36a1308508655827596c0\" class=\"full-width-feature custom-block light small-top small-bottom\">\n\n    <div class=\"fv-bg-image\" style=\"background-image: url('https:\/\/www.brightsign.biz\/wp-content\/uploads\/2023\/05\/Higher-Ed-UCMerced-Hero-1920x900.jpg')\"><\/div>\n\n<div class=\"hero-gradient\"><\/div>\n\n<div class=\"block-inner grid-x\">\n\n<div class=\"block-inner-content default-checks cell small-12 medium-12 large-6\">\n\n    <h2 class=\"\">Aggiornamento della tecnologia<\/h2>\n<p><span class=\"sub-heading\">L'UC Merced, il pi\u00f9 recente campus dell'Universit\u00e0 della California, ha gi\u00e0 avuto problemi con la segnaletica digitale. Ecco perch\u00e9 ha scelto Carousel e BrightSign per un importante aggiornamento della segnaletica digitale nel 2020.<\/span><\/p>\n<ul>\n<li>L'assistenza e la facilit\u00e0 d'uso del prodotto erano fondamentali, dato che il sistema precedente era stato dismesso per mancanza di supporto da parte del fornitore.<\/li>\n<li>L'interoperabilit\u00e0 \u00e8 importante, in particolare per le segnalazioni di emergenza.<\/li>\n<li>Voleva portare il digital signage nelle aule e nelle sale conferenze, con sistemi di presentazione wireless che passano automaticamente ai contenuti del digital signage dopo una presentazione o una lezione.<\/li>\n<li>Voleva una soluzione che permettesse a pi\u00f9 reparti di creare facilmente contenuti interessanti e coinvolgenti.<\/li>\n<\/ul>\n<p>La soluzione ha coinvolto pi\u00f9 di cinquanta schermi digital signage attivi in decine di edifici del campus, alimentati da lettori multimediali BrightSign e dal CMS Carousel Digital Signage.<\/p>\n<ul>\n<li>L'integrazione nativa di Carousel con i lettori BrightSign ha semplificato l'implementazione e ha permesso alla UC Merced di sfruttare l'implementazione zero-touch e la configurazione remota dei lettori.<\/li>\n<li>Si integra perfettamente con i sistemi di collaborazione Mersive Solstice e Zoom Rooms.<\/li>\n<li>Le autorizzazioni per gli utenti e le zone a marchio sono state impostate per garantire la libert\u00e0 creativa e la gestione efficiente dei contenuti.<\/li>\n<li>L'eccezionale supporto tecnico e le funzioni di collaborazione hanno migliorato l'esperienza complessiva.<\/li>\n<li>Comprende l'integrazione del CAP per il dipartimento di sicurezza del campus.<\/li>\n<\/ul>\n<p>\"Con Carousel Cloud e BrightSign abbiamo molto da offrire che prima non potevamo ottenere. La possibilit\u00e0 di fare cos\u00ec tanto con un'unica piattaforma ci aiuta molto a raggiungere i nostri obiettivi\".<\/p>\n\n\n<div class=\"basic-button blue\">\n<a href=\"#higheredform\" target=\"_self\">OTTIENI QUESTA SOLUZIONE<i class=\"fa-solid fa-chevron-right\"><\/i><\/a>\n<\/div><!-- basic-cta -->\n\n\n\n<\/div><!-- block-inner-content -->\n\n<div class=\"cell small-12 medium-12 large-6\">\n<\/div><!-- cell -->\n\n<\/div><!-- block-inner -->\n\n<\/section>","protected":false},"excerpt":{"rendered":"","protected":false},"author":2,"featured_media":0,"parent":0,"menu_order":0,"comment_status":"closed","ping_status":"closed","template":"","meta":{"_acf_changed":true,"_searchwp_excluded":"","footnotes":""},"class_list":["post-7012","page","type-page","status-publish","hentry"],"acf":[],"_links":{"self":[{"href":"https:\/\/www.brightsign.biz\/it\/wp-json\/wp\/v2\/pages\/7012","targetHints":{"allow":["GET"]}}],"collection":[{"href":"https:\/\/www.brightsign.biz\/it\/wp-json\/wp\/v2\/pages"}],"about":[{"href":"https:\/\/www.brightsign.biz\/it\/wp-json\/wp\/v2\/types\/page"}],"author":[{"embeddable":true,"href":"https:\/\/www.brightsign.biz\/it\/wp-json\/wp\/v2\/users\/2"}],"replies":[{"embeddable":true,"href":"https:\/\/www.brightsign.biz\/it\/wp-json\/wp\/v2\/comments?post=7012"}],"version-history":[{"count":0,"href":"https:\/\/www.brightsign.biz\/it\/wp-json\/wp\/v2\/pages\/7012\/revisions"}],"wp:attachment":[{"href":"https:\/\/www.brightsign.biz\/it\/wp-json\/wp\/v2\/media?parent=7012"}],"curies":[{"name":"wp","href":"https:\/\/api.w.org\/{rel}","templated":true}]}}