{"id":852,"date":"2023-03-27T17:17:36","date_gmt":"2023-03-27T17:17:36","guid":{"rendered":"https:\/\/brightsign2425.wpenginepowered.com\/?page_id=852"},"modified":"2026-04-03T15:33:26","modified_gmt":"2026-04-03T19:33:26","slug":"contattateci","status":"publish","type":"page","link":"https:\/\/www.brightsign.biz\/it\/contact-us\/","title":{"rendered":"CONTATTACI"},"content":{"rendered":"<section id=\"media-grid-block_c6985476c10a21db39d1398043075531\" class=\"media-grid custom-block dark large-top medium-bottom\">\n\n<div class=\"block-inner medium\">\n\n<div class=\"full-width-text brand-htags\">\n\n    <div><h1 style=\"text-align: center;font-size: 65px\">CONTATTACI<\/h1>\n<\/div>\n\n<\/div>\n\n\n<div class=\"grid-x\">\n\n\n<div class=\"mg-cell cell small-12 medium-6\">\n\n    <div class=\"mg-cell-inner item-parent\">\n\n    <div class=\"mg-item-content remove-overlay brand-htags check-lists\">\n\n        \n            <div class=\"mg-item-image\">\n\n                <img decoding=\"async\" src=\"https:\/\/www.brightsign.biz\/wp-content\/uploads\/2023\/05\/SupportCard-900x495.jpg\" alt=\"Sorridente BrightSign agente di assistenza clienti che si toglie gli occhiali e lavora al computer\" \/>\n           \n\n                            <\/div>\n        \n        \n\n            <div class=\"mg-content-top\">\n\n                <h4>Connettersi con l'assistenza<\/h4>\n                                    <ul>\n<li><a href=\"https:\/\/docs.brightsign.biz\/support\" target=\"_blank\" rel=\"noopener\">Trovare rapidamente le risposte<\/a> con la ricerca assistita dall'intelligenza artificiale<\/li>\n<li>Ottenere assistenza per la risoluzione degli errori<\/li>\n<li>Trovare un fornitore di servizi locale<\/li>\n<li>Invia una richiesta di assistenza tecnica<\/li>\n<\/ul>\n                                \n\n            <\/div><!-- mg-content-top -->\n\n            <\/div><!-- mg-item-content -->\n\n            <ul class=\"mg-cta-list small-buttons\">\n\n                \n                <li>\n                    <a href=\"#zendesk\" target=\"_self\">OTTENERE SUPPORTO<i class=\"fa-solid fa-chevron-right\"><\/i><\/a>\n                <\/li>\n\n                                \n                \n            <\/ul>\n\n    \n    <\/div><!-- mg-cell-inner -->\n\n<\/div><!-- mg-cell -->\n\n\n<div class=\"mg-cell cell small-12 medium-6\">\n\n    <div class=\"mg-cell-inner item-parent\">\n\n    <div class=\"mg-item-content remove-overlay brand-htags check-lists\">\n\n        \n            <div class=\"mg-item-image\">\n\n                <img decoding=\"async\" src=\"https:\/\/www.brightsign.biz\/wp-content\/uploads\/2025\/09\/IMG_0624-900x495.jpg\" alt=\"Membro del team di vendita BrightSign che mostra i servizi di gestione dei dispositivi bsn.Control a un cliente\" \/>\n           \n\n                            <\/div>\n        \n        \n\n            <div class=\"mg-content-top\">\n\n                <h4>Scoprite cosa \u00e8 possibile fare<\/h4>\n                                    <ul>\n<li>Esplora i prodotti e le soluzioni BrightSign<\/li>\n<li>Richiedete una demo o una prova di concetto<\/li>\n<li>Connettersi con le vendite<\/li>\n<li><a href=\"https:\/\/www.brightsign.biz\/it\/partner\/\">Trovare un partner<\/a> per le vostre esigenze di segnaletica digitale<\/li>\n<\/ul>\n                                \n\n            <\/div><!-- mg-content-top -->\n\n            <\/div><!-- mg-item-content -->\n\n            <ul class=\"mg-cta-list small-buttons\">\n\n                \n                <li>\n                    <a href=\"#contact\" target=\"_self\">INIZIARE<i class=\"fa-solid fa-chevron-right\"><\/i><\/a>\n                <\/li>\n\n                                \n                \n            <\/ul>\n\n    \n    <\/div><!-- mg-cell-inner -->\n\n<\/div><!-- mg-cell -->\n\n\n<\/div><!-- grid-x -->\n\n\n<\/div><!-- block-inner -->  \n\n<\/section><!-- ### -->\n\n\n\n\n<section\n  id=\"contact\"\n  class=\"hero custom-block\"\n  data-form-url=\"https:\/\/content.brightsign.biz\/l\/1011161\/2024-05-26\/2drxn?page_name=contact-us\"\n>\n  <!-- Backgrounds: cover full section, center position (extended via SCSS) -->\n        <div id=\"hero-desktop-background\" style=\"background-image: url('https:\/\/www.brightsign.biz\/wp-content\/uploads\/2024\/06\/HeroGradientFallback-1920x900.webp'); background-size: cover; background-position: center center; background-repeat: no-repeat;\"><\/div>\n        <div id=\"hero-mobile-background\" style=\"background-image: url('https:\/\/www.brightsign.biz\/wp-content\/uploads\/2024\/06\/HeroGradientFallback-1920x900.webp'); background-size: cover; background-position: center center; background-repeat: no-repeat;\"><\/div>\n  \n  <div class=\"hero-gradient\" aria-hidden=\"true\"><\/div>\n  <div class=\"block-inner\">\n    <div class=\"block-inner-content grid-x grid-margin-y\">\n\n      <!-- MOBILE-only layout -->\n      <div class=\"cell small-12 show-for-small-only\">\n                  <h1 class=\"mobile-title-mobile\">Parlare con un esperto<\/h1>\n        \n                  <div class=\"hero-form-embed\"><\/div>\n        \n        \n                  <h2 class=\"mobile-subtitle-desktop\">Richieste di informazioni sulle vendite<\/h2>\n        \n        <div class=\"mobile-content form-content\"><p>Sfruttate al massimo la vostra esperienza BrightSign:<\/p>\n<ul>\n<li>Scopri di pi\u00f9 sui prodotti BrightSign<\/li>\n<li>Esplorate i casi d'uso personalizzati per il vostro marchio<\/li>\n<li>Richiedete una demo o una prova di concetto<\/li>\n<li>Accesso alla nostra rete di partner<\/li>\n<\/ul>\n<div style=\"padding-top: 10px;padding-right: 10px\">\n<p><img decoding=\"async\" class=\"alignleft\" style=\"padding-top: 20px;padding-bottom: 20px\" src=\"https:\/\/www.brightsign.biz\/wp-content\/uploads\/2025\/09\/question-mark-icon-v15.png\" alt=\"icona del punto interrogativo\" \/>Per le questioni tecniche, utilizzare il modulo <a href=\"#zendesk\">widget di supporto<\/a> nell'angolo in basso a destra o <a href=\"https:\/\/support.brightsign.biz\/hc\/en-us\/requests\/new\" target=\"_blank\" rel=\"noopener\">Invia una richiesta di assistenza qui<\/a>.<\/p>\n<\/div>\n<p>&nbsp;<\/p>\n<p>Indirizzo postale:<br \/>\nP.O. Box 320250<br \/>\nLos Gatos, CA 95032-0104<\/p>\n<p>Numero di telefono:<br \/>\n408-852-9263<\/p>\n<\/div>      <\/div>\n      <!-- end MOBILE-only -->\n\n      <!-- DESKTOP text cell -->\n      <div class=\"cell small-12 medium-12 large-6 form-content small-order-2 medium-order-1 large-order-1 hide-for-small-only\">\n        \n        <h1><strong>CONTATTACI<\/strong><\/h1>\n<p>&nbsp;<\/p>\n<p>Sfruttate al massimo la vostra esperienza BrightSign:<\/p>\n<ul>\n<li>Scopri di pi\u00f9 sui prodotti BrightSign<\/li>\n<li>Esplorate i casi d'uso personalizzati per il vostro marchio<\/li>\n<li>Richiedete una demo o una prova di concetto<\/li>\n<li>Accesso alla nostra rete di partner<\/li>\n<\/ul>\n<div style=\"padding-top: 10px;padding-right: 10px\">\n<p><img decoding=\"async\" class=\"alignleft\" style=\"padding-top: 20px;padding-bottom: 20px\" src=\"https:\/\/www.brightsign.biz\/wp-content\/uploads\/2025\/09\/question-mark-icon-v15.png\" alt=\"icona del punto interrogativo\" \/><\/p>\n<p>Per le questioni tecniche, utilizzare il modulo <a href=\"#zendesk\">widget di supporto<\/a> nell'angolo in basso a destra o <a href=\"https:\/\/support.brightsign.biz\/hc\/en-us\/requests\/new\" target=\"_blank\" rel=\"noopener\">Invia una richiesta di assistenza qui<\/a>.<\/p>\n<\/div>\n<p>&nbsp;<\/p>\n<p>Indirizzo postale:<br \/>\nP.O. Box 320250<br \/>\nLos Gatos, CA 95032-0104<\/p>\n<p>Numero di telefono:<br \/>\n408-852-9263<\/p>\n      <\/div>\n      <!-- end DESKTOP text cell -->\n\n      <!-- DESKTOP form\/video cell -->\n      <div class=\"cell small-12 medium-12 large-6 center-play small-order-1 medium-order-2 large-order-2 hide-for-small-only\">\n                  <h2 class=\"mobile-title-desktop\">Parlare con un esperto<\/h2>\n        \n                  <div class=\"hero-form-embed\"><\/div>\n              <\/div>\n      <!-- end DESKTOP form\/video cell -->\n\n    <\/div><!-- .block-inner-content -->\n  <\/div><!-- .block-inner -->\n<\/section><!-- hero -->\n\n\n\n<section id=\"testimonial-slider-block_577ae95734a230bf3983c0dbbb0264ed\" class=\"testimonial-slider custom-block\">\n\n    <div class=\"block-inner medium\">\n\n                    <h3>Cosa dicono i nostri clienti<\/h3>\n        \n        <div class=\"swiper testimonial-swiper\">\n            \n            <div class=\"swiper-wrapper\">\n\n                \n                    <div class=\"swiper-slide\">\n\n                        <div class=\"slide-inner\">\n\n                            <blockquote>\n            \n                                <p class=\"translation-block\">I negozi di Times Square sono tra le strutture di vendita al dettaglio a pi\u00f9 alta <br>visibilit\u00e0\nal dettaglio con la pi\u00f9 alta visibilit\u00e0 al mondo. Fornire un'esperienza <br>digitale corretta per il marchio era il nostro obiettivo.\ndigitale era il nostro obiettivo. <br>Abbiamo affidato ai lettori multimediali BrightSign\nper fornire una piattaforma<br> di distribuzione dei media a prova di errore. Non solo abbiamo\nnon solo abbiamo <br>beneficiato dell'impareggiabile affidabilit\u00e0 di BrightSign, ma abbiamosiamo <br>stati in grado di distribuire contenuti per l'intero negozio con due soli lettori.\n<br>- una vera e propria testimonianza delle solide capacit\u00e0 dell'hardware BrightSign.<\/p>\n\n                                <div class=\"cite-wrap\">\n\n                                                                        <cite>\n                                        <span class=\"testimonial-name\">Brandie Perkins<\/span>\n                                                                                    <br><span>Reflect<\/span>\n                                                                            <\/cite>\n                                <\/div>\n\n                                \n                            <\/blockquote>\n\n                        <\/div><!-- slide-inner -->\n\n                    <\/div><!-- swiper-slide -->\n\n                \n                    <div class=\"swiper-slide\">\n\n                        <div class=\"slide-inner\">\n\n                            <blockquote>\n            \n                                <p>\"I player BrightSign sono robusti, flessibili, reattivi e facilmente adattabili alle nostre esigenze. Utilizziamo ampiamente i player BrightSign per la loro robustezza e la loro solida e comprovata esperienza\".<\/p>\n\n                                <div class=\"cite-wrap\">\n\n                                                                        <cite>\n                                        <span class=\"testimonial-name\">Marc Simpson<\/span>\n                                                                                    <br><span>Esperienza di rugby con gli All Blacks, Tolosa<\/span>\n                                                                            <\/cite>\n                                <\/div>\n\n                                \n                            <\/blockquote>\n\n                        <\/div><!-- slide-inner -->\n\n                    <\/div><!-- swiper-slide -->\n\n                \n                    <div class=\"swiper-slide\">\n\n                        <div class=\"slide-inner\">\n\n                            <blockquote>\n            \n                                <p>\"Noi richiediamo regolarmente i player BrightSign. Offrono ai nostri clienti una rara combinazione di affidabilit\u00e0, facilit\u00e0 di manutenzione, riproduzione fluida e, soprattutto, una scelta di software. Scherziamo sul fatto che<br \/>\ni player di BrightSign ci supereranno tutti, ma non credo che ci\u00f2 detto, sia lontano dall'essere vero.<\/p>\n\n                                <div class=\"cite-wrap\">\n\n                                                                        <cite>\n                                        <span class=\"testimonial-name\">Jonathan Alger<\/span>\n                                                                                    <br><span>Partner C&amp;G per l'Universit\u00e0 Rockefeller<\/span>\n                                                                            <\/cite>\n                                <\/div>\n\n                                \n                            <\/blockquote>\n\n                        <\/div><!-- slide-inner -->\n\n                    <\/div><!-- swiper-slide -->\n\n                \n                    <div class=\"swiper-slide\">\n\n                        <div class=\"slide-inner\">\n\n                            <blockquote>\n            \n                                <p>\"Il sistema BrightSign \u00e8 stato il consiglio ideale, in quanto oltre ad offrire il miglior rapporto qualit\u00e0\/prezzo \u00e8 senza dubbio il player pi\u00f9 capace. La qualit\u00e0 ci ha spinto a focalizzarci su BrightSign per tutti i progetti futuri\".<\/p>\n\n                                <div class=\"cite-wrap\">\n\n                                                                        <cite>\n                                        <span class=\"testimonial-name\">Terry Podest\u00e0<\/span>\n                                                                                    <br><span>360 Digital<\/span>\n                                                                            <\/cite>\n                                <\/div>\n\n                                \n                            <\/blockquote>\n\n                        <\/div><!-- slide-inner -->\n\n                    <\/div><!-- swiper-slide -->\n\n                \n                    <div class=\"swiper-slide\">\n\n                        <div class=\"slide-inner\">\n\n                            <blockquote>\n            \n                                <p>\"L'esperienza ha stupito il pubblico fin dall'apertura. La visita di ogni persona \u00e8 unica a seconda di ci\u00f2 con cui sceglie di interagire: quale pulsante preme, quale leva tira o quale sensore attiva. BrightSign consente di offrire questa esperienza mediatica completamente personalizzabile in modo ripetuto e affidabile, fino allo scorrere dei titoli di coda\".<\/p>\n<p> Cofondatore e responsabile creativo di Weta Workshop <\/p>\n\n                                <div class=\"cite-wrap\">\n\n                                                                        <cite>\n                                        <span class=\"testimonial-name\">Richard Taylor<\/span>\n                                                                                    <br><span> Cofondatore e responsabile creativo di Weta Workshop<\/span>\n                                                                            <\/cite>\n                                <\/div>\n\n                                \n                            <\/blockquote>\n\n                        <\/div><!-- slide-inner -->\n\n                    <\/div><!-- swiper-slide -->\n\n                \n            <\/div><!-- swiper-wrapper -->\n\n            <div class=\"swiper-button-next show-for-large\"><\/div>\n            <div class=\"swiper-button-prev show-for-large\"><\/div>\n            <div class=\"swiper-pagination-wrapper hide-for-large\">\n                <div class=\"swiper-pagination\"><\/div>\n            <\/div><!-- swiper-pagination-wrapper -->\n\n        <\/div><!-- swiper -->\n\n    <\/div><!-- block-inner -->\n\n<\/section><!-- testimonial-slider -->\n\n\n\n\n\n<section id=\"ticker-block_9e06e040e583709112efe8c78fcd8ce5\" class=\"ticker custom-block white-bg dark medium-top medium-bottom\">\n\n            <h4>Fiducia da parte dei leader del settore<\/h4>\n    \n    <div class=\"block-inner\">\n        <div class=\"swiper ticker-swiper\">\n            <div class=\"swiper-wrapper\">\n\n                                    \n                        <div class=\"swiper-slide\">\n                                                            <img decoding=\"async\" src=\"https:\/\/www.brightsign.biz\/wp-content\/uploads\/2024\/05\/PlugPowerGrayscale.svg\" alt=\"\" \/>\n                                                                                <\/div>\n\n                    \n                        <div class=\"swiper-slide\">\n                                                            <img decoding=\"async\" src=\"https:\/\/www.brightsign.biz\/wp-content\/uploads\/2024\/05\/GoPro_logo_light.svg\" alt=\"\" \/>\n                                                                                <\/div>\n\n                    \n                        <div class=\"swiper-slide\">\n                                                            <img decoding=\"async\" src=\"https:\/\/www.brightsign.biz\/wp-content\/uploads\/2024\/05\/lg.svg\" alt=\"\" \/>\n                                                                                <\/div>\n\n                    \n                        <div class=\"swiper-slide\">\n                                                            <img decoding=\"async\" src=\"https:\/\/www.brightsign.biz\/wp-content\/uploads\/2024\/05\/bestbuy.svg\" alt=\"\" \/>\n                                                                                <\/div>\n\n                    \n                        <div class=\"swiper-slide\">\n                                                            <img decoding=\"async\" src=\"https:\/\/www.brightsign.biz\/wp-content\/uploads\/2024\/05\/bose.svg\" alt=\"\" \/>\n                                                                                <\/div>\n\n                    \n                        <div class=\"swiper-slide\">\n                                                            <img decoding=\"async\" src=\"https:\/\/www.brightsign.biz\/wp-content\/uploads\/2024\/05\/PlugPowerGrayscale.svg\" alt=\"\" \/>\n                                                                                <\/div>\n\n                    \n                        <div class=\"swiper-slide\">\n                                                            <img decoding=\"async\" src=\"https:\/\/www.brightsign.biz\/wp-content\/uploads\/2024\/05\/GoPro_logo_light.svg\" alt=\"\" \/>\n                                                                                <\/div>\n\n                    \n                        <div class=\"swiper-slide\">\n                                                            <img decoding=\"async\" src=\"https:\/\/www.brightsign.biz\/wp-content\/uploads\/2024\/05\/lg.svg\" alt=\"\" \/>\n                                                                                <\/div>\n\n                    \n                        <div class=\"swiper-slide\">\n                                                            <img decoding=\"async\" src=\"https:\/\/www.brightsign.biz\/wp-content\/uploads\/2024\/05\/bestbuy.svg\" alt=\"\" \/>\n                                                                                <\/div>\n\n                    \n                        <div class=\"swiper-slide\">\n                                                            <img decoding=\"async\" src=\"https:\/\/www.brightsign.biz\/wp-content\/uploads\/2024\/05\/bose.svg\" alt=\"\" \/>\n                                                                                <\/div>\n\n                                    \n            <\/div><!-- swiper-wrapper -->\n        <\/div><!-- swiper -->\n    <\/div><!-- block-inner -->\n<\/section><!-- ticker -->","protected":false},"excerpt":{"rendered":"","protected":false},"author":2,"featured_media":0,"parent":0,"menu_order":110,"comment_status":"closed","ping_status":"closed","template":"","meta":{"_acf_changed":false,"_searchwp_excluded":"","footnotes":""},"class_list":["post-852","page","type-page","status-publish","hentry"],"acf":[],"_links":{"self":[{"href":"https:\/\/www.brightsign.biz\/it\/wp-json\/wp\/v2\/pages\/852","targetHints":{"allow":["GET"]}}],"collection":[{"href":"https:\/\/www.brightsign.biz\/it\/wp-json\/wp\/v2\/pages"}],"about":[{"href":"https:\/\/www.brightsign.biz\/it\/wp-json\/wp\/v2\/types\/page"}],"author":[{"embeddable":true,"href":"https:\/\/www.brightsign.biz\/it\/wp-json\/wp\/v2\/users\/2"}],"replies":[{"embeddable":true,"href":"https:\/\/www.brightsign.biz\/it\/wp-json\/wp\/v2\/comments?post=852"}],"version-history":[{"count":6,"href":"https:\/\/www.brightsign.biz\/it\/wp-json\/wp\/v2\/pages\/852\/revisions"}],"predecessor-version":[{"id":13483,"href":"https:\/\/www.brightsign.biz\/it\/wp-json\/wp\/v2\/pages\/852\/revisions\/13483"}],"wp:attachment":[{"href":"https:\/\/www.brightsign.biz\/it\/wp-json\/wp\/v2\/media?parent=852"}],"curies":[{"name":"wp","href":"https:\/\/api.w.org\/{rel}","templated":true}]}}